{"id":31195,"date":"2025-10-02T12:40:02","date_gmt":"2025-10-02T12:40:02","guid":{"rendered":"https:\/\/ecopackware.com\/?post_type=product&#038;p=31195"},"modified":"2025-10-03T11:28:10","modified_gmt":"2025-10-03T11:28:10","slug":"agitateurs-a-cafe-en-papier","status":"publish","type":"product","link":"https:\/\/championfmcgcorp.com\/fr\/produit\/agitateurs-a-cafe-en-papier\/","title":{"rendered":"Agitateurs \u00e0 caf\u00e9 en papier"},"content":{"rendered":"<h1><strong>Passez au durable\u00a0: agitateurs \u00e0 caf\u00e9 en papier biod\u00e9gradable 100%<\/strong><\/h1>\n<p class=\"ds-markdown-paragraph\"><strong>Fatigu\u00e9 de l\u2019impact environnemental des agitateurs en plastique ?<\/strong>\u00a0Champion FMCG pr\u00e9sente la solution d\u00e9finitive pour les entreprises conscientes : le premium\u00a0<strong>Agitateurs \u00e0 caf\u00e9 en papier<\/strong>\u00a0con\u00e7u pour \u00e9liminer les d\u00e9chets plastiques sans compromettre les performances.<\/p>\n<p class=\"ds-markdown-paragraph\">Alors que l\u2019industrie agroalimentaire est confront\u00e9e \u00e0 une pression croissante pour adopter des pratiques durables, notre\u00a0<strong>agitateurs en papier biod\u00e9gradables<\/strong>\u00a0proposez un commutateur simple mais puissant qui profite \u00e0 la fois \u00e0 votre marque et \u00e0 la plan\u00e8te.<\/p>\n<h2><strong>Le probl\u00e8me du plastique et notre solution \u00e9co-responsable<\/strong><\/h2>\n<p class=\"ds-markdown-paragraph\">Chaque ann\u00e9e, des milliards d&#039;agitateurs en plastique \u00e0 usage unique contribuent \u00e0 une crise mondiale des d\u00e9chets. Forts de notre engagement profond en faveur du d\u00e9veloppement durable, nous avons d\u00e9velopp\u00e9 une alternative qui fait vraiment la diff\u00e9rence.<\/p>\n<ul>\n<li>\n<p class=\"ds-markdown-paragraph\"><strong>Mat\u00e9riau biod\u00e9gradable 100% :<\/strong>\u00a0Nos agitateurs sont fabriqu\u00e9s \u00e0 partir de papier de haute qualit\u00e9, issu de sources durables, qui se d\u00e9compose naturellement et rapidement par rapport au plastique persistant.<\/p>\n<\/li>\n<li>\n<p class=\"ds-markdown-paragraph\"><strong>R\u00e9duire directement les d\u00e9chets plastiques :<\/strong>\u00a0En choisissant nos agitateurs, vous pr\u00e9venez activement la pollution plastique, alignant ainsi votre entreprise sur le mouvement mondial croissant contre les plastiques \u00e0 usage unique.<\/p>\n<\/li>\n<li>\n<p class=\"ds-markdown-paragraph\"><strong>Image de marque \u00e9co-responsable :<\/strong>\u00a0Offrez \u00e0 vos clients un\u00a0<strong>agitateur \u00e0 caf\u00e9 jetable<\/strong>\u00a0qui refl\u00e8te leurs valeurs et renforce la r\u00e9putation de votre marque en tant que leader respectueux de l\u2019environnement.<\/p>\n<\/li>\n<\/ul>\n<h2><strong>Con\u00e7u pour la commodit\u00e9 et l&#039;efficacit\u00e9<\/strong><\/h2>\n<p class=\"ds-markdown-paragraph\">La durabilit\u00e9 ne doit pas se faire au d\u00e9triment de la fonctionnalit\u00e9. Notre\u00a0<strong>b\u00e2tonnets en papier<\/strong>\u00a0sont con\u00e7us pour s\u2019int\u00e9grer de mani\u00e8re transparente \u00e0 vos op\u00e9rations existantes.<\/p>\n<ul>\n<li>\n<p class=\"ds-markdown-paragraph\"><strong>Compatible avec les distributeurs automatiques :<\/strong>\u00a0Sp\u00e9cialement con\u00e7u pour fonctionner parfaitement avec les commandes automatiques\u00a0<strong>distributeurs automatiques de caf\u00e9 et de boissons<\/strong>, assurant une distribution fluide et un service ininterrompu.<\/p>\n<\/li>\n<li>\n<p class=\"ds-markdown-paragraph\"><strong>Distributeur pr\u00eat :<\/strong>\u00a0Les agitateurs sont livr\u00e9s non emball\u00e9s en vrac, ce qui les rend parfaitement adapt\u00e9s pour un chargement rapide et facile dans des r\u00e9cipients standard.\u00a0<strong>distributeurs de b\u00e2tonnets m\u00e9langeurs<\/strong>\u00a0dans les stations de condiments, les caf\u00e9s et les offices de bureau.<\/p>\n<\/li>\n<li>\n<p class=\"ds-markdown-paragraph\"><strong>Performances fiables :<\/strong>\u00a0Fabriqu\u00e9s \u00e0 partir de papier robuste de qualit\u00e9 alimentaire, ils remuent efficacement sans se d\u00e9sagr\u00e9ger, offrant une exp\u00e9rience fiable pour chaque boisson chaude.<\/p>\n<\/li>\n<\/ul>\n<h2><strong>\u00a0Principales caract\u00e9ristiques et avantages commerciaux<\/strong><\/h2>\n<ul>\n<li>\n<p class=\"ds-markdown-paragraph\"><strong>\u00c9cologique:<\/strong>\u00a0Fabriqu\u00e9 \u00e0 partir de papier biod\u00e9gradable 100%.<\/p>\n<\/li>\n<li>\n<p class=\"ds-markdown-paragraph\"><strong>R\u00e9duire les d\u00e9chets plastiques :<\/strong>\u00a0Un remplacement direct pour\u00a0<strong>agitateurs \u00e0 caf\u00e9 en plastique<\/strong>.<\/p>\n<\/li>\n<li>\n<p class=\"ds-markdown-paragraph\"><strong>Prix de gros rentables :<\/strong>\u00a0Id\u00e9al pour\u00a0<strong>agitateurs en papier en vrac<\/strong>\u00a0achats des restaurants, bureaux, caf\u00e9s et services de restauration.<\/p>\n<\/li>\n<li>\n<p class=\"ds-markdown-paragraph\"><strong>Hygi\u00e9nique et sanitaire :<\/strong>\u00a0Jetable et \u00e0 usage unique pour une hygi\u00e8ne maximale.<\/p>\n<\/li>\n<li>\n<p class=\"ds-markdown-paragraph\"><strong>Int\u00e9gration transparente :<\/strong>\u00a0Pr\u00eat pour les distributeurs et les machines distributrices.<\/p>\n<\/li>\n<\/ul>\n<h2><strong>Id\u00e9al pour un large \u00e9ventail d&#039;entreprises<\/strong><\/h2>\n<p class=\"ds-markdown-paragraph\">Notre\u00a0<strong>agitateurs en papier en gros<\/strong>\u00a0sont le choix durable parfait pour tout \u00e9tablissement servant des boissons chaudes :<\/p>\n<ul>\n<li>\n<p class=\"ds-markdown-paragraph\">Stations de caf\u00e9 et salles de pause au bureau<\/p>\n<\/li>\n<li>\n<p class=\"ds-markdown-paragraph\">Caf\u00e9s et caf\u00e9s<\/p>\n<\/li>\n<li>\n<p class=\"ds-markdown-paragraph\">H\u00f4tels et restaurants<\/p>\n<\/li>\n<li>\n<p class=\"ds-markdown-paragraph\">Entreprises de restauration et services \u00e9v\u00e9nementiels<\/p>\n<\/li>\n<li>\n<p class=\"ds-markdown-paragraph\">Universit\u00e9s et \u00e9tablissements d&#039;enseignement<\/p>\n<\/li>\n<li>\n<p class=\"ds-markdown-paragraph\">Distributeurs de produits d&#039;h\u00f4tellerie et de restauration<\/p>\n<\/li>\n<\/ul>\n<h2><strong>Optez d\u00e8s aujourd&#039;hui pour une transition durable<\/strong><\/h2>\n<p class=\"ds-markdown-paragraph\">Rejoignez Champion FMCG et menez la lutte contre la pollution plastique. Faites le plein de nos\u00a0<strong>agitateurs \u00e0 caf\u00e9 \u00e9cologiques<\/strong>\u00a0est une \u00e9tape simple et efficace vers un mod\u00e8le op\u00e9rationnel plus \u00e9cologique.<\/p>\n<p class=\"ds-markdown-paragraph\"><strong>Appel \u00e0 l&#039;action :<\/strong><br \/>\n<strong>Contactez-nous d\u00e8s aujourd&#039;hui pour un devis de gros comp\u00e9titif !<\/strong>\u00a0Am\u00e9liorez votre marque, satisfaites vos clients et prot\u00e9gez la plan\u00e8te avec les agitateurs \u00e0 caf\u00e9 en papier biod\u00e9gradables de Champion FMCG.<\/p>\n<p>&nbsp;<\/p>\n<p>Ces agitateurs \u00e0 caf\u00e9 en papier \u00e9cologiques sont une solution id\u00e9ale pour les caf\u00e9s, les salons de th\u00e9 au lait, les h\u00f4tels, les restaurants, les h\u00f4pitaux, les d\u00e9panneurs et les salles d&#039;attente des a\u00e9roports.<\/p>\n<div class=\"protitle1\">Caract\u00e9ristiques<\/div>\n<ul class=\"item1\">\n<li>Taille : agitateur \u00e0 caf\u00e9 en papier 9*90 mm<\/li>\n<li>Emballage : sac OPP, 100 pi\u00e8ces\/paquet, 20 paquets\/paquet, 6 paquets\/carton<\/li>\n<li>Dimensions du carton : 32*22*33 (cm)<\/li>\n<\/ul>\n<p>&nbsp;<\/p>","protected":false},"excerpt":{"rendered":"<p>Aujourd&#039;hui, de nombreux agitateurs en plastique sont utilis\u00e9s dans l&#039;industrie agroalimentaire, g\u00e9n\u00e9rant ainsi une grande quantit\u00e9 de d\u00e9chets plastiques. Consciente de son impact environnemental, Champion FMCG propose des agitateurs \u00e0 caf\u00e9 en papier biod\u00e9gradable 100%. Disposer de nos agitateurs en papier permet d&#039;\u00e9viter l&#039;accumulation de d\u00e9chets plastiques et d&#039;offrir aux consommateurs une solution jetable. Ils sont livr\u00e9s non emball\u00e9s et pr\u00eats \u00e0 \u00eatre plac\u00e9s dans un distributeur d&#039;agitateurs, adapt\u00e9 aux distributeurs automatiques de caf\u00e9 et autres boissons.<\/p>","protected":false},"featured_media":30796,"comment_status":"open","ping_status":"closed","template":"","meta":[],"product_brand":[],"product_cat":[127,137,129,163],"product_tag":[],"class_list":{"0":"post-31195","1":"product","2":"type-product","3":"status-publish","4":"has-post-thumbnail","6":"product_cat-bubble-tea-shop","7":"product_cat-boba-tea-cups","8":"product_cat-coffee-shop","9":"product_cat-lce-cream-cups","11":"first","12":"instock","13":"shipping-taxable","14":"product-type-simple"},"_links":{"self":[{"href":"https:\/\/championfmcgcorp.com\/fr\/wp-json\/wp\/v2\/product\/31195","targetHints":{"allow":["GET"]}}],"collection":[{"href":"https:\/\/championfmcgcorp.com\/fr\/wp-json\/wp\/v2\/product"}],"about":[{"href":"https:\/\/championfmcgcorp.com\/fr\/wp-json\/wp\/v2\/types\/product"}],"replies":[{"embeddable":true,"href":"https:\/\/championfmcgcorp.com\/fr\/wp-json\/wp\/v2\/comments?post=31195"}],"version-history":[{"count":3,"href":"https:\/\/championfmcgcorp.com\/fr\/wp-json\/wp\/v2\/product\/31195\/revisions"}],"predecessor-version":[{"id":31522,"href":"https:\/\/championfmcgcorp.com\/fr\/wp-json\/wp\/v2\/product\/31195\/revisions\/31522"}],"wp:featuredmedia":[{"embeddable":true,"href":"https:\/\/championfmcgcorp.com\/fr\/wp-json\/wp\/v2\/media\/30796"}],"wp:attachment":[{"href":"https:\/\/championfmcgcorp.com\/fr\/wp-json\/wp\/v2\/media?parent=31195"}],"wp:term":[{"taxonomy":"product_brand","embeddable":true,"href":"https:\/\/championfmcgcorp.com\/fr\/wp-json\/wp\/v2\/product_brand?post=31195"},{"taxonomy":"product_cat","embeddable":true,"href":"https:\/\/championfmcgcorp.com\/fr\/wp-json\/wp\/v2\/product_cat?post=31195"},{"taxonomy":"product_tag","embeddable":true,"href":"https:\/\/championfmcgcorp.com\/fr\/wp-json\/wp\/v2\/product_tag?post=31195"}],"curies":[{"name":"wp","href":"https:\/\/api.w.org\/{rel}","templated":true}]}}