{"id":31180,"date":"2025-10-02T12:32:37","date_gmt":"2025-10-02T12:32:37","guid":{"rendered":"https:\/\/ecopackware.com\/?post_type=product&#038;p=31180"},"modified":"2025-10-02T12:32:37","modified_gmt":"2025-10-02T12:32:37","slug":"cuilleres-fourchettes-en-papier-jetables","status":"publish","type":"product","link":"https:\/\/championfmcgcorp.com\/fr\/produit\/cuilleres-fourchettes-en-papier-jetables\/","title":{"rendered":"Cuill\u00e8res-fourchettes en papier jetables"},"content":{"rendered":"<p>Fabriqu\u00e9es \u00e0 partir de papier issu de sources durables, nos cuill\u00e8res-fourchettes en papier sont une excellente alternative aux cuill\u00e8res-fourchettes en plastique pour les rassemblements, les restaurants, les plats \u00e0 emporter et les \u00e9v\u00e9nements de restauration en plein air o\u00f9 un emballage biod\u00e9gradable est requis.<\/p>\n<p class=\"mb-2 mb-md-0\">En plus des sporks en papier jetables, nos produits de restauration \u00e9cologiques comprennent \u00e9galement des couteaux en papier, des fourchettes en papier, des cuill\u00e8res en papier, des agitateurs \u00e0 caf\u00e9 en papier ainsi qu&#039;un ensemble complet de couverts en papier qui sont tous biod\u00e9gradables 100% et personnalisables en longueur et en taille pour r\u00e9pondre aux besoins de votre entreprise.<\/p>\n<div class=\"protitle1\">Caract\u00e9ristiques<\/div>\n<div class=\"row\">\n<div class=\"col-md-6\">\n<ul>\n<li>Taille (l x L) : 40 x 170 mm<\/li>\n<li>Poids du colis (100 pi\u00e8ces\/sac OPP) : 0,387 kg<\/li>\n<li>Mat\u00e9riau : papier alimentaire durable<\/li>\n<li>Certificat : Norme UE\/Italie<\/li>\n<li>Quantit\u00e9 par sac : 100 pi\u00e8ces<\/li>\n<\/ul>\n<\/div>\n<div class=\"col-md-6\">\n<ul>\n<li>Sacs par carton : 20 sacs<\/li>\n<li>Quantit\u00e9 par carton : 2000 pi\u00e8ces<\/li>\n<li>Taille du carton : 35*25*27,5 cm<\/li>\n<li>Poids du carton : 8,8 kg<\/li>\n<li>Couleur : blanc\/marron (papier kraft)<\/li>\n<\/ul>\n<\/div>\n<\/div>\n<div class=\"clearfix\"><\/div>\n<div class=\"protitle1\">Conditionnement<\/div>\n<p>Nos sporks en papier jetables peuvent \u00eatre propos\u00e9s avec un emballage sp\u00e9cifique au client pour r\u00e9pondre aux besoins de votre entreprise.<\/p>","protected":false},"excerpt":{"rendered":"<p>Ces cuill\u00e8res-fourchettes en papier sont des cuill\u00e8res jetables dot\u00e9es d&#039;une petite extr\u00e9mit\u00e9 fourchue, autrement dit, une combinaison de cuill\u00e8re et de fourchette. Dot\u00e9es d&#039;une cuill\u00e8re large et profonde et de quatre dents de fourchette, ces cuill\u00e8res-fourchettes jetables en papier sont \u00e0 la fois esth\u00e9tiques et pratiques.<\/p>","protected":false},"featured_media":30965,"comment_status":"open","ping_status":"closed","template":"","meta":[],"product_brand":[],"product_cat":[130,127,142,165],"product_tag":[],"class_list":{"0":"post-31180","1":"product","2":"type-product","3":"status-publish","4":"has-post-thumbnail","6":"product_cat-fast-food-restaurant","7":"product_cat-bubble-tea-shop","8":"product_cat-disposable-cutlery","9":"product_cat-forkknifespoon","11":"first","12":"instock","13":"shipping-taxable","14":"product-type-simple"},"_links":{"self":[{"href":"https:\/\/championfmcgcorp.com\/fr\/wp-json\/wp\/v2\/product\/31180","targetHints":{"allow":["GET"]}}],"collection":[{"href":"https:\/\/championfmcgcorp.com\/fr\/wp-json\/wp\/v2\/product"}],"about":[{"href":"https:\/\/championfmcgcorp.com\/fr\/wp-json\/wp\/v2\/types\/product"}],"replies":[{"embeddable":true,"href":"https:\/\/championfmcgcorp.com\/fr\/wp-json\/wp\/v2\/comments?post=31180"}],"version-history":[{"count":2,"href":"https:\/\/championfmcgcorp.com\/fr\/wp-json\/wp\/v2\/product\/31180\/revisions"}],"predecessor-version":[{"id":31182,"href":"https:\/\/championfmcgcorp.com\/fr\/wp-json\/wp\/v2\/product\/31180\/revisions\/31182"}],"wp:featuredmedia":[{"embeddable":true,"href":"https:\/\/championfmcgcorp.com\/fr\/wp-json\/wp\/v2\/media\/30965"}],"wp:attachment":[{"href":"https:\/\/championfmcgcorp.com\/fr\/wp-json\/wp\/v2\/media?parent=31180"}],"wp:term":[{"taxonomy":"product_brand","embeddable":true,"href":"https:\/\/championfmcgcorp.com\/fr\/wp-json\/wp\/v2\/product_brand?post=31180"},{"taxonomy":"product_cat","embeddable":true,"href":"https:\/\/championfmcgcorp.com\/fr\/wp-json\/wp\/v2\/product_cat?post=31180"},{"taxonomy":"product_tag","embeddable":true,"href":"https:\/\/championfmcgcorp.com\/fr\/wp-json\/wp\/v2\/product_tag?post=31180"}],"curies":[{"name":"wp","href":"https:\/\/api.w.org\/{rel}","templated":true}]}}