{"id":30788,"date":"2025-10-01T12:39:43","date_gmt":"2025-10-01T12:39:43","guid":{"rendered":"https:\/\/ecopackware.com\/?post_type=product&#038;p=30788"},"modified":"2025-10-03T14:15:40","modified_gmt":"2025-10-03T14:15:40","slug":"boite-a-frites-4-oz-5-5-oz-7-5-oz-9-oz-contenant-demballage-en-papier-kraft-a-paroi-simple-de-qualite-alimentaire-pour-chips-de-pommes-de-terre","status":"publish","type":"product","link":"https:\/\/championfmcgcorp.com\/fr\/produit\/boite-a-frites-4-oz-5-5-oz-7-5-oz-9-oz-contenant-demballage-en-papier-kraft-a-paroi-simple-de-qualite-alimentaire-pour-chips-de-pommes-de-terre\/","title":{"rendered":"Bo\u00eete \u00e0 frites 113 g, 160 g, 210 g, 255 g, contenant en papier kraft \u00e0 paroi simple de qualit\u00e9 alimentaire pour chips de pommes de terre"},"content":{"rendered":"<h1><strong>Servez avec style : bo\u00eetes \u00e0 frites en papier kraft \u00e0 paroi simple<\/strong><\/h1>\n<p class=\"ds-markdown-paragraph\">Servez vos plats croustillants pr\u00e9f\u00e9r\u00e9s de la bonne fa\u00e7on avec notre classique\u00a0<strong>Bo\u00eetes \u00e0 frites en papier kraft \u00e0 paroi simple<\/strong>Con\u00e7us pour leur fonctionnalit\u00e9 et leur attrait rustique, ces contenants sont la r\u00e9f\u00e9rence de l&#039;industrie pour une bonne raison. Fabriqu\u00e9s en bois robuste,\u00a0<strong>papier kraft de qualit\u00e9 alimentaire<\/strong>, ils sont l&#039;id\u00e9al\u00a0<strong>conteneur d&#039;emballage<\/strong>\u00a0pour les frites, les chips de pommes de terre et une vari\u00e9t\u00e9 d&#039;autres collations, les gardant chaudes, croustillantes et parfaitement pr\u00e9sent\u00e9es.<\/p>\n<h2><strong>La solution id\u00e9ale pour chaque taille de portion<\/strong><\/h2>\n<p class=\"ds-markdown-paragraph\">Nous comprenons que la vari\u00e9t\u00e9 des menus est essentielle. C&#039;est pourquoi notre\u00a0<strong>bo\u00eetes de frites<\/strong>\u00a0sont disponibles en plusieurs tailles pour r\u00e9pondre \u00e0 vos besoins de service, d&#039;un petit accompagnement \u00e0 une grande portion \u00e0 partager.<\/p>\n<ul>\n<li>\n<p class=\"ds-markdown-paragraph\"><strong>Bo\u00eete de frites de 4 oz :<\/strong>\u00a0Id\u00e9al pour les repas des enfants, les petits accompagnements ou les tasses \u00e0 condiments.<\/p>\n<\/li>\n<li>\n<p class=\"ds-markdown-paragraph\"><strong>Bo\u00eete de frites de 5,5 oz :<\/strong>\u00a0Le standard classique, parfait pour un service r\u00e9gulier avec un hamburger ou un sandwich.<\/p>\n<\/li>\n<li>\n<p class=\"ds-markdown-paragraph\"><strong>Bo\u00eete de frites de 7,5 oz :<\/strong>\u00a0Id\u00e9al pour une portion g\u00e9n\u00e9reuse ou des frites garnies.<\/p>\n<\/li>\n<li>\n<p class=\"ds-markdown-paragraph\"><strong>Bo\u00eete de frites de 9 oz :<\/strong>\u00a0Notre plus grande taille, parfaite pour les repas de grande taille, les sp\u00e9cialit\u00e9s de food trucks ou les collations \u00e0 partager.<\/p>\n<\/li>\n<\/ul>\n<h2><strong>Con\u00e7u pour garder vos collations parfaites<\/strong><\/h2>\n<p class=\"ds-markdown-paragraph\">Nos contenants sont con\u00e7us pour contenir des aliments chauds et gras tout en conservant leur structure et leur attrait.<\/p>\n<ul>\n<li>\n<p class=\"ds-markdown-paragraph\"><strong>Papier kraft r\u00e9sistant \u00e0 la graisse :<\/strong>\u00a0Le naturel\u00a0<strong>papier kraft simple paroi<\/strong>\u00a0offre une excellente absorption et r\u00e9sistance, emp\u00eachant la bo\u00eete de devenir d\u00e9tremp\u00e9e et garantissant qu&#039;elle soit bien maintenue dans la main de votre client.<\/p>\n<\/li>\n<li>\n<p class=\"ds-markdown-paragraph\"><strong>Fermeture s\u00e9curis\u00e9e et transport facile :<\/strong>\u00a0La conception conique et la languette de verrouillage cr\u00e9ent un emballage s\u00e9curis\u00e9 et autonome qui est facile \u00e0 transporter, ce qui les rend parfaits pour\u00a0<strong>restauration rapide \u00e0 emporter<\/strong>\u00a0et \u00e9v\u00e9nements.<\/p>\n<\/li>\n<li>\n<p class=\"ds-markdown-paragraph\"><strong>Excellente r\u00e9tention de la chaleur :<\/strong>\u00a0La construction en papier aide \u00e0 isoler le contenu, gardant les frites chaudes et croustillantes plus longtemps, tout en permettant \u00e0 la vapeur de s&#039;\u00e9chapper pour \u00e9viter qu&#039;elles ne deviennent d\u00e9tremp\u00e9es.<\/p>\n<\/li>\n<li>\n<p class=\"ds-markdown-paragraph\"><strong>Empilable pour le stockage :<\/strong>\u00a0Con\u00e7u pour s&#039;embo\u00eeter et s&#039;empiler efficacement, \u00e9conomisant ainsi un espace pr\u00e9cieux dans votre zone de stockage avant l&#039;assemblage.<\/p>\n<\/li>\n<\/ul>\n<h2><strong>Polyvalent pour bien plus que des frites<\/strong><\/h2>\n<p class=\"ds-markdown-paragraph\">Bien que parfait pour\u00a0<strong>chips<\/strong>\u00a0et des frites, ces bo\u00eetes polyvalentes sont \u00e9galement excellentes pour :<\/p>\n<ul>\n<li>\n<p class=\"ds-markdown-paragraph\"><strong>Rondelles d&#039;oignon et entr\u00e9es frites<\/strong><\/p>\n<\/li>\n<li>\n<p class=\"ds-markdown-paragraph\"><strong>Popcorn et bonbons<\/strong>\u00a0(surtout dans les cin\u00e9mas et les foires)<\/p>\n<\/li>\n<li>\n<p class=\"ds-markdown-paragraph\"><strong>Morceaux et nuggets de poulet frit<\/strong><\/p>\n<\/li>\n<li>\n<p class=\"ds-markdown-paragraph\"><strong>Collations en bord de route et nourriture de foire<\/strong><\/p>\n<\/li>\n<\/ul>\n<h2><strong>Principales caract\u00e9ristiques et avantages commerciaux<\/strong><\/h2>\n<ul>\n<li>\n<p class=\"ds-markdown-paragraph\"><strong>Qualit\u00e9 alimentaire s\u00fbre :<\/strong>\u00a0Fabriqu\u00e9 \u00e0 partir de mat\u00e9riaux certifi\u00e9s sans danger pour le contact alimentaire direct.<\/p>\n<\/li>\n<li>\n<p class=\"ds-markdown-paragraph\"><strong>Appel \u00e9cologique :<\/strong>\u00a0Le papier kraft naturel est biod\u00e9gradable et recyclable, ce qui s\u00e9duit les consommateurs soucieux de l\u2019environnement.<\/p>\n<\/li>\n<li>\n<p class=\"ds-markdown-paragraph\"><strong>Prix de gros rentable :<\/strong>\u00a0Un produit abordable et pratique\u00a0<strong>conteneur d&#039;emballage<\/strong>\u00a0solution, surtout lorsqu\u2019elle est achet\u00e9e en gros.<\/p>\n<\/li>\n<li>\n<p class=\"ds-markdown-paragraph\"><strong>Opportunit\u00e9 de branding :<\/strong>\u00a0La grande surface plane est parfaite pour tamponner ou imprimer votre logo et les couleurs de votre marque, transformant chaque commande en une opportunit\u00e9 marketing.<\/p>\n<\/li>\n<\/ul>\n<h2><strong>Id\u00e9al pour un large \u00e9ventail d&#039;entreprises<\/strong><\/h2>\n<p class=\"ds-markdown-paragraph\">Notre\u00a0<strong>contenants de frites en gros<\/strong>\u00a0sont approuv\u00e9s par :<\/p>\n<ul>\n<li>\n<p class=\"ds-markdown-paragraph\">Restaurants de restauration rapide et de hamburgers<\/p>\n<\/li>\n<li>\n<p class=\"ds-markdown-paragraph\">Food Trucks et vendeurs de foires<\/p>\n<\/li>\n<li>\n<p class=\"ds-markdown-paragraph\">Stades sportifs et cin\u00e9mas<\/p>\n<\/li>\n<li>\n<p class=\"ds-markdown-paragraph\">Poissonneries et friteries<\/p>\n<\/li>\n<li>\n<p class=\"ds-markdown-paragraph\">Caf\u00e9t\u00e9rias scolaires et d&#039;entreprise<\/p>\n<\/li>\n<\/ul>\n<h2><strong>Commandez vos bo\u00eetes de frites en gros d\u00e8s aujourd&#039;hui\u00a0!<\/strong><\/h2>\n<p class=\"ds-markdown-paragraph\">Faites le plein d&#039;emballages essentiels que vos clients connaissent et appr\u00e9cient. Avec nos diff\u00e9rents formats et nos prix de gros, nous avons la solution id\u00e9ale pour votre entreprise.<\/p>\n<p class=\"ds-markdown-paragraph\"><strong>Appel \u00e0 l&#039;action :<\/strong><br \/>\n<strong>Contactez-nous d\u00e8s aujourd&#039;hui pour un devis de gros comp\u00e9titif !<\/strong>\u00a0Laissez-nous vous aider \u00e0 d\u00e9terminer le m\u00e9lange de tailles parfait pour votre menu.<\/p>\n<p><img fetchpriority=\"high\" decoding=\"async\" class=\"alignnone size-full wp-image-30588\" src=\"https:\/\/championfmcgcorp.com\/wp-content\/uploads\/2025\/09\/French_fries_box006.avif\" alt=\"\" width=\"750\" height=\"750\" srcset=\"https:\/\/championfmcgcorp.com\/wp-content\/uploads\/2025\/09\/French_fries_box006.avif 750w, https:\/\/championfmcgcorp.com\/wp-content\/uploads\/2025\/09\/French_fries_box006-300x300.avif 300w, https:\/\/championfmcgcorp.com\/wp-content\/uploads\/2025\/09\/French_fries_box006-150x150.avif 150w, https:\/\/championfmcgcorp.com\/wp-content\/uploads\/2025\/09\/French_fries_box006-12x12.avif 12w, https:\/\/championfmcgcorp.com\/wp-content\/uploads\/2025\/09\/French_fries_box006-600x600.avif 600w\" sizes=\"(max-width: 750px) 100vw, 750px\" \/><\/p>\n<p><img decoding=\"async\" class=\"alignnone size-full wp-image-30589\" src=\"https:\/\/championfmcgcorp.com\/wp-content\/uploads\/2025\/09\/French_fries_box007.avif\" alt=\"\" width=\"750\" height=\"750\" srcset=\"https:\/\/championfmcgcorp.com\/wp-content\/uploads\/2025\/09\/French_fries_box007.avif 750w, https:\/\/championfmcgcorp.com\/wp-content\/uploads\/2025\/09\/French_fries_box007-300x300.avif 300w, https:\/\/championfmcgcorp.com\/wp-content\/uploads\/2025\/09\/French_fries_box007-150x150.avif 150w, https:\/\/championfmcgcorp.com\/wp-content\/uploads\/2025\/09\/French_fries_box007-12x12.avif 12w, https:\/\/championfmcgcorp.com\/wp-content\/uploads\/2025\/09\/French_fries_box007-600x600.avif 600w\" sizes=\"(max-width: 750px) 100vw, 750px\" \/><\/p>","protected":false},"excerpt":{"rendered":"<p>Bo\u00eetes \u00e0 frites en papier kraft simple paroi, durables et de qualit\u00e9 alimentaire. Disponibles en formats 115 g, 160 g, 210 g et 255 g. Id\u00e9ales pour les chips, les snacks et les aliments de foire. R\u00e9sistantes aux graisses et \u00e9cologiques. Prix de gros.<\/p>","protected":false},"featured_media":30585,"comment_status":"open","ping_status":"closed","template":"","meta":[],"product_brand":[],"product_cat":[132,143,148],"product_tag":[],"class_list":{"0":"post-30788","1":"product","2":"type-product","3":"status-publish","4":"has-post-thumbnail","6":"product_cat-fried-chicken-restaurant","7":"product_cat-disposable-food-containers","8":"product_cat-fried-chicken-french-fries","10":"first","11":"instock","12":"shipping-taxable","13":"product-type-simple"},"_links":{"self":[{"href":"https:\/\/championfmcgcorp.com\/fr\/wp-json\/wp\/v2\/product\/30788","targetHints":{"allow":["GET"]}}],"collection":[{"href":"https:\/\/championfmcgcorp.com\/fr\/wp-json\/wp\/v2\/product"}],"about":[{"href":"https:\/\/championfmcgcorp.com\/fr\/wp-json\/wp\/v2\/types\/product"}],"replies":[{"embeddable":true,"href":"https:\/\/championfmcgcorp.com\/fr\/wp-json\/wp\/v2\/comments?post=30788"}],"version-history":[{"count":6,"href":"https:\/\/championfmcgcorp.com\/fr\/wp-json\/wp\/v2\/product\/30788\/revisions"}],"predecessor-version":[{"id":31526,"href":"https:\/\/championfmcgcorp.com\/fr\/wp-json\/wp\/v2\/product\/30788\/revisions\/31526"}],"wp:featuredmedia":[{"embeddable":true,"href":"https:\/\/championfmcgcorp.com\/fr\/wp-json\/wp\/v2\/media\/30585"}],"wp:attachment":[{"href":"https:\/\/championfmcgcorp.com\/fr\/wp-json\/wp\/v2\/media?parent=30788"}],"wp:term":[{"taxonomy":"product_brand","embeddable":true,"href":"https:\/\/championfmcgcorp.com\/fr\/wp-json\/wp\/v2\/product_brand?post=30788"},{"taxonomy":"product_cat","embeddable":true,"href":"https:\/\/championfmcgcorp.com\/fr\/wp-json\/wp\/v2\/product_cat?post=30788"},{"taxonomy":"product_tag","embeddable":true,"href":"https:\/\/championfmcgcorp.com\/fr\/wp-json\/wp\/v2\/product_tag?post=30788"}],"curies":[{"name":"wp","href":"https:\/\/api.w.org\/{rel}","templated":true}]}}