{"id":30785,"date":"2025-10-01T13:04:50","date_gmt":"2025-10-01T13:04:50","guid":{"rendered":"https:\/\/ecopackware.com\/?post_type=product&#038;p=30785"},"modified":"2025-10-03T14:21:03","modified_gmt":"2025-10-03T14:21:03","slug":"contenants-jetables-chips-frites-gobelets","status":"publish","type":"product","link":"https:\/\/championfmcgcorp.com\/fr\/produit\/contenants-jetables-chips-frites-gobelets\/","title":{"rendered":"Contenants jetables pour frites et frites"},"content":{"rendered":"<h1><strong>La tenue parfaite : gobelets en papier jetables pour frites et chips<\/strong><\/h1>\n<p class=\"ds-markdown-paragraph\">Servez vos collations les plus populaires avec une commodit\u00e9 et un style imbattables. Notre\u00a0<strong>Gobelets \u00e0 frites jetables<\/strong>\u00a0La solution classique et pratique pour servir des frites croustillantes, des chips chaudes et autres amuse-gueules. Con\u00e7us pour \u00eatre durables et faciles \u00e0 utiliser, ces\u00a0<strong>conteneurs de chips en papier<\/strong>\u00a0sont indispensables pour toute op\u00e9ration de restauration tr\u00e8s fr\u00e9quent\u00e9e, garantissant que vos collations restent chaudes et que vos clients restent satisfaits.<\/p>\n<h2><strong>Con\u00e7u pour l&#039;efficacit\u00e9 du service de collations<\/strong><\/h2>\n<p class=\"ds-markdown-paragraph\">Fabriqu\u00e9 \u00e0 partir de mat\u00e9riaux de haute qualit\u00e9,\u00a0<strong>papier r\u00e9sistant \u00e0 la graisse<\/strong>, ces tasses sont con\u00e7ues pour fonctionner sous pression.<\/p>\n<ul>\n<li>\n<p class=\"ds-markdown-paragraph\"><strong>Conception s\u00e9curis\u00e9e et stable :<\/strong>\u00a0La forme conique offre une prise confortable et s\u00fbre pour les clients en d\u00e9placement, \u00e9vitant les d\u00e9versements et les rendant id\u00e9ales pour\u00a0<strong>emballage de plats \u00e0 emporter<\/strong>.<\/p>\n<\/li>\n<li>\n<p class=\"ds-markdown-paragraph\"><strong>Excellente r\u00e9sistance \u00e0 la graisse :<\/strong>\u00a0La construction en papier robuste g\u00e8re efficacement les aliments chauds et huileux, emp\u00eachant le r\u00e9cipient de devenir d\u00e9tremp\u00e9 et pr\u00e9servant son int\u00e9grit\u00e9 du comptoir au client.<\/p>\n<\/li>\n<li>\n<p class=\"ds-markdown-paragraph\"><strong>Peu encombrant et empilable :<\/strong>\u00a0Con\u00e7us pour s&#039;embo\u00eeter parfaitement les uns dans les autres, ces\u00a0<strong>gobelets \u00e0 collation jetables<\/strong>\u00a0\u00e9conomisez de l&#039;espace de rangement crucial dans votre cuisine ou votre food truck avant l&#039;assemblage.<\/p>\n<\/li>\n<\/ul>\n<h2><strong>Polyvalent pour une large gamme de collations<\/strong><\/h2>\n<p class=\"ds-markdown-paragraph\">Bien que parfait pour\u00a0<strong>frites<\/strong>\u00a0et\u00a0<strong>chips<\/strong>, ces c\u00f4nes polyvalents sont \u00e9galement excellents pour :<\/p>\n<ul>\n<li>\n<p class=\"ds-markdown-paragraph\"><strong>Rondelles d&#039;oignon et pop-corn<\/strong><\/p>\n<\/li>\n<li>\n<p class=\"ds-markdown-paragraph\"><strong>Entr\u00e9es frites<\/strong>\u00a0comme des nuggets ou des b\u00e2tonnets de mozzarella<\/p>\n<\/li>\n<li>\n<p class=\"ds-markdown-paragraph\"><strong>Bonbons et friandises<\/strong>\u00a0dans les foires et les cin\u00e9mas<\/p>\n<\/li>\n<li>\n<p class=\"ds-markdown-paragraph\"><strong>Frites garnies<\/strong>\u00a0avec garnitures (en plus grandes tailles)<\/p>\n<\/li>\n<\/ul>\n<h2><strong>Principales caract\u00e9ristiques et avantages commerciaux<\/strong><\/h2>\n<ul>\n<li>\n<p class=\"ds-markdown-paragraph\"><strong>Construction r\u00e9sistante aux fuites :<\/strong>\u00a0Conserve sa forme et retient efficacement la graisse.<\/p>\n<\/li>\n<li>\n<p class=\"ds-markdown-paragraph\"><strong>Solution rentable :<\/strong>\u00a0Un prix abordable\u00a0<strong>r\u00e9cipient jetable<\/strong>\u00a0option, surtout lorsqu&#039;elle est achet\u00e9e en gros \u00e0\u00a0<strong>prix de gros<\/strong>.<\/p>\n<\/li>\n<li>\n<p class=\"ds-markdown-paragraph\"><strong>Opportunit\u00e9 de branding :<\/strong>\u00a0La grande surface visible est une toile vierge parfaite pour votre logo, les couleurs de votre marque et vos messages promotionnels, transformant chaque commande en une opportunit\u00e9 marketing.<\/p>\n<\/li>\n<li>\n<p class=\"ds-markdown-paragraph\"><strong>Mat\u00e9riau respectueux de l&#039;environnement :<\/strong>\u00a0Fabriqu\u00e9 \u00e0 partir de papier, un choix plus durable par rapport aux alternatives en plastique.<\/p>\n<\/li>\n<\/ul>\n<h2><strong>Id\u00e9al pour toute entreprise ax\u00e9e sur les collations<\/strong><\/h2>\n<p class=\"ds-markdown-paragraph\">Notre\u00a0<strong>gobelets jetables<\/strong>\u00a0sont approuv\u00e9s par un large \u00e9ventail d&#039;\u00e9tablissements :<\/p>\n<ul>\n<li>\n<p class=\"ds-markdown-paragraph\"><strong>Food Trucks et restaurants de restauration rapide<\/strong><\/p>\n<\/li>\n<li>\n<p class=\"ds-markdown-paragraph\"><strong>Poissonneries et friteries<\/strong><\/p>\n<\/li>\n<li>\n<p class=\"ds-markdown-paragraph\"><strong>Stades sportifs, cin\u00e9mas et parcs d&#039;attractions<\/strong><\/p>\n<\/li>\n<li>\n<p class=\"ds-markdown-paragraph\"><strong>Traiteurs pour foires et \u00e9v\u00e9nements<\/strong><\/p>\n<\/li>\n<li>\n<p class=\"ds-markdown-paragraph\"><strong>Caf\u00e9t\u00e9rias scolaires et d&#039;entreprise<\/strong><\/p>\n<\/li>\n<\/ul>\n<h2><strong>Commandez vos tasses \u00e0 collation en gros d\u00e8s aujourd&#039;hui\u00a0!<\/strong><\/h2>\n<p class=\"ds-markdown-paragraph\">Optimisez votre service et am\u00e9liorez la pr\u00e9sentation de vos collations avec nos gobelets jetables fiables et abordables.<\/p>\n<p class=\"ds-markdown-paragraph\"><strong>Appel \u00e0 l&#039;action :<\/strong><br \/>\n<strong>Contactez-nous d\u00e8s aujourd&#039;hui pour un devis de gros comp\u00e9titif !<\/strong>\u00a0Renseignez-vous sur nos tailles disponibles et nos options d&#039;impression personnalis\u00e9es pour rendre votre emballage unique.<\/p>\n<p><img fetchpriority=\"high\" decoding=\"async\" class=\"alignnone size-full wp-image-30572\" src=\"https:\/\/championfmcgcorp.com\/wp-content\/uploads\/2025\/09\/French_fries_cup001.avif\" alt=\"\" width=\"800\" height=\"800\" srcset=\"https:\/\/championfmcgcorp.com\/wp-content\/uploads\/2025\/09\/French_fries_cup001.avif 1000w, https:\/\/championfmcgcorp.com\/wp-content\/uploads\/2025\/09\/French_fries_cup001-300x300.avif 300w, https:\/\/championfmcgcorp.com\/wp-content\/uploads\/2025\/09\/French_fries_cup001-800x800.avif 800w, https:\/\/championfmcgcorp.com\/wp-content\/uploads\/2025\/09\/French_fries_cup001-150x150.avif 150w, https:\/\/championfmcgcorp.com\/wp-content\/uploads\/2025\/09\/French_fries_cup001-768x768.avif 768w, https:\/\/championfmcgcorp.com\/wp-content\/uploads\/2025\/09\/French_fries_cup001-12x12.avif 12w, https:\/\/championfmcgcorp.com\/wp-content\/uploads\/2025\/09\/French_fries_cup001-600x600.avif 600w\" sizes=\"(max-width: 800px) 100vw, 800px\" \/><\/p>\n<p><img decoding=\"async\" class=\"alignnone size-full wp-image-30573\" src=\"https:\/\/championfmcgcorp.com\/wp-content\/uploads\/2025\/09\/French_fries_cup002.avif\" alt=\"\" width=\"800\" height=\"800\" srcset=\"https:\/\/championfmcgcorp.com\/wp-content\/uploads\/2025\/09\/French_fries_cup002.avif 800w, https:\/\/championfmcgcorp.com\/wp-content\/uploads\/2025\/09\/French_fries_cup002-300x300.avif 300w, https:\/\/championfmcgcorp.com\/wp-content\/uploads\/2025\/09\/French_fries_cup002-150x150.avif 150w, https:\/\/championfmcgcorp.com\/wp-content\/uploads\/2025\/09\/French_fries_cup002-768x768.avif 768w, https:\/\/championfmcgcorp.com\/wp-content\/uploads\/2025\/09\/French_fries_cup002-12x12.avif 12w, https:\/\/championfmcgcorp.com\/wp-content\/uploads\/2025\/09\/French_fries_cup002-600x600.avif 600w\" sizes=\"(max-width: 800px) 100vw, 800px\" \/><\/p>\n<p><img decoding=\"async\" class=\"alignnone size-full wp-image-30574\" src=\"https:\/\/championfmcgcorp.com\/wp-content\/uploads\/2025\/09\/French_fries_cup003.avif\" alt=\"\" width=\"800\" height=\"800\" srcset=\"https:\/\/championfmcgcorp.com\/wp-content\/uploads\/2025\/09\/French_fries_cup003.avif 800w, https:\/\/championfmcgcorp.com\/wp-content\/uploads\/2025\/09\/French_fries_cup003-300x300.avif 300w, https:\/\/championfmcgcorp.com\/wp-content\/uploads\/2025\/09\/French_fries_cup003-150x150.avif 150w, https:\/\/championfmcgcorp.com\/wp-content\/uploads\/2025\/09\/French_fries_cup003-768x768.avif 768w, https:\/\/championfmcgcorp.com\/wp-content\/uploads\/2025\/09\/French_fries_cup003-12x12.avif 12w, https:\/\/championfmcgcorp.com\/wp-content\/uploads\/2025\/09\/French_fries_cup003-600x600.avif 600w\" sizes=\"(max-width: 800px) 100vw, 800px\" \/><\/p>\n<p><img loading=\"lazy\" decoding=\"async\" class=\"alignnone size-full wp-image-30575\" src=\"https:\/\/championfmcgcorp.com\/wp-content\/uploads\/2025\/09\/French_fries_cup004.avif\" alt=\"\" width=\"800\" height=\"800\" srcset=\"https:\/\/championfmcgcorp.com\/wp-content\/uploads\/2025\/09\/French_fries_cup004.avif 800w, https:\/\/championfmcgcorp.com\/wp-content\/uploads\/2025\/09\/French_fries_cup004-300x300.avif 300w, https:\/\/championfmcgcorp.com\/wp-content\/uploads\/2025\/09\/French_fries_cup004-150x150.avif 150w, https:\/\/championfmcgcorp.com\/wp-content\/uploads\/2025\/09\/French_fries_cup004-768x768.avif 768w, https:\/\/championfmcgcorp.com\/wp-content\/uploads\/2025\/09\/French_fries_cup004-12x12.avif 12w, https:\/\/championfmcgcorp.com\/wp-content\/uploads\/2025\/09\/French_fries_cup004-600x600.avif 600w\" sizes=\"(max-width: 800px) 100vw, 800px\" \/><\/p>\n<p><img loading=\"lazy\" decoding=\"async\" class=\"alignnone size-full wp-image-30576\" src=\"https:\/\/championfmcgcorp.com\/wp-content\/uploads\/2025\/09\/French_fries_cup005.avif\" alt=\"\" width=\"800\" height=\"534\" srcset=\"https:\/\/championfmcgcorp.com\/wp-content\/uploads\/2025\/09\/French_fries_cup005.avif 800w, https:\/\/championfmcgcorp.com\/wp-content\/uploads\/2025\/09\/French_fries_cup005-400x267.avif 400w, https:\/\/championfmcgcorp.com\/wp-content\/uploads\/2025\/09\/French_fries_cup005-768x513.avif 768w, https:\/\/championfmcgcorp.com\/wp-content\/uploads\/2025\/09\/French_fries_cup005-18x12.avif 18w, https:\/\/championfmcgcorp.com\/wp-content\/uploads\/2025\/09\/French_fries_cup005-600x401.avif 600w, https:\/\/championfmcgcorp.com\/wp-content\/uploads\/2025\/09\/French_fries_cup005-150x100.avif 150w\" sizes=\"(max-width: 800px) 100vw, 800px\" \/><\/p>","protected":false},"excerpt":{"rendered":"<p>D\u00e9couvrez nos gobelets en carton jetables pour frites, chips et snacks. R\u00e9sistants aux graisses, robustes et parfaits pour les food trucks et la restauration rapide. Disponibles en plusieurs tailles. Prix de gros.<\/p>","protected":false},"featured_media":30566,"comment_status":"open","ping_status":"closed","template":"","meta":[],"product_brand":[],"product_cat":[122],"product_tag":[],"class_list":{"0":"post-30785","1":"product","2":"type-product","3":"status-publish","4":"has-post-thumbnail","6":"product_cat-by-market","8":"first","9":"instock","10":"shipping-taxable","11":"product-type-simple"},"_links":{"self":[{"href":"https:\/\/championfmcgcorp.com\/fr\/wp-json\/wp\/v2\/product\/30785","targetHints":{"allow":["GET"]}}],"collection":[{"href":"https:\/\/championfmcgcorp.com\/fr\/wp-json\/wp\/v2\/product"}],"about":[{"href":"https:\/\/championfmcgcorp.com\/fr\/wp-json\/wp\/v2\/types\/product"}],"replies":[{"embeddable":true,"href":"https:\/\/championfmcgcorp.com\/fr\/wp-json\/wp\/v2\/comments?post=30785"}],"version-history":[{"count":5,"href":"https:\/\/championfmcgcorp.com\/fr\/wp-json\/wp\/v2\/product\/30785\/revisions"}],"predecessor-version":[{"id":31527,"href":"https:\/\/championfmcgcorp.com\/fr\/wp-json\/wp\/v2\/product\/30785\/revisions\/31527"}],"wp:featuredmedia":[{"embeddable":true,"href":"https:\/\/championfmcgcorp.com\/fr\/wp-json\/wp\/v2\/media\/30566"}],"wp:attachment":[{"href":"https:\/\/championfmcgcorp.com\/fr\/wp-json\/wp\/v2\/media?parent=30785"}],"wp:term":[{"taxonomy":"product_brand","embeddable":true,"href":"https:\/\/championfmcgcorp.com\/fr\/wp-json\/wp\/v2\/product_brand?post=30785"},{"taxonomy":"product_cat","embeddable":true,"href":"https:\/\/championfmcgcorp.com\/fr\/wp-json\/wp\/v2\/product_cat?post=30785"},{"taxonomy":"product_tag","embeddable":true,"href":"https:\/\/championfmcgcorp.com\/fr\/wp-json\/wp\/v2\/product_tag?post=30785"}],"curies":[{"name":"wp","href":"https:\/\/api.w.org\/{rel}","templated":true}]}}