{"id":30783,"date":"2025-10-02T08:25:33","date_gmt":"2025-10-02T08:25:33","guid":{"rendered":"https:\/\/ecopackware.com\/?post_type=product&#038;p=30783"},"modified":"2025-10-03T14:34:21","modified_gmt":"2025-10-03T14:34:21","slug":"emballage-alimentaire-pret-a-lemploi-boite-a-burger-micro-flute-boites-rigides-papier-a-sandwich-boite-a-gateau-transparente-en-papier-a-emporter-accepter","status":"publish","type":"product","link":"https:\/\/championfmcgcorp.com\/fr\/produit\/emballage-alimentaire-pret-a-lemploi-boite-a-burger-micro-flute-boites-rigides-papier-a-sandwich-boite-a-gateau-transparente-en-papier-a-emporter-accepter\/","title":{"rendered":"Emballage alimentaire pr\u00eat \u00e0 l&#039;emploi, bo\u00eete \u00e0 hamburgers micro-fl\u00fbte, bo\u00eetes rigides, papier sandwich, bo\u00eete \u00e0 g\u00e2teaux transparente en papier, \u00e0 emporter"},"content":{"rendered":"<h1><strong>Emballage alimentaire pr\u00eat \u00e0 exp\u00e9dier\u00a0: la durabilit\u00e9 rencontre la pr\u00e9sentation<\/strong><\/h1>\n<p class=\"ds-markdown-paragraph\">Ne soyez plus jamais \u00e0 court d&#039;emballages essentiels. Notre\u00a0<strong>Emballage alimentaire pr\u00eat \u00e0 l&#039;emploi<\/strong>\u00a0La collection propose une livraison imm\u00e9diate sur une s\u00e9lection soign\u00e9e de contenants robustes et de haute qualit\u00e9.\u00a0<strong>Bo\u00eetes \u00e0 burger Micro Flute<\/strong>\u00a0qui conservent la fra\u00eecheur et l&#039;\u00e9l\u00e9gance\u00a0<strong>Bo\u00eetes \u00e0 g\u00e2teaux transparentes<\/strong>\u00a0qui mettent en valeur vos cr\u00e9ations, nous avons le produit parfait\u00a0<strong>emporter<\/strong>\u00a0solution pour r\u00e9pondre aux exigences de votre entreprise alimentaire en pleine activit\u00e9.<\/p>\n<h2><strong>D\u00e9couvrez nos solutions d&#039;emballage pr\u00eates \u00e0 exp\u00e9dier<\/strong><\/h2>\n<p class=\"ds-markdown-paragraph\"><strong>1. Bo\u00eetes \u00e0 burger Micro Flute \u2013 La protection ultime<\/strong><br \/>\nNotre\u00a0<strong>Bo\u00eetes \u00e0 burger Micro Flute<\/strong>\u00a0Con\u00e7us pour une int\u00e9grit\u00e9 optimale, leur int\u00e9rieur cannel\u00e9 offre un amorti et une r\u00e9sistance \u00e0 l&#039;\u00e9crasement sup\u00e9rieurs, prot\u00e9geant vos burgers et sandwichs gourmets. Cette conception assure \u00e9galement une excellente r\u00e9tention de la chaleur et contribue \u00e0 absorber l&#039;exc\u00e8s de graisse, garantissant une pr\u00e9sentation parfaite \u00e0 chaque fois.<\/p>\n<ul>\n<li>\n<p class=\"ds-markdown-paragraph\"><strong>Caract\u00e9ristiques principales :<\/strong>\u00a0Rigidit\u00e9 sup\u00e9rieure, r\u00e9sistant \u00e0 la graisse, excellente empilabilit\u00e9, mat\u00e9riau respectueux de l&#039;environnement.<\/p>\n<\/li>\n<li>\n<p class=\"ds-markdown-paragraph\"><strong>Id\u00e9al pour :<\/strong>\u00a0Bars \u00e0 burgers gastronomiques, pubs, food trucks et sandwicheries.<\/p>\n<\/li>\n<\/ul>\n<p class=\"ds-markdown-paragraph\"><strong>2. Bo\u00eetes \u00e0 sandwich rigides en papier \u2013 Classiques et s\u00e9curis\u00e9es<\/strong><br \/>\nPour une solution classique et sans chichis, notre\u00a0<strong>Bo\u00eetes rigides en papier sandwich<\/strong>\u00a0Ces contenants offrent un aspect soign\u00e9 et professionnel. Leur construction robuste emp\u00eache les d\u00e9formations et les fuites, ce qui en fait un choix fiable pour une vari\u00e9t\u00e9 de charcuteries, paninis et wraps.<\/p>\n<ul>\n<li>\n<p class=\"ds-markdown-paragraph\"><strong>Caract\u00e9ristiques principales :<\/strong>\u00a0Construction robuste, facile \u00e0 assembler, \u00e9tanche, id\u00e9ale pour une personnalisation de marque.<\/p>\n<\/li>\n<li>\n<p class=\"ds-markdown-paragraph\"><strong>Id\u00e9al pour :<\/strong>\u00a0\u00c9piceries fines, caf\u00e9s, caf\u00e9t\u00e9rias d\u2019entreprise et programmes de repas scolaires.<\/p>\n<\/li>\n<\/ul>\n<p class=\"ds-markdown-paragraph\"><strong>3. Bo\u00eetes \u00e0 g\u00e2teaux transparentes en papier \u2013 Pr\u00e9sentez vos cr\u00e9ations<\/strong><br \/>\nLaissez vos p\u00e2tisseries parler d&#039;elles-m\u00eames. Notre\u00a0<strong>Bo\u00eetes \u00e0 g\u00e2teaux en papier transparent<\/strong>\u00a0Pr\u00e9sentez une fen\u00eatre transparente ou soyez enti\u00e8rement transparents, permettant aux clients d&#039;admirer la qualit\u00e9 et le talent artistique de vos g\u00e2teaux, p\u00e2tisseries et desserts avant m\u00eame d&#039;ouvrir la bo\u00eete. Cela cr\u00e9e de l&#039;anticipation et favorise les achats impulsifs.<\/p>\n<ul>\n<li>\n<p class=\"ds-markdown-paragraph\"><strong>Caract\u00e9ristiques principales :<\/strong>\u00a0Visibilit\u00e9 claire, construction durable, couvercles de verrouillage s\u00e9curis\u00e9s, am\u00e9liore l&#039;attrait du produit.<\/p>\n<\/li>\n<li>\n<p class=\"ds-markdown-paragraph\"><strong>Id\u00e9al pour :<\/strong>\u00a0Boulangeries, p\u00e2tisseries, boutiques de desserts et caf\u00e9s.<\/p>\n<\/li>\n<\/ul>\n<h2><strong>\u00a0Pourquoi choisir notre emballage pr\u00eat \u00e0 l&#039;emploi ?<\/strong><\/h2>\n<ul>\n<li>\n<p class=\"ds-markdown-paragraph\"><strong>Exp\u00e9dition imm\u00e9diate :<\/strong>\u00a0Nous disposons d&#039;un stock important pour une livraison rapide, minimisant ainsi vos temps d&#039;arr\u00eat.<\/p>\n<\/li>\n<li>\n<p class=\"ds-markdown-paragraph\"><strong>Durabilit\u00e9 garantie :<\/strong>\u00a0Fabriqu\u00e9 \u00e0 partir de mat\u00e9riaux de haute qualit\u00e9\u00a0<strong>micro fl\u00fbte<\/strong>\u00a0et en carton rigide, nos bo\u00eetes sont con\u00e7ues pour durer.<\/p>\n<\/li>\n<li>\n<p class=\"ds-markdown-paragraph\"><strong>Choix \u00e9co-responsable :<\/strong>\u00a0Tous les produits sont fabriqu\u00e9s \u00e0 partir de mat\u00e9riaux recyclables et biod\u00e9gradables dans la mesure du possible.<\/p>\n<\/li>\n<li>\n<p class=\"ds-markdown-paragraph\"><strong>Pr\u00eat \u00e0 emporter :<\/strong>\u00a0Con\u00e7u sp\u00e9cifiquement pour les rigueurs de\u00a0<strong>emporter<\/strong>\u00a0et la livraison de nourriture, garantissant que les repas arrivent en parfait \u00e9tat.<\/p>\n<\/li>\n<li>\n<p class=\"ds-markdown-paragraph\"><strong>Pr\u00eat pour la marque :<\/strong>\u00a0La toile parfaite pour les tampons, les autocollants ou les \u00e9tiquettes personnalis\u00e9es pour renforcer l&#039;identit\u00e9 de votre marque.<\/p>\n<\/li>\n<\/ul>\n<h2><strong>\u00a0Id\u00e9al pour une large gamme d&#039;entreprises alimentaires<\/strong><\/h2>\n<p class=\"ds-markdown-paragraph\">Notre\u00a0<strong>emballage alimentaire pr\u00eat \u00e0 l&#039;emploi<\/strong>\u00a0est approuv\u00e9 par :<\/p>\n<ul>\n<li>\n<p class=\"ds-markdown-paragraph\">Restaurants rapides et d\u00e9contract\u00e9s et food trucks<\/p>\n<\/li>\n<li>\n<p class=\"ds-markdown-paragraph\">Boulangeries et bars \u00e0 desserts<\/p>\n<\/li>\n<li>\n<p class=\"ds-markdown-paragraph\">\u00c9piceries fines et sandwicheries<\/p>\n<\/li>\n<li>\n<p class=\"ds-markdown-paragraph\">Entreprises de restauration et organisateurs d&#039;\u00e9v\u00e9nements<\/p>\n<\/li>\n<li>\n<p class=\"ds-markdown-paragraph\">Snack-bars et caf\u00e9s<\/p>\n<\/li>\n<\/ul>\n<h2><strong>\u00a0Commandez votre emballage pr\u00eat \u00e0 l&#039;emploi d\u00e8s aujourd&#039;hui\u00a0!<\/strong><\/h2>\n<p class=\"ds-markdown-paragraph\">Simplifiez votre cha\u00eene d&#039;approvisionnement gr\u00e2ce \u00e0 des solutions d&#039;emballage fiables et pr\u00eates \u00e0 exp\u00e9dier. Valorisez votre marque et assurez la satisfaction de vos clients \u00e0 chaque commande.<\/p>\n<p class=\"ds-markdown-paragraph\"><strong>Appel \u00e0 l&#039;action :<\/strong><br \/>\n<strong>Parcourez notre catalogue de stock pr\u00eat et passez votre commande d\u00e8s aujourd&#039;hui pour une exp\u00e9dition rapide !<\/strong>\u00a0Pour les commandes en gros volume, contactez-nous pour des prix de gros exclusifs.<\/p>\n<p><img fetchpriority=\"high\" decoding=\"async\" class=\"alignnone size-full wp-image-30640\" src=\"https:\/\/championfmcgcorp.com\/wp-content\/uploads\/2025\/09\/burger_box002.avif\" alt=\"\" width=\"750\" height=\"750\" srcset=\"https:\/\/championfmcgcorp.com\/wp-content\/uploads\/2025\/09\/burger_box002.avif 750w, https:\/\/championfmcgcorp.com\/wp-content\/uploads\/2025\/09\/burger_box002-300x300.avif 300w, https:\/\/championfmcgcorp.com\/wp-content\/uploads\/2025\/09\/burger_box002-150x150.avif 150w, https:\/\/championfmcgcorp.com\/wp-content\/uploads\/2025\/09\/burger_box002-12x12.avif 12w, https:\/\/championfmcgcorp.com\/wp-content\/uploads\/2025\/09\/burger_box002-600x600.avif 600w\" sizes=\"(max-width: 750px) 100vw, 750px\" \/><\/p>\n<p><img decoding=\"async\" class=\"alignnone size-full wp-image-30639\" src=\"https:\/\/championfmcgcorp.com\/wp-content\/uploads\/2025\/09\/burger_box001.avif\" alt=\"\" width=\"750\" height=\"625\" srcset=\"https:\/\/championfmcgcorp.com\/wp-content\/uploads\/2025\/09\/burger_box001.avif 750w, https:\/\/championfmcgcorp.com\/wp-content\/uploads\/2025\/09\/burger_box001-360x300.avif 360w, https:\/\/championfmcgcorp.com\/wp-content\/uploads\/2025\/09\/burger_box001-14x12.avif 14w, https:\/\/championfmcgcorp.com\/wp-content\/uploads\/2025\/09\/burger_box001-600x500.avif 600w, https:\/\/championfmcgcorp.com\/wp-content\/uploads\/2025\/09\/burger_box001-150x125.avif 150w\" sizes=\"(max-width: 750px) 100vw, 750px\" \/><\/p>\n<p><img decoding=\"async\" class=\"alignnone size-full wp-image-30642\" src=\"https:\/\/championfmcgcorp.com\/wp-content\/uploads\/2025\/09\/burger_box004.avif\" alt=\"\" width=\"750\" height=\"800\" srcset=\"https:\/\/championfmcgcorp.com\/wp-content\/uploads\/2025\/09\/burger_box004.avif 750w, https:\/\/championfmcgcorp.com\/wp-content\/uploads\/2025\/09\/burger_box004-281x300.avif 281w, https:\/\/championfmcgcorp.com\/wp-content\/uploads\/2025\/09\/burger_box004-11x12.avif 11w, https:\/\/championfmcgcorp.com\/wp-content\/uploads\/2025\/09\/burger_box004-600x640.avif 600w, https:\/\/championfmcgcorp.com\/wp-content\/uploads\/2025\/09\/burger_box004-150x160.avif 150w\" sizes=\"(max-width: 750px) 100vw, 750px\" \/><\/p>\n<p><img loading=\"lazy\" decoding=\"async\" class=\"alignnone size-full wp-image-30643\" src=\"https:\/\/championfmcgcorp.com\/wp-content\/uploads\/2025\/09\/burger_box005.avif\" alt=\"\" width=\"750\" height=\"708\" srcset=\"https:\/\/championfmcgcorp.com\/wp-content\/uploads\/2025\/09\/burger_box005.avif 750w, https:\/\/championfmcgcorp.com\/wp-content\/uploads\/2025\/09\/burger_box005-318x300.avif 318w, https:\/\/championfmcgcorp.com\/wp-content\/uploads\/2025\/09\/burger_box005-13x12.avif 13w, https:\/\/championfmcgcorp.com\/wp-content\/uploads\/2025\/09\/burger_box005-600x566.avif 600w, https:\/\/championfmcgcorp.com\/wp-content\/uploads\/2025\/09\/burger_box005-150x142.avif 150w\" sizes=\"(max-width: 750px) 100vw, 750px\" \/><\/p>\n<div class=\"J_module\">\n<div id=\"ali-anchor-AliMagic-wv5hb0\" class=\"magic-0\" data-section=\"AliMagic-wv5hb0\" data-section-title=\"Specification\" data-spm-anchor-id=\"a2700.details-description.0.i9.1411Vp9VVp9V4J\">Sp\u00e9cification<\/div>\n<\/div>\n<div class=\"J_module\">\n<div class=\"ife-detail-decorate-table\">\n<table class=\"has-title all magic-10\" style=\"height: 463px;\" width=\"747\">\n<tbody>\n<tr>\n<td colspan=\"1\" rowspan=\"1\">\n<div class=\"magic-11\">article<\/div>\n<\/td>\n<td colspan=\"1\" rowspan=\"1\">\n<div class=\"magic-12\">bo\u00eete alimentaire \u00e0 clapet en carton micro-cannelure triple couche<\/div>\n<\/td>\n<\/tr>\n<tr>\n<td colspan=\"1\" rowspan=\"1\">\n<div class=\"magic-11\">Lieu d&#039;origine<\/div>\n<\/td>\n<td colspan=\"1\" rowspan=\"1\">\n<div class=\"magic-12\">Chine<\/div>\n<\/td>\n<\/tr>\n<tr>\n<td colspan=\"1\" rowspan=\"1\">\n<div class=\"magic-11\" data-spm-anchor-id=\"a2700.details-description.0.i7.1411Vp9VVp9V4J\"><\/div>\n<\/td>\n<td colspan=\"1\" rowspan=\"1\">\n<div class=\"magic-12\">Fujian<\/div>\n<\/td>\n<\/tr>\n<tr>\n<td colspan=\"1\" rowspan=\"1\">\n<div class=\"magic-11\">Nom de marque<\/div>\n<\/td>\n<td colspan=\"1\" rowspan=\"1\">\n<div class=\"magic-12\">Z\u00c9RO FUITE<\/div>\n<\/td>\n<\/tr>\n<tr>\n<td colspan=\"1\" rowspan=\"1\">\n<div class=\"magic-11\">Num\u00e9ro de mod\u00e8le<\/div>\n<\/td>\n<td colspan=\"1\" rowspan=\"1\">\n<div class=\"magic-12\">burger, snack, famille, d\u00eener<\/div>\n<\/td>\n<\/tr>\n<tr>\n<td colspan=\"1\" rowspan=\"1\">\n<div class=\"magic-11\">Utilisation industrielle<\/div>\n<\/td>\n<td colspan=\"1\" rowspan=\"1\">\n<div class=\"magic-12\">Nourriture<\/div>\n<\/td>\n<\/tr>\n<tr>\n<td colspan=\"1\" rowspan=\"1\">\n<div class=\"magic-11\"><\/div>\n<\/td>\n<td colspan=\"1\" rowspan=\"1\">\n<div class=\"magic-12\" data-spm-anchor-id=\"a2700.details-description.0.i6.1411Vp9VVp9V4J\">Hamburger, pain, sushi, sandwich, g\u00e2teau, snack, pizza, biscuit, chips, noix et amandes, autres aliments<\/div>\n<\/td>\n<\/tr>\n<tr>\n<td colspan=\"1\" rowspan=\"1\">\n<div class=\"magic-11\">Type de papier<\/div>\n<\/td>\n<td colspan=\"1\" rowspan=\"1\">\n<div class=\"magic-12\">micro-cannelure\/ondulation\/ondulation triple couche<\/div>\n<\/td>\n<\/tr>\n<tr>\n<td colspan=\"1\" rowspan=\"1\">\n<div class=\"magic-11\">Gestion de l&#039;impression<\/div>\n<\/td>\n<td colspan=\"1\" rowspan=\"1\">\n<div class=\"magic-12\">Pelliculage mat<\/div>\n<\/td>\n<\/tr>\n<tr>\n<td colspan=\"1\" rowspan=\"1\">\n<div class=\"magic-11\">Commande personnalis\u00e9e<\/div>\n<\/td>\n<td colspan=\"1\" rowspan=\"1\">\n<div class=\"magic-12\">Accepter<\/div>\n<\/td>\n<\/tr>\n<tr>\n<td colspan=\"1\" rowspan=\"1\">\n<div class=\"magic-11\">Fonctionnalit\u00e9<\/div>\n<\/td>\n<td colspan=\"1\" rowspan=\"1\">\n<div class=\"magic-12\">Recyclable, compostable, \u00e9cologique, de qualit\u00e9 alimentaire<\/div>\n<\/td>\n<\/tr>\n<tr>\n<td colspan=\"1\" rowspan=\"1\">\n<div class=\"magic-11\">Forme<\/div>\n<\/td>\n<td colspan=\"1\" rowspan=\"1\">\n<div class=\"magic-12\">carr\u00e9, rectangle<\/div>\n<\/td>\n<\/tr>\n<tr>\n<td colspan=\"1\" rowspan=\"1\">\n<div class=\"magic-11\">Type de bo\u00eete<\/div>\n<\/td>\n<td colspan=\"1\" rowspan=\"1\">\n<div class=\"magic-12\">Bo\u00eetes rigides<\/div>\n<\/td>\n<\/tr>\n<tr>\n<td colspan=\"1\" rowspan=\"1\">\n<div class=\"magic-11\">Mat\u00e9riel<\/div>\n<\/td>\n<td colspan=\"1\" rowspan=\"1\">\n<div class=\"magic-12\">papier cannel\u00e9\/ondul\u00e9\/ondul\u00e9<\/div>\n<\/td>\n<\/tr>\n<tr>\n<td colspan=\"1\" rowspan=\"1\">\n<div class=\"magic-11\">Usage<\/div>\n<\/td>\n<td colspan=\"1\" rowspan=\"1\">\n<div class=\"magic-12\">Forfait alimentaire, burger, collation, d\u00eener,<\/div>\n<\/td>\n<\/tr>\n<tr>\n<td colspan=\"1\" rowspan=\"1\">\n<div class=\"magic-11\">Impression<\/div>\n<\/td>\n<td colspan=\"1\" rowspan=\"1\">\n<div class=\"magic-12\">Impression flexo<\/div>\n<div><\/div>\n<\/td>\n<\/tr>\n<\/tbody>\n<\/table>\n<p><img loading=\"lazy\" decoding=\"async\" class=\"alignnone size-full wp-image-30644\" src=\"https:\/\/championfmcgcorp.com\/wp-content\/uploads\/2025\/09\/burger_box006.avif\" alt=\"\" width=\"800\" height=\"593\" srcset=\"https:\/\/championfmcgcorp.com\/wp-content\/uploads\/2025\/09\/burger_box006.avif 2560w, https:\/\/championfmcgcorp.com\/wp-content\/uploads\/2025\/09\/burger_box006-400x297.avif 400w, https:\/\/championfmcgcorp.com\/wp-content\/uploads\/2025\/09\/burger_box006-1078x800.avif 1078w, https:\/\/championfmcgcorp.com\/wp-content\/uploads\/2025\/09\/burger_box006-768x570.avif 768w, https:\/\/championfmcgcorp.com\/wp-content\/uploads\/2025\/09\/burger_box006-1536x1140.avif 1536w, https:\/\/championfmcgcorp.com\/wp-content\/uploads\/2025\/09\/burger_box006-2048x1520.avif 2048w, https:\/\/championfmcgcorp.com\/wp-content\/uploads\/2025\/09\/burger_box006-16x12.avif 16w, https:\/\/championfmcgcorp.com\/wp-content\/uploads\/2025\/09\/burger_box006-600x445.avif 600w, https:\/\/championfmcgcorp.com\/wp-content\/uploads\/2025\/09\/burger_box006-1200x891.avif 1200w, https:\/\/championfmcgcorp.com\/wp-content\/uploads\/2025\/09\/burger_box006-150x111.avif 150w\" sizes=\"(max-width: 800px) 100vw, 800px\" \/><\/p>\n<\/div>\n<\/div>","protected":false},"excerpt":{"rendered":"<p>Pr\u00e9parez votre stock d&#039;emballages alimentaires jetables\u00a0: bo\u00eetes \u00e0 burger micro-cannel\u00e9es, bo\u00eetes rigides, papiers \u00e0 sandwich et bo\u00eetes \u00e0 g\u00e2teaux transparentes. Parfaits pour les traiteurs. Livraison le jour m\u00eame possible. Remises sur les achats en gros.<\/p>","protected":false},"featured_media":30638,"comment_status":"open","ping_status":"closed","template":"","meta":[],"product_brand":[],"product_cat":[122,145,143,130,132],"product_tag":[],"class_list":{"0":"post-30783","1":"product","2":"type-product","3":"status-publish","4":"has-post-thumbnail","6":"product_cat-by-market","7":"product_cat-burger-boxes","8":"product_cat-disposable-food-containers","9":"product_cat-fast-food-restaurant","10":"product_cat-fried-chicken-restaurant","12":"first","13":"instock","14":"shipping-taxable","15":"product-type-simple"},"_links":{"self":[{"href":"https:\/\/championfmcgcorp.com\/fr\/wp-json\/wp\/v2\/product\/30783","targetHints":{"allow":["GET"]}}],"collection":[{"href":"https:\/\/championfmcgcorp.com\/fr\/wp-json\/wp\/v2\/product"}],"about":[{"href":"https:\/\/championfmcgcorp.com\/fr\/wp-json\/wp\/v2\/types\/product"}],"replies":[{"embeddable":true,"href":"https:\/\/championfmcgcorp.com\/fr\/wp-json\/wp\/v2\/comments?post=30783"}],"version-history":[{"count":4,"href":"https:\/\/championfmcgcorp.com\/fr\/wp-json\/wp\/v2\/product\/30783\/revisions"}],"predecessor-version":[{"id":31530,"href":"https:\/\/championfmcgcorp.com\/fr\/wp-json\/wp\/v2\/product\/30783\/revisions\/31530"}],"wp:featuredmedia":[{"embeddable":true,"href":"https:\/\/championfmcgcorp.com\/fr\/wp-json\/wp\/v2\/media\/30638"}],"wp:attachment":[{"href":"https:\/\/championfmcgcorp.com\/fr\/wp-json\/wp\/v2\/media?parent=30783"}],"wp:term":[{"taxonomy":"product_brand","embeddable":true,"href":"https:\/\/championfmcgcorp.com\/fr\/wp-json\/wp\/v2\/product_brand?post=30783"},{"taxonomy":"product_cat","embeddable":true,"href":"https:\/\/championfmcgcorp.com\/fr\/wp-json\/wp\/v2\/product_cat?post=30783"},{"taxonomy":"product_tag","embeddable":true,"href":"https:\/\/championfmcgcorp.com\/fr\/wp-json\/wp\/v2\/product_tag?post=30783"}],"curies":[{"name":"wp","href":"https:\/\/api.w.org\/{rel}","templated":true}]}}