{"id":30772,"date":"2025-10-01T11:10:56","date_gmt":"2025-10-01T11:10:56","guid":{"rendered":"https:\/\/ecopackware.com\/?post_type=product&#038;p=30772"},"modified":"2025-10-03T14:05:11","modified_gmt":"2025-10-03T14:05:11","slug":"boite-en-papier-kraft-couche-bateau-personnalisation-de-nourriture-jetable-prix-de-gros-bon-marche-plateau-en-papier-a-pain-papier-230-g","status":"publish","type":"product","link":"https:\/\/championfmcgcorp.com\/fr\/produit\/boite-en-papier-kraft-couche-bateau-personnalisation-de-nourriture-jetable-prix-de-gros-bon-marche-plateau-en-papier-a-pain-papier-230-g\/","title":{"rendered":"Barquettes bateau personnalis\u00e9es en papier kraft couch\u00e9 230 g | Emballage alimentaire en gros"},"content":{"rendered":"<h1><strong>\u00a0Robustes et durables\u00a0: plateaux de bateau en papier kraft couch\u00e9 personnalis\u00e9s<\/strong><\/h1>\n<p class=\"ds-markdown-paragraph\"><strong>Am\u00e9liorez la pr\u00e9sentation de vos aliments<\/strong>\u00a0avec notre polyvalence et notre r\u00e9silience\u00a0<strong>Plateaux pour bateaux en papier kraft couch\u00e9<\/strong>Con\u00e7us pour imiter la forme classique d&#039;un \u00ab\u00a0navire\u00a0\u00bb ou d&#039;un \u00ab\u00a0bateau\u00a0\u00bb, ces plateaux offrent une fa\u00e7on unique et pratique de servir une vari\u00e9t\u00e9 d&#039;aliments. Fabriqu\u00e9s en acier inoxydable de haute qualit\u00e9.\u00a0<strong>papier 230g<\/strong>, ils offrent le m\u00e9lange parfait de charme rustique et de durabilit\u00e9 moderne, ce qui en fait un choix id\u00e9al pour les entreprises \u00e0 la recherche d&#039;un environnement respectueux de l&#039;environnement et fiable\u00a0<strong>emballage alimentaire jetable<\/strong>.<\/p>\n<h2><strong>Con\u00e7u pour la performance : la durabilit\u00e9 rencontre la fonctionnalit\u00e9<\/strong><\/h2>\n<p class=\"ds-markdown-paragraph\">Nos barquettes en papier sont con\u00e7ues pour contenir des aliments chauds et gras sans compromettre leur structure ou leur apparence.<\/p>\n<ul>\n<li>\n<p class=\"ds-markdown-paragraph\"><strong>Construction en papier de qualit\u00e9 sup\u00e9rieure 230 g :<\/strong>\u00a0Le poids lourd\u00a0<strong>papier kraft 230 g<\/strong>\u00a0Assure une r\u00e9sistance et une rigidit\u00e9 sup\u00e9rieures, \u00e9vitant ainsi l&#039;humidit\u00e9 et les fuites. Ils sont donc suffisamment robustes pour contenir des aliments humides, huileux ou lourds.<\/p>\n<\/li>\n<li>\n<p class=\"ds-markdown-paragraph\"><strong>Rev\u00eatement PE efficace :<\/strong>\u00a0L&#039;int\u00e9rieur est dot\u00e9 d&#039;un rev\u00eatement fin et fonctionnel en poly\u00e9thyl\u00e8ne (PE). Cette couche essentielle offre une excellente\u00a0<strong>r\u00e9sistance \u00e0 l&#039;huile et \u00e0 l&#039;humidit\u00e9<\/strong>, gardant votre emballage intact et pr\u00e9sentable tout en prot\u00e9geant le papier de la graisse et de la condensation.<\/p>\n<\/li>\n<li>\n<p class=\"ds-markdown-paragraph\"><strong>Forme de bateau stable :<\/strong>\u00a0Sa conception unique et conique offre une base stable qui emp\u00eache tout basculement, tandis que sa large ouverture facilite l&#039;acc\u00e8s pour les clients. Sa forme est id\u00e9ale pour maintenir en toute s\u00e9curit\u00e9 des aliments comme le pain, les frites et les sandwichs.<\/p>\n<\/li>\n<\/ul>\n<h2><strong>Polyvalent et id\u00e9al pour une large gamme d&#039;aliments<\/strong><\/h2>\n<p class=\"ds-markdown-paragraph\">Le classique\u00a0<strong>plateau de bateau en papier<\/strong>\u00a0est un outil polyvalent pour toute entreprise de restauration. Il est parfaitement adapt\u00e9 \u00e0\u00a0:<\/p>\n<ul>\n<li>\n<p class=\"ds-markdown-paragraph\"><strong>Boulangerie &amp; P\u00e2tisserie :<\/strong>\u00a0Baguettes, petits pains, croissants et viennoiseries.<\/p>\n<\/li>\n<li>\n<p class=\"ds-markdown-paragraph\"><strong>Restauration rapide et accompagnements :<\/strong>\u00a0Frites, rondelles d&#039;oignon, nuggets de poulet et ailes.<\/p>\n<\/li>\n<li>\n<p class=\"ds-markdown-paragraph\"><strong>Collations et ap\u00e9ritifs :<\/strong>\u00a0Du pop-corn, des nachos et des bonbons.<\/p>\n<\/li>\n<li>\n<p class=\"ds-markdown-paragraph\"><strong>Cuisine de rue :<\/strong>\u00a0Un choix populaire pour les food trucks servant des hot-dogs gastronomiques, des kebabs ou des frites garnies.<\/p>\n<\/li>\n<\/ul>\n<h2><strong>Principales caract\u00e9ristiques et avantages commerciaux<\/strong><\/h2>\n<ul>\n<li>\n<p class=\"ds-markdown-paragraph\"><strong>Appel \u00e9cologique :<\/strong>\u00a0Fabriqu\u00e9 \u00e0 partir de\u00a0<strong>papier kraft<\/strong>, un mat\u00e9riau connu pour ses qualit\u00e9s naturelles, recyclables et compostables (selon le recyclage local du papier couch\u00e9), attrayant pour les consommateurs soucieux de l&#039;environnement.<\/p>\n<\/li>\n<li>\n<p class=\"ds-markdown-paragraph\"><strong>Image de marque personnalisable :<\/strong>\u00a0Ces plateaux constituent une toile de fond id\u00e9ale pour votre marque. Nous proposons\u00a0<strong>impression personnalis\u00e9e<\/strong>\u00a0de votre logo, des couleurs de votre marque et de vos designs, transformant chaque commande en un puissant outil marketing.<\/p>\n<\/li>\n<li>\n<p class=\"ds-markdown-paragraph\"><strong>Prix de gros rentable :<\/strong>\u00a0En tant que\u00a0<strong>vente en gros bon march\u00e9<\/strong>\u00a0solution, ces plateaux offrent une valeur exceptionnelle, vous aidant \u00e0 g\u00e9rer efficacement les co\u00fbts sans sacrifier la qualit\u00e9, en particulier lorsqu&#039;ils sont achet\u00e9s en gros.<\/p>\n<\/li>\n<li>\n<p class=\"ds-markdown-paragraph\"><strong>L\u00e9ger et empilable :<\/strong>\u00a0Con\u00e7u pour un stockage et un transport efficaces, vous permettant d&#039;\u00e9conomiser un espace pr\u00e9cieux dans votre arri\u00e8re-boutique et de r\u00e9duire les frais d&#039;exp\u00e9dition.<\/p>\n<\/li>\n<\/ul>\n<h2><strong>Id\u00e9al pour diverses entreprises<\/strong><\/h2>\n<p class=\"ds-markdown-paragraph\">Notre\u00a0<strong>bateaux alimentaires jetables<\/strong>\u00a0sont approuv\u00e9s par un large \u00e9ventail d&#039;\u00e9tablissements :<\/p>\n<ul>\n<li>\n<p class=\"ds-markdown-paragraph\">Food Trucks et vendeurs ambulants<\/p>\n<\/li>\n<li>\n<p class=\"ds-markdown-paragraph\">Restaurants rapides et d\u00e9contract\u00e9s et snack-bars<\/p>\n<\/li>\n<li>\n<p class=\"ds-markdown-paragraph\">Cin\u00e9mas, stades et traiteurs \u00e9v\u00e9nementiels<\/p>\n<\/li>\n<li>\n<p class=\"ds-markdown-paragraph\">Boulangeries et caf\u00e9s<\/p>\n<\/li>\n<li>\n<p class=\"ds-markdown-paragraph\">Distributeurs en gros et fournisseurs d&#039;emballages<\/p>\n<\/li>\n<\/ul>\n<h2><strong>Commandez vos plateaux de bateaux en papier personnalis\u00e9s d\u00e8s aujourd&#039;hui\u00a0!<\/strong><\/h2>\n<p class=\"ds-markdown-paragraph\">Impressionnez vos clients et optimisez votre service gr\u00e2ce \u00e0 nos barquettes en papier de haute qualit\u00e9, personnalisables et imprimables. Nous sommes sp\u00e9cialis\u00e9s dans les solutions en vrac \u00e0 des prix comp\u00e9titifs.\u00a0<strong>prix de gros<\/strong>.<\/p>\n<h2><strong>Appel \u00e0 l&#039;action :<\/strong><\/h2>\n<p><strong>Contactez-nous d\u00e8s aujourd&#039;hui pour un devis gratuit et sans engagement !<\/strong>\u00a0Discutons de vos options de personnalisation et de la mani\u00e8re dont nos barquettes en papier kraft couch\u00e9 de 230 g peuvent rehausser votre emballage alimentaire.<\/p>\n<p><img fetchpriority=\"high\" decoding=\"async\" class=\"alignnone size-full wp-image-30685\" src=\"https:\/\/championfmcgcorp.com\/wp-content\/uploads\/2025\/09\/Ship_box007.avif\" alt=\"\" width=\"800\" height=\"800\" srcset=\"https:\/\/championfmcgcorp.com\/wp-content\/uploads\/2025\/09\/Ship_box007.avif 600w, https:\/\/championfmcgcorp.com\/wp-content\/uploads\/2025\/09\/Ship_box007-300x300.avif 300w, https:\/\/championfmcgcorp.com\/wp-content\/uploads\/2025\/09\/Ship_box007-150x150.avif 150w, https:\/\/championfmcgcorp.com\/wp-content\/uploads\/2025\/09\/Ship_box007-12x12.avif 12w\" sizes=\"(max-width: 800px) 100vw, 800px\" \/><\/p>\n<p><img decoding=\"async\" class=\"alignnone size-full wp-image-30684\" src=\"https:\/\/championfmcgcorp.com\/wp-content\/uploads\/2025\/09\/Ship_box006.avif\" alt=\"\" width=\"800\" height=\"800\" srcset=\"https:\/\/championfmcgcorp.com\/wp-content\/uploads\/2025\/09\/Ship_box006.avif 750w, https:\/\/championfmcgcorp.com\/wp-content\/uploads\/2025\/09\/Ship_box006-300x300.avif 300w, https:\/\/championfmcgcorp.com\/wp-content\/uploads\/2025\/09\/Ship_box006-150x150.avif 150w, https:\/\/championfmcgcorp.com\/wp-content\/uploads\/2025\/09\/Ship_box006-12x12.avif 12w, https:\/\/championfmcgcorp.com\/wp-content\/uploads\/2025\/09\/Ship_box006-600x600.avif 600w\" sizes=\"(max-width: 800px) 100vw, 800px\" \/><\/p>\n<p><img decoding=\"async\" class=\"alignnone size-full wp-image-30681\" src=\"https:\/\/championfmcgcorp.com\/wp-content\/uploads\/2025\/09\/Ship_box003.avif\" alt=\"\" width=\"800\" height=\"800\" srcset=\"https:\/\/championfmcgcorp.com\/wp-content\/uploads\/2025\/09\/Ship_box003.avif 800w, https:\/\/championfmcgcorp.com\/wp-content\/uploads\/2025\/09\/Ship_box003-300x300.avif 300w, https:\/\/championfmcgcorp.com\/wp-content\/uploads\/2025\/09\/Ship_box003-150x150.avif 150w, https:\/\/championfmcgcorp.com\/wp-content\/uploads\/2025\/09\/Ship_box003-768x768.avif 768w, https:\/\/championfmcgcorp.com\/wp-content\/uploads\/2025\/09\/Ship_box003-12x12.avif 12w, https:\/\/championfmcgcorp.com\/wp-content\/uploads\/2025\/09\/Ship_box003-600x600.avif 600w\" sizes=\"(max-width: 800px) 100vw, 800px\" \/><\/p>\n<p><img loading=\"lazy\" decoding=\"async\" class=\"alignnone size-full wp-image-30682\" src=\"https:\/\/championfmcgcorp.com\/wp-content\/uploads\/2025\/09\/Ship_box004.avif\" alt=\"\" width=\"800\" height=\"251\" srcset=\"https:\/\/championfmcgcorp.com\/wp-content\/uploads\/2025\/09\/Ship_box004.avif 666w, https:\/\/championfmcgcorp.com\/wp-content\/uploads\/2025\/09\/Ship_box004-400x126.avif 400w, https:\/\/championfmcgcorp.com\/wp-content\/uploads\/2025\/09\/Ship_box004-18x6.avif 18w, https:\/\/championfmcgcorp.com\/wp-content\/uploads\/2025\/09\/Ship_box004-600x188.avif 600w, https:\/\/championfmcgcorp.com\/wp-content\/uploads\/2025\/09\/Ship_box004-150x47.avif 150w\" sizes=\"(max-width: 800px) 100vw, 800px\" \/><\/p>\n<p>&nbsp;<\/p>","protected":false},"excerpt":{"rendered":"<p>Obtenez des barquettes alimentaires personnalis\u00e9es en papier kraft couch\u00e9. Nos barquettes de 230 g, ingraissables et r\u00e9sistantes \u00e0 l&#039;humidit\u00e9, sont id\u00e9ales pour les boulangeries et la livraison de repas. Prix de gros pour les commandes en gros. Personnalisez la taille, la forme et imprimez votre logo.<\/p>","protected":false},"featured_media":30678,"comment_status":"open","ping_status":"closed","template":"","meta":[],"product_brand":[],"product_cat":[132,126,143,130,148,155,146,161],"product_tag":[],"class_list":{"0":"post-30772","1":"product","2":"type-product","3":"status-publish","4":"has-post-thumbnail","6":"product_cat-fried-chicken-restaurant","7":"product_cat-bakery-shop","8":"product_cat-disposable-food-containers","9":"product_cat-fast-food-restaurant","10":"product_cat-fried-chicken-french-fries","11":"product_cat-paper-food-boxes","12":"product_cat-paper-snack-boxes","13":"product_cat-sushi-boxes","15":"first","16":"instock","17":"shipping-taxable","18":"product-type-simple"},"_links":{"self":[{"href":"https:\/\/championfmcgcorp.com\/fr\/wp-json\/wp\/v2\/product\/30772","targetHints":{"allow":["GET"]}}],"collection":[{"href":"https:\/\/championfmcgcorp.com\/fr\/wp-json\/wp\/v2\/product"}],"about":[{"href":"https:\/\/championfmcgcorp.com\/fr\/wp-json\/wp\/v2\/types\/product"}],"replies":[{"embeddable":true,"href":"https:\/\/championfmcgcorp.com\/fr\/wp-json\/wp\/v2\/comments?post=30772"}],"version-history":[{"count":7,"href":"https:\/\/championfmcgcorp.com\/fr\/wp-json\/wp\/v2\/product\/30772\/revisions"}],"predecessor-version":[{"id":31524,"href":"https:\/\/championfmcgcorp.com\/fr\/wp-json\/wp\/v2\/product\/30772\/revisions\/31524"}],"wp:featuredmedia":[{"embeddable":true,"href":"https:\/\/championfmcgcorp.com\/fr\/wp-json\/wp\/v2\/media\/30678"}],"wp:attachment":[{"href":"https:\/\/championfmcgcorp.com\/fr\/wp-json\/wp\/v2\/media?parent=30772"}],"wp:term":[{"taxonomy":"product_brand","embeddable":true,"href":"https:\/\/championfmcgcorp.com\/fr\/wp-json\/wp\/v2\/product_brand?post=30772"},{"taxonomy":"product_cat","embeddable":true,"href":"https:\/\/championfmcgcorp.com\/fr\/wp-json\/wp\/v2\/product_cat?post=30772"},{"taxonomy":"product_tag","embeddable":true,"href":"https:\/\/championfmcgcorp.com\/fr\/wp-json\/wp\/v2\/product_tag?post=30772"}],"curies":[{"name":"wp","href":"https:\/\/api.w.org\/{rel}","templated":true}]}}