{"id":30769,"date":"2025-10-01T12:22:15","date_gmt":"2025-10-01T12:22:15","guid":{"rendered":"https:\/\/ecopackware.com\/?post_type=product&#038;p=30769"},"modified":"2025-10-03T14:11:00","modified_gmt":"2025-10-03T14:11:00","slug":"soucoupe-a-cafe-en-papier-kraft-legere-et-durable-base-renforcee-empilable-resistante-a-la-chaleur-anti-condensation-et-anti-deversement","status":"publish","type":"product","link":"https:\/\/championfmcgcorp.com\/fr\/produit\/soucoupe-a-cafe-en-papier-kraft-legere-et-durable-base-renforcee-empilable-resistante-a-la-chaleur-anti-condensation-et-anti-deversement\/","title":{"rendered":"Soucoupe \u00e0 caf\u00e9 en papier kraft l\u00e9g\u00e8re et durable, base renforc\u00e9e, empilable, r\u00e9sistante \u00e0 la chaleur, anti-condensation et anti-d\u00e9versement"},"content":{"rendered":"<h1><strong>Con\u00e7ue pour l&#039;excellence\u00a0: la soucoupe \u00e0 caf\u00e9 en papier kraft renforc\u00e9<\/strong><\/h1>\n<p class=\"ds-markdown-paragraph\">Relevez les d\u00e9fis du service de caf\u00e9 tr\u00e8s fr\u00e9quent\u00e9 gr\u00e2ce \u00e0 notre solution innovante\u00a0<strong>Soucoupe \u00e0 caf\u00e9 en papier kraft<\/strong>Nous avons r\u00e9invent\u00e9 le sous-verre \u00e0 caf\u00e9 traditionnel pour cr\u00e9er un produit non seulement \u00e9cologique, mais aussi exceptionnellement fonctionnel. Con\u00e7u avec\u00a0<strong>base renforc\u00e9e<\/strong>\u00a0et des fonctionnalit\u00e9s avanc\u00e9es telles que\u00a0<strong>anti-condensation<\/strong>\u00a0et\u00a0<strong>anti-d\u00e9versement<\/strong>\u00a0protection, cette soucoupe assure une exp\u00e9rience propre, professionnelle et durable pour chaque tasse que vous servez.<\/p>\n<h2><strong>Un design sup\u00e9rieur pour une exp\u00e9rience client sans faille<\/strong><\/h2>\n<p class=\"ds-markdown-paragraph\">Cette soucoupe est con\u00e7ue pour r\u00e9soudre les probl\u00e8mes les plus courants du caf\u00e9 \u00e0 emporter, prot\u00e9geant ainsi l&#039;image de votre marque \u00e0 chaque portion.<\/p>\n<ul>\n<li>\n<p class=\"ds-markdown-paragraph\"><strong>Conception anti-condensation et anti-d\u00e9versement :<\/strong>\u00a0La surface sp\u00e9cialement trait\u00e9e et le bord sur\u00e9lev\u00e9 retiennent efficacement l&#039;humidit\u00e9 et emp\u00eachent la condensation de couler sur les mains ou les tables des clients. Les surfaces restent ainsi s\u00e8ches et propres, am\u00e9liorant ainsi le confort des clients.<\/p>\n<\/li>\n<li>\n<p class=\"ds-markdown-paragraph\"><strong>Base r\u00e9sistante \u00e0 la chaleur et robuste :<\/strong>\u00a0Ne vous laissez pas tromper par sa l\u00e9g\u00e8ret\u00e9.\u00a0<strong>base renforc\u00e9e<\/strong>\u00a0offre une stabilit\u00e9 et une r\u00e9sistance \u00e0 la chaleur exceptionnelles, prot\u00e9geant les surfaces des tasses chaudes et \u00e9vitant tout risque de d\u00e9formation ou de d\u00e9formation de la soucoupe.<\/p>\n<\/li>\n<li>\n<p class=\"ds-markdown-paragraph\"><strong>Hautement empilable et peu encombrant :<\/strong>\u00a0Con\u00e7ues pour une efficacit\u00e9 optimale dans les environnements \u00e0 forte fr\u00e9quentation, nos soucoupes s&#039;embo\u00eetent et s&#039;empilent parfaitement. Elles permettent de gagner de l&#039;espace de comptoir et de rangement, ce qui les rend id\u00e9ales pour les caf\u00e9s \u00e0 forte affluence, les drive-in et les espaces caf\u00e9 des bureaux.<\/p>\n<\/li>\n<\/ul>\n<h2><strong>Aper\u00e7u des principales caract\u00e9ristiques et avantages commerciaux<\/strong><\/h2>\n<ul>\n<li>\n<p class=\"ds-markdown-paragraph\"><strong>L\u00e9ger mais durable :<\/strong>\u00a0Offre la manipulation ais\u00e9e du papier avec la r\u00e9sistance et la rigidit\u00e9 requises pour une utilisation quotidienne.<\/p>\n<\/li>\n<li>\n<p class=\"ds-markdown-paragraph\"><strong>Base renforc\u00e9e :<\/strong>\u00a0Assure une stabilit\u00e9 maximale et emp\u00eache l&#039;affaissement, m\u00eame avec des tailles de bonnet plus grandes.<\/p>\n<\/li>\n<li>\n<p class=\"ds-markdown-paragraph\"><strong>R\u00e9sistant \u00e0 la chaleur :<\/strong>\u00a0Accueille en toute s\u00e9curit\u00e9 les tasses de caf\u00e9 chaudes sans compromettre l&#039;int\u00e9grit\u00e9 de la soucoupe.<\/p>\n<\/li>\n<li>\n<p class=\"ds-markdown-paragraph\"><strong>Anti-condensation :<\/strong>\u00a0Une fonctionnalit\u00e9 conviviale qui \u00e9limine les traces d&#039;eau d\u00e9sagr\u00e9ables.<\/p>\n<\/li>\n<li>\n<p class=\"ds-markdown-paragraph\"><strong>Bord anti-d\u00e9versement :<\/strong>\u00a0Contient des d\u00e9versements et des gouttes mineurs, tout en conservant une pr\u00e9sentation soign\u00e9e.<\/p>\n<\/li>\n<li>\n<p class=\"ds-markdown-paragraph\"><strong>Mat\u00e9riau respectueux de l&#039;environnement :<\/strong>\u00a0Fabriqu\u00e9 \u00e0 partir de mat\u00e9riaux durables\u00a0<strong>papier kraft<\/strong>, s&#039;adressant aux consommateurs soucieux de l&#039;environnement.<\/p>\n<\/li>\n<li>\n<p class=\"ds-markdown-paragraph\"><strong>Opportunit\u00e9 de branding :<\/strong>\u00a0La surface plane est une toile parfaite pour votre logo ou votre image de marque personnalis\u00e9, transformant un article fonctionnel en un puissant outil marketing.<\/p>\n<\/li>\n<\/ul>\n<h2><strong>Id\u00e9al pour une large gamme d&#039;applications<\/strong><\/h2>\n<p class=\"ds-markdown-paragraph\">Notre\u00a0<strong>soucoupes \u00e0 caf\u00e9 empilables<\/strong>\u00a0sont parfaitement adapt\u00e9s \u00e0 toute entreprise servant des boissons chaudes :<\/p>\n<ul>\n<li>\n<p class=\"ds-markdown-paragraph\">Caf\u00e9s et caf\u00e9s sp\u00e9cialis\u00e9s<\/p>\n<\/li>\n<li>\n<p class=\"ds-markdown-paragraph\">Garde-manger de bureau et restauration d&#039;entreprise<\/p>\n<\/li>\n<li>\n<p class=\"ds-markdown-paragraph\">Service de chambre et halls d&#039;h\u00f4tel<\/p>\n<\/li>\n<li>\n<p class=\"ds-markdown-paragraph\">Restaurants rapides et d\u00e9contract\u00e9s avec bars \u00e0 caf\u00e9<\/p>\n<\/li>\n<li>\n<p class=\"ds-markdown-paragraph\">Traiteurs pour \u00e9v\u00e9nements et mariages<\/p>\n<\/li>\n<\/ul>\n<h2><strong>Am\u00e9liorez votre service de boissons d\u00e8s aujourd&#039;hui<\/strong><\/h2>\n<p class=\"ds-markdown-paragraph\">Remplacez vos sous-verres fragiles et inefficaces par une soucoupe qui travaille aussi dur que vous.\u00a0<strong>soucoupes \u00e0 caf\u00e9 r\u00e9sistantes \u00e0 la chaleur<\/strong>\u00a0propose une solution rentable, professionnelle et durable pour vos besoins en mati\u00e8re de service de boissons.<\/p>\n<p class=\"ds-markdown-paragraph\"><strong>Appel \u00e0 l&#039;action :<\/strong><br \/>\n<strong>Int\u00e9ress\u00e9 par un \u00e9chantillon en gros ou un prix ?<\/strong>\u00a0Contactez-nous d\u00e8s aujourd&#039;hui pour demander un devis et d\u00e9couvrir comment nos soucoupes \u00e0 caf\u00e9 en papier kraft renforc\u00e9 peuvent profiter \u00e0 votre entreprise.<\/p>\n<p><img fetchpriority=\"high\" decoding=\"async\" class=\"alignnone size-full wp-image-30525\" src=\"https:\/\/championfmcgcorp.com\/wp-content\/uploads\/2025\/09\/Carry-the-cup-holder005.avif\" alt=\"\" width=\"800\" height=\"710\" srcset=\"https:\/\/championfmcgcorp.com\/wp-content\/uploads\/2025\/09\/Carry-the-cup-holder005.avif 987w, https:\/\/championfmcgcorp.com\/wp-content\/uploads\/2025\/09\/Carry-the-cup-holder005-338x300.avif 338w, https:\/\/championfmcgcorp.com\/wp-content\/uploads\/2025\/09\/Carry-the-cup-holder005-900x800.avif 900w, https:\/\/championfmcgcorp.com\/wp-content\/uploads\/2025\/09\/Carry-the-cup-holder005-768x682.avif 768w, https:\/\/championfmcgcorp.com\/wp-content\/uploads\/2025\/09\/Carry-the-cup-holder005-14x12.avif 14w, https:\/\/championfmcgcorp.com\/wp-content\/uploads\/2025\/09\/Carry-the-cup-holder005-600x533.avif 600w, https:\/\/championfmcgcorp.com\/wp-content\/uploads\/2025\/09\/Carry-the-cup-holder005-150x133.avif 150w\" sizes=\"(max-width: 800px) 100vw, 800px\" \/><\/p>\n<p><img decoding=\"async\" class=\"alignnone size-full wp-image-30522\" src=\"https:\/\/championfmcgcorp.com\/wp-content\/uploads\/2025\/09\/Carry-the-cup-holder002.avif\" alt=\"\" width=\"800\" height=\"749\" srcset=\"https:\/\/championfmcgcorp.com\/wp-content\/uploads\/2025\/09\/Carry-the-cup-holder002.avif 945w, https:\/\/championfmcgcorp.com\/wp-content\/uploads\/2025\/09\/Carry-the-cup-holder002-320x300.avif 320w, https:\/\/championfmcgcorp.com\/wp-content\/uploads\/2025\/09\/Carry-the-cup-holder002-854x800.avif 854w, https:\/\/championfmcgcorp.com\/wp-content\/uploads\/2025\/09\/Carry-the-cup-holder002-768x719.avif 768w, https:\/\/championfmcgcorp.com\/wp-content\/uploads\/2025\/09\/Carry-the-cup-holder002-13x12.avif 13w, https:\/\/championfmcgcorp.com\/wp-content\/uploads\/2025\/09\/Carry-the-cup-holder002-600x562.avif 600w, https:\/\/championfmcgcorp.com\/wp-content\/uploads\/2025\/09\/Carry-the-cup-holder002-150x140.avif 150w\" sizes=\"(max-width: 800px) 100vw, 800px\" \/><\/p>","protected":false},"excerpt":{"rendered":"<p>Notre soucoupe \u00e0 caf\u00e9 en papier kraft, l\u00e9g\u00e8re et durable, est dot\u00e9e d&#039;une base renforc\u00e9e. Empilable, r\u00e9sistante \u00e0 la chaleur et anti-condensation, elle est id\u00e9ale pour les caf\u00e9s et les bureaux. Demandez un devis de gros\u00a0!<\/p>","protected":false},"featured_media":30519,"comment_status":"open","ping_status":"closed","template":"","meta":[],"product_brand":[],"product_cat":[122,129,138,139,151],"product_tag":[],"class_list":{"0":"post-30769","1":"product","2":"type-product","3":"status-publish","4":"has-post-thumbnail","6":"product_cat-by-market","7":"product_cat-coffee-shop","8":"product_cat-cup-holders-carriers","9":"product_cat-cup-lids-sleeves","10":"product_cat-paper-coffee-cups","12":"first","13":"instock","14":"shipping-taxable","15":"product-type-simple"},"_links":{"self":[{"href":"https:\/\/championfmcgcorp.com\/fr\/wp-json\/wp\/v2\/product\/30769","targetHints":{"allow":["GET"]}}],"collection":[{"href":"https:\/\/championfmcgcorp.com\/fr\/wp-json\/wp\/v2\/product"}],"about":[{"href":"https:\/\/championfmcgcorp.com\/fr\/wp-json\/wp\/v2\/types\/product"}],"replies":[{"embeddable":true,"href":"https:\/\/championfmcgcorp.com\/fr\/wp-json\/wp\/v2\/comments?post=30769"}],"version-history":[{"count":9,"href":"https:\/\/championfmcgcorp.com\/fr\/wp-json\/wp\/v2\/product\/30769\/revisions"}],"predecessor-version":[{"id":31525,"href":"https:\/\/championfmcgcorp.com\/fr\/wp-json\/wp\/v2\/product\/30769\/revisions\/31525"}],"wp:featuredmedia":[{"embeddable":true,"href":"https:\/\/championfmcgcorp.com\/fr\/wp-json\/wp\/v2\/media\/30519"}],"wp:attachment":[{"href":"https:\/\/championfmcgcorp.com\/fr\/wp-json\/wp\/v2\/media?parent=30769"}],"wp:term":[{"taxonomy":"product_brand","embeddable":true,"href":"https:\/\/championfmcgcorp.com\/fr\/wp-json\/wp\/v2\/product_brand?post=30769"},{"taxonomy":"product_cat","embeddable":true,"href":"https:\/\/championfmcgcorp.com\/fr\/wp-json\/wp\/v2\/product_cat?post=30769"},{"taxonomy":"product_tag","embeddable":true,"href":"https:\/\/championfmcgcorp.com\/fr\/wp-json\/wp\/v2\/product_tag?post=30769"}],"curies":[{"name":"wp","href":"https:\/\/api.w.org\/{rel}","templated":true}]}}