{"id":30764,"date":"2025-10-02T11:52:35","date_gmt":"2025-10-02T11:52:35","guid":{"rendered":"https:\/\/ecopackware.com\/?post_type=product&#038;p=30764"},"modified":"2025-10-03T13:40:59","modified_gmt":"2025-10-03T13:40:59","slug":"boite-a-lunch-kraft-ecologique-personnalisee-a-emporter-boite-demballage-pour-salade-sandwich-gateau","status":"publish","type":"product","link":"https:\/\/championfmcgcorp.com\/fr\/produit\/boite-a-lunch-kraft-ecologique-personnalisee-a-emporter-boite-demballage-pour-salade-sandwich-gateau\/","title":{"rendered":"Bo\u00eete \u00e0 lunch \u00e9cologique en papier kraft de qualit\u00e9 alimentaire, emballage personnalis\u00e9 pour emporter, pour salade, sandwich, g\u00e2teau"},"content":{"rendered":"<h2 class=\"ds-markdown-paragraph\"><strong>Nom du produit:<\/strong>\u00a0Contenants \u00e9cologiques personnalis\u00e9s pour plats \u00e0 emporter | Bo\u00eetes \u00e0 lunch en papier kraft de qualit\u00e9 alimentaire pour salades, sandwichs et g\u00e2teaux<\/h2>\n<hr \/>\n<h3 class=\"ds-markdown-paragraph\"><strong>Description du produit<\/strong><\/h3>\n<p class=\"ds-markdown-paragraph\">Am\u00e9liorez votre entreprise alimentaire avec notre\u00a0<strong>Conteneurs \u00e0 emporter \u00e9cologiques et personnalis\u00e9s<\/strong>\u00a0\u2013 la solution d&#039;emballage durable par excellence pour la restauration moderne. Ces emballages polyvalents\u00a0<strong>bo\u00eetes \u00e0 lunch de qualit\u00e9 alimentaire<\/strong>\u00a0Fabriqu\u00e9s en papier kraft biod\u00e9gradable de haute qualit\u00e9, ils offrent un emballage s\u00fbr et \u00e9cologique pour salades, sandwichs, g\u00e2teaux et autres plats \u00e0 emporter. Con\u00e7us pour allier fonctionnalit\u00e9 et promotion de marque, ces contenants offrent une excellente durabilit\u00e9 tout en r\u00e9duisant votre empreinte \u00e9cologique. Parfaits pour les restaurants, caf\u00e9s, boulangeries et services de livraison de repas qui souhaitent allier praticit\u00e9 et durabilit\u00e9.<\/p>\n<hr \/>\n<h3 class=\"ds-markdown-paragraph\"><strong>Principales caract\u00e9ristiques et avantages<\/strong><\/h3>\n<ul>\n<li>\n<p class=\"ds-markdown-paragraph\"><strong>Mat\u00e9riaux respectueux de l&#039;environnement<\/strong>:Fabriqu\u00e9 \u00e0 partir de papier kraft biod\u00e9gradable et compostable 100%, soutenant vos objectifs de durabilit\u00e9<\/p>\n<\/li>\n<li>\n<p class=\"ds-markdown-paragraph\"><strong>Polyvalence multi-alimentaire<\/strong>:Parfait pour divers aliments, notamment des salades, des sandwichs, des g\u00e2teaux, des p\u00e2tisseries et des plats chauds<\/p>\n<\/li>\n<li>\n<p class=\"ds-markdown-paragraph\"><strong>Certifi\u00e9 en mati\u00e8re de s\u00e9curit\u00e9 alimentaire<\/strong>:Fabriqu\u00e9 avec des mat\u00e9riaux de qualit\u00e9 alimentaire qui r\u00e9pondent aux normes de s\u00e9curit\u00e9 internationales<\/p>\n<\/li>\n<li>\n<p class=\"ds-markdown-paragraph\"><strong>Options de personnalisation de marque<\/strong>: Surface d&#039;impression haut de gamme pour votre logo, vos couleurs et le message de votre marque<\/p>\n<\/li>\n<li>\n<p class=\"ds-markdown-paragraph\"><strong>Conception r\u00e9sistante aux fuites<\/strong>:Un rev\u00eatement sp\u00e9cial emp\u00eache l&#039;humidit\u00e9 et la graisse de s&#039;infiltrer<\/p>\n<\/li>\n<li>\n<p class=\"ds-markdown-paragraph\"><strong>Syst\u00e8me de fermeture s\u00e9curis\u00e9<\/strong>:Un m\u00e9canisme de verrouillage fiable assure un transport s\u00fbr des aliments<\/p>\n<\/li>\n<li>\n<p class=\"ds-markdown-paragraph\"><strong>Compatible micro-ondes et cong\u00e9lateur<\/strong>:Pratique \u00e0 la fois pour le chauffage et le stockage<\/p>\n<\/li>\n<li>\n<p class=\"ds-markdown-paragraph\"><strong>Conception empilable<\/strong>:Forme embo\u00eetable peu encombrante pour un rangement et une manipulation faciles<\/p>\n<\/li>\n<\/ul>\n<hr \/>\n<h3 class=\"ds-markdown-paragraph\"><strong>Sp\u00e9cifications techniques<\/strong><\/h3>\n<ul>\n<li>\n<p class=\"ds-markdown-paragraph\"><strong>Mat\u00e9riel<\/strong>: Papier kraft de qualit\u00e9 alimentaire avec rev\u00eatement PLA\/PE<\/p>\n<\/li>\n<li>\n<p class=\"ds-markdown-paragraph\"><strong>Tailles disponibles<\/strong>:Capacit\u00e9s 1#, 2#, 3#, 5#, 8#<\/p>\n<\/li>\n<li>\n<p class=\"ds-markdown-paragraph\"><strong>Options de forme<\/strong>:Configurations rectangulaires, rondes et carr\u00e9es<\/p>\n<\/li>\n<li>\n<p class=\"ds-markdown-paragraph\"><strong>Caract\u00e9ristiques sp\u00e9ciales<\/strong>:\u00c9tanche, r\u00e9sistant \u00e0 la graisse, passe au micro-ondes<\/p>\n<\/li>\n<li>\n<p class=\"ds-markdown-paragraph\"><strong>Certifications<\/strong>: Conforme \u00e0 la FDA, compostable DIN<\/p>\n<\/li>\n<li>\n<p class=\"ds-markdown-paragraph\"><strong>Personnalisation<\/strong>: Impression en couleur, options de gaufrage<\/p>\n<\/li>\n<\/ul>\n<hr \/>\n<h3 class=\"ds-markdown-paragraph\"><strong>Appel \u00e0 l&#039;action<\/strong><\/h3>\n<p class=\"ds-markdown-paragraph\">Adoptez une approche \u00e9cologique pour vos emballages\u00a0! Contactez-nous d\u00e8s aujourd&#039;hui pour des \u00e9chantillons personnalis\u00e9s, des tarifs comp\u00e9titifs et des solutions de branding. Laissez-nous vous aider \u00e0 cr\u00e9er l&#039;emballage durable id\u00e9al pour votre entreprise agroalimentaire.<\/p>\n<p>&nbsp;<\/p>\n<p><img fetchpriority=\"high\" decoding=\"async\" class=\"alignnone size-full wp-image-30660\" src=\"https:\/\/championfmcgcorp.com\/wp-content\/uploads\/2025\/09\/takeout_box012.avif\" alt=\"\" width=\"800\" height=\"800\" srcset=\"https:\/\/championfmcgcorp.com\/wp-content\/uploads\/2025\/09\/takeout_box012.avif 800w, https:\/\/championfmcgcorp.com\/wp-content\/uploads\/2025\/09\/takeout_box012-300x300.avif 300w, https:\/\/championfmcgcorp.com\/wp-content\/uploads\/2025\/09\/takeout_box012-150x150.avif 150w, https:\/\/championfmcgcorp.com\/wp-content\/uploads\/2025\/09\/takeout_box012-768x768.avif 768w, https:\/\/championfmcgcorp.com\/wp-content\/uploads\/2025\/09\/takeout_box012-12x12.avif 12w, https:\/\/championfmcgcorp.com\/wp-content\/uploads\/2025\/09\/takeout_box012-600x600.avif 600w\" sizes=\"(max-width: 800px) 100vw, 800px\" \/><\/p>\n<p><img decoding=\"async\" class=\"alignnone size-full wp-image-30661\" src=\"https:\/\/championfmcgcorp.com\/wp-content\/uploads\/2025\/09\/takeout_box013.png\" alt=\"\" width=\"800\" height=\"800\" srcset=\"https:\/\/championfmcgcorp.com\/wp-content\/uploads\/2025\/09\/takeout_box013.png 800w, https:\/\/championfmcgcorp.com\/wp-content\/uploads\/2025\/09\/takeout_box013-300x300.png 300w, https:\/\/championfmcgcorp.com\/wp-content\/uploads\/2025\/09\/takeout_box013-150x150.png 150w, https:\/\/championfmcgcorp.com\/wp-content\/uploads\/2025\/09\/takeout_box013-768x768.png 768w, https:\/\/championfmcgcorp.com\/wp-content\/uploads\/2025\/09\/takeout_box013-12x12.png 12w, https:\/\/championfmcgcorp.com\/wp-content\/uploads\/2025\/09\/takeout_box013-600x600.png 600w\" sizes=\"(max-width: 800px) 100vw, 800px\" \/><\/p>\n<p><img decoding=\"async\" class=\"alignnone size-full wp-image-30662\" src=\"https:\/\/championfmcgcorp.com\/wp-content\/uploads\/2025\/09\/takeout_box014.avif\" alt=\"\" width=\"800\" height=\"429\" srcset=\"https:\/\/championfmcgcorp.com\/wp-content\/uploads\/2025\/09\/takeout_box014.avif 1181w, https:\/\/championfmcgcorp.com\/wp-content\/uploads\/2025\/09\/takeout_box014-400x215.avif 400w, https:\/\/championfmcgcorp.com\/wp-content\/uploads\/2025\/09\/takeout_box014-768x412.avif 768w, https:\/\/championfmcgcorp.com\/wp-content\/uploads\/2025\/09\/takeout_box014-18x10.avif 18w, https:\/\/championfmcgcorp.com\/wp-content\/uploads\/2025\/09\/takeout_box014-600x322.avif 600w, https:\/\/championfmcgcorp.com\/wp-content\/uploads\/2025\/09\/takeout_box014-150x81.avif 150w\" sizes=\"(max-width: 800px) 100vw, 800px\" \/><\/p>\n<p><img loading=\"lazy\" decoding=\"async\" class=\"alignnone size-full wp-image-30670\" src=\"https:\/\/championfmcgcorp.com\/wp-content\/uploads\/2025\/09\/takeout_box008.avif\" alt=\"\" width=\"800\" height=\"800\" srcset=\"https:\/\/championfmcgcorp.com\/wp-content\/uploads\/2025\/09\/takeout_box008.avif 720w, https:\/\/championfmcgcorp.com\/wp-content\/uploads\/2025\/09\/takeout_box008-300x300.avif 300w, https:\/\/championfmcgcorp.com\/wp-content\/uploads\/2025\/09\/takeout_box008-150x150.avif 150w, https:\/\/championfmcgcorp.com\/wp-content\/uploads\/2025\/09\/takeout_box008-12x12.avif 12w, https:\/\/championfmcgcorp.com\/wp-content\/uploads\/2025\/09\/takeout_box008-600x600.avif 600w\" sizes=\"(max-width: 800px) 100vw, 800px\" \/><\/p>\n<p>&nbsp;<\/p>\n<p><img loading=\"lazy\" decoding=\"async\" class=\"alignnone size-full wp-image-30664\" src=\"https:\/\/championfmcgcorp.com\/wp-content\/uploads\/2025\/09\/takeout_box002.avif\" alt=\"\" width=\"800\" height=\"800\" srcset=\"https:\/\/championfmcgcorp.com\/wp-content\/uploads\/2025\/09\/takeout_box002.avif 720w, https:\/\/championfmcgcorp.com\/wp-content\/uploads\/2025\/09\/takeout_box002-300x300.avif 300w, https:\/\/championfmcgcorp.com\/wp-content\/uploads\/2025\/09\/takeout_box002-150x150.avif 150w, https:\/\/championfmcgcorp.com\/wp-content\/uploads\/2025\/09\/takeout_box002-12x12.avif 12w, https:\/\/championfmcgcorp.com\/wp-content\/uploads\/2025\/09\/takeout_box002-600x600.avif 600w\" sizes=\"(max-width: 800px) 100vw, 800px\" \/><\/p>\n<p>&nbsp;<\/p>","protected":false},"excerpt":{"rendered":"<p>Bo\u00eetes \u00e0 emporter \u00e9cologiques et personnalis\u00e9es \u2013 Bo\u00eetes \u00e0 lunch en papier kraft alimentaire pour salades, sandwichs et g\u00e2teaux. Biod\u00e9gradables, \u00e9tanches et compatibles micro-ondes. Impression personnalis\u00e9e possible. Demandez des \u00e9chantillons d\u00e8s aujourd&#039;hui\u00a0!<\/p>","protected":false},"featured_media":30665,"comment_status":"open","ping_status":"closed","template":"","meta":[],"product_brand":[],"product_cat":[130,136,143,146],"product_tag":[],"class_list":{"0":"post-30764","1":"product","2":"type-product","3":"status-publish","4":"has-post-thumbnail","6":"product_cat-fast-food-restaurant","7":"product_cat-biodegradable-lunch-box","8":"product_cat-disposable-food-containers","9":"product_cat-paper-snack-boxes","11":"first","12":"instock","13":"shipping-taxable","14":"product-type-simple"},"_links":{"self":[{"href":"https:\/\/championfmcgcorp.com\/fr\/wp-json\/wp\/v2\/product\/30764","targetHints":{"allow":["GET"]}}],"collection":[{"href":"https:\/\/championfmcgcorp.com\/fr\/wp-json\/wp\/v2\/product"}],"about":[{"href":"https:\/\/championfmcgcorp.com\/fr\/wp-json\/wp\/v2\/types\/product"}],"replies":[{"embeddable":true,"href":"https:\/\/championfmcgcorp.com\/fr\/wp-json\/wp\/v2\/comments?post=30764"}],"version-history":[{"count":3,"href":"https:\/\/championfmcgcorp.com\/fr\/wp-json\/wp\/v2\/product\/30764\/revisions"}],"predecessor-version":[{"id":31337,"href":"https:\/\/championfmcgcorp.com\/fr\/wp-json\/wp\/v2\/product\/30764\/revisions\/31337"}],"wp:featuredmedia":[{"embeddable":true,"href":"https:\/\/championfmcgcorp.com\/fr\/wp-json\/wp\/v2\/media\/30665"}],"wp:attachment":[{"href":"https:\/\/championfmcgcorp.com\/fr\/wp-json\/wp\/v2\/media?parent=30764"}],"wp:term":[{"taxonomy":"product_brand","embeddable":true,"href":"https:\/\/championfmcgcorp.com\/fr\/wp-json\/wp\/v2\/product_brand?post=30764"},{"taxonomy":"product_cat","embeddable":true,"href":"https:\/\/championfmcgcorp.com\/fr\/wp-json\/wp\/v2\/product_cat?post=30764"},{"taxonomy":"product_tag","embeddable":true,"href":"https:\/\/championfmcgcorp.com\/fr\/wp-json\/wp\/v2\/product_tag?post=30764"}],"curies":[{"name":"wp","href":"https:\/\/api.w.org\/{rel}","templated":true}]}}