{"id":30757,"date":"2025-10-03T11:21:22","date_gmt":"2025-10-03T11:21:22","guid":{"rendered":"https:\/\/ecopackware.com\/?post_type=product&#038;p=30757"},"modified":"2025-10-03T11:21:22","modified_gmt":"2025-10-03T11:21:22","slug":"boite-a-sandwich-en-papier-kraft-triangulaire-personnalisee-faite-a-la-main-emballage-ecologique-a-emporter-contenants-a-sandwich-imprimes","status":"publish","type":"product","link":"https:\/\/championfmcgcorp.com\/fr\/produit\/boite-a-sandwich-en-papier-kraft-triangulaire-personnalisee-faite-a-la-main-emballage-ecologique-a-emporter-contenants-a-sandwich-imprimes\/","title":{"rendered":"Bo\u00eete \u00e0 sandwich triangulaire en papier kraft personnalis\u00e9e et faite main | Emballage \u00e9cologique pour plats \u00e0 emporter | Bo\u00eetes \u00e0 sandwich imprim\u00e9es"},"content":{"rendered":"<h2 class=\"ds-markdown-paragraph\"><strong>Nom du produit:<\/strong>\u00a0Bo\u00eete \u00e0 sandwich triangulaire en papier kraft personnalis\u00e9e et faite main | Emballage \u00e9cologique pour plats \u00e0 emporter | Bo\u00eetes \u00e0 sandwich imprim\u00e9es<\/h2>\n<hr \/>\n<h3 class=\"ds-markdown-paragraph\"><strong>Description du produit<\/strong><\/h3>\n<p class=\"ds-markdown-paragraph\">Rehaussez la pr\u00e9sentation de votre sandwich avec notre syst\u00e8me innovant\u00a0<strong>Bo\u00eetes \u00e0 sandwich triangulaires en papier kraft faites \u00e0 la main<\/strong>\u00a0\u2013 la fusion parfaite d&#039;un emballage durable et d&#039;un design attrayant. Ces bo\u00eetes triangulaires uniques sont soigneusement con\u00e7ues pour mettre en valeur vos sandwichs tout en offrant une protection optimale pendant le transport. Fabriqu\u00e9es en papier kraft alimentaire de qualit\u00e9 sup\u00e9rieure, ces bo\u00eetes \u00e9cologiques\u00a0<strong>conteneurs \u00e0 emporter<\/strong>\u00a0Ils offrent une excellente durabilit\u00e9 et des possibilit\u00e9s de personnalisation. Leur forme triangulaire distinctive am\u00e9liore non seulement l&#039;attrait visuel, mais offre \u00e9galement une protection s\u00e9curis\u00e9e, ce qui les rend id\u00e9aux pour les caf\u00e9s, traiteurs, food trucks et services de restauration qui cherchent \u00e0 se d\u00e9marquer sur un march\u00e9 alimentaire concurrentiel.<\/p>\n<hr \/>\n<h3 class=\"ds-markdown-paragraph\"><strong>Principales caract\u00e9ristiques et avantages<\/strong><\/h3>\n<ul>\n<li>\n<p class=\"ds-markdown-paragraph\"><strong>Conception triangulaire unique<\/strong>:La forme artisanale offre une pr\u00e9sentation sup\u00e9rieure et une efficacit\u00e9 de l&#039;espace<\/p>\n<\/li>\n<li>\n<p class=\"ds-markdown-paragraph\"><strong>Mat\u00e9riaux \u00e9cologiques<\/strong>:Fabriqu\u00e9 \u00e0 partir de papier kraft de qualit\u00e9 alimentaire biod\u00e9gradable et compostable 100%<\/p>\n<\/li>\n<li>\n<p class=\"ds-markdown-paragraph\"><strong>Options d&#039;impression personnalis\u00e9es<\/strong>:Excellente surface pour la cr\u00e9ation de marques, de logos et de designs cr\u00e9atifs en couleur<\/p>\n<\/li>\n<li>\n<p class=\"ds-markdown-paragraph\"><strong>Syst\u00e8me de fermeture s\u00e9curis\u00e9<\/strong>:Le m\u00e9canisme de verrouillage innovant garantit que le contenu reste frais et prot\u00e9g\u00e9<\/p>\n<\/li>\n<li>\n<p class=\"ds-markdown-paragraph\"><strong>Int\u00e9rieur r\u00e9sistant \u00e0 la graisse<\/strong>:Le rev\u00eatement sp\u00e9cial emp\u00eache l&#039;absorption d&#039;huile et maintient l&#039;int\u00e9grit\u00e9 de la bo\u00eete<\/p>\n<\/li>\n<li>\n<p class=\"ds-markdown-paragraph\"><strong>Portabilit\u00e9 am\u00e9lior\u00e9e<\/strong>:Conception ergonomique avec une manipulation confortable pour un transport facile<\/p>\n<\/li>\n<li>\n<p class=\"ds-markdown-paragraph\"><strong>Attrait durable<\/strong>: D\u00e9montre votre engagement envers la responsabilit\u00e9 environnementale<\/p>\n<\/li>\n<li>\n<p class=\"ds-markdown-paragraph\"><strong>Application polyvalente<\/strong>:Convient \u00e0 divers types de sandwichs, wraps et repas l\u00e9gers<\/p>\n<\/li>\n<\/ul>\n<hr \/>\n<h3 class=\"ds-markdown-paragraph\"><strong>Sp\u00e9cifications techniques<\/strong><\/h3>\n<ul>\n<li>\n<p class=\"ds-markdown-paragraph\"><strong>Mat\u00e9riel<\/strong>: Papier kraft de qualit\u00e9 alimentaire avec rev\u00eatement PLA<\/p>\n<\/li>\n<li>\n<p class=\"ds-markdown-paragraph\"><strong>Dimensions<\/strong>: 6x6x4 pouces (taille standard, tailles personnalis\u00e9es disponibles)<\/p>\n<\/li>\n<li>\n<p class=\"ds-markdown-paragraph\"><strong>Capacit\u00e9<\/strong>:Convient aux sandwichs de taille standard jusqu&#039;\u00e0 4 pouces d&#039;\u00e9paisseur<\/p>\n<\/li>\n<li>\n<p class=\"ds-markdown-paragraph\"><strong>M\u00e9thodes d&#039;impression<\/strong>: Impression num\u00e9rique, impression flexographique, marquage \u00e0 chaud<\/p>\n<\/li>\n<li>\n<p class=\"ds-markdown-paragraph\"><strong>Caract\u00e9ristiques sp\u00e9ciales<\/strong>: R\u00e9sistant aux fuites, passe au micro-ondes (dur\u00e9e limit\u00e9e)<\/p>\n<\/li>\n<li>\n<p class=\"ds-markdown-paragraph\"><strong>Certifications<\/strong>: Conforme \u00e0 la FDA, compostable, certifi\u00e9 FSC<\/p>\n<\/li>\n<\/ul>\n<hr \/>\n<h3 class=\"ds-markdown-paragraph\"><strong>Appel \u00e0 l&#039;action<\/strong><\/h3>\n<p class=\"ds-markdown-paragraph\">D\u00e9marquez-vous avec notre emballage sandwich triangulaire unique\u00a0! Contactez-nous d\u00e8s aujourd&#039;hui pour des \u00e9chantillons personnalis\u00e9s, des devis et des conseils en design. Cr\u00e9ons un emballage m\u00e9morable qui refl\u00e8te la qualit\u00e9 et les valeurs de votre marque.<\/p>\n<p><img fetchpriority=\"high\" decoding=\"async\" class=\"alignnone size-full wp-image-30609\" src=\"https:\/\/championfmcgcorp.com\/wp-content\/uploads\/2025\/09\/Sandwich_box014.avif\" alt=\"\" width=\"800\" height=\"800\" srcset=\"https:\/\/championfmcgcorp.com\/wp-content\/uploads\/2025\/09\/Sandwich_box014.avif 1001w, https:\/\/championfmcgcorp.com\/wp-content\/uploads\/2025\/09\/Sandwich_box014-300x300.avif 300w, https:\/\/championfmcgcorp.com\/wp-content\/uploads\/2025\/09\/Sandwich_box014-800x800.avif 800w, https:\/\/championfmcgcorp.com\/wp-content\/uploads\/2025\/09\/Sandwich_box014-150x150.avif 150w, https:\/\/championfmcgcorp.com\/wp-content\/uploads\/2025\/09\/Sandwich_box014-768x768.avif 768w, https:\/\/championfmcgcorp.com\/wp-content\/uploads\/2025\/09\/Sandwich_box014-12x12.avif 12w, https:\/\/championfmcgcorp.com\/wp-content\/uploads\/2025\/09\/Sandwich_box014-600x600.avif 600w\" sizes=\"(max-width: 800px) 100vw, 800px\" \/><\/p>\n<p><img decoding=\"async\" class=\"alignnone size-full wp-image-30608\" src=\"https:\/\/championfmcgcorp.com\/wp-content\/uploads\/2025\/09\/Sandwich_box013.avif\" alt=\"\" width=\"800\" height=\"800\" srcset=\"https:\/\/championfmcgcorp.com\/wp-content\/uploads\/2025\/09\/Sandwich_box013.avif 1001w, https:\/\/championfmcgcorp.com\/wp-content\/uploads\/2025\/09\/Sandwich_box013-300x300.avif 300w, https:\/\/championfmcgcorp.com\/wp-content\/uploads\/2025\/09\/Sandwich_box013-800x800.avif 800w, https:\/\/championfmcgcorp.com\/wp-content\/uploads\/2025\/09\/Sandwich_box013-150x150.avif 150w, https:\/\/championfmcgcorp.com\/wp-content\/uploads\/2025\/09\/Sandwich_box013-768x768.avif 768w, https:\/\/championfmcgcorp.com\/wp-content\/uploads\/2025\/09\/Sandwich_box013-12x12.avif 12w, https:\/\/championfmcgcorp.com\/wp-content\/uploads\/2025\/09\/Sandwich_box013-600x600.avif 600w\" sizes=\"(max-width: 800px) 100vw, 800px\" \/><\/p>\n<p><img decoding=\"async\" class=\"alignnone size-full wp-image-30607\" src=\"https:\/\/championfmcgcorp.com\/wp-content\/uploads\/2025\/09\/Sandwich_box012.avif\" alt=\"\" width=\"800\" height=\"965\" srcset=\"https:\/\/championfmcgcorp.com\/wp-content\/uploads\/2025\/09\/Sandwich_box012.avif 1001w, https:\/\/championfmcgcorp.com\/wp-content\/uploads\/2025\/09\/Sandwich_box012-249x300.avif 249w, https:\/\/championfmcgcorp.com\/wp-content\/uploads\/2025\/09\/Sandwich_box012-663x800.avif 663w, https:\/\/championfmcgcorp.com\/wp-content\/uploads\/2025\/09\/Sandwich_box012-768x927.avif 768w, https:\/\/championfmcgcorp.com\/wp-content\/uploads\/2025\/09\/Sandwich_box012-10x12.avif 10w, https:\/\/championfmcgcorp.com\/wp-content\/uploads\/2025\/09\/Sandwich_box012-600x724.avif 600w, https:\/\/championfmcgcorp.com\/wp-content\/uploads\/2025\/09\/Sandwich_box012-150x181.avif 150w\" sizes=\"(max-width: 800px) 100vw, 800px\" \/><\/p>\n<p><img loading=\"lazy\" decoding=\"async\" class=\"alignnone size-full wp-image-30606\" src=\"https:\/\/championfmcgcorp.com\/wp-content\/uploads\/2025\/09\/Sandwich_box011.avif\" alt=\"\" width=\"800\" height=\"800\" srcset=\"https:\/\/championfmcgcorp.com\/wp-content\/uploads\/2025\/09\/Sandwich_box011.avif 1139w, https:\/\/championfmcgcorp.com\/wp-content\/uploads\/2025\/09\/Sandwich_box011-300x300.avif 300w, https:\/\/championfmcgcorp.com\/wp-content\/uploads\/2025\/09\/Sandwich_box011-800x800.avif 800w, https:\/\/championfmcgcorp.com\/wp-content\/uploads\/2025\/09\/Sandwich_box011-150x150.avif 150w, https:\/\/championfmcgcorp.com\/wp-content\/uploads\/2025\/09\/Sandwich_box011-768x768.avif 768w, https:\/\/championfmcgcorp.com\/wp-content\/uploads\/2025\/09\/Sandwich_box011-12x12.avif 12w, https:\/\/championfmcgcorp.com\/wp-content\/uploads\/2025\/09\/Sandwich_box011-600x600.avif 600w\" sizes=\"(max-width: 800px) 100vw, 800px\" \/><\/p>","protected":false},"excerpt":{"rendered":"<p>Bo\u00eetes \u00e0 sandwich triangulaires en papier kraft personnalis\u00e9es et faites main \u2013 Contenants \u00e9cologiques pour emporter au design triangulaire unique. Biod\u00e9gradables, impression personnalisable. Id\u00e9ales pour les sandwichs et les repas l\u00e9gers. Demandez des \u00e9chantillons et des devis d\u00e8s aujourd&#039;hui\u00a0!<\/p>","protected":false},"featured_media":30608,"comment_status":"open","ping_status":"closed","template":"","meta":[],"product_brand":[],"product_cat":[131,126,143,150],"product_tag":[],"class_list":{"0":"post-30757","1":"product","2":"type-product","3":"status-publish","4":"has-post-thumbnail","6":"product_cat-sushi-shop","7":"product_cat-bakery-shop","8":"product_cat-disposable-food-containers","9":"product_cat-sandwich-boxes","11":"first","12":"instock","13":"shipping-taxable","14":"product-type-simple"},"_links":{"self":[{"href":"https:\/\/championfmcgcorp.com\/fr\/wp-json\/wp\/v2\/product\/30757","targetHints":{"allow":["GET"]}}],"collection":[{"href":"https:\/\/championfmcgcorp.com\/fr\/wp-json\/wp\/v2\/product"}],"about":[{"href":"https:\/\/championfmcgcorp.com\/fr\/wp-json\/wp\/v2\/types\/product"}],"replies":[{"embeddable":true,"href":"https:\/\/championfmcgcorp.com\/fr\/wp-json\/wp\/v2\/comments?post=30757"}],"version-history":[{"count":4,"href":"https:\/\/championfmcgcorp.com\/fr\/wp-json\/wp\/v2\/product\/30757\/revisions"}],"predecessor-version":[{"id":31520,"href":"https:\/\/championfmcgcorp.com\/fr\/wp-json\/wp\/v2\/product\/30757\/revisions\/31520"}],"wp:featuredmedia":[{"embeddable":true,"href":"https:\/\/championfmcgcorp.com\/fr\/wp-json\/wp\/v2\/media\/30608"}],"wp:attachment":[{"href":"https:\/\/championfmcgcorp.com\/fr\/wp-json\/wp\/v2\/media?parent=30757"}],"wp:term":[{"taxonomy":"product_brand","embeddable":true,"href":"https:\/\/championfmcgcorp.com\/fr\/wp-json\/wp\/v2\/product_brand?post=30757"},{"taxonomy":"product_cat","embeddable":true,"href":"https:\/\/championfmcgcorp.com\/fr\/wp-json\/wp\/v2\/product_cat?post=30757"},{"taxonomy":"product_tag","embeddable":true,"href":"https:\/\/championfmcgcorp.com\/fr\/wp-json\/wp\/v2\/product_tag?post=30757"}],"curies":[{"name":"wp","href":"https:\/\/api.w.org\/{rel}","templated":true}]}}