{"id":30755,"date":"2025-10-02T12:09:43","date_gmt":"2025-10-02T12:09:43","guid":{"rendered":"https:\/\/ecopackware.com\/?post_type=product&#038;p=30755"},"modified":"2025-10-03T13:44:58","modified_gmt":"2025-10-03T13:44:58","slug":"boites-en-papier-kraft-triangulaires-faites-a-la-main-sur-mesure-pour-emballage-de-sandwich-a-emporter-contenants-a-sandwich-personnalisables","status":"publish","type":"product","link":"https:\/\/championfmcgcorp.com\/fr\/produit\/boites-en-papier-kraft-triangulaires-faites-a-la-main-sur-mesure-pour-emballage-de-sandwich-a-emporter-contenants-a-sandwich-personnalisables\/","title":{"rendered":"Bo\u00eetes en papier kraft triangulaires faites \u00e0 la main, personnalis\u00e9es, pour sandwichs \u00e0 emporter, contenants \u00e0 sandwich personnalisables"},"content":{"rendered":"<h2 class=\"ds-markdown-paragraph\"><strong>Nom du produit:<\/strong>\u00a0Bo\u00eetes triangulaires en papier kraft personnalis\u00e9es et faites main | Emballages \u00e9cologiques pour sandwichs \u00e0 emporter | Bo\u00eetes \u00e0 sandwich personnalis\u00e9es<\/h2>\n<hr \/>\n<h3 class=\"ds-markdown-paragraph\"><strong>Description du produit<\/strong><\/h3>\n<p class=\"ds-markdown-paragraph\">Rehaussez la pr\u00e9sentation de vos plats avec notre\u00a0<strong>Bo\u00eetes en papier kraft triangulaires faites \u00e0 la main et personnalis\u00e9es<\/strong>\u00a0\u2013 la solution d&#039;emballage durable id\u00e9ale pour vos sandwichs et plats \u00e0 emporter. Ces bo\u00eetes aux formes uniques allient savoir-faire artisanal et mat\u00e9riaux \u00e9cologiques modernes, pour une exp\u00e9rience de d\u00e9ballage inoubliable pour vos clients. Chaque bo\u00eete triangulaire est soigneusement fabriqu\u00e9e \u00e0 la main en papier kraft alimentaire haut de gamme, offrant une durabilit\u00e9 sup\u00e9rieure tout en respectant l&#039;environnement. Son design triangulaire distinctif met en valeur vos sandwichs et offre des avantages pratiques pour une manipulation et un transport faciles. Id\u00e9al pour les traiteurs, les caf\u00e9s, les traiteurs et les entreprises alimentaires qui souhaitent marquer les esprits.<\/p>\n<hr \/>\n<h3 class=\"ds-markdown-paragraph\"><strong>Principales caract\u00e9ristiques et avantages<\/strong><\/h3>\n<ul>\n<li>\n<p class=\"ds-markdown-paragraph\"><strong>Conception artisanale du triangle<\/strong>:La forme triangulaire unique faite \u00e0 la main am\u00e9liore l&#039;attrait visuel et offre une stabilit\u00e9 structurelle<\/p>\n<\/li>\n<li>\n<p class=\"ds-markdown-paragraph\"><strong>Mat\u00e9riaux respectueux de l&#039;environnement<\/strong>: 100% papier kraft de qualit\u00e9 alimentaire biod\u00e9gradable et compostable<\/p>\n<\/li>\n<li>\n<p class=\"ds-markdown-paragraph\"><strong>Personnalisation compl\u00e8te<\/strong>: Capacit\u00e9s d&#039;impression compl\u00e8tes pour les logos, les \u00e9l\u00e9ments de marque et les conceptions cr\u00e9atives<\/p>\n<\/li>\n<li>\n<p class=\"ds-markdown-paragraph\"><strong>Fermeture \u00e0 verrouillage s\u00e9curis\u00e9<\/strong>:La conception pliante innovante garantit que le contenu reste frais et prot\u00e9g\u00e9<\/p>\n<\/li>\n<li>\n<p class=\"ds-markdown-paragraph\"><strong>R\u00e9sistance naturelle \u00e0 la graisse<\/strong>:Les propri\u00e9t\u00e9s inh\u00e9rentes au papier kraft emp\u00eachent l&#039;absorption d&#039;huile<\/p>\n<\/li>\n<li>\n<p class=\"ds-markdown-paragraph\"><strong>Structure peu encombrante<\/strong>:La forme triangulaire maximise l&#039;espace de stockage et d&#039;affichage<\/p>\n<\/li>\n<li>\n<p class=\"ds-markdown-paragraph\"><strong>Image de marque durable<\/strong>: D\u00e9montre un engagement environnemental envers les consommateurs soucieux de l&#039;environnement<\/p>\n<\/li>\n<li>\n<p class=\"ds-markdown-paragraph\"><strong>Application polyvalente<\/strong>:Convient pour les sandwichs, wraps, p\u00e2tisseries et repas l\u00e9gers<\/p>\n<\/li>\n<\/ul>\n<hr \/>\n<h3 class=\"ds-markdown-paragraph\"><strong>Sp\u00e9cifications techniques<\/strong><\/h3>\n<ul>\n<li>\n<p class=\"ds-markdown-paragraph\"><strong>Mat\u00e9riel<\/strong>: Papier kraft de qualit\u00e9 alimentaire de qualit\u00e9 sup\u00e9rieure (220-300 GSM)<\/p>\n<\/li>\n<li>\n<p class=\"ds-markdown-paragraph\"><strong>Dimensions<\/strong>:<\/p>\n<ul>\n<li>\n<p class=\"ds-markdown-paragraph\">Petit : 4,5 x 12 x 12 cm (convient aux sandwichs standards)<\/p>\n<\/li>\n<li>\n<p class=\"ds-markdown-paragraph\">Moyen : 6,5 \u00d7 12,5 \u00d7 12,5 cm (convient aux grands sandwichs\/wraps)<\/p>\n<\/li>\n<li>\n<p class=\"ds-markdown-paragraph\">Grand : 7,5 \u00d7 12,5 \u00d7 12,5 cm (convient aux formules repas)<\/p>\n<\/li>\n<\/ul>\n<\/li>\n<li>\n<p class=\"ds-markdown-paragraph\"><strong>Options d&#039;impression<\/strong>: Impression num\u00e9rique, s\u00e9rigraphie, marquage \u00e0 chaud<\/p>\n<\/li>\n<li>\n<p class=\"ds-markdown-paragraph\"><strong>Personnalisation<\/strong>: Taille, \u00e9paisseur, impression, fixations des poign\u00e9es<\/p>\n<\/li>\n<li>\n<p class=\"ds-markdown-paragraph\"><strong>Certifications<\/strong>: Approuv\u00e9 par la FDA, certifi\u00e9 FSC, compostable<\/p>\n<\/li>\n<\/ul>\n<hr \/>\n<h3 class=\"ds-markdown-paragraph\"><strong>Appel \u00e0 l&#039;action<\/strong><\/h3>\n<p class=\"ds-markdown-paragraph\">Mettez vos sandwichs en valeur gr\u00e2ce \u00e0 notre emballage triangulaire unique\u00a0! Contactez-nous d\u00e8s aujourd&#039;hui pour des \u00e9chantillons personnalis\u00e9s, des tarifs et des conseils en design. Cr\u00e9ons un emballage qui refl\u00e8te parfaitement la qualit\u00e9 et les valeurs de votre marque.<\/p>\n<p><img fetchpriority=\"high\" decoding=\"async\" class=\"alignnone size-full wp-image-30599\" src=\"https:\/\/championfmcgcorp.com\/wp-content\/uploads\/2025\/09\/Sandwich_box023.avif\" alt=\"\" width=\"800\" height=\"800\" srcset=\"https:\/\/championfmcgcorp.com\/wp-content\/uploads\/2025\/09\/Sandwich_box023.avif 1000w, https:\/\/championfmcgcorp.com\/wp-content\/uploads\/2025\/09\/Sandwich_box023-300x300.avif 300w, https:\/\/championfmcgcorp.com\/wp-content\/uploads\/2025\/09\/Sandwich_box023-800x800.avif 800w, https:\/\/championfmcgcorp.com\/wp-content\/uploads\/2025\/09\/Sandwich_box023-150x150.avif 150w, https:\/\/championfmcgcorp.com\/wp-content\/uploads\/2025\/09\/Sandwich_box023-768x768.avif 768w, https:\/\/championfmcgcorp.com\/wp-content\/uploads\/2025\/09\/Sandwich_box023-12x12.avif 12w, https:\/\/championfmcgcorp.com\/wp-content\/uploads\/2025\/09\/Sandwich_box023-600x600.avif 600w\" sizes=\"(max-width: 800px) 100vw, 800px\" \/><\/p>\n<p><img decoding=\"async\" class=\"alignnone size-full wp-image-30598\" src=\"https:\/\/championfmcgcorp.com\/wp-content\/uploads\/2025\/09\/Sandwich_box022.avif\" alt=\"\" width=\"800\" height=\"800\" \/><\/p>\n<p><img decoding=\"async\" class=\"alignnone size-full wp-image-30597\" src=\"https:\/\/championfmcgcorp.com\/wp-content\/uploads\/2025\/09\/Sandwich_box021.avif\" alt=\"\" width=\"800\" height=\"800\" srcset=\"https:\/\/championfmcgcorp.com\/wp-content\/uploads\/2025\/09\/Sandwich_box021.avif 800w, https:\/\/championfmcgcorp.com\/wp-content\/uploads\/2025\/09\/Sandwich_box021-300x300.avif 300w, https:\/\/championfmcgcorp.com\/wp-content\/uploads\/2025\/09\/Sandwich_box021-150x150.avif 150w, https:\/\/championfmcgcorp.com\/wp-content\/uploads\/2025\/09\/Sandwich_box021-768x768.avif 768w, https:\/\/championfmcgcorp.com\/wp-content\/uploads\/2025\/09\/Sandwich_box021-12x12.avif 12w, https:\/\/championfmcgcorp.com\/wp-content\/uploads\/2025\/09\/Sandwich_box021-600x600.avif 600w\" sizes=\"(max-width: 800px) 100vw, 800px\" \/><\/p>\n<p><img loading=\"lazy\" decoding=\"async\" class=\"alignnone size-full wp-image-30600\" src=\"https:\/\/championfmcgcorp.com\/wp-content\/uploads\/2025\/09\/Sandwich_box024.avif\" alt=\"\" width=\"800\" height=\"1101\" \/><\/p>","protected":false},"excerpt":{"rendered":"<p>Bo\u00eetes triangulaires en papier kraft personnalis\u00e9es, faites main, pour l&#039;emballage de sandwichs \u00e0 emporter. \u00c9cologiques et biod\u00e9gradables, elles offrent toutes les options de personnalisation n\u00e9cessaires. Id\u00e9ales pour les traiteurs et les caf\u00e9s. Demandez des \u00e9chantillons et des devis d\u00e8s aujourd&#039;hui\u00a0!<\/p>","protected":false},"featured_media":30591,"comment_status":"open","ping_status":"closed","template":"","meta":[],"product_brand":[],"product_cat":[130,143,155,150,131],"product_tag":[],"class_list":{"0":"post-30755","1":"product","2":"type-product","3":"status-publish","4":"has-post-thumbnail","6":"product_cat-fast-food-restaurant","7":"product_cat-disposable-food-containers","8":"product_cat-paper-food-boxes","9":"product_cat-sandwich-boxes","10":"product_cat-sushi-shop","12":"first","13":"instock","14":"shipping-taxable","15":"product-type-simple"},"_links":{"self":[{"href":"https:\/\/championfmcgcorp.com\/fr\/wp-json\/wp\/v2\/product\/30755","targetHints":{"allow":["GET"]}}],"collection":[{"href":"https:\/\/championfmcgcorp.com\/fr\/wp-json\/wp\/v2\/product"}],"about":[{"href":"https:\/\/championfmcgcorp.com\/fr\/wp-json\/wp\/v2\/types\/product"}],"replies":[{"embeddable":true,"href":"https:\/\/championfmcgcorp.com\/fr\/wp-json\/wp\/v2\/comments?post=30755"}],"version-history":[{"count":2,"href":"https:\/\/championfmcgcorp.com\/fr\/wp-json\/wp\/v2\/product\/30755\/revisions"}],"predecessor-version":[{"id":31340,"href":"https:\/\/championfmcgcorp.com\/fr\/wp-json\/wp\/v2\/product\/30755\/revisions\/31340"}],"wp:featuredmedia":[{"embeddable":true,"href":"https:\/\/championfmcgcorp.com\/fr\/wp-json\/wp\/v2\/media\/30591"}],"wp:attachment":[{"href":"https:\/\/championfmcgcorp.com\/fr\/wp-json\/wp\/v2\/media?parent=30755"}],"wp:term":[{"taxonomy":"product_brand","embeddable":true,"href":"https:\/\/championfmcgcorp.com\/fr\/wp-json\/wp\/v2\/product_brand?post=30755"},{"taxonomy":"product_cat","embeddable":true,"href":"https:\/\/championfmcgcorp.com\/fr\/wp-json\/wp\/v2\/product_cat?post=30755"},{"taxonomy":"product_tag","embeddable":true,"href":"https:\/\/championfmcgcorp.com\/fr\/wp-json\/wp\/v2\/product_tag?post=30755"}],"curies":[{"name":"wp","href":"https:\/\/api.w.org\/{rel}","templated":true}]}}