{"id":30407,"date":"2025-10-02T09:53:57","date_gmt":"2025-10-02T09:53:57","guid":{"rendered":"https:\/\/ecopackware.com\/?post_type=product&#038;p=30407"},"modified":"2025-10-03T13:46:37","modified_gmt":"2025-10-03T13:46:37","slug":"fournisseur-de-bols-en-carton-ondule","status":"publish","type":"product","link":"https:\/\/championfmcgcorp.com\/fr\/produit\/fournisseur-de-bols-en-carton-ondule\/","title":{"rendered":"Fournisseur de bols en carton ondul\u00e9"},"content":{"rendered":"<h2 class=\"ds-markdown-paragraph\"><strong>Nom du produit:<\/strong>\u00a0Fournisseur de bols en carton ondul\u00e9 haut de gamme | Fabricant de contenants alimentaires jetables \u00e9cologiques<\/h2>\n<hr \/>\n<h3 class=\"ds-markdown-paragraph\"><strong>Description du produit<\/strong><\/h3>\n<p class=\"ds-markdown-paragraph\">En tant que leader\u00a0<strong>Fournisseur de bols en carton ondul\u00e9<\/strong>Nous sommes sp\u00e9cialis\u00e9s dans la fabrication de contenants alimentaires jetables de haute qualit\u00e9 et durables pour les entreprises du monde entier.\u00a0<strong>bols en papier ondul\u00e9<\/strong>\u00a0Dot\u00e9s d&#039;une construction multicouche unique, ils offrent une isolation et une durabilit\u00e9 sup\u00e9rieures \u00e0 celles des bols en carton classiques. Polyvalents, ces contenants maintiennent une temp\u00e9rature optimale des aliments tout en offrant une r\u00e9sistance exceptionnelle pour diverses applications culinaires. Ils sont parfaits pour les restaurants, les food trucks, les services traiteur et les livreurs de repas \u00e0 la recherche de solutions d&#039;emballage fiables et respectueuses de l&#039;environnement.<\/p>\n<hr \/>\n<h3 class=\"ds-markdown-paragraph\"><strong>Principales caract\u00e9ristiques et avantages<\/strong><\/h3>\n<ul>\n<li>\n<p class=\"ds-markdown-paragraph\"><strong>Technologie d&#039;isolation avanc\u00e9e<\/strong>:La construction ondul\u00e9e multi-parois garde les aliments chauds au chaud et les articles froids au frais plus longtemps que les contenants standard<\/p>\n<\/li>\n<li>\n<p class=\"ds-markdown-paragraph\"><strong>Durabilit\u00e9 exceptionnelle<\/strong>:La structure rigide emp\u00eache la flexion et l&#039;effondrement, assurant une protection s\u00fbre des aliments pendant le transport<\/p>\n<\/li>\n<li>\n<p class=\"ds-markdown-paragraph\"><strong>Mat\u00e9riaux \u00e9cologiques<\/strong>:Fabriqu\u00e9 \u00e0 partir de ressources renouvelables et biod\u00e9gradables avec des options compostables et recyclables disponibles<\/p>\n<\/li>\n<li>\n<p class=\"ds-markdown-paragraph\"><strong>Performance anti-fuite<\/strong>:Le rev\u00eatement int\u00e9rieur sp\u00e9cial offre une protection fiable contre les liquides et les huiles<\/p>\n<\/li>\n<li>\n<p class=\"ds-markdown-paragraph\"><strong>Conception r\u00e9sistante \u00e0 la chaleur<\/strong>: Manipule en toute s\u00e9curit\u00e9 les aliments \u00e0 haute temp\u00e9rature sans compromettre l&#039;int\u00e9grit\u00e9 structurelle<\/p>\n<\/li>\n<li>\n<p class=\"ds-markdown-paragraph\"><strong>Fabrication sur mesure<\/strong>:Services de personnalisation complets, y compris les options de dimensionnement, de capacit\u00e9 et de marque<\/p>\n<\/li>\n<li>\n<p class=\"ds-markdown-paragraph\"><strong>Capacit\u00e9 d&#039;approvisionnement mondiale<\/strong>: Ex\u00e9cution fiable des commandes en gros avec des normes de qualit\u00e9 coh\u00e9rentes<\/p>\n<\/li>\n<\/ul>\n<hr \/>\n<h3 class=\"ds-markdown-paragraph\"><strong>Sp\u00e9cifications techniques<\/strong><\/h3>\n<ul>\n<li>\n<p class=\"ds-markdown-paragraph\"><strong>Mat\u00e9riel<\/strong>: Carton ondul\u00e9 de qualit\u00e9 alimentaire<\/p>\n<\/li>\n<li>\n<p class=\"ds-markdown-paragraph\"><strong>Construction de murs<\/strong>:Options \u00e0 simple ou triple paroi<\/p>\n<\/li>\n<li>\n<p class=\"ds-markdown-paragraph\"><strong>Plage de capacit\u00e9<\/strong>: Tailles standards de 380ML \u00e0 1090ML<\/p>\n<\/li>\n<li>\n<p class=\"ds-markdown-paragraph\"><strong>Options de rev\u00eatement<\/strong>: PE, PLA ou rev\u00eatements \u00e0 base d&#039;eau<\/p>\n<\/li>\n<li>\n<p class=\"ds-markdown-paragraph\"><strong>Certifications<\/strong>:Certifi\u00e9 FDA, FSC<\/p>\n<\/li>\n<li>\n<p class=\"ds-markdown-paragraph\"><strong>Personnalisation<\/strong>:Impression, dimensionnement et \u00e9tiquetage priv\u00e9<\/p>\n<hr \/>\n<h3 class=\"ds-markdown-paragraph\"><strong>Appel \u00e0 l&#039;action<\/strong><\/h3>\n<p class=\"ds-markdown-paragraph\">Faites appel \u00e0 un fournisseur de confiance de bols en carton ondul\u00e9\u00a0! Contactez-nous pour b\u00e9n\u00e9ficier de tarifs directs usine, d&#039;\u00e9chantillons personnalis\u00e9s et de remises sur volume. Nous proposons des quantit\u00e9s minimales de commande flexibles et des solutions d&#039;approvisionnement fiables pour les entreprises de toutes tailles.<\/p>\n<\/li>\n<\/ul>\n<h2 class=\"wp-block-heading has-text-align-center\">Achetez des bols en carton ondul\u00e9 en gros | \u00c9cologiques et abordables<\/h2>\n<p><img fetchpriority=\"high\" decoding=\"async\" class=\"alignnone size-full wp-image-30406\" src=\"https:\/\/championfmcgcorp.com\/wp-content\/uploads\/2025\/09\/Corrugated-Paper-Bowls-3-1.avif\" alt=\"\" width=\"750\" height=\"1651\" srcset=\"https:\/\/championfmcgcorp.com\/wp-content\/uploads\/2025\/09\/Corrugated-Paper-Bowls-3-1.avif 750w, https:\/\/championfmcgcorp.com\/wp-content\/uploads\/2025\/09\/Corrugated-Paper-Bowls-3-1-136x300.avif 136w, https:\/\/championfmcgcorp.com\/wp-content\/uploads\/2025\/09\/Corrugated-Paper-Bowls-3-1-363x800.avif 363w, https:\/\/championfmcgcorp.com\/wp-content\/uploads\/2025\/09\/Corrugated-Paper-Bowls-3-1-698x1536.avif 698w, https:\/\/championfmcgcorp.com\/wp-content\/uploads\/2025\/09\/Corrugated-Paper-Bowls-3-1-5x12.avif 5w, https:\/\/championfmcgcorp.com\/wp-content\/uploads\/2025\/09\/Corrugated-Paper-Bowls-3-1-600x1321.avif 600w, https:\/\/championfmcgcorp.com\/wp-content\/uploads\/2025\/09\/Corrugated-Paper-Bowls-3-1-150x330.avif 150w\" sizes=\"(max-width: 750px) 100vw, 750px\" \/><\/p>\n<p><img decoding=\"async\" class=\"alignnone size-full wp-image-30405\" src=\"https:\/\/championfmcgcorp.com\/wp-content\/uploads\/2025\/09\/Corrugated-Paper-Bowls-2-1.avif\" alt=\"\" width=\"750\" height=\"1284\" srcset=\"https:\/\/championfmcgcorp.com\/wp-content\/uploads\/2025\/09\/Corrugated-Paper-Bowls-2-1.avif 750w, https:\/\/championfmcgcorp.com\/wp-content\/uploads\/2025\/09\/Corrugated-Paper-Bowls-2-1-175x300.avif 175w, https:\/\/championfmcgcorp.com\/wp-content\/uploads\/2025\/09\/Corrugated-Paper-Bowls-2-1-467x800.avif 467w, https:\/\/championfmcgcorp.com\/wp-content\/uploads\/2025\/09\/Corrugated-Paper-Bowls-2-1-7x12.avif 7w, https:\/\/championfmcgcorp.com\/wp-content\/uploads\/2025\/09\/Corrugated-Paper-Bowls-2-1-600x1027.avif 600w, https:\/\/championfmcgcorp.com\/wp-content\/uploads\/2025\/09\/Corrugated-Paper-Bowls-2-1-150x257.avif 150w\" sizes=\"(max-width: 750px) 100vw, 750px\" \/><\/p>\n<p><strong>Des aliments chauds aux aliments froids, ils conservent leur forme et leur int\u00e9grit\u00e9, ce qui les rend id\u00e9aux pour les services de restauration, les food trucks, les restaurants et les \u00e9v\u00e9nements.<\/strong><\/p>","protected":false},"excerpt":{"rendered":"<div class=\"pro-des mb-20 fs16\">\n<p>Fournisseur et fabricant professionnel de bols en carton ondul\u00e9. Contenants alimentaires jetables, isothermes et \u00e9cologiques. Dimensions et impressions personnalis\u00e9es disponibles. Certifi\u00e9 compostable DIN. Remises sur les commandes en gros. Demandez des devis et des \u00e9chantillons d\u00e8s aujourd&#039;hui\u00a0!<\/p>\n<\/div>\n<table class=\"text-center\" style=\"height: 121px;\" width=\"431\">\n<tbody>\n<tr>\n<td class=\"fs20-b\">Quantit\u00e9 (pi\u00e8ces)<\/td>\n<td class=\"fs20-b\">Vente en gros par prix<\/td>\n<\/tr>\n<tr>\n<td>10000<\/td>\n<td>$0.18<\/td>\n<\/tr>\n<tr>\n<td>50000<\/td>\n<td>$0.16<\/td>\n<\/tr>\n<tr>\n<td>200000<\/td>\n<td>$0.11<\/td>\n<\/tr>\n<\/tbody>\n<\/table>\n<div class=\"d-flex flex-column flex-md-row mt-30\"><\/div>","protected":false},"featured_media":30404,"comment_status":"open","ping_status":"closed","template":"","meta":[],"product_brand":[],"product_cat":[122],"product_tag":[],"class_list":{"0":"post-30407","1":"product","2":"type-product","3":"status-publish","4":"has-post-thumbnail","6":"product_cat-by-market","8":"first","9":"instock","10":"shipping-taxable","11":"product-type-simple"},"_links":{"self":[{"href":"https:\/\/championfmcgcorp.com\/fr\/wp-json\/wp\/v2\/product\/30407","targetHints":{"allow":["GET"]}}],"collection":[{"href":"https:\/\/championfmcgcorp.com\/fr\/wp-json\/wp\/v2\/product"}],"about":[{"href":"https:\/\/championfmcgcorp.com\/fr\/wp-json\/wp\/v2\/types\/product"}],"replies":[{"embeddable":true,"href":"https:\/\/championfmcgcorp.com\/fr\/wp-json\/wp\/v2\/comments?post=30407"}],"version-history":[{"count":2,"href":"https:\/\/championfmcgcorp.com\/fr\/wp-json\/wp\/v2\/product\/30407\/revisions"}],"predecessor-version":[{"id":31332,"href":"https:\/\/championfmcgcorp.com\/fr\/wp-json\/wp\/v2\/product\/30407\/revisions\/31332"}],"wp:featuredmedia":[{"embeddable":true,"href":"https:\/\/championfmcgcorp.com\/fr\/wp-json\/wp\/v2\/media\/30404"}],"wp:attachment":[{"href":"https:\/\/championfmcgcorp.com\/fr\/wp-json\/wp\/v2\/media?parent=30407"}],"wp:term":[{"taxonomy":"product_brand","embeddable":true,"href":"https:\/\/championfmcgcorp.com\/fr\/wp-json\/wp\/v2\/product_brand?post=30407"},{"taxonomy":"product_cat","embeddable":true,"href":"https:\/\/championfmcgcorp.com\/fr\/wp-json\/wp\/v2\/product_cat?post=30407"},{"taxonomy":"product_tag","embeddable":true,"href":"https:\/\/championfmcgcorp.com\/fr\/wp-json\/wp\/v2\/product_tag?post=30407"}],"curies":[{"name":"wp","href":"https:\/\/api.w.org\/{rel}","templated":true}]}}