{"id":30358,"date":"2025-10-03T13:55:36","date_gmt":"2025-10-03T13:55:36","guid":{"rendered":"https:\/\/ecopackware.com\/?post_type=product&#038;p=30358"},"modified":"2025-10-03T13:58:42","modified_gmt":"2025-10-03T13:58:42","slug":"bol-en-papier-jetable-recipient-pour-aliments-restauration-rapide-bols-a-emporter-emballage-avec-couvercle-bol-rectangulaire-en-papier-jetable","status":"publish","type":"product","link":"https:\/\/championfmcgcorp.com\/fr\/produit\/bol-en-papier-jetable-recipient-pour-aliments-restauration-rapide-bols-a-emporter-emballage-avec-couvercle-bol-rectangulaire-en-papier-jetable\/","title":{"rendered":"Bol en papier jetable, r\u00e9cipient pour aliments, bols \u00e0 emporter pour restauration rapide, emballage avec couvercles, bol rectangulaire en papier jetable"},"content":{"rendered":"<h1><strong>Bols rectangulaires jetables en carton avec couvercles \u2013 La solution id\u00e9ale pour les plats \u00e0 emporter<\/strong><\/h1>\n<p class=\"ds-markdown-paragraph\">Am\u00e9liorez vos emballages alimentaires avec nos produits polyvalents et fiables\u00a0<strong>Bols rectangulaires jetables en papier<\/strong>Con\u00e7us sp\u00e9cifiquement pour r\u00e9pondre aux exigences de la restauration moderne, ces bols offrent une solution pratique et durable pour servir une grande vari\u00e9t\u00e9 de repas \u00e0 emporter. Parfaits pour\u00a0<strong>emballage de restauration rapide<\/strong>, bars \u00e0 salade, food trucks et services de livraison, ils allient fonctionnalit\u00e9 et esth\u00e9tique \u00e9pur\u00e9e et moderne.<\/p>\n<h2><strong>Con\u00e7u pour la durabilit\u00e9 et la commodit\u00e9<\/strong><\/h2>\n<p class=\"ds-markdown-paragraph\">Nos bols en papier sont con\u00e7us pour g\u00e9rer vos journ\u00e9es les plus charg\u00e9es, garantissant que vos aliments arrivent avec la meilleure apparence et le meilleur go\u00fbt.<\/p>\n<ul>\n<li>\n<p class=\"ds-markdown-paragraph\"><strong>Conception s\u00e9curis\u00e9e et r\u00e9sistante aux fuites :<\/strong>\u00a0La forme rectangulaire unique offre une base stable, tandis que la coupe ajust\u00e9e\u00a0<strong>couvercles en papier jetables<\/strong>\u00a0Ils assurent une fermeture herm\u00e9tique. Ils pr\u00e9viennent les fuites et les d\u00e9versements, ce qui les rend parfaits pour les plats en sauce, les salades avec vinaigrette et les soupes, prot\u00e9geant ainsi vos aliments pendant le transport.<\/p>\n<\/li>\n<li>\n<p class=\"ds-markdown-paragraph\"><strong>Robuste et fiable :<\/strong>\u00a0Fabriqu\u00e9s \u00e0 partir de carton de qualit\u00e9 alimentaire de haute qualit\u00e9, ces bols sont suffisamment robustes pour contenir des aliments lourds, humides ou huileux sans devenir d\u00e9tremp\u00e9s ni perdre leur structure.<\/p>\n<\/li>\n<li>\n<p class=\"ds-markdown-paragraph\"><strong>Forme peu encombrante :<\/strong>\u00a0Contrairement aux conteneurs ronds, nos\u00a0<strong>contenants alimentaires rectangulaires en papier<\/strong>\u00a0Empilez-les soigneusement et efficacement, \u00e9conomisant ainsi un espace pr\u00e9cieux dans votre zone de stockage, vos sacs de livraison et les porte-gobelets des clients.<\/p>\n<\/li>\n<\/ul>\n<h2><strong>Id\u00e9al pour une large gamme de cr\u00e9ations culinaires<\/strong><\/h2>\n<p class=\"ds-markdown-paragraph\">Sa forme rectangulaire polyvalente est id\u00e9ale pour bien plus que des plats \u00e0 emporter classiques. C&#039;est l&#039;id\u00e9al\u00a0<strong>r\u00e9cipient alimentaire jetable<\/strong>\u00a0pour:<\/p>\n<ul>\n<li>\n<p class=\"ds-markdown-paragraph\"><strong>Salades et bols de c\u00e9r\u00e9ales :<\/strong>\u00a0Portion parfaite pour les l\u00e9gumes verts, les garnitures et les vinaigrettes.<\/p>\n<\/li>\n<li>\n<p class=\"ds-markdown-paragraph\"><strong>Cuisine asiatique :<\/strong>\u00a0Excellent pour les plats de nouilles, les bols de riz, les saut\u00e9s et les sushis.<\/p>\n<\/li>\n<li>\n<p class=\"ds-markdown-paragraph\"><strong>Restauration rapide et accompagnements :<\/strong>\u00a0Id\u00e9al pour les chips, les ailes, les wraps et les repas combin\u00e9s.<\/p>\n<\/li>\n<li>\n<p class=\"ds-markdown-paragraph\"><strong>Collations et ap\u00e9ritifs :<\/strong>\u00a0Id\u00e9al pour le pop-corn, les nachos et les plateaux de f\u00eate.<\/p>\n<\/li>\n<\/ul>\n<h2><strong>Principales caract\u00e9ristiques et avantages commerciaux<\/strong><\/h2>\n<ul>\n<li>\n<p class=\"ds-markdown-paragraph\"><strong>Conception r\u00e9sistante aux fuites :<\/strong>\u00a0Le couvercle bien ajust\u00e9 minimise les d\u00e9versements pour la satisfaction du client.<\/p>\n<\/li>\n<li>\n<p class=\"ds-markdown-paragraph\"><strong>Compatible micro-ondes :<\/strong>\u00a0Pratique pour les clients qui souhaitent r\u00e9chauffer leurs aliments.<\/p>\n<\/li>\n<li>\n<p class=\"ds-markdown-paragraph\"><strong>Option \u00e9co-responsable :<\/strong>\u00a0Disponible dans des mat\u00e9riaux biod\u00e9gradables et compostables sur demande, attirant les consommateurs soucieux de l&#039;environnement.<\/p>\n<\/li>\n<li>\n<p class=\"ds-markdown-paragraph\"><strong>Opportunit\u00e9 de branding :<\/strong>\u00a0Une toile vierge parfaite pour votre logo et les couleurs de votre marque, transformant chaque commande \u00e0 emporter en une opportunit\u00e9 marketing.<\/p>\n<\/li>\n<li>\n<p class=\"ds-markdown-paragraph\"><strong>Excellent pour la livraison de nourriture :<\/strong>\u00a0Le couvercle s\u00e9curis\u00e9 et la construction robuste font de ces bols un choix de premier ordre pour\u00a0<strong>emballage de livraison de nourriture<\/strong>, garantissant que les repas restent intacts.<\/p>\n<\/li>\n<\/ul>\n<h2><strong>Id\u00e9al pour diverses entreprises de restauration<\/strong><\/h2>\n<p class=\"ds-markdown-paragraph\">Notre\u00a0<strong>bols jetables en gros<\/strong>\u00a0sont approuv\u00e9s par les entreprises de l\u2019ensemble du secteur :<\/p>\n<ul>\n<li>\n<p class=\"ds-markdown-paragraph\">Restaurants de restauration rapide et food trucks<\/p>\n<\/li>\n<li>\n<p class=\"ds-markdown-paragraph\">Bars \u00e0 salades et caf\u00e9s di\u00e9t\u00e9tiques<\/p>\n<\/li>\n<li>\n<p class=\"ds-markdown-paragraph\">Entreprises de restauration et organisateurs d&#039;\u00e9v\u00e9nements<\/p>\n<\/li>\n<li>\n<p class=\"ds-markdown-paragraph\">Cantines d&#039;entreprise et cuisines de livraison uniquement<\/p>\n<\/li>\n<li>\n<p class=\"ds-markdown-paragraph\">Snack-bars et cin\u00e9mas<\/p>\n<\/li>\n<\/ul>\n<h2><strong>Commandez vos bols en papier en gros d\u00e8s aujourd&#039;hui\u00a0!<\/strong><\/h2>\n<p class=\"ds-markdown-paragraph\">Optimisez vos op\u00e9rations et am\u00e9liorez l&#039;exp\u00e9rience de vos clients gr\u00e2ce \u00e0 notre solution fiable\u00a0<strong>contenants alimentaires jetables en papier<\/strong>Acheter en gros vous garantit de ne jamais \u00eatre \u00e0 court de produits pendant les heures de pointe et vous permet de r\u00e9aliser des \u00e9conomies importantes.<\/p>\n<h2 class=\"ds-markdown-paragraph\"><strong>Appel \u00e0 l&#039;action :<\/strong><br \/>\n<strong>Contactez-nous d\u00e8s aujourd&#039;hui pour un devis de gros comp\u00e9titif !<\/strong>\u00a0Laissez-nous vous aider \u00e0 trouver la taille parfaite et les options de personnalisation pour les besoins de votre entreprise.<\/h2>\n<p><img fetchpriority=\"high\" decoding=\"async\" class=\"alignnone size-full wp-image-30366\" src=\"https:\/\/championfmcgcorp.com\/wp-content\/uploads\/2025\/09\/10145.avif\" alt=\"\" width=\"750\" height=\"101\" srcset=\"https:\/\/championfmcgcorp.com\/wp-content\/uploads\/2025\/09\/10145.avif 750w, https:\/\/championfmcgcorp.com\/wp-content\/uploads\/2025\/09\/10145-400x54.avif 400w, https:\/\/championfmcgcorp.com\/wp-content\/uploads\/2025\/09\/10145-18x2.avif 18w, https:\/\/championfmcgcorp.com\/wp-content\/uploads\/2025\/09\/10145-600x81.avif 600w, https:\/\/championfmcgcorp.com\/wp-content\/uploads\/2025\/09\/10145-150x20.avif 150w\" sizes=\"(max-width: 750px) 100vw, 750px\" \/><\/p>\n<table class=\"all magic-6\">\n<tbody>\n<tr>\n<td colspan=\"1\" rowspan=\"1\">\n<div class=\"magic-7\" data-spm-anchor-id=\"a2700.details-description.0.i4.487cSyzaSyza6N\">Nom de l&#039;article<\/div>\n<\/td>\n<td colspan=\"4\" rowspan=\"1\">\n<div class=\"magic-8\">Saladier en papier kraft<\/div>\n<\/td>\n<\/tr>\n<tr>\n<td colspan=\"1\" rowspan=\"1\">\n<div class=\"magic-7\">Taille<\/div>\n<\/td>\n<td colspan=\"4\" rowspan=\"1\">\n<div class=\"magic-8\" data-spm-anchor-id=\"a2700.details-description.0.i1.487cSyzaSyza6N\">500 ml\/650 ml\/750 ml\/1000 ml<\/div>\n<\/td>\n<\/tr>\n<tr>\n<td colspan=\"1\" rowspan=\"1\">\n<div class=\"magic-7\">Mat\u00e9riel<\/div>\n<\/td>\n<td colspan=\"4\" rowspan=\"1\">\n<div class=\"magic-8\" data-spm-anchor-id=\"a2700.details-description.0.i0.487cSyzaSyza6N\">Papier kraft 320 g\/papier blanc + PE simple\/PE double<\/div>\n<\/td>\n<\/tr>\n<tr>\n<td colspan=\"1\" rowspan=\"1\">\n<div class=\"magic-7\">Logo<\/div>\n<\/td>\n<td colspan=\"4\" rowspan=\"1\">\n<div class=\"magic-12\">Fabrication sur mesure acceptable<\/div>\n<\/td>\n<\/tr>\n<\/tbody>\n<\/table>\n<p><img decoding=\"async\" class=\"alignnone size-full wp-image-30367\" src=\"https:\/\/championfmcgcorp.com\/wp-content\/uploads\/2025\/09\/10146.avif\" alt=\"\" width=\"800\" height=\"103\" \/><\/p>\n<p><img decoding=\"async\" class=\"alignnone size-full wp-image-30368\" src=\"https:\/\/championfmcgcorp.com\/wp-content\/uploads\/2025\/09\/10147.avif\" alt=\"\" width=\"800\" height=\"800\" srcset=\"https:\/\/championfmcgcorp.com\/wp-content\/uploads\/2025\/09\/10147.avif 800w, https:\/\/championfmcgcorp.com\/wp-content\/uploads\/2025\/09\/10147-300x300.avif 300w, https:\/\/championfmcgcorp.com\/wp-content\/uploads\/2025\/09\/10147-150x150.avif 150w, https:\/\/championfmcgcorp.com\/wp-content\/uploads\/2025\/09\/10147-768x768.avif 768w, https:\/\/championfmcgcorp.com\/wp-content\/uploads\/2025\/09\/10147-12x12.avif 12w, https:\/\/championfmcgcorp.com\/wp-content\/uploads\/2025\/09\/10147-600x600.avif 600w\" sizes=\"(max-width: 800px) 100vw, 800px\" \/><\/p>\n<p><img loading=\"lazy\" decoding=\"async\" class=\"alignnone size-full wp-image-30369\" src=\"https:\/\/championfmcgcorp.com\/wp-content\/uploads\/2025\/09\/10148.avif\" alt=\"\" width=\"800\" height=\"800\" srcset=\"https:\/\/championfmcgcorp.com\/wp-content\/uploads\/2025\/09\/10148.avif 1500w, https:\/\/championfmcgcorp.com\/wp-content\/uploads\/2025\/09\/10148-300x300.avif 300w, https:\/\/championfmcgcorp.com\/wp-content\/uploads\/2025\/09\/10148-800x800.avif 800w, https:\/\/championfmcgcorp.com\/wp-content\/uploads\/2025\/09\/10148-150x150.avif 150w, https:\/\/championfmcgcorp.com\/wp-content\/uploads\/2025\/09\/10148-768x768.avif 768w, https:\/\/championfmcgcorp.com\/wp-content\/uploads\/2025\/09\/10148-12x12.avif 12w, https:\/\/championfmcgcorp.com\/wp-content\/uploads\/2025\/09\/10148-600x600.avif 600w, https:\/\/championfmcgcorp.com\/wp-content\/uploads\/2025\/09\/10148-1200x1200.avif 1200w\" sizes=\"(max-width: 800px) 100vw, 800px\" \/><\/p>\n<p><img loading=\"lazy\" decoding=\"async\" class=\"alignnone size-full wp-image-30370\" src=\"https:\/\/championfmcgcorp.com\/wp-content\/uploads\/2025\/09\/10149.avif\" alt=\"\" width=\"800\" height=\"800\" srcset=\"https:\/\/championfmcgcorp.com\/wp-content\/uploads\/2025\/09\/10149.avif 800w, https:\/\/championfmcgcorp.com\/wp-content\/uploads\/2025\/09\/10149-300x300.avif 300w, https:\/\/championfmcgcorp.com\/wp-content\/uploads\/2025\/09\/10149-150x150.avif 150w, https:\/\/championfmcgcorp.com\/wp-content\/uploads\/2025\/09\/10149-768x768.avif 768w, https:\/\/championfmcgcorp.com\/wp-content\/uploads\/2025\/09\/10149-12x12.avif 12w, https:\/\/championfmcgcorp.com\/wp-content\/uploads\/2025\/09\/10149-600x600.avif 600w\" sizes=\"(max-width: 800px) 100vw, 800px\" \/><\/p>\n<p><img loading=\"lazy\" decoding=\"async\" class=\"alignnone size-full wp-image-30371\" src=\"https:\/\/championfmcgcorp.com\/wp-content\/uploads\/2025\/09\/10150.avif\" alt=\"\" width=\"800\" height=\"800\" srcset=\"https:\/\/championfmcgcorp.com\/wp-content\/uploads\/2025\/09\/10150.avif 1500w, https:\/\/championfmcgcorp.com\/wp-content\/uploads\/2025\/09\/10150-300x300.avif 300w, https:\/\/championfmcgcorp.com\/wp-content\/uploads\/2025\/09\/10150-800x800.avif 800w, https:\/\/championfmcgcorp.com\/wp-content\/uploads\/2025\/09\/10150-150x150.avif 150w, https:\/\/championfmcgcorp.com\/wp-content\/uploads\/2025\/09\/10150-768x768.avif 768w, https:\/\/championfmcgcorp.com\/wp-content\/uploads\/2025\/09\/10150-12x12.avif 12w, https:\/\/championfmcgcorp.com\/wp-content\/uploads\/2025\/09\/10150-600x600.avif 600w, https:\/\/championfmcgcorp.com\/wp-content\/uploads\/2025\/09\/10150-1200x1200.avif 1200w\" sizes=\"(max-width: 800px) 100vw, 800px\" \/><\/p>\n<p><img loading=\"lazy\" decoding=\"async\" class=\"alignnone size-full wp-image-30374\" src=\"https:\/\/championfmcgcorp.com\/wp-content\/uploads\/2025\/09\/10161.avif\" alt=\"\" width=\"800\" height=\"800\" srcset=\"https:\/\/championfmcgcorp.com\/wp-content\/uploads\/2025\/09\/10161.avif 1500w, https:\/\/championfmcgcorp.com\/wp-content\/uploads\/2025\/09\/10161-300x300.avif 300w, https:\/\/championfmcgcorp.com\/wp-content\/uploads\/2025\/09\/10161-800x800.avif 800w, https:\/\/championfmcgcorp.com\/wp-content\/uploads\/2025\/09\/10161-150x150.avif 150w, https:\/\/championfmcgcorp.com\/wp-content\/uploads\/2025\/09\/10161-768x768.avif 768w, https:\/\/championfmcgcorp.com\/wp-content\/uploads\/2025\/09\/10161-12x12.avif 12w, https:\/\/championfmcgcorp.com\/wp-content\/uploads\/2025\/09\/10161-600x600.avif 600w, https:\/\/championfmcgcorp.com\/wp-content\/uploads\/2025\/09\/10161-1200x1200.avif 1200w\" sizes=\"(max-width: 800px) 100vw, 800px\" \/><\/p>\n<p><img loading=\"lazy\" decoding=\"async\" class=\"alignnone size-full wp-image-30372\" src=\"https:\/\/championfmcgcorp.com\/wp-content\/uploads\/2025\/09\/10151.avif\" alt=\"\" width=\"800\" height=\"800\" srcset=\"https:\/\/championfmcgcorp.com\/wp-content\/uploads\/2025\/09\/10151.avif 1500w, https:\/\/championfmcgcorp.com\/wp-content\/uploads\/2025\/09\/10151-300x300.avif 300w, https:\/\/championfmcgcorp.com\/wp-content\/uploads\/2025\/09\/10151-800x800.avif 800w, https:\/\/championfmcgcorp.com\/wp-content\/uploads\/2025\/09\/10151-150x150.avif 150w, https:\/\/championfmcgcorp.com\/wp-content\/uploads\/2025\/09\/10151-768x768.avif 768w, https:\/\/championfmcgcorp.com\/wp-content\/uploads\/2025\/09\/10151-12x12.avif 12w, https:\/\/championfmcgcorp.com\/wp-content\/uploads\/2025\/09\/10151-600x600.avif 600w, https:\/\/championfmcgcorp.com\/wp-content\/uploads\/2025\/09\/10151-1200x1200.avif 1200w\" sizes=\"(max-width: 800px) 100vw, 800px\" \/><\/p>\n<p><img loading=\"lazy\" decoding=\"async\" class=\"alignnone size-full wp-image-30373\" src=\"https:\/\/championfmcgcorp.com\/wp-content\/uploads\/2025\/09\/10153.avif\" alt=\"\" width=\"80\" height=\"345\" \/><\/p>\n<p><img loading=\"lazy\" decoding=\"async\" class=\"alignnone size-full wp-image-30375\" src=\"https:\/\/championfmcgcorp.com\/wp-content\/uploads\/2025\/09\/10163.avif\" alt=\"\" width=\"800\" height=\"629\" \/><\/p>\n<p><img loading=\"lazy\" decoding=\"async\" class=\"alignnone size-full wp-image-30376\" src=\"https:\/\/championfmcgcorp.com\/wp-content\/uploads\/2025\/09\/10164.avif\" alt=\"\" width=\"800\" height=\"539\" \/><\/p>\n<p>&nbsp;<\/p>","protected":false},"excerpt":{"rendered":"<p>Achetez des bols rectangulaires jetables en carton de haute qualit\u00e9 avec couvercles herm\u00e9tiques. Id\u00e9als pour la restauration rapide, les salades, les nouilles et les plats \u00e0 emporter. R\u00e9sistants, \u00e9tanches et parfaits pour la livraison de repas. Profitez de prix de gros.<\/p>","protected":false},"featured_media":30365,"comment_status":"open","ping_status":"closed","template":"","meta":[],"product_brand":[],"product_cat":[130,143,162],"product_tag":[],"class_list":{"0":"post-30358","1":"product","2":"type-product","3":"status-publish","4":"has-post-thumbnail","6":"product_cat-fast-food-restaurant","7":"product_cat-disposable-food-containers","8":"product_cat-salad-bowls","10":"first","11":"instock","12":"shipping-taxable","13":"product-type-simple"},"_links":{"self":[{"href":"https:\/\/championfmcgcorp.com\/fr\/wp-json\/wp\/v2\/product\/30358","targetHints":{"allow":["GET"]}}],"collection":[{"href":"https:\/\/championfmcgcorp.com\/fr\/wp-json\/wp\/v2\/product"}],"about":[{"href":"https:\/\/championfmcgcorp.com\/fr\/wp-json\/wp\/v2\/types\/product"}],"replies":[{"embeddable":true,"href":"https:\/\/championfmcgcorp.com\/fr\/wp-json\/wp\/v2\/comments?post=30358"}],"version-history":[{"count":3,"href":"https:\/\/championfmcgcorp.com\/fr\/wp-json\/wp\/v2\/product\/30358\/revisions"}],"predecessor-version":[{"id":31523,"href":"https:\/\/championfmcgcorp.com\/fr\/wp-json\/wp\/v2\/product\/30358\/revisions\/31523"}],"wp:featuredmedia":[{"embeddable":true,"href":"https:\/\/championfmcgcorp.com\/fr\/wp-json\/wp\/v2\/media\/30365"}],"wp:attachment":[{"href":"https:\/\/championfmcgcorp.com\/fr\/wp-json\/wp\/v2\/media?parent=30358"}],"wp:term":[{"taxonomy":"product_brand","embeddable":true,"href":"https:\/\/championfmcgcorp.com\/fr\/wp-json\/wp\/v2\/product_brand?post=30358"},{"taxonomy":"product_cat","embeddable":true,"href":"https:\/\/championfmcgcorp.com\/fr\/wp-json\/wp\/v2\/product_cat?post=30358"},{"taxonomy":"product_tag","embeddable":true,"href":"https:\/\/championfmcgcorp.com\/fr\/wp-json\/wp\/v2\/product_tag?post=30358"}],"curies":[{"name":"wp","href":"https:\/\/api.w.org\/{rel}","templated":true}]}}