{"id":29768,"date":"2025-09-02T07:40:45","date_gmt":"2025-09-02T07:40:45","guid":{"rendered":"https:\/\/ecopackware.com\/?page_id=29768"},"modified":"2025-09-06T17:00:01","modified_gmt":"2025-09-06T17:00:01","slug":"faq","status":"publish","type":"page","link":"https:\/\/championfmcgcorp.com\/fr\/faq\/","title":{"rendered":"FAQ"},"content":{"rendered":"<div data-elementor-type=\"wp-page\" data-elementor-id=\"29768\" class=\"elementor elementor-29768\" data-elementor-post-type=\"page\">\n\t\t\t\t<div class=\"wd-negative-gap elementor-element elementor-element-17a8bbe1 wd-section-stretch e-flex e-con-boxed e-con e-parent\" data-id=\"17a8bbe1\" data-element_type=\"container\" data-settings=\"{&quot;background_background&quot;:&quot;classic&quot;}\">\n\t\t\t\t\t<div class=\"e-con-inner\">\n\t\t\t\t<div class=\"elementor-element elementor-element-484af16e wd-width-100 elementor-widget elementor-widget-wd_title\" data-id=\"484af16e\" data-element_type=\"widget\" data-widget_type=\"wd_title.default\">\n\t\t\t\t<div class=\"elementor-widget-container\">\n\t\t\t\t\t\t\t<div class=\"title-wrapper wd-set-mb reset-last-child wd-title-color-white wd-title-style-default wd-title-size-default text-center\">\n\n\t\t\t\n\t\t\t<div class=\"liner-continer\">\n\t\t\t\t<h4 class=\"woodmart-title-container title wd-fontsize-l\">FAQ<\/h4> \n\t\t\t\t\t\t\t<\/div>\n\n\t\t\t\t\t<\/div>\n\t\t\t\t\t\t<\/div>\n\t\t\t\t<\/div>\n\t\t\t\t\t<\/div>\n\t\t\t\t<\/div>\n\t\t<div class=\"wd-negative-gap elementor-element elementor-element-4dc89081 e-flex e-con-boxed e-con e-parent\" data-id=\"4dc89081\" data-element_type=\"container\" data-settings=\"{&quot;background_background&quot;:&quot;classic&quot;}\">\n\t\t\t\t\t<div class=\"e-con-inner\">\n\t\t\t\t<div class=\"elementor-element elementor-element-6819da6c wd-el-breadcrumbs text-left elementor-widget elementor-widget-wd_element_breadcrumbs\" data-id=\"6819da6c\" data-element_type=\"widget\" data-widget_type=\"wd_element_breadcrumbs.default\">\n\t\t\t\t<div class=\"elementor-widget-container\">\n\t\t\t\t\t<nav class=\"wd-breadcrumbs\"><a href=\"https:\/\/championfmcgcorp.com\/fr\/\">Maison<\/a><span class=\"wd-delimiter\"><\/span><span class=\"wd-last\">Page<\/span><\/nav>\t\t\t\t<\/div>\n\t\t\t\t<\/div>\n\t\t\t\t\t<\/div>\n\t\t\t\t<\/div>\n\t\t<div class=\"wd-negative-gap elementor-element elementor-element-07a28b0 e-flex e-con-boxed e-con e-parent\" data-id=\"07a28b0\" data-element_type=\"container\">\n\t\t\t\t\t<div class=\"e-con-inner\">\n\t\t\t\t<div class=\"elementor-element elementor-element-2825b70 elementor-widget elementor-widget-shortcode\" data-id=\"2825b70\" data-element_type=\"widget\" data-widget_type=\"shortcode.default\">\n\t\t\t\t<div class=\"elementor-widget-container\">\n\t\t\t\t\t\t\t<div class=\"elementor-shortcode\">\t\t\t<link rel=\"stylesheet\" id=\"elementor-post-30033-css\" href=\"https:\/\/championfmcgcorp.com\/wp-content\/uploads\/elementor\/css\/post-30033.css?ver=1775257312\" type=\"text\/css\" media=\"all\">\n\t\t\t\t\t<div data-elementor-type=\"wp-post\" data-elementor-id=\"30033\" class=\"elementor elementor-30033\" data-elementor-post-type=\"cms_block\">\n\t\t\t\t<div class=\"wd-negative-gap elementor-element elementor-element-002c954 e-flex e-con-boxed e-con e-parent\" data-id=\"002c954\" data-element_type=\"container\" data-settings=\"{&quot;background_background&quot;:&quot;classic&quot;}\">\n\t\t\t\t\t<div class=\"e-con-inner\">\n\t\t\t\t<div class=\"elementor-element elementor-element-05601df wd-width-100 elementor-widget elementor-widget-wd_title\" data-id=\"05601df\" data-element_type=\"widget\" data-widget_type=\"wd_title.default\">\n\t\t\t\t<div class=\"elementor-widget-container\">\n\t\t\t\t\t\t\t<div class=\"title-wrapper wd-set-mb reset-last-child wd-title-color-default wd-title-style-default wd-title-size-default text-center\">\n\n\t\t\t\n\t\t\t<div class=\"liner-continer\">\n\t\t\t\t<h3 class=\"woodmart-title-container title wd-fontsize-l\">Questions fr\u00e9quemment pos\u00e9es<\/h3> \n\t\t\t\t\t\t\t<\/div>\n\n\t\t\t\t\t<\/div>\n\t\t\t\t\t\t<\/div>\n\t\t\t\t<\/div>\n\t\t<div class=\"elementor-element elementor-element-1191882 e-con-full e-flex e-con e-child\" data-id=\"1191882\" data-element_type=\"container\" data-settings=\"{&quot;background_background&quot;:&quot;classic&quot;}\">\n\t\t\t\t<div class=\"elementor-element elementor-element-d8c55d9 elementor-widget elementor-widget-wd_accordion\" data-id=\"d8c55d9\" data-element_type=\"widget\" data-widget_type=\"wd_accordion.default\">\n\t\t\t\t<div class=\"elementor-widget-container\">\n\t\t\t\t\t\n\t\t<div class=\"wd-accordion wd-style-shadow wd-titles-left wd-opener-pos-right wd-opener-style-plus\" data-state=\"first\">\n\t\t\t\t\t\t\t\n\t\t\t\t<div class=\"wd-accordion-item\">\n\t\t\t\t\t<div class=\"wd-accordion-title wd-active\" data-accordion-index=\"0\">\n\t\t\t\t\t\t<div class=\"wd-accordion-title-text\">\n\t\t\t\t\t\t\t\t\t\t\t\t\t\t<span>\n\t\t\t\t\t\t\t\t1. Votre entreprise a-t-elle une quantit\u00e9 minimale de commande pour les produits d\u2019emballage en papier alimentaire ?\t\t\t\t\t\t\t<\/span>\n\t\t\t\t\t\t<\/div>\n\t\t\t\t\t\t<span class=\"wd-accordion-opener\"><\/span>\n\t\t\t\t\t<\/div>\n\n\t\t\t\t\t<div class=\"wd-accordion-content wd-entry-content wd-active\" data-accordion-index=\"0\">\n\t\t\t\t\t\t\t\t\t\t\t\t\t\n\t\t\t\t\t\t\t<p>Oui, nous avons une quantit\u00e9 minimum de commande pour les commandes internationales, les diff\u00e9rentes exigences d&#039;emballage alimentaire sont diff\u00e9rentes, si vous souhaitez commander en gros, veuillez contacter notre service client en ligne ou soumettre le formulaire de contact, nous vous r\u00e9pondrons dans les 12 heures.<\/p>\n\t\t\t\t\t\t\t\t\t\t\t\t\t\t\t\t\t\t<\/div>\n\t\t\t\t<\/div>\n\t\t\t\t\t\t\t\n\t\t\t\t<div class=\"wd-accordion-item\">\n\t\t\t\t\t<div class=\"wd-accordion-title\" data-accordion-index=\"1\">\n\t\t\t\t\t\t<div class=\"wd-accordion-title-text\">\n\t\t\t\t\t\t\t\t\t\t\t\t\t\t<span>\n\t\t\t\t\t\t\t\t2. Vos produits d\u2019emballage alimentaire en papier sont-ils respectueux de l\u2019environnement ?\t\t\t\t\t\t\t<\/span>\n\t\t\t\t\t\t<\/div>\n\t\t\t\t\t\t<span class=\"wd-accordion-opener\"><\/span>\n\t\t\t\t\t<\/div>\n\n\t\t\t\t\t<div class=\"wd-accordion-content wd-entry-content\" data-accordion-index=\"1\">\n\t\t\t\t\t\t\t\t\t\t\t\t\t\n\t\t\t\t\t\t\t<p>Bien entendu, les produits d\u2019emballage alimentaire jetables \u00e0 base de papier pr\u00e9sentent de nombreux avantages par rapport aux autres mat\u00e9riaux d\u2019emballage\u00a0;<\/p><p>1Renouvelable et biod\u00e9gradable<\/p><p>\u2461R\u00e9duction des \u00e9missions de gaz \u00e0 effet de serre<\/p><p>\u2462Consommation d&#039;\u00e9nergie r\u00e9duite<\/p><p>\u2463Recyclable et compostable<\/p><p>\u2464 Soutient l&#039;\u00e9conomie circulaire<\/p>\n\t\t\t\t\t\t\t\t\t\t\t\t\t\t\t\t\t\t<\/div>\n\t\t\t\t<\/div>\n\t\t\t\t\t\t\t\n\t\t\t\t<div class=\"wd-accordion-item\">\n\t\t\t\t\t<div class=\"wd-accordion-title\" data-accordion-index=\"2\">\n\t\t\t\t\t\t<div class=\"wd-accordion-title-text\">\n\t\t\t\t\t\t\t\t\t\t\t\t\t\t<span>\n\t\t\t\t\t\t\t\t3. Offrez-vous des remises ou des promotions pour les commandes en gros ?\t\t\t\t\t\t\t<\/span>\n\t\t\t\t\t\t<\/div>\n\t\t\t\t\t\t<span class=\"wd-accordion-opener\"><\/span>\n\t\t\t\t\t<\/div>\n\n\t\t\t\t\t<div class=\"wd-accordion-content wd-entry-content\" data-accordion-index=\"2\">\n\t\t\t\t\t\t\t\t\t\t\t\t\t\n\t\t\t\t\t\t\t<pre class=\"fs20-b\">Nous nous engageons \u00e0 \u00e9tablir une relation \u00e0 long terme avec vous. Pour les commandes en gros volume, veuillez contacter notre service commercial pour obtenir des coupons.<\/pre>\n\t\t\t\t\t\t\t\t\t\t\t\t\t\t\t\t\t\t<\/div>\n\t\t\t\t<\/div>\n\t\t\t\t\t\t\t\n\t\t\t\t<div class=\"wd-accordion-item\">\n\t\t\t\t\t<div class=\"wd-accordion-title\" data-accordion-index=\"3\">\n\t\t\t\t\t\t<div class=\"wd-accordion-title-text\">\n\t\t\t\t\t\t\t\t\t\t\t\t\t\t<span>\n\t\t\t\t\t\t\t\t4. Comment puis-je passer une commande pour vos produits d&#039;emballage alimentaire en papier jetables ?\t\t\t\t\t\t\t<\/span>\n\t\t\t\t\t\t<\/div>\n\t\t\t\t\t\t<span class=\"wd-accordion-opener\"><\/span>\n\t\t\t\t\t<\/div>\n\n\t\t\t\t\t<div class=\"wd-accordion-content wd-entry-content\" data-accordion-index=\"3\">\n\t\t\t\t\t\t\t\t\t\t\t\t\t\n\t\t\t\t\t\t\t<p>Les exigences relatives aux produits peuvent \u00eatre contact\u00e9es et communiqu\u00e9es des mani\u00e8res suivantes\u00a0:<br \/>Cliquez sur le bouton de session sur le c\u00f4t\u00e9 droit du site pour communiquer en ligne, ou cliquez ici pour contacter le service client en ligne.<br \/>Cliquez sur la page \u00ab\u00a0Contactez-nous\u00a0\u00bb et envoyez un message via la messagerie et l&#039;adresse e-mail indiqu\u00e9es. Nous vous contacterons sous 12\u00a0heures apr\u00e8s r\u00e9ception du message.<\/p>\n\t\t\t\t\t\t\t\t\t\t\t\t\t\t\t\t\t\t<\/div>\n\t\t\t\t<\/div>\n\t\t\t\t\t\t\t\n\t\t\t\t<div class=\"wd-accordion-item\">\n\t\t\t\t\t<div class=\"wd-accordion-title\" data-accordion-index=\"4\">\n\t\t\t\t\t\t<div class=\"wd-accordion-title-text\">\n\t\t\t\t\t\t\t\t\t\t\t\t\t\t<span>\n\t\t\t\t\t\t\t\t5. Proposez-vous des options d\u2019impression ou de personnalisation de marque sur vos produits d\u2019emballage alimentaire en papier\u00a0?\t\t\t\t\t\t\t<\/span>\n\t\t\t\t\t\t<\/div>\n\t\t\t\t\t\t<span class=\"wd-accordion-opener\"><\/span>\n\t\t\t\t\t<\/div>\n\n\t\t\t\t\t<div class=\"wd-accordion-content wd-entry-content\" data-accordion-index=\"4\">\n\t\t\t\t\t\t\t\t\t\t\t\t\t\n\t\t\t\t\t\t\t<p>Oui, nous pouvons fournir une personnalisation 100% pour votre marque.<br \/>Champion FMCG emploie des designers professionnels fort de plus de 10 ans d&#039;exp\u00e9rience en conception d&#039;emballages et a con\u00e7u des emballages originaux pour de nombreuses marques renomm\u00e9es. Il vous suffit de nous fournir des plans ou des \u00e9chantillons pour que nous puissions cr\u00e9er des emballages d&#039;excellente qualit\u00e9. Si vous ne disposez pas d&#039;une \u00e9quipe de conception, Champion FMCG propose des services de conception gratuits. Partagez-nous simplement vos id\u00e9es et nous vous proposerons des solutions professionnelles.<\/p>\n\t\t\t\t\t\t\t\t\t\t\t\t\t\t\t\t\t\t<\/div>\n\t\t\t\t<\/div>\n\t\t\t\t\t\t\t\n\t\t\t\t<div class=\"wd-accordion-item\">\n\t\t\t\t\t<div class=\"wd-accordion-title\" data-accordion-index=\"5\">\n\t\t\t\t\t\t<div class=\"wd-accordion-title-text\">\n\t\t\t\t\t\t\t\t\t\t\t\t\t\t<span>\n\t\t\t\t\t\t\t\t6. Le service OEM\/ODM est-il disponible ?\t\t\t\t\t\t\t<\/span>\n\t\t\t\t\t\t<\/div>\n\t\t\t\t\t\t<span class=\"wd-accordion-opener\"><\/span>\n\t\t\t\t\t<\/div>\n\n\t\t\t\t\t<div class=\"wd-accordion-content wd-entry-content\" data-accordion-index=\"5\">\n\t\t\t\t\t\t\t\t\t\t\t\t\t\n\t\t\t\t\t\t\t<p>Oui, Champion FMCG a une forte capacit\u00e9 \u00e0 offrir aux clients des produits ODM et OEM de la plus haute qualit\u00e9.<br \/>Et cela n\u00e9cessitera le MOQ.<\/p>\n\t\t\t\t\t\t\t\t\t\t\t\t\t\t\t\t\t\t<\/div>\n\t\t\t\t<\/div>\n\t\t\t\t\t\t\t\n\t\t\t\t<div class=\"wd-accordion-item\">\n\t\t\t\t\t<div class=\"wd-accordion-title\" data-accordion-index=\"6\">\n\t\t\t\t\t\t<div class=\"wd-accordion-title-text\">\n\t\t\t\t\t\t\t\t\t\t\t\t\t\t<span>\n\t\t\t\t\t\t\t\t7. Quelles sont vos conditions de paiement ?\t\t\t\t\t\t\t<\/span>\n\t\t\t\t\t\t<\/div>\n\t\t\t\t\t\t<span class=\"wd-accordion-opener\"><\/span>\n\t\t\t\t\t<\/div>\n\n\t\t\t\t\t<div class=\"wd-accordion-content wd-entry-content\" data-accordion-index=\"6\">\n\t\t\t\t\t\t\t\t\t\t\t\t\t\n\t\t\t\t\t\t\t<p>Nous acceptons divers modes de paiement, tels que le virement bancaire, PayPal et Western Union. Pour les commandes en gros, les paiements sont souvent effectu\u00e9s par virement bancaire (TT). Pour les \u00e9chantillons, les paiements sont souvent effectu\u00e9s par PayPal ou Western Union. Si votre acc\u00e8s \u00e0 ces services est restreint, le virement bancaire peut \u00e9galement \u00eatre une option.<\/p>\n\t\t\t\t\t\t\t\t\t\t\t\t\t\t\t\t\t\t<\/div>\n\t\t\t\t<\/div>\n\t\t\t\t\t\t\t\n\t\t\t\t<div class=\"wd-accordion-item\">\n\t\t\t\t\t<div class=\"wd-accordion-title\" data-accordion-index=\"7\">\n\t\t\t\t\t\t<div class=\"wd-accordion-title-text\">\n\t\t\t\t\t\t\t\t\t\t\t\t\t\t<span>\n\t\t\t\t\t\t\t\t8. Vos produits d\u2019emballage alimentaire en papier sont-ils biod\u00e9gradables ?\t\t\t\t\t\t\t<\/span>\n\t\t\t\t\t\t<\/div>\n\t\t\t\t\t\t<span class=\"wd-accordion-opener\"><\/span>\n\t\t\t\t\t<\/div>\n\n\t\t\t\t\t<div class=\"wd-accordion-content wd-entry-content\" data-accordion-index=\"7\">\n\t\t\t\t\t\t\t\t\t\t\t\t\t\n\t\t\t\t\t\t\t<p>Oui, nos gobelets en papier sont biod\u00e9gradables \u00e0 domicile gr\u00e2ce \u00e0 un film enduit \u00e0 base d&#039;eau.<\/p>\n\t\t\t\t\t\t\t\t\t\t\t\t\t\t\t\t\t\t<\/div>\n\t\t\t\t<\/div>\n\t\t\t\t\t\t\t\n\t\t\t\t<div class=\"wd-accordion-item\">\n\t\t\t\t\t<div class=\"wd-accordion-title\" data-accordion-index=\"8\">\n\t\t\t\t\t\t<div class=\"wd-accordion-title-text\">\n\t\t\t\t\t\t\t\t\t\t\t\t\t\t<span>\n\t\t\t\t\t\t\t\t9. Vos produits d\u2019emballage alimentaire en papier sont-ils compatibles avec le micro-ondes\u00a0?\t\t\t\t\t\t\t<\/span>\n\t\t\t\t\t\t<\/div>\n\t\t\t\t\t\t<span class=\"wd-accordion-opener\"><\/span>\n\t\t\t\t\t<\/div>\n\n\t\t\t\t\t<div class=\"wd-accordion-content wd-entry-content\" data-accordion-index=\"8\">\n\t\t\t\t\t\t\t\t\t\t\t\t\t\n\t\t\t\t\t\t\t<p>V\u00e9rifiez si les produits ont des \u00e9tiquettes allant au micro-ondes. Si c&#039;est le cas, les gobelets en papier allant au micro-ondes sont s\u00fbrs et il est essentiel de conna\u00eetre les ingr\u00e9dients des emballages alimentaires en papier.<\/p>\n\t\t\t\t\t\t\t\t\t\t\t\t\t\t\t\t\t\t<\/div>\n\t\t\t\t<\/div>\n\t\t\t\t\t\t\t\n\t\t\t\t<div class=\"wd-accordion-item\">\n\t\t\t\t\t<div class=\"wd-accordion-title\" data-accordion-index=\"9\">\n\t\t\t\t\t\t<div class=\"wd-accordion-title-text\">\n\t\t\t\t\t\t\t\t\t\t\t\t\t\t<span>\n\t\t\t\t\t\t\t\t10. Proposez-vous des \u00e9chantillons de vos produits d\u2019emballage alimentaire en papier jetables ?\t\t\t\t\t\t\t<\/span>\n\t\t\t\t\t\t<\/div>\n\t\t\t\t\t\t<span class=\"wd-accordion-opener\"><\/span>\n\t\t\t\t\t<\/div>\n\n\t\t\t\t\t<div class=\"wd-accordion-content wd-entry-content\" data-accordion-index=\"9\">\n\t\t\t\t\t\t\t\t\t\t\t\t\t\n\t\t\t\t\t\t\t<p>Bien s\u00fbr.<br \/>Vous n&#039;avez qu&#039;\u00e0 payer les frais d&#039;exp\u00e9dition pour obtenir nos \u00e9chantillons gratuits, Champion FMCG propose \u00e9galement un service de conception\/stockage gratuit pendant 1 mois.<\/p>\n\t\t\t\t\t\t\t\t\t\t\t\t\t\t\t\t\t\t<\/div>\n\t\t\t\t<\/div>\n\t\t\t\t\t\t\t\n\t\t\t\t<div class=\"wd-accordion-item\">\n\t\t\t\t\t<div class=\"wd-accordion-title\" data-accordion-index=\"10\">\n\t\t\t\t\t\t<div class=\"wd-accordion-title-text\">\n\t\t\t\t\t\t\t\t\t\t\t\t\t\t<span>\n\t\t\t\t\t\t\t\t11. Quelle est votre politique de retour pour les produits d\u2019emballage alimentaire en papier jetables ?\t\t\t\t\t\t\t<\/span>\n\t\t\t\t\t\t<\/div>\n\t\t\t\t\t\t<span class=\"wd-accordion-opener\"><\/span>\n\t\t\t\t\t<\/div>\n\n\t\t\t\t\t<div class=\"wd-accordion-content wd-entry-content\" data-accordion-index=\"10\">\n\t\t\t\t\t\t\t\t\t\t\t\t\t\n\t\t\t\t\t\t\t<p>Pour le service apr\u00e8s-vente, nous disposons d&#039;une \u00e9quipe de r\u00e9clamations et d&#039;une \u00e9quipe de r\u00e9clamations, si le produit est d\u00e9fectueux ou endommag\u00e9 lorsque vous le recevez, veuillez contacter notre personnel de vente, mais les frais de retour sont \u00e0 la charge de l&#039;acheteur.<\/p>\n\t\t\t\t\t\t\t\t\t\t\t\t\t\t\t\t\t\t<\/div>\n\t\t\t\t<\/div>\n\t\t\t\t\t<\/div>\n\t\t\t\t\t\t<\/div>\n\t\t\t\t<\/div>\n\t\t\t\t<\/div>\n\t\t\t\t\t<\/div>\n\t\t\t\t<\/div>\n\t\t\t\t<\/div>\n\t\t<\/div>\n\t\t\t\t\t\t<\/div>\n\t\t\t\t<\/div>\n\t\t\t\t\t<\/div>\n\t\t\t\t<\/div>\n\t\t<div class=\"wd-negative-gap elementor-element elementor-element-d6303fd wd-section-stretch e-flex e-con-boxed e-con e-parent\" data-id=\"d6303fd\" data-element_type=\"container\" data-settings=\"{&quot;background_background&quot;:&quot;classic&quot;}\">\n\t\t\t\t\t<div class=\"e-con-inner\">\n\t\t\t\t<div class=\"elementor-element elementor-element-f7e681f wd-width-100 elementor-widget elementor-widget-wd_title\" data-id=\"f7e681f\" data-element_type=\"widget\" data-widget_type=\"wd_title.default\">\n\t\t\t\t<div class=\"elementor-widget-container\">\n\t\t\t\t\t\t\t<div class=\"title-wrapper wd-set-mb reset-last-child wd-title-color-default wd-title-style-default wd-title-size-default text-center\">\n\n\t\t\t\n\t\t\t<div class=\"liner-continer\">\n\t\t\t\t<h3 class=\"woodmart-title-container title wd-fontsize-l\">Contactez-nous pour un devis instantan\u00e9<\/h3> \n\t\t\t\t\t\t\t<\/div>\n\n\t\t\t\t\t\t\t<div class=\"title-after_title reset-last-child wd-fontsize-xs\">\n\t\t\t\t\t<p>Pour plus d&#039;informations sur nos devis de produits, des \u00e9chantillons gratuits ou pour discuter de vos besoins sp\u00e9cifiques, envoyez-nous un message pour une r\u00e9ponse rapide.<\/p>\t\t\t\t<\/div>\n\t\t\t\t\t<\/div>\n\t\t\t\t\t\t<\/div>\n\t\t\t\t<\/div>\n\t\t\t\t<div class=\"elementor-element elementor-element-4380eec elementor-align-center elementor-widget elementor-widget-button\" data-id=\"4380eec\" data-element_type=\"widget\" data-widget_type=\"button.default\">\n\t\t\t\t<div class=\"elementor-widget-container\">\n\t\t\t\t\t\t\t\t\t<div class=\"elementor-button-wrapper\">\n\t\t\t\t\t<a class=\"elementor-button elementor-button-link elementor-size-sm\" href=\"#elementor-action%3Aaction%3Dpopup%3Aopen%26settings%3DeyJpZCI6IjI5NDgyIiwidG9nZ2xlIjpmYWxzZX0%3D\">\n\t\t\t\t\t\t<span class=\"elementor-button-content-wrapper\">\n\t\t\t\t\t\t\t\t\t<span class=\"elementor-button-text\">Contactez-nous maintenant<\/span>\n\t\t\t\t\t<\/span>\n\t\t\t\t\t<\/a>\n\t\t\t\t<\/div>\n\t\t\t\t\t\t\t\t<\/div>\n\t\t\t\t<\/div>\n\t\t\t\t\t<\/div>\n\t\t\t\t<\/div>\n\t\t\t\t<\/div>","protected":false},"excerpt":{"rendered":"<p>FAQ HomePage Get in Touch for Instant Quote For more information on our product quotes, free samples or to discuss<\/p>","protected":false},"author":1,"featured_media":0,"parent":0,"menu_order":0,"comment_status":"closed","ping_status":"closed","template":"","meta":{"footnotes":""},"class_list":["post-29768","page","type-page","status-publish","hentry"],"_links":{"self":[{"href":"https:\/\/championfmcgcorp.com\/fr\/wp-json\/wp\/v2\/pages\/29768","targetHints":{"allow":["GET"]}}],"collection":[{"href":"https:\/\/championfmcgcorp.com\/fr\/wp-json\/wp\/v2\/pages"}],"about":[{"href":"https:\/\/championfmcgcorp.com\/fr\/wp-json\/wp\/v2\/types\/page"}],"author":[{"embeddable":true,"href":"https:\/\/championfmcgcorp.com\/fr\/wp-json\/wp\/v2\/users\/1"}],"replies":[{"embeddable":true,"href":"https:\/\/championfmcgcorp.com\/fr\/wp-json\/wp\/v2\/comments?post=29768"}],"version-history":[{"count":16,"href":"https:\/\/championfmcgcorp.com\/fr\/wp-json\/wp\/v2\/pages\/29768\/revisions"}],"predecessor-version":[{"id":30045,"href":"https:\/\/championfmcgcorp.com\/fr\/wp-json\/wp\/v2\/pages\/29768\/revisions\/30045"}],"wp:attachment":[{"href":"https:\/\/championfmcgcorp.com\/fr\/wp-json\/wp\/v2\/media?parent=29768"}],"curies":[{"name":"wp","href":"https:\/\/api.w.org\/{rel}","templated":true}]}}