{"id":31180,"date":"2025-10-02T12:32:37","date_gmt":"2025-10-02T12:32:37","guid":{"rendered":"https:\/\/ecopackware.com\/?post_type=product&#038;p=31180"},"modified":"2025-10-02T12:32:37","modified_gmt":"2025-10-02T12:32:37","slug":"tenedores-tenedores-de-papel-desechables","status":"publish","type":"product","link":"https:\/\/championfmcgcorp.com\/es\/producto\/tenedores-tenedores-de-papel-desechables\/","title":{"rendered":"Cucharas-tenedores de papel desechables"},"content":{"rendered":"<p>Fabricados con papel de origen sostenible, nuestros tenedores\/tenedores de papel son una excelente alternativa a los tenedores\/tenedores de pl\u00e1stico para reuniones, restaurantes, comida para llevar y eventos de catering al aire libre donde se requieren envases biodegradables.<\/p>\n<p class=\"mb-2 mb-md-0\">Adem\u00e1s de los tenedores\/tenedores de papel desechables, nuestros productos ecol\u00f3gicos para el servicio de alimentos tambi\u00e9n incluyen cuchillos de papel, tenedores de papel, cucharas de papel, agitadores de caf\u00e9 de papel, as\u00ed como un juego completo de cubiertos de papel, todos biodegradables 100% y personalizables en longitud y tama\u00f1o para adaptarse a las necesidades de su negocio.<\/p>\n<div class=\"protitle1\">Presupuesto<\/div>\n<div class=\"row\">\n<div class=\"col-md-6\">\n<ul>\n<li>Tama\u00f1o (Ancho*Largo): 40*170 mm<\/li>\n<li>Peso del paquete (100 piezas\/bolsa OPP): 0,387 kg<\/li>\n<li>Material: papel sostenible de calidad alimentaria.<\/li>\n<li>Certificado: Norma UE\/Italiana<\/li>\n<li>Cantidad por bolsa: 100 piezas<\/li>\n<\/ul>\n<\/div>\n<div class=\"col-md-6\">\n<ul>\n<li>Bolsas por caja: 20 bolsas<\/li>\n<li>Cantidad por caja: 2000 piezas<\/li>\n<li>Tama\u00f1o de la caja: 35*25*27,5 cm<\/li>\n<li>Peso de la caja: 8,8 kg<\/li>\n<li>Color: blanco\/marr\u00f3n (papel kraft)<\/li>\n<\/ul>\n<\/div>\n<\/div>\n<div class=\"clearfix\"><\/div>\n<div class=\"protitle1\">Embalaje<\/div>\n<p>Nuestros tenedores\/tenedores de papel desechables se pueden ofrecer con embalajes espec\u00edficos para el cliente para satisfacer las necesidades de su negocio.<\/p>","protected":false},"excerpt":{"rendered":"<p>Estos tenedores de papel son cucharas desechables con un peque\u00f1o extremo bifurcado; es decir, una combinaci\u00f3n de cuchara y tenedor. Con una cuchara ancha y profunda con cuatro tenedores, estos tenedores de papel desechables son est\u00e9ticos y pr\u00e1cticos.<\/p>","protected":false},"featured_media":30965,"comment_status":"open","ping_status":"closed","template":"","meta":[],"product_brand":[],"product_cat":[130,127,142,165],"product_tag":[],"class_list":{"0":"post-31180","1":"product","2":"type-product","3":"status-publish","4":"has-post-thumbnail","6":"product_cat-fast-food-restaurant","7":"product_cat-bubble-tea-shop","8":"product_cat-disposable-cutlery","9":"product_cat-forkknifespoon","11":"first","12":"instock","13":"shipping-taxable","14":"product-type-simple"},"_links":{"self":[{"href":"https:\/\/championfmcgcorp.com\/es\/wp-json\/wp\/v2\/product\/31180","targetHints":{"allow":["GET"]}}],"collection":[{"href":"https:\/\/championfmcgcorp.com\/es\/wp-json\/wp\/v2\/product"}],"about":[{"href":"https:\/\/championfmcgcorp.com\/es\/wp-json\/wp\/v2\/types\/product"}],"replies":[{"embeddable":true,"href":"https:\/\/championfmcgcorp.com\/es\/wp-json\/wp\/v2\/comments?post=31180"}],"version-history":[{"count":2,"href":"https:\/\/championfmcgcorp.com\/es\/wp-json\/wp\/v2\/product\/31180\/revisions"}],"predecessor-version":[{"id":31182,"href":"https:\/\/championfmcgcorp.com\/es\/wp-json\/wp\/v2\/product\/31180\/revisions\/31182"}],"wp:featuredmedia":[{"embeddable":true,"href":"https:\/\/championfmcgcorp.com\/es\/wp-json\/wp\/v2\/media\/30965"}],"wp:attachment":[{"href":"https:\/\/championfmcgcorp.com\/es\/wp-json\/wp\/v2\/media?parent=31180"}],"wp:term":[{"taxonomy":"product_brand","embeddable":true,"href":"https:\/\/championfmcgcorp.com\/es\/wp-json\/wp\/v2\/product_brand?post=31180"},{"taxonomy":"product_cat","embeddable":true,"href":"https:\/\/championfmcgcorp.com\/es\/wp-json\/wp\/v2\/product_cat?post=31180"},{"taxonomy":"product_tag","embeddable":true,"href":"https:\/\/championfmcgcorp.com\/es\/wp-json\/wp\/v2\/product_tag?post=31180"}],"curies":[{"name":"wp","href":"https:\/\/api.w.org\/{rel}","templated":true}]}}