{"id":30788,"date":"2025-10-01T12:39:43","date_gmt":"2025-10-01T12:39:43","guid":{"rendered":"https:\/\/ecopackware.com\/?post_type=product&#038;p=30788"},"modified":"2025-10-03T14:15:40","modified_gmt":"2025-10-03T14:15:40","slug":"caja-para-papas-fritas-de-4-oz-5-oz-7-oz-y-9-oz-contenedor-de-papel-artesanal-de-pared-simple-apto-para-alimentos","status":"publish","type":"product","link":"https:\/\/championfmcgcorp.com\/es\/producto\/caja-para-papas-fritas-de-4-oz-5-oz-7-oz-y-9-oz-contenedor-de-papel-artesanal-de-pared-simple-apto-para-alimentos\/","title":{"rendered":"Caja para papas fritas de 4 oz, 5.5 oz, 7.5 oz y 9 oz, de papel artesanal de pared simple, de grado alimenticio."},"content":{"rendered":"<h1><strong>Sirva con estilo: cajas de papel artesanal de una sola pared para papas fritas<\/strong><\/h1>\n<p class=\"ds-markdown-paragraph\">Sirva sus crujientes favoritos de la manera correcta con nuestro cl\u00e1sico\u00a0<strong>Cajas de papel para papas fritas de una sola pared<\/strong>Dise\u00f1ados para la funcionalidad y el estilo r\u00fastico, estos contenedores son el est\u00e1ndar de la industria por una raz\u00f3n. Hechos de materiales resistentes,\u00a0<strong>papel artesanal de calidad alimentaria<\/strong>, son los ideales\u00a0<strong>contenedor de embalaje<\/strong>\u00a0para papas fritas, patatas fritas y una variedad de otros bocadillos, manteni\u00e9ndolos calientes, crujientes y perfectamente presentados.<\/p>\n<h2><strong>El ajuste perfecto para cada tama\u00f1o de porci\u00f3n<\/strong><\/h2>\n<p class=\"ds-markdown-paragraph\">Entendemos que la variedad del men\u00fa es clave. Por eso, nuestro\u00a0<strong>Cajas de papas fritas<\/strong>\u00a0Est\u00e1n disponibles en varios tama\u00f1os para adaptarse a sus necesidades de presentaci\u00f3n, desde un acompa\u00f1amiento peque\u00f1o hasta una porci\u00f3n grande para compartir.<\/p>\n<ul>\n<li>\n<p class=\"ds-markdown-paragraph\"><strong>Caja de papas fritas de 4 oz:<\/strong>\u00a0Ideal para comidas infantiles, guarniciones peque\u00f1as o vasitos de condimentos.<\/p>\n<\/li>\n<li>\n<p class=\"ds-markdown-paragraph\"><strong>Caja de papas fritas de 5.5 oz:<\/strong>\u00a0El cl\u00e1sico est\u00e1ndar, perfecto para una porci\u00f3n habitual junto a una hamburguesa o un s\u00e1ndwich.<\/p>\n<\/li>\n<li>\n<p class=\"ds-markdown-paragraph\"><strong>Caja de papas fritas de 7.5 oz:<\/strong>\u00a0Ideal para una porci\u00f3n generosa o papas fritas cargadas.<\/p>\n<\/li>\n<li>\n<p class=\"ds-markdown-paragraph\"><strong>Caja de papas fritas de 9 oz:<\/strong>\u00a0Nuestro tama\u00f1o m\u00e1s grande, perfecto para comidas de gran tama\u00f1o, especialidades de food trucks o bocadillos para compartir.<\/p>\n<\/li>\n<\/ul>\n<h2><strong>Dise\u00f1ado para mantener tus snacks perfectos<\/strong><\/h2>\n<p class=\"ds-markdown-paragraph\">Nuestros contenedores est\u00e1n dise\u00f1ados para manipular alimentos calientes y grasosos manteniendo su estructura y atractivo.<\/p>\n<ul>\n<li>\n<p class=\"ds-markdown-paragraph\"><strong>Papel artesanal resistente a la grasa:<\/strong>\u00a0Lo natural\u00a0<strong>papel artesanal de pared simple<\/strong>\u00a0Proporciona una excelente absorci\u00f3n y resistencia, evitando que la caja se empape y garantizando que se sienta segura en la mano del cliente.<\/p>\n<\/li>\n<li>\n<p class=\"ds-markdown-paragraph\"><strong>Cierre seguro y f\u00e1cil transporte:<\/strong>\u00a0El dise\u00f1o c\u00f3nico y la pesta\u00f1a entrelazada crean un paquete seguro y aut\u00f3nomo que es f\u00e1cil de transportar, lo que los hace perfectos para\u00a0<strong>comida r\u00e1pida para llevar<\/strong>\u00a0y eventos.<\/p>\n<\/li>\n<li>\n<p class=\"ds-markdown-paragraph\"><strong>Excelente retenci\u00f3n de calor:<\/strong>\u00a0La construcci\u00f3n de papel ayuda a aislar el contenido, manteniendo las papas fritas calientes y crujientes por m\u00e1s tiempo, al mismo tiempo que permite que escape el vapor para evitar que se empapen.<\/p>\n<\/li>\n<li>\n<p class=\"ds-markdown-paragraph\"><strong>Apilable para almacenamiento:<\/strong>\u00a0Dise\u00f1ado para anidarse y apilarse de manera eficiente, ahorrando valioso espacio en su \u00e1rea de almacenamiento antes del ensamblaje.<\/p>\n<\/li>\n<\/ul>\n<h2><strong>Vers\u00e1til para mucho m\u00e1s que solo papas fritas<\/strong><\/h2>\n<p class=\"ds-markdown-paragraph\">Aunque es perfecto para\u00a0<strong>papas fritas<\/strong>\u00a0y papas fritas, estas cajas vers\u00e1tiles tambi\u00e9n son excelentes para:<\/p>\n<ul>\n<li>\n<p class=\"ds-markdown-paragraph\"><strong>Aros de cebolla y aperitivos fritos<\/strong><\/p>\n<\/li>\n<li>\n<p class=\"ds-markdown-paragraph\"><strong>Palomitas de ma\u00edz y dulces<\/strong>\u00a0(especialmente en cines y ferias)<\/p>\n<\/li>\n<li>\n<p class=\"ds-markdown-paragraph\"><strong>Trozos y nuggets de pollo frito<\/strong><\/p>\n<\/li>\n<li>\n<p class=\"ds-markdown-paragraph\"><strong>Snacks en la carretera y comida de feria<\/strong><\/p>\n<\/li>\n<\/ul>\n<h2><strong>Caracter\u00edsticas principales y beneficios comerciales<\/strong><\/h2>\n<ul>\n<li>\n<p class=\"ds-markdown-paragraph\"><strong>Apto para uso alimentario:<\/strong>\u00a0Fabricado con materiales certificados como seguros para el contacto directo con alimentos.<\/p>\n<\/li>\n<li>\n<p class=\"ds-markdown-paragraph\"><strong>Atractivo ecol\u00f3gico:<\/strong>\u00a0El papel kraft natural es biodegradable y reciclable, lo que resulta atractivo para los consumidores conscientes del medio ambiente.<\/p>\n<\/li>\n<li>\n<p class=\"ds-markdown-paragraph\"><strong>Precio mayorista rentable:<\/strong>\u00a0Una opci\u00f3n asequible y pr\u00e1ctica\u00a0<strong>contenedor de embalaje<\/strong>\u00a0soluci\u00f3n, especialmente cuando se compra al por mayor.<\/p>\n<\/li>\n<li>\n<p class=\"ds-markdown-paragraph\"><strong>Oportunidad de marca:<\/strong>\u00a0La superficie grande y plana es perfecta para estampar o imprimir su logotipo y los colores de su marca, convirtiendo cada pedido en una oportunidad de marketing.<\/p>\n<\/li>\n<\/ul>\n<h2><strong>Ideal para una amplia gama de negocios<\/strong><\/h2>\n<p class=\"ds-markdown-paragraph\">Nuestro\u00a0<strong>contenedores para papas fritas al por mayor<\/strong>\u00a0cuentan con la confianza de:<\/p>\n<ul>\n<li>\n<p class=\"ds-markdown-paragraph\">Restaurantes de comida r\u00e1pida y hamburgueser\u00edas<\/p>\n<\/li>\n<li>\n<p class=\"ds-markdown-paragraph\">Camiones de comida y vendedores de ferias<\/p>\n<\/li>\n<li>\n<p class=\"ds-markdown-paragraph\">Estadios deportivos y cines<\/p>\n<\/li>\n<li>\n<p class=\"ds-markdown-paragraph\">Tiendas de pescado y patatas fritas<\/p>\n<\/li>\n<li>\n<p class=\"ds-markdown-paragraph\">Cafeter\u00edas escolares y corporativas<\/p>\n<\/li>\n<\/ul>\n<h2><strong>\u00a1Ordene hoy sus cajas de papas fritas al por mayor!<\/strong><\/h2>\n<p class=\"ds-markdown-paragraph\">Abast\u00e9cete de los envases esenciales que tus clientes conocen y adoran. Con m\u00faltiples tama\u00f1os y precios al por mayor, tenemos la soluci\u00f3n perfecta para tu negocio.<\/p>\n<p class=\"ds-markdown-paragraph\"><strong>Llamada a la acci\u00f3n:<\/strong><br \/>\n<strong>\u00a1Cont\u00e1ctenos hoy para obtener una cotizaci\u00f3n mayorista competitiva!<\/strong>\u00a0Perm\u00edtanos ayudarle a determinar el tama\u00f1o perfecto de mezcla para su men\u00fa.<\/p>\n<p><img fetchpriority=\"high\" decoding=\"async\" class=\"alignnone size-full wp-image-30588\" src=\"https:\/\/championfmcgcorp.com\/wp-content\/uploads\/2025\/09\/French_fries_box006.avif\" alt=\"\" width=\"750\" height=\"750\" srcset=\"https:\/\/championfmcgcorp.com\/wp-content\/uploads\/2025\/09\/French_fries_box006.avif 750w, https:\/\/championfmcgcorp.com\/wp-content\/uploads\/2025\/09\/French_fries_box006-300x300.avif 300w, https:\/\/championfmcgcorp.com\/wp-content\/uploads\/2025\/09\/French_fries_box006-150x150.avif 150w, https:\/\/championfmcgcorp.com\/wp-content\/uploads\/2025\/09\/French_fries_box006-12x12.avif 12w, https:\/\/championfmcgcorp.com\/wp-content\/uploads\/2025\/09\/French_fries_box006-600x600.avif 600w\" sizes=\"(max-width: 750px) 100vw, 750px\" \/><\/p>\n<p><img decoding=\"async\" class=\"alignnone size-full wp-image-30589\" src=\"https:\/\/championfmcgcorp.com\/wp-content\/uploads\/2025\/09\/French_fries_box007.avif\" alt=\"\" width=\"750\" height=\"750\" srcset=\"https:\/\/championfmcgcorp.com\/wp-content\/uploads\/2025\/09\/French_fries_box007.avif 750w, https:\/\/championfmcgcorp.com\/wp-content\/uploads\/2025\/09\/French_fries_box007-300x300.avif 300w, https:\/\/championfmcgcorp.com\/wp-content\/uploads\/2025\/09\/French_fries_box007-150x150.avif 150w, https:\/\/championfmcgcorp.com\/wp-content\/uploads\/2025\/09\/French_fries_box007-12x12.avif 12w, https:\/\/championfmcgcorp.com\/wp-content\/uploads\/2025\/09\/French_fries_box007-600x600.avif 600w\" sizes=\"(max-width: 750px) 100vw, 750px\" \/><\/p>","protected":false},"excerpt":{"rendered":"<p>Cajas para papas fritas de papel artesanal de una sola pared, duraderas y aptas para uso alimentario. Disponibles en tama\u00f1os de 113 g, 157 g, 193 g y 254 g. Perfectas para papas fritas, bocadillos y alimentos de feria. Resistentes a la grasa y ecol\u00f3gicas. Precios al por mayor.<\/p>","protected":false},"featured_media":30585,"comment_status":"open","ping_status":"closed","template":"","meta":[],"product_brand":[],"product_cat":[132,143,148],"product_tag":[],"class_list":{"0":"post-30788","1":"product","2":"type-product","3":"status-publish","4":"has-post-thumbnail","6":"product_cat-fried-chicken-restaurant","7":"product_cat-disposable-food-containers","8":"product_cat-fried-chicken-french-fries","10":"first","11":"instock","12":"shipping-taxable","13":"product-type-simple"},"_links":{"self":[{"href":"https:\/\/championfmcgcorp.com\/es\/wp-json\/wp\/v2\/product\/30788","targetHints":{"allow":["GET"]}}],"collection":[{"href":"https:\/\/championfmcgcorp.com\/es\/wp-json\/wp\/v2\/product"}],"about":[{"href":"https:\/\/championfmcgcorp.com\/es\/wp-json\/wp\/v2\/types\/product"}],"replies":[{"embeddable":true,"href":"https:\/\/championfmcgcorp.com\/es\/wp-json\/wp\/v2\/comments?post=30788"}],"version-history":[{"count":6,"href":"https:\/\/championfmcgcorp.com\/es\/wp-json\/wp\/v2\/product\/30788\/revisions"}],"predecessor-version":[{"id":31526,"href":"https:\/\/championfmcgcorp.com\/es\/wp-json\/wp\/v2\/product\/30788\/revisions\/31526"}],"wp:featuredmedia":[{"embeddable":true,"href":"https:\/\/championfmcgcorp.com\/es\/wp-json\/wp\/v2\/media\/30585"}],"wp:attachment":[{"href":"https:\/\/championfmcgcorp.com\/es\/wp-json\/wp\/v2\/media?parent=30788"}],"wp:term":[{"taxonomy":"product_brand","embeddable":true,"href":"https:\/\/championfmcgcorp.com\/es\/wp-json\/wp\/v2\/product_brand?post=30788"},{"taxonomy":"product_cat","embeddable":true,"href":"https:\/\/championfmcgcorp.com\/es\/wp-json\/wp\/v2\/product_cat?post=30788"},{"taxonomy":"product_tag","embeddable":true,"href":"https:\/\/championfmcgcorp.com\/es\/wp-json\/wp\/v2\/product_tag?post=30788"}],"curies":[{"name":"wp","href":"https:\/\/api.w.org\/{rel}","templated":true}]}}