{"id":30785,"date":"2025-10-01T13:04:50","date_gmt":"2025-10-01T13:04:50","guid":{"rendered":"https:\/\/ecopackware.com\/?post_type=product&#038;p=30785"},"modified":"2025-10-03T14:21:03","modified_gmt":"2025-10-03T14:21:03","slug":"contenedor-desechable-para-papas-fritas-vasos-para-papas-fritas","status":"publish","type":"product","link":"https:\/\/championfmcgcorp.com\/es\/producto\/contenedor-desechable-para-papas-fritas-vasos-para-papas-fritas\/","title":{"rendered":"Contenedores desechables para papas fritas, vasos para papas fritas"},"content":{"rendered":"<h1><strong>El agarre perfecto: Vasos de papel desechables para papas fritas y patatas fritas<\/strong><\/h1>\n<p class=\"ds-markdown-paragraph\">Sirva sus bocadillos m\u00e1s populares con una comodidad y un estilo inigualables. Nuestro\u00a0<strong>Vasos desechables para papas fritas<\/strong>\u00a0Son la soluci\u00f3n cl\u00e1sica y pr\u00e1ctica para servir papas fritas crujientes, papas fritas picantes y otros bocadillos. Dise\u00f1ados para durabilidad y facilidad de uso, estos...\u00a0<strong>contenedores de chips de papel<\/strong>\u00a0Son imprescindibles para cualquier operaci\u00f3n de servicio de alimentos con mucha actividad, ya que garantizan que sus bocadillos se mantengan calientes y sus clientes felices.<\/p>\n<h2><strong>Dise\u00f1ado para la eficiencia del servicio de refrigerios<\/strong><\/h2>\n<p class=\"ds-markdown-paragraph\">Elaborado con materiales de alta calidad,\u00a0<strong>papel resistente a la grasa<\/strong>Estas tazas est\u00e1n dise\u00f1adas para funcionar bajo presi\u00f3n.<\/p>\n<ul>\n<li>\n<p class=\"ds-markdown-paragraph\"><strong>Dise\u00f1o seguro y estable:<\/strong>\u00a0La forma c\u00f3nica proporciona un agarre c\u00f3modo y seguro para los clientes en movimiento, evitando derrames y haci\u00e9ndolos ideales para\u00a0<strong>envases de comida para llevar<\/strong>.<\/p>\n<\/li>\n<li>\n<p class=\"ds-markdown-paragraph\"><strong>Excelente resistencia a la grasa:<\/strong>\u00a0La resistente construcci\u00f3n de papel maneja eficazmente los alimentos calientes y aceitosos, evitando que el recipiente se empape y manteniendo su integridad desde el mostrador hasta el cliente.<\/p>\n<\/li>\n<li>\n<p class=\"ds-markdown-paragraph\"><strong>Ahorra espacio y es apilable:<\/strong>\u00a0Dise\u00f1ados para encajar perfectamente unos dentro de otros, estos\u00a0<strong>vasos desechables para refrigerios<\/strong>\u00a0Ahorre espacio de almacenamiento crucial en su cocina o cami\u00f3n de comida antes del montaje.<\/p>\n<\/li>\n<\/ul>\n<h2><strong>Vers\u00e1til para una amplia gama de snacks<\/strong><\/h2>\n<p class=\"ds-markdown-paragraph\">Aunque es perfecto para\u00a0<strong>papas fritas<\/strong>\u00a0y\u00a0<strong>papas fritas<\/strong>Estos conos vers\u00e1tiles tambi\u00e9n son excelentes para:<\/p>\n<ul>\n<li>\n<p class=\"ds-markdown-paragraph\"><strong>Aros de cebolla y palomitas de ma\u00edz<\/strong><\/p>\n<\/li>\n<li>\n<p class=\"ds-markdown-paragraph\"><strong>Aperitivos fritos<\/strong>\u00a0como nuggets o palitos de mozzarella<\/p>\n<\/li>\n<li>\n<p class=\"ds-markdown-paragraph\"><strong>Dulces y golosinas<\/strong>\u00a0en ferias y cines<\/p>\n<\/li>\n<li>\n<p class=\"ds-markdown-paragraph\"><strong>Papas fritas cargadas<\/strong>\u00a0con aderezos (en tama\u00f1os m\u00e1s grandes)<\/p>\n<\/li>\n<\/ul>\n<h2><strong>Caracter\u00edsticas principales y beneficios comerciales<\/strong><\/h2>\n<ul>\n<li>\n<p class=\"ds-markdown-paragraph\"><strong>Construcci\u00f3n resistente a fugas:<\/strong>\u00a0Mantiene la forma y contiene la grasa de manera efectiva.<\/p>\n<\/li>\n<li>\n<p class=\"ds-markdown-paragraph\"><strong>Soluci\u00f3n rentable:<\/strong>\u00a0Un precio asequible\u00a0<strong>contenedor desechable<\/strong>\u00a0opci\u00f3n, especialmente cuando se compra al por mayor en\u00a0<strong>precios al por mayor<\/strong>.<\/p>\n<\/li>\n<li>\n<p class=\"ds-markdown-paragraph\"><strong>Oportunidad de marca:<\/strong>\u00a0La gran superficie visible es un lienzo en blanco perfecto para su logotipo, los colores de su marca y sus mensajes promocionales, convirtiendo cada pedido en una oportunidad de marketing.<\/p>\n<\/li>\n<li>\n<p class=\"ds-markdown-paragraph\"><strong>Material eco-consciente:<\/strong>\u00a0Hecho de papel, una opci\u00f3n m\u00e1s sostenible en comparaci\u00f3n con las alternativas de pl\u00e1stico.<\/p>\n<\/li>\n<\/ul>\n<h2><strong>Perfecto para cualquier negocio centrado en snacks<\/strong><\/h2>\n<p class=\"ds-markdown-paragraph\">Nuestro\u00a0<strong>vasos de comida desechables<\/strong>\u00a0cuentan con la confianza de una amplia gama de establecimientos:<\/p>\n<ul>\n<li>\n<p class=\"ds-markdown-paragraph\"><strong>Camiones de comida y restaurantes de comida r\u00e1pida<\/strong><\/p>\n<\/li>\n<li>\n<p class=\"ds-markdown-paragraph\"><strong>Tiendas de pescado y patatas fritas<\/strong><\/p>\n<\/li>\n<li>\n<p class=\"ds-markdown-paragraph\"><strong>Estadios deportivos, cines y parques de atracciones<\/strong><\/p>\n<\/li>\n<li>\n<p class=\"ds-markdown-paragraph\"><strong>Catering para recintos feriales y eventos<\/strong><\/p>\n<\/li>\n<li>\n<p class=\"ds-markdown-paragraph\"><strong>Cafeter\u00edas escolares y corporativas<\/strong><\/p>\n<\/li>\n<\/ul>\n<h2><strong>\u00a1Ordene hoy sus tazas de refrigerio al por mayor!<\/strong><\/h2>\n<p class=\"ds-markdown-paragraph\">Optimice su servicio y mejore la presentaci\u00f3n de sus refrigerios con nuestros vasos desechables confiables y asequibles.<\/p>\n<p class=\"ds-markdown-paragraph\"><strong>Llamada a la acci\u00f3n:<\/strong><br \/>\n<strong>\u00a1Cont\u00e1ctenos hoy para obtener una cotizaci\u00f3n mayorista competitiva!<\/strong>\u00a0Consulte nuestros tama\u00f1os disponibles y opciones de impresi\u00f3n personalizada para que su embalaje sea exclusivamente suyo.<\/p>\n<p><img fetchpriority=\"high\" decoding=\"async\" class=\"alignnone size-full wp-image-30572\" src=\"https:\/\/championfmcgcorp.com\/wp-content\/uploads\/2025\/09\/French_fries_cup001.avif\" alt=\"\" width=\"800\" height=\"800\" srcset=\"https:\/\/championfmcgcorp.com\/wp-content\/uploads\/2025\/09\/French_fries_cup001.avif 1000w, https:\/\/championfmcgcorp.com\/wp-content\/uploads\/2025\/09\/French_fries_cup001-300x300.avif 300w, https:\/\/championfmcgcorp.com\/wp-content\/uploads\/2025\/09\/French_fries_cup001-800x800.avif 800w, https:\/\/championfmcgcorp.com\/wp-content\/uploads\/2025\/09\/French_fries_cup001-150x150.avif 150w, https:\/\/championfmcgcorp.com\/wp-content\/uploads\/2025\/09\/French_fries_cup001-768x768.avif 768w, https:\/\/championfmcgcorp.com\/wp-content\/uploads\/2025\/09\/French_fries_cup001-12x12.avif 12w, https:\/\/championfmcgcorp.com\/wp-content\/uploads\/2025\/09\/French_fries_cup001-600x600.avif 600w\" sizes=\"(max-width: 800px) 100vw, 800px\" \/><\/p>\n<p><img decoding=\"async\" class=\"alignnone size-full wp-image-30573\" src=\"https:\/\/championfmcgcorp.com\/wp-content\/uploads\/2025\/09\/French_fries_cup002.avif\" alt=\"\" width=\"800\" height=\"800\" srcset=\"https:\/\/championfmcgcorp.com\/wp-content\/uploads\/2025\/09\/French_fries_cup002.avif 800w, https:\/\/championfmcgcorp.com\/wp-content\/uploads\/2025\/09\/French_fries_cup002-300x300.avif 300w, https:\/\/championfmcgcorp.com\/wp-content\/uploads\/2025\/09\/French_fries_cup002-150x150.avif 150w, https:\/\/championfmcgcorp.com\/wp-content\/uploads\/2025\/09\/French_fries_cup002-768x768.avif 768w, https:\/\/championfmcgcorp.com\/wp-content\/uploads\/2025\/09\/French_fries_cup002-12x12.avif 12w, https:\/\/championfmcgcorp.com\/wp-content\/uploads\/2025\/09\/French_fries_cup002-600x600.avif 600w\" sizes=\"(max-width: 800px) 100vw, 800px\" \/><\/p>\n<p><img decoding=\"async\" class=\"alignnone size-full wp-image-30574\" src=\"https:\/\/championfmcgcorp.com\/wp-content\/uploads\/2025\/09\/French_fries_cup003.avif\" alt=\"\" width=\"800\" height=\"800\" srcset=\"https:\/\/championfmcgcorp.com\/wp-content\/uploads\/2025\/09\/French_fries_cup003.avif 800w, https:\/\/championfmcgcorp.com\/wp-content\/uploads\/2025\/09\/French_fries_cup003-300x300.avif 300w, https:\/\/championfmcgcorp.com\/wp-content\/uploads\/2025\/09\/French_fries_cup003-150x150.avif 150w, https:\/\/championfmcgcorp.com\/wp-content\/uploads\/2025\/09\/French_fries_cup003-768x768.avif 768w, https:\/\/championfmcgcorp.com\/wp-content\/uploads\/2025\/09\/French_fries_cup003-12x12.avif 12w, https:\/\/championfmcgcorp.com\/wp-content\/uploads\/2025\/09\/French_fries_cup003-600x600.avif 600w\" sizes=\"(max-width: 800px) 100vw, 800px\" \/><\/p>\n<p><img loading=\"lazy\" decoding=\"async\" class=\"alignnone size-full wp-image-30575\" src=\"https:\/\/championfmcgcorp.com\/wp-content\/uploads\/2025\/09\/French_fries_cup004.avif\" alt=\"\" width=\"800\" height=\"800\" srcset=\"https:\/\/championfmcgcorp.com\/wp-content\/uploads\/2025\/09\/French_fries_cup004.avif 800w, https:\/\/championfmcgcorp.com\/wp-content\/uploads\/2025\/09\/French_fries_cup004-300x300.avif 300w, https:\/\/championfmcgcorp.com\/wp-content\/uploads\/2025\/09\/French_fries_cup004-150x150.avif 150w, https:\/\/championfmcgcorp.com\/wp-content\/uploads\/2025\/09\/French_fries_cup004-768x768.avif 768w, https:\/\/championfmcgcorp.com\/wp-content\/uploads\/2025\/09\/French_fries_cup004-12x12.avif 12w, https:\/\/championfmcgcorp.com\/wp-content\/uploads\/2025\/09\/French_fries_cup004-600x600.avif 600w\" sizes=\"(max-width: 800px) 100vw, 800px\" \/><\/p>\n<p><img loading=\"lazy\" decoding=\"async\" class=\"alignnone size-full wp-image-30576\" src=\"https:\/\/championfmcgcorp.com\/wp-content\/uploads\/2025\/09\/French_fries_cup005.avif\" alt=\"\" width=\"800\" height=\"534\" srcset=\"https:\/\/championfmcgcorp.com\/wp-content\/uploads\/2025\/09\/French_fries_cup005.avif 800w, https:\/\/championfmcgcorp.com\/wp-content\/uploads\/2025\/09\/French_fries_cup005-400x267.avif 400w, https:\/\/championfmcgcorp.com\/wp-content\/uploads\/2025\/09\/French_fries_cup005-768x513.avif 768w, https:\/\/championfmcgcorp.com\/wp-content\/uploads\/2025\/09\/French_fries_cup005-18x12.avif 18w, https:\/\/championfmcgcorp.com\/wp-content\/uploads\/2025\/09\/French_fries_cup005-600x401.avif 600w, https:\/\/championfmcgcorp.com\/wp-content\/uploads\/2025\/09\/French_fries_cup005-150x100.avif 150w\" sizes=\"(max-width: 800px) 100vw, 800px\" \/><\/p>","protected":false},"excerpt":{"rendered":"<p>Compre nuestros vasos desechables de papel para papas fritas, papas fritas y snacks. Resistentes a la grasa, robustos e ideales para food trucks y comida r\u00e1pida. Disponibles en varios tama\u00f1os. Precios al por mayor.<\/p>","protected":false},"featured_media":30566,"comment_status":"open","ping_status":"closed","template":"","meta":[],"product_brand":[],"product_cat":[122],"product_tag":[],"class_list":{"0":"post-30785","1":"product","2":"type-product","3":"status-publish","4":"has-post-thumbnail","6":"product_cat-by-market","8":"first","9":"instock","10":"shipping-taxable","11":"product-type-simple"},"_links":{"self":[{"href":"https:\/\/championfmcgcorp.com\/es\/wp-json\/wp\/v2\/product\/30785","targetHints":{"allow":["GET"]}}],"collection":[{"href":"https:\/\/championfmcgcorp.com\/es\/wp-json\/wp\/v2\/product"}],"about":[{"href":"https:\/\/championfmcgcorp.com\/es\/wp-json\/wp\/v2\/types\/product"}],"replies":[{"embeddable":true,"href":"https:\/\/championfmcgcorp.com\/es\/wp-json\/wp\/v2\/comments?post=30785"}],"version-history":[{"count":5,"href":"https:\/\/championfmcgcorp.com\/es\/wp-json\/wp\/v2\/product\/30785\/revisions"}],"predecessor-version":[{"id":31527,"href":"https:\/\/championfmcgcorp.com\/es\/wp-json\/wp\/v2\/product\/30785\/revisions\/31527"}],"wp:featuredmedia":[{"embeddable":true,"href":"https:\/\/championfmcgcorp.com\/es\/wp-json\/wp\/v2\/media\/30566"}],"wp:attachment":[{"href":"https:\/\/championfmcgcorp.com\/es\/wp-json\/wp\/v2\/media?parent=30785"}],"wp:term":[{"taxonomy":"product_brand","embeddable":true,"href":"https:\/\/championfmcgcorp.com\/es\/wp-json\/wp\/v2\/product_brand?post=30785"},{"taxonomy":"product_cat","embeddable":true,"href":"https:\/\/championfmcgcorp.com\/es\/wp-json\/wp\/v2\/product_cat?post=30785"},{"taxonomy":"product_tag","embeddable":true,"href":"https:\/\/championfmcgcorp.com\/es\/wp-json\/wp\/v2\/product_tag?post=30785"}],"curies":[{"name":"wp","href":"https:\/\/api.w.org\/{rel}","templated":true}]}}