{"id":30783,"date":"2025-10-02T08:25:33","date_gmt":"2025-10-02T08:25:33","guid":{"rendered":"https:\/\/ecopackware.com\/?post_type=product&#038;p=30783"},"modified":"2025-10-03T14:34:21","modified_gmt":"2025-10-03T14:34:21","slug":"paquete-de-comida-para-desechar-en-stock-caja-de-hamburguesas-con-micro-flauta-cajas-rigidas-papel-para-sandwich-caja-de-papel-transparente-para-pasteles-comida-para-llevar-aceptar","status":"publish","type":"product","link":"https:\/\/championfmcgcorp.com\/es\/producto\/paquete-de-comida-para-desechar-en-stock-caja-de-hamburguesas-con-micro-flauta-cajas-rigidas-papel-para-sandwich-caja-de-papel-transparente-para-pasteles-comida-para-llevar-aceptar\/","title":{"rendered":"Paquete de alimentos listo para desechar en stock Caja de hamburguesas de micro flauta Cajas r\u00edgidas Papel para s\u00e1ndwich Caja de papel transparente para pasteles Se acepta comida para llevar"},"content":{"rendered":"<h1><strong>Envases de alimentos listos para enviar: durabilidad y presentaci\u00f3n<\/strong><\/h1>\n<p class=\"ds-markdown-paragraph\">No te quedes nunca m\u00e1s sin embalajes esenciales. Nuestro\u00a0<strong>Paquete de alimentos listos para desechar<\/strong>\u00a0La colecci\u00f3n ofrece env\u00edo inmediato en una cuidada selecci\u00f3n de contenedores duraderos y de alta calidad. Desde resistentes\u00a0<strong>Cajas de hamburguesas Micro Flute<\/strong>\u00a0que encierran frescura y elegancia\u00a0<strong>Cajas transparentes para pasteles<\/strong>\u00a0que muestren tus creaciones, tenemos el espacio perfecto\u00a0<strong>llevar<\/strong>\u00a0Soluci\u00f3n para satisfacer las demandas de su ajetreado negocio de alimentaci\u00f3n.<\/p>\n<h2><strong>Explore nuestras soluciones de embalaje listas para enviar<\/strong><\/h2>\n<p class=\"ds-markdown-paragraph\"><strong>1. Cajas para hamburguesas Micro Flute: la protecci\u00f3n definitiva<\/strong><br \/>\nNuestro\u00a0<strong>Cajas de hamburguesas Micro Flute<\/strong>\u00a0Dise\u00f1ados para garantizar la integridad. El interior acanalado proporciona una amortiguaci\u00f3n superior y resistencia al aplastamiento, protegiendo sus hamburguesas y s\u00e1ndwiches gourmet de aplastarse. Este dise\u00f1o tambi\u00e9n ofrece una excelente retenci\u00f3n del calor y ayuda a absorber el exceso de grasa, garantizando una presentaci\u00f3n perfecta en todo momento.<\/p>\n<ul>\n<li>\n<p class=\"ds-markdown-paragraph\"><strong>Caracter\u00edsticas principales:<\/strong>\u00a0Rigidez superior, resistente a la grasa, excelente apilabilidad, material ecol\u00f3gico.<\/p>\n<\/li>\n<li>\n<p class=\"ds-markdown-paragraph\"><strong>Ideal para:<\/strong>\u00a0Bares de hamburguesas gourmet, pubs, food trucks y sandwicher\u00edas.<\/p>\n<\/li>\n<\/ul>\n<p class=\"ds-markdown-paragraph\"><strong>2. Cajas r\u00edgidas de papel s\u00e1ndwich: cl\u00e1sicas y seguras<\/strong><br \/>\nPara una soluci\u00f3n cl\u00e1sica y sin complicaciones, nuestra\u00a0<strong>Cajas r\u00edgidas de papel s\u00e1ndwich<\/strong>\u00a0Los recipientes ofrecen una apariencia limpia y profesional. Su robusta construcci\u00f3n evita que se doblen y goteen, lo que los convierte en una opci\u00f3n confiable para una variedad de productos de charcuter\u00eda, paninis y wraps.<\/p>\n<ul>\n<li>\n<p class=\"ds-markdown-paragraph\"><strong>Caracter\u00edsticas principales:<\/strong>\u00a0Construcci\u00f3n robusta, f\u00e1cil de montar, resistente a fugas, ideal para marca personalizada.<\/p>\n<\/li>\n<li>\n<p class=\"ds-markdown-paragraph\"><strong>Ideal para:<\/strong>\u00a0Delis, caf\u00e9s, cafeter\u00edas corporativas y programas de almuerzos escolares.<\/p>\n<\/li>\n<\/ul>\n<p class=\"ds-markdown-paragraph\"><strong>3. Cajas de papel transparentes para pasteles: exhibe tus creaciones<\/strong><br \/>\nDeja que tus productos horneados hablen por s\u00ed solos. Nuestros\u00a0<strong>Cajas de papel transparentes para pasteles<\/strong>\u00a0Tienen una ventana transparente o son totalmente transparentes, lo que permite a los clientes apreciar la calidad y el arte de sus pasteles, pasteles y postres incluso antes de abrir la caja. Esto genera anticipaci\u00f3n e impulsa las compras impulsivas.<\/p>\n<ul>\n<li>\n<p class=\"ds-markdown-paragraph\"><strong>Caracter\u00edsticas principales:<\/strong>\u00a0Visibilidad clara, construcci\u00f3n duradera, tapas con cierre seguro, mejora el atractivo del producto.<\/p>\n<\/li>\n<li>\n<p class=\"ds-markdown-paragraph\"><strong>Ideal para:<\/strong>\u00a0Panader\u00edas, pasteler\u00edas, confiter\u00edas y cafeter\u00edas.<\/p>\n<\/li>\n<\/ul>\n<h2><strong>\u00a0\u00bfPor qu\u00e9 elegir nuestro embalaje listo para usar?<\/strong><\/h2>\n<ul>\n<li>\n<p class=\"ds-markdown-paragraph\"><strong>Env\u00edo inmediato:<\/strong>\u00a0Disponemos de un amplio stock para una entrega r\u00e1pida, minimizando su tiempo de inactividad.<\/p>\n<\/li>\n<li>\n<p class=\"ds-markdown-paragraph\"><strong>Durabilidad garantizada:<\/strong>\u00a0Fabricado con materiales de alta calidad.\u00a0<strong>micro flauta<\/strong>\u00a0y cart\u00f3n r\u00edgido, nuestras cajas est\u00e1n dise\u00f1adas para durar.<\/p>\n<\/li>\n<li>\n<p class=\"ds-markdown-paragraph\"><strong>Elecci\u00f3n eco-consciente:<\/strong>\u00a0Todos los productos est\u00e1n elaborados con materiales reciclables y biodegradables siempre que sea posible.<\/p>\n<\/li>\n<li>\n<p class=\"ds-markdown-paragraph\"><strong>Comida para llevar lista:<\/strong>\u00a0Dise\u00f1ado espec\u00edficamente para los rigores de\u00a0<strong>llevar<\/strong>\u00a0y entrega de comida, garantizando que las comidas lleguen en perfectas condiciones.<\/p>\n<\/li>\n<li>\n<p class=\"ds-markdown-paragraph\"><strong>Listo para la marca:<\/strong>\u00a0El lienzo perfecto para sellos, pegatinas o etiquetas personalizadas para reforzar la identidad de tu marca.<\/p>\n<\/li>\n<\/ul>\n<h2><strong>\u00a0Perfecto para una amplia gama de negocios alimentarios<\/strong><\/h2>\n<p class=\"ds-markdown-paragraph\">Nuestro\u00a0<strong>Envases de alimentos listos para usar<\/strong>\u00a0cuenta con la confianza de:<\/p>\n<ul>\n<li>\n<p class=\"ds-markdown-paragraph\">Restaurantes de comida r\u00e1pida informal y food trucks<\/p>\n<\/li>\n<li>\n<p class=\"ds-markdown-paragraph\">Panader\u00edas y bares de postres<\/p>\n<\/li>\n<li>\n<p class=\"ds-markdown-paragraph\">Tiendas de delicatessen y s\u00e1ndwiches<\/p>\n<\/li>\n<li>\n<p class=\"ds-markdown-paragraph\">Empresas de catering y organizadores de eventos<\/p>\n<\/li>\n<li>\n<p class=\"ds-markdown-paragraph\">Bares de aperitivos y cafeter\u00edas<\/p>\n<\/li>\n<\/ul>\n<h2><strong>\u00a0\u00a1Ordene hoy mismo su embalaje listo para usar!<\/strong><\/h2>\n<p class=\"ds-markdown-paragraph\">Simplifique su cadena de suministro con soluciones de embalaje fiables y listas para enviar. Impulse su marca y garantice la satisfacci\u00f3n del cliente en cada pedido.<\/p>\n<p class=\"ds-markdown-paragraph\"><strong>Llamada a la acci\u00f3n:<\/strong><br \/>\n<strong>\u00a1Explore nuestro cat\u00e1logo de stock disponible y haga su pedido hoy mismo para un env\u00edo r\u00e1pido!<\/strong>\u00a0Para pedidos de grandes vol\u00famenes, cont\u00e1ctenos para obtener precios mayoristas exclusivos.<\/p>\n<p><img fetchpriority=\"high\" decoding=\"async\" class=\"alignnone size-full wp-image-30640\" src=\"https:\/\/championfmcgcorp.com\/wp-content\/uploads\/2025\/09\/burger_box002.avif\" alt=\"\" width=\"750\" height=\"750\" srcset=\"https:\/\/championfmcgcorp.com\/wp-content\/uploads\/2025\/09\/burger_box002.avif 750w, https:\/\/championfmcgcorp.com\/wp-content\/uploads\/2025\/09\/burger_box002-300x300.avif 300w, https:\/\/championfmcgcorp.com\/wp-content\/uploads\/2025\/09\/burger_box002-150x150.avif 150w, https:\/\/championfmcgcorp.com\/wp-content\/uploads\/2025\/09\/burger_box002-12x12.avif 12w, https:\/\/championfmcgcorp.com\/wp-content\/uploads\/2025\/09\/burger_box002-600x600.avif 600w\" sizes=\"(max-width: 750px) 100vw, 750px\" \/><\/p>\n<p><img decoding=\"async\" class=\"alignnone size-full wp-image-30639\" src=\"https:\/\/championfmcgcorp.com\/wp-content\/uploads\/2025\/09\/burger_box001.avif\" alt=\"\" width=\"750\" height=\"625\" srcset=\"https:\/\/championfmcgcorp.com\/wp-content\/uploads\/2025\/09\/burger_box001.avif 750w, https:\/\/championfmcgcorp.com\/wp-content\/uploads\/2025\/09\/burger_box001-360x300.avif 360w, https:\/\/championfmcgcorp.com\/wp-content\/uploads\/2025\/09\/burger_box001-14x12.avif 14w, https:\/\/championfmcgcorp.com\/wp-content\/uploads\/2025\/09\/burger_box001-600x500.avif 600w, https:\/\/championfmcgcorp.com\/wp-content\/uploads\/2025\/09\/burger_box001-150x125.avif 150w\" sizes=\"(max-width: 750px) 100vw, 750px\" \/><\/p>\n<p><img decoding=\"async\" class=\"alignnone size-full wp-image-30642\" src=\"https:\/\/championfmcgcorp.com\/wp-content\/uploads\/2025\/09\/burger_box004.avif\" alt=\"\" width=\"750\" height=\"800\" srcset=\"https:\/\/championfmcgcorp.com\/wp-content\/uploads\/2025\/09\/burger_box004.avif 750w, https:\/\/championfmcgcorp.com\/wp-content\/uploads\/2025\/09\/burger_box004-281x300.avif 281w, https:\/\/championfmcgcorp.com\/wp-content\/uploads\/2025\/09\/burger_box004-11x12.avif 11w, https:\/\/championfmcgcorp.com\/wp-content\/uploads\/2025\/09\/burger_box004-600x640.avif 600w, https:\/\/championfmcgcorp.com\/wp-content\/uploads\/2025\/09\/burger_box004-150x160.avif 150w\" sizes=\"(max-width: 750px) 100vw, 750px\" \/><\/p>\n<p><img loading=\"lazy\" decoding=\"async\" class=\"alignnone size-full wp-image-30643\" src=\"https:\/\/championfmcgcorp.com\/wp-content\/uploads\/2025\/09\/burger_box005.avif\" alt=\"\" width=\"750\" height=\"708\" srcset=\"https:\/\/championfmcgcorp.com\/wp-content\/uploads\/2025\/09\/burger_box005.avif 750w, https:\/\/championfmcgcorp.com\/wp-content\/uploads\/2025\/09\/burger_box005-318x300.avif 318w, https:\/\/championfmcgcorp.com\/wp-content\/uploads\/2025\/09\/burger_box005-13x12.avif 13w, https:\/\/championfmcgcorp.com\/wp-content\/uploads\/2025\/09\/burger_box005-600x566.avif 600w, https:\/\/championfmcgcorp.com\/wp-content\/uploads\/2025\/09\/burger_box005-150x142.avif 150w\" sizes=\"(max-width: 750px) 100vw, 750px\" \/><\/p>\n<div class=\"J_module\">\n<div id=\"ali-anchor-AliMagic-wv5hb0\" class=\"magic-0\" data-section=\"AliMagic-wv5hb0\" data-section-title=\"Specification\" data-spm-anchor-id=\"a2700.details-description.0.i9.1411Vp9VVp9V4J\">Especificaci\u00f3n<\/div>\n<\/div>\n<div class=\"J_module\">\n<div class=\"ife-detail-decorate-table\">\n<table class=\"has-title all magic-10\" style=\"height: 463px;\" width=\"747\">\n<tbody>\n<tr>\n<td colspan=\"1\" rowspan=\"1\">\n<div class=\"magic-11\">art\u00edculo<\/div>\n<\/td>\n<td colspan=\"1\" rowspan=\"1\">\n<div class=\"magic-12\">Caja para alimentos de cart\u00f3n microcanal de triple capa con tapa tipo concha<\/div>\n<\/td>\n<\/tr>\n<tr>\n<td colspan=\"1\" rowspan=\"1\">\n<div class=\"magic-11\">Lugar de origen<\/div>\n<\/td>\n<td colspan=\"1\" rowspan=\"1\">\n<div class=\"magic-12\">Porcelana<\/div>\n<\/td>\n<\/tr>\n<tr>\n<td colspan=\"1\" rowspan=\"1\">\n<div class=\"magic-11\" data-spm-anchor-id=\"a2700.details-description.0.i7.1411Vp9VVp9V4J\"><\/div>\n<\/td>\n<td colspan=\"1\" rowspan=\"1\">\n<div class=\"magic-12\">Fujian<\/div>\n<\/td>\n<\/tr>\n<tr>\n<td colspan=\"1\" rowspan=\"1\">\n<div class=\"magic-11\">Nombre de marca<\/div>\n<\/td>\n<td colspan=\"1\" rowspan=\"1\">\n<div class=\"magic-12\">CERO FUGAS<\/div>\n<\/td>\n<\/tr>\n<tr>\n<td colspan=\"1\" rowspan=\"1\">\n<div class=\"magic-11\">N\u00famero de modelo<\/div>\n<\/td>\n<td colspan=\"1\" rowspan=\"1\">\n<div class=\"magic-12\">hamburguesa, merienda, familia, cena<\/div>\n<\/td>\n<\/tr>\n<tr>\n<td colspan=\"1\" rowspan=\"1\">\n<div class=\"magic-11\">Uso industrial<\/div>\n<\/td>\n<td colspan=\"1\" rowspan=\"1\">\n<div class=\"magic-12\">Alimento<\/div>\n<\/td>\n<\/tr>\n<tr>\n<td colspan=\"1\" rowspan=\"1\">\n<div class=\"magic-11\"><\/div>\n<\/td>\n<td colspan=\"1\" rowspan=\"1\">\n<div class=\"magic-12\" data-spm-anchor-id=\"a2700.details-description.0.i6.1411Vp9VVp9V4J\">Hamburguesa, pan, sushi, s\u00e1ndwich, pastel, refrigerio, pizza, galleta, papas fritas, nueces y granos, otros alimentos<\/div>\n<\/td>\n<\/tr>\n<tr>\n<td colspan=\"1\" rowspan=\"1\">\n<div class=\"magic-11\">Tipo de papel<\/div>\n<\/td>\n<td colspan=\"1\" rowspan=\"1\">\n<div class=\"magic-12\">Microflauta\/ondulado\/corrugado de triple capa<\/div>\n<\/td>\n<\/tr>\n<tr>\n<td colspan=\"1\" rowspan=\"1\">\n<div class=\"magic-11\">Manejo de impresi\u00f3n<\/div>\n<\/td>\n<td colspan=\"1\" rowspan=\"1\">\n<div class=\"magic-12\">Laminaci\u00f3n mate<\/div>\n<\/td>\n<\/tr>\n<tr>\n<td colspan=\"1\" rowspan=\"1\">\n<div class=\"magic-11\">Pedido personalizado<\/div>\n<\/td>\n<td colspan=\"1\" rowspan=\"1\">\n<div class=\"magic-12\">Aceptar<\/div>\n<\/td>\n<\/tr>\n<tr>\n<td colspan=\"1\" rowspan=\"1\">\n<div class=\"magic-11\">Caracter\u00edstica<\/div>\n<\/td>\n<td colspan=\"1\" rowspan=\"1\">\n<div class=\"magic-12\">Reciclable, compostable, ecol\u00f3gico, de calidad alimentaria.<\/div>\n<\/td>\n<\/tr>\n<tr>\n<td colspan=\"1\" rowspan=\"1\">\n<div class=\"magic-11\">Forma<\/div>\n<\/td>\n<td colspan=\"1\" rowspan=\"1\">\n<div class=\"magic-12\">cuadrado, rect\u00e1ngulo<\/div>\n<\/td>\n<\/tr>\n<tr>\n<td colspan=\"1\" rowspan=\"1\">\n<div class=\"magic-11\">Tipo de caja<\/div>\n<\/td>\n<td colspan=\"1\" rowspan=\"1\">\n<div class=\"magic-12\">Cajas r\u00edgidas<\/div>\n<\/td>\n<\/tr>\n<tr>\n<td colspan=\"1\" rowspan=\"1\">\n<div class=\"magic-11\">Material<\/div>\n<\/td>\n<td colspan=\"1\" rowspan=\"1\">\n<div class=\"magic-12\">papel ondulado\/acanalado<\/div>\n<\/td>\n<\/tr>\n<tr>\n<td colspan=\"1\" rowspan=\"1\">\n<div class=\"magic-11\">Uso<\/div>\n<\/td>\n<td colspan=\"1\" rowspan=\"1\">\n<div class=\"magic-12\">Paquete de comida, hamburguesa, refrigerio, cena,<\/div>\n<\/td>\n<\/tr>\n<tr>\n<td colspan=\"1\" rowspan=\"1\">\n<div class=\"magic-11\">Impresi\u00f3n<\/div>\n<\/td>\n<td colspan=\"1\" rowspan=\"1\">\n<div class=\"magic-12\">Impresi\u00f3n flexogr\u00e1fica<\/div>\n<div><\/div>\n<\/td>\n<\/tr>\n<\/tbody>\n<\/table>\n<p><img loading=\"lazy\" decoding=\"async\" class=\"alignnone size-full wp-image-30644\" src=\"https:\/\/championfmcgcorp.com\/wp-content\/uploads\/2025\/09\/burger_box006.avif\" alt=\"\" width=\"800\" height=\"593\" srcset=\"https:\/\/championfmcgcorp.com\/wp-content\/uploads\/2025\/09\/burger_box006.avif 2560w, https:\/\/championfmcgcorp.com\/wp-content\/uploads\/2025\/09\/burger_box006-400x297.avif 400w, https:\/\/championfmcgcorp.com\/wp-content\/uploads\/2025\/09\/burger_box006-1078x800.avif 1078w, https:\/\/championfmcgcorp.com\/wp-content\/uploads\/2025\/09\/burger_box006-768x570.avif 768w, https:\/\/championfmcgcorp.com\/wp-content\/uploads\/2025\/09\/burger_box006-1536x1140.avif 1536w, https:\/\/championfmcgcorp.com\/wp-content\/uploads\/2025\/09\/burger_box006-2048x1520.avif 2048w, https:\/\/championfmcgcorp.com\/wp-content\/uploads\/2025\/09\/burger_box006-16x12.avif 16w, https:\/\/championfmcgcorp.com\/wp-content\/uploads\/2025\/09\/burger_box006-600x445.avif 600w, https:\/\/championfmcgcorp.com\/wp-content\/uploads\/2025\/09\/burger_box006-1200x891.avif 1200w, https:\/\/championfmcgcorp.com\/wp-content\/uploads\/2025\/09\/burger_box006-150x111.avif 150w\" sizes=\"(max-width: 800px) 100vw, 800px\" \/><\/p>\n<\/div>\n<\/div>","protected":false},"excerpt":{"rendered":"<p>Prep\u00e1rese para abastecerse de envases desechables para alimentos, incluyendo cajas de hamburguesas micro flauta, cajas r\u00edgidas, papel para s\u00e1ndwiches y cajas transparentes para pasteles. Ideales para negocios de comida para llevar. Env\u00edo el mismo d\u00eda disponible. Descuentos por volumen.<\/p>","protected":false},"featured_media":30638,"comment_status":"open","ping_status":"closed","template":"","meta":[],"product_brand":[],"product_cat":[122,145,143,130,132],"product_tag":[],"class_list":{"0":"post-30783","1":"product","2":"type-product","3":"status-publish","4":"has-post-thumbnail","6":"product_cat-by-market","7":"product_cat-burger-boxes","8":"product_cat-disposable-food-containers","9":"product_cat-fast-food-restaurant","10":"product_cat-fried-chicken-restaurant","12":"first","13":"instock","14":"shipping-taxable","15":"product-type-simple"},"_links":{"self":[{"href":"https:\/\/championfmcgcorp.com\/es\/wp-json\/wp\/v2\/product\/30783","targetHints":{"allow":["GET"]}}],"collection":[{"href":"https:\/\/championfmcgcorp.com\/es\/wp-json\/wp\/v2\/product"}],"about":[{"href":"https:\/\/championfmcgcorp.com\/es\/wp-json\/wp\/v2\/types\/product"}],"replies":[{"embeddable":true,"href":"https:\/\/championfmcgcorp.com\/es\/wp-json\/wp\/v2\/comments?post=30783"}],"version-history":[{"count":4,"href":"https:\/\/championfmcgcorp.com\/es\/wp-json\/wp\/v2\/product\/30783\/revisions"}],"predecessor-version":[{"id":31530,"href":"https:\/\/championfmcgcorp.com\/es\/wp-json\/wp\/v2\/product\/30783\/revisions\/31530"}],"wp:featuredmedia":[{"embeddable":true,"href":"https:\/\/championfmcgcorp.com\/es\/wp-json\/wp\/v2\/media\/30638"}],"wp:attachment":[{"href":"https:\/\/championfmcgcorp.com\/es\/wp-json\/wp\/v2\/media?parent=30783"}],"wp:term":[{"taxonomy":"product_brand","embeddable":true,"href":"https:\/\/championfmcgcorp.com\/es\/wp-json\/wp\/v2\/product_brand?post=30783"},{"taxonomy":"product_cat","embeddable":true,"href":"https:\/\/championfmcgcorp.com\/es\/wp-json\/wp\/v2\/product_cat?post=30783"},{"taxonomy":"product_tag","embeddable":true,"href":"https:\/\/championfmcgcorp.com\/es\/wp-json\/wp\/v2\/product_tag?post=30783"}],"curies":[{"name":"wp","href":"https:\/\/api.w.org\/{rel}","templated":true}]}}