{"id":30772,"date":"2025-10-01T11:10:56","date_gmt":"2025-10-01T11:10:56","guid":{"rendered":"https:\/\/ecopackware.com\/?post_type=product&#038;p=30772"},"modified":"2025-10-03T14:05:11","modified_gmt":"2025-10-03T14:05:11","slug":"caja-de-papel-kraft-recubierto-para-barco-personalizacion-de-alimentos-desechables-bandeja-de-papel-para-pan-precio-al-por-mayor-barato-230-g","status":"publish","type":"product","link":"https:\/\/championfmcgcorp.com\/es\/producto\/caja-de-papel-kraft-recubierto-para-barco-personalizacion-de-alimentos-desechables-bandeja-de-papel-para-pan-precio-al-por-mayor-barato-230-g\/","title":{"rendered":"Bandejas de papel kraft recubierto personalizadas para barcos de 230 g | Envases de alimentos al por mayor"},"content":{"rendered":"<h1><strong>\u00a0Resistentes y sostenibles: bandejas para barcos de papel kraft recubierto a medida<\/strong><\/h1>\n<p class=\"ds-markdown-paragraph\"><strong>Mejora la presentaci\u00f3n de tus alimentos<\/strong>\u00a0con nuestro vers\u00e1til y resistente\u00a0<strong>Bandejas para barcos de papel kraft recubierto<\/strong>Dise\u00f1adas para imitar la cl\u00e1sica forma de &quot;barco&quot;, estas bandejas ofrecen una forma \u00fanica y pr\u00e1ctica de servir una variedad de alimentos. Elaboradas con materiales de alta calidad.\u00a0<strong>Papel de 230 g<\/strong>Ofrecen la combinaci\u00f3n perfecta de encanto r\u00fastico y durabilidad moderna, lo que los convierte en una opci\u00f3n ideal para empresas que buscan soluciones ecol\u00f3gicas y confiables.\u00a0<strong>envases de alimentos desechables<\/strong>.<\/p>\n<h2><strong>Dise\u00f1ado para rendir: la durabilidad se une a la funcionalidad<\/strong><\/h2>\n<p class=\"ds-markdown-paragraph\">Nuestras bandejas de papel con forma de barco est\u00e1n dise\u00f1adas para manipular alimentos calientes y grasosos sin comprometer su estructura ni apariencia.<\/p>\n<ul>\n<li>\n<p class=\"ds-markdown-paragraph\"><strong>Papel Premium de 230 g. Construcci\u00f3n:<\/strong>\u00a0El de servicio pesado\u00a0<strong>Papel kraft de 230 g<\/strong>\u00a0Garantiza una resistencia y rigidez superiores, evitando que se empapen y goteen. Esto los hace lo suficientemente resistentes para alimentos h\u00famedos, grasosos o pesados.<\/p>\n<\/li>\n<li>\n<p class=\"ds-markdown-paragraph\"><strong>Recubrimiento de PE eficaz:<\/strong>\u00a0El interior cuenta con un fino y funcional revestimiento de polietileno (PE). Esta capa crucial proporciona una excelente\u00a0<strong>resistencia al aceite y la humedad<\/strong>, manteniendo su embalaje intacto y presentable a la vez que protege el papel de la grasa y la condensaci\u00f3n.<\/p>\n<\/li>\n<li>\n<p class=\"ds-markdown-paragraph\"><strong>Forma estable del barco:<\/strong>\u00a0Su exclusivo dise\u00f1o c\u00f3nico proporciona una base estable que evita que se vuelque, mientras que su amplia abertura facilita el acceso a los clientes. Su forma es perfecta para sujetar de forma segura art\u00edculos como pan, patatas fritas y s\u00e1ndwiches.<\/p>\n<\/li>\n<\/ul>\n<h2><strong>Vers\u00e1til e ideal para una amplia gama de alimentos.<\/strong><\/h2>\n<p class=\"ds-markdown-paragraph\">El cl\u00e1sico\u00a0<strong>bandeja de barquitos de papel<\/strong>\u00a0Es un producto vers\u00e1til para cualquier negocio de servicios de alimentaci\u00f3n. Es ideal para:<\/p>\n<ul>\n<li>\n<p class=\"ds-markdown-paragraph\"><strong>Panader\u00eda y Pasteler\u00eda:<\/strong>\u00a0Baguettes, panecillos, croissants y pasteles.<\/p>\n<\/li>\n<li>\n<p class=\"ds-markdown-paragraph\"><strong>Comida r\u00e1pida y acompa\u00f1amientos:<\/strong>\u00a0Papas fritas, aros de cebolla, nuggets de pollo y alitas.<\/p>\n<\/li>\n<li>\n<p class=\"ds-markdown-paragraph\"><strong>Snacks y aperitivos:<\/strong>\u00a0Palomitas de ma\u00edz, nachos y dulces.<\/p>\n<\/li>\n<li>\n<p class=\"ds-markdown-paragraph\"><strong>Comida callejera:<\/strong>\u00a0Una opci\u00f3n popular para los camiones de comida que sirven perritos calientes gourmet, kebabs o patatas fritas cargadas.<\/p>\n<\/li>\n<\/ul>\n<h2><strong>Caracter\u00edsticas principales y beneficios comerciales<\/strong><\/h2>\n<ul>\n<li>\n<p class=\"ds-markdown-paragraph\"><strong>Atractivo ecol\u00f3gico:<\/strong>\u00a0Hecho de\u00a0<strong>papel kraft<\/strong>, un material conocido por sus cualidades naturales, reciclables y compostables (dependiendo del reciclaje local para papel recubierto), atractivo para los consumidores conscientes del medio ambiente.<\/p>\n<\/li>\n<li>\n<p class=\"ds-markdown-paragraph\"><strong>Marca personalizable:<\/strong>\u00a0Estas bandejas sirven como un lienzo perfecto para tu marca. Ofrecemos\u00a0<strong>impresi\u00f3n personalizada<\/strong>\u00a0de su logotipo, colores de marca y dise\u00f1os, convirtiendo cada pedido en una poderosa herramienta de marketing.<\/p>\n<\/li>\n<li>\n<p class=\"ds-markdown-paragraph\"><strong>Precio mayorista rentable:<\/strong>\u00a0Como un\u00a0<strong>venta al por mayor barata<\/strong>\u00a0Soluci\u00f3n: estas bandejas ofrecen un valor excepcional y le ayudan a gestionar los costos de manera eficaz sin sacrificar la calidad, especialmente cuando se compran al por mayor.<\/p>\n<\/li>\n<li>\n<p class=\"ds-markdown-paragraph\"><strong>Ligero y apilable:<\/strong>\u00a0Dise\u00f1ado para un almacenamiento y transporte eficientes, ahorr\u00e1ndole valioso espacio en su \u00e1rea de operaciones y reduciendo los costos de env\u00edo.<\/p>\n<\/li>\n<\/ul>\n<h2><strong>Perfecto para diversos negocios<\/strong><\/h2>\n<p class=\"ds-markdown-paragraph\">Nuestro\u00a0<strong>barquitos de comida desechables<\/strong>\u00a0cuentan con la confianza de una amplia gama de establecimientos:<\/p>\n<ul>\n<li>\n<p class=\"ds-markdown-paragraph\">Camiones de comida y vendedores ambulantes<\/p>\n<\/li>\n<li>\n<p class=\"ds-markdown-paragraph\">Restaurantes de comida r\u00e1pida informal y bares de aperitivos<\/p>\n<\/li>\n<li>\n<p class=\"ds-markdown-paragraph\">Cines, estadios y catering para eventos<\/p>\n<\/li>\n<li>\n<p class=\"ds-markdown-paragraph\">Panader\u00eda y cafeter\u00edas<\/p>\n<\/li>\n<li>\n<p class=\"ds-markdown-paragraph\">Distribuidores mayoristas y proveedores de envases<\/p>\n<\/li>\n<\/ul>\n<h2><strong>\u00a1Ordene hoy sus bandejas de barco de papel personalizadas!<\/strong><\/h2>\n<p class=\"ds-markdown-paragraph\">Impresione a sus clientes y agilice su servicio con nuestras bandejas de papel para barcos de alta calidad e impresi\u00f3n personalizada. Nos especializamos en ofrecer soluciones a granel a precios competitivos.\u00a0<strong>precios al por mayor<\/strong>.<\/p>\n<h2><strong>Llamada a la acci\u00f3n:<\/strong><\/h2>\n<p><strong>\u00a1Cont\u00e1ctenos hoy para una cotizaci\u00f3n gratuita y sin compromiso!<\/strong>\u00a0Analicemos sus opciones de personalizaci\u00f3n y c\u00f3mo nuestras bandejas de barco de papel kraft recubierto de 230 g pueden mejorar su envasado de alimentos.<\/p>\n<p><img fetchpriority=\"high\" decoding=\"async\" class=\"alignnone size-full wp-image-30685\" src=\"https:\/\/championfmcgcorp.com\/wp-content\/uploads\/2025\/09\/Ship_box007.avif\" alt=\"\" width=\"800\" height=\"800\" srcset=\"https:\/\/championfmcgcorp.com\/wp-content\/uploads\/2025\/09\/Ship_box007.avif 600w, https:\/\/championfmcgcorp.com\/wp-content\/uploads\/2025\/09\/Ship_box007-300x300.avif 300w, https:\/\/championfmcgcorp.com\/wp-content\/uploads\/2025\/09\/Ship_box007-150x150.avif 150w, https:\/\/championfmcgcorp.com\/wp-content\/uploads\/2025\/09\/Ship_box007-12x12.avif 12w\" sizes=\"(max-width: 800px) 100vw, 800px\" \/><\/p>\n<p><img decoding=\"async\" class=\"alignnone size-full wp-image-30684\" src=\"https:\/\/championfmcgcorp.com\/wp-content\/uploads\/2025\/09\/Ship_box006.avif\" alt=\"\" width=\"800\" height=\"800\" srcset=\"https:\/\/championfmcgcorp.com\/wp-content\/uploads\/2025\/09\/Ship_box006.avif 750w, https:\/\/championfmcgcorp.com\/wp-content\/uploads\/2025\/09\/Ship_box006-300x300.avif 300w, https:\/\/championfmcgcorp.com\/wp-content\/uploads\/2025\/09\/Ship_box006-150x150.avif 150w, https:\/\/championfmcgcorp.com\/wp-content\/uploads\/2025\/09\/Ship_box006-12x12.avif 12w, https:\/\/championfmcgcorp.com\/wp-content\/uploads\/2025\/09\/Ship_box006-600x600.avif 600w\" sizes=\"(max-width: 800px) 100vw, 800px\" \/><\/p>\n<p><img decoding=\"async\" class=\"alignnone size-full wp-image-30681\" src=\"https:\/\/championfmcgcorp.com\/wp-content\/uploads\/2025\/09\/Ship_box003.avif\" alt=\"\" width=\"800\" height=\"800\" srcset=\"https:\/\/championfmcgcorp.com\/wp-content\/uploads\/2025\/09\/Ship_box003.avif 800w, https:\/\/championfmcgcorp.com\/wp-content\/uploads\/2025\/09\/Ship_box003-300x300.avif 300w, https:\/\/championfmcgcorp.com\/wp-content\/uploads\/2025\/09\/Ship_box003-150x150.avif 150w, https:\/\/championfmcgcorp.com\/wp-content\/uploads\/2025\/09\/Ship_box003-768x768.avif 768w, https:\/\/championfmcgcorp.com\/wp-content\/uploads\/2025\/09\/Ship_box003-12x12.avif 12w, https:\/\/championfmcgcorp.com\/wp-content\/uploads\/2025\/09\/Ship_box003-600x600.avif 600w\" sizes=\"(max-width: 800px) 100vw, 800px\" \/><\/p>\n<p><img loading=\"lazy\" decoding=\"async\" class=\"alignnone size-full wp-image-30682\" src=\"https:\/\/championfmcgcorp.com\/wp-content\/uploads\/2025\/09\/Ship_box004.avif\" alt=\"\" width=\"800\" height=\"251\" srcset=\"https:\/\/championfmcgcorp.com\/wp-content\/uploads\/2025\/09\/Ship_box004.avif 666w, https:\/\/championfmcgcorp.com\/wp-content\/uploads\/2025\/09\/Ship_box004-400x126.avif 400w, https:\/\/championfmcgcorp.com\/wp-content\/uploads\/2025\/09\/Ship_box004-18x6.avif 18w, https:\/\/championfmcgcorp.com\/wp-content\/uploads\/2025\/09\/Ship_box004-600x188.avif 600w, https:\/\/championfmcgcorp.com\/wp-content\/uploads\/2025\/09\/Ship_box004-150x47.avif 150w\" sizes=\"(max-width: 800px) 100vw, 800px\" \/><\/p>\n<p>&nbsp;<\/p>","protected":false},"excerpt":{"rendered":"<p>Consigue bandejas de papel kraft estucado con impresi\u00f3n personalizada. Nuestras bandejas de 230 g, resistentes a la grasa y a la humedad, son perfectas para panader\u00edas y reparto a domicilio. Precios al por mayor para pedidos al por mayor. Personaliza el tama\u00f1o, la forma e imprime tu logotipo.<\/p>","protected":false},"featured_media":30678,"comment_status":"open","ping_status":"closed","template":"","meta":[],"product_brand":[],"product_cat":[132,126,143,130,148,155,146,161],"product_tag":[],"class_list":{"0":"post-30772","1":"product","2":"type-product","3":"status-publish","4":"has-post-thumbnail","6":"product_cat-fried-chicken-restaurant","7":"product_cat-bakery-shop","8":"product_cat-disposable-food-containers","9":"product_cat-fast-food-restaurant","10":"product_cat-fried-chicken-french-fries","11":"product_cat-paper-food-boxes","12":"product_cat-paper-snack-boxes","13":"product_cat-sushi-boxes","15":"first","16":"instock","17":"shipping-taxable","18":"product-type-simple"},"_links":{"self":[{"href":"https:\/\/championfmcgcorp.com\/es\/wp-json\/wp\/v2\/product\/30772","targetHints":{"allow":["GET"]}}],"collection":[{"href":"https:\/\/championfmcgcorp.com\/es\/wp-json\/wp\/v2\/product"}],"about":[{"href":"https:\/\/championfmcgcorp.com\/es\/wp-json\/wp\/v2\/types\/product"}],"replies":[{"embeddable":true,"href":"https:\/\/championfmcgcorp.com\/es\/wp-json\/wp\/v2\/comments?post=30772"}],"version-history":[{"count":7,"href":"https:\/\/championfmcgcorp.com\/es\/wp-json\/wp\/v2\/product\/30772\/revisions"}],"predecessor-version":[{"id":31524,"href":"https:\/\/championfmcgcorp.com\/es\/wp-json\/wp\/v2\/product\/30772\/revisions\/31524"}],"wp:featuredmedia":[{"embeddable":true,"href":"https:\/\/championfmcgcorp.com\/es\/wp-json\/wp\/v2\/media\/30678"}],"wp:attachment":[{"href":"https:\/\/championfmcgcorp.com\/es\/wp-json\/wp\/v2\/media?parent=30772"}],"wp:term":[{"taxonomy":"product_brand","embeddable":true,"href":"https:\/\/championfmcgcorp.com\/es\/wp-json\/wp\/v2\/product_brand?post=30772"},{"taxonomy":"product_cat","embeddable":true,"href":"https:\/\/championfmcgcorp.com\/es\/wp-json\/wp\/v2\/product_cat?post=30772"},{"taxonomy":"product_tag","embeddable":true,"href":"https:\/\/championfmcgcorp.com\/es\/wp-json\/wp\/v2\/product_tag?post=30772"}],"curies":[{"name":"wp","href":"https:\/\/api.w.org\/{rel}","templated":true}]}}