{"id":30769,"date":"2025-10-01T12:22:15","date_gmt":"2025-10-01T12:22:15","guid":{"rendered":"https:\/\/ecopackware.com\/?post_type=product&#038;p=30769"},"modified":"2025-10-03T14:11:00","modified_gmt":"2025-10-03T14:11:00","slug":"platillo-de-cafe-de-papel-kraft-ligero-y-duradero-con-base-reforzada-apilable-resistente-al-calor-anticondensacion-y-antiderrames","status":"publish","type":"product","link":"https:\/\/championfmcgcorp.com\/es\/producto\/platillo-de-cafe-de-papel-kraft-ligero-y-duradero-con-base-reforzada-apilable-resistente-al-calor-anticondensacion-y-antiderrames\/","title":{"rendered":"Platillo de caf\u00e9 de papel kraft ligero, duradero, con base reforzada, apilable, resistente al calor, anticondensaci\u00f3n y antiderrames."},"content":{"rendered":"<h1><strong>Dise\u00f1ado para la excelencia: el platillo de caf\u00e9 de papel kraft reforzado<\/strong><\/h1>\n<p class=\"ds-markdown-paragraph\">Afronte los desaf\u00edos de un servicio de caf\u00e9 ajetreado con nuestro innovador\u00a0<strong>Platillo de caf\u00e9 de papel kraft<\/strong>Hemos reinventado el tradicional posavasos para caf\u00e9 para crear un producto que no solo es ecol\u00f3gico, sino tambi\u00e9n excepcionalmente funcional. Dise\u00f1ado con un\u00a0<strong>base reforzada<\/strong>\u00a0y funciones avanzadas como\u00a0<strong>anticondensaci\u00f3n<\/strong>\u00a0y\u00a0<strong>antiderrames<\/strong>\u00a0Protecci\u00f3n, este platillo garantiza una experiencia limpia, profesional y sostenible para cada taza que sirva.<\/p>\n<h2><strong>Dise\u00f1o superior para una experiencia del cliente impecable<\/strong><\/h2>\n<p class=\"ds-markdown-paragraph\">Este platillo est\u00e1 dise\u00f1ado para resolver los problemas m\u00e1s comunes del caf\u00e9 para llevar, protegiendo la imagen de su marca en cada porci\u00f3n.<\/p>\n<ul>\n<li>\n<p class=\"ds-markdown-paragraph\"><strong>Dise\u00f1o anticondensaci\u00f3n y antiderrames:<\/strong>\u00a0La superficie con tratamiento especial y el borde elevado contienen eficazmente la humedad y evitan que la condensaci\u00f3n gotee sobre las manos o las mesas de los clientes. Esto mantiene las superficies secas y limpias, mejorando la comodidad del cliente.<\/p>\n<\/li>\n<li>\n<p class=\"ds-markdown-paragraph\"><strong>Base resistente y resistente al calor:<\/strong>\u00a0No dejes que su ligereza te enga\u00f1e.\u00a0<strong>base reforzada<\/strong>\u00a0Proporciona una estabilidad y resistencia al calor excepcionales, protegiendo las superficies de las tazas calientes y evitando cualquier riesgo de que el platillo se doble o pierda la forma.<\/p>\n<\/li>\n<li>\n<p class=\"ds-markdown-paragraph\"><strong>Altamente apilable y ahorra espacio:<\/strong>\u00a0Dise\u00f1ados para la eficiencia en entornos de alto volumen, nuestros platillos se apilan y encajan perfectamente. Esto ahorra espacio crucial en la encimera y el \u00e1rea de almacenamiento, lo que los hace ideales para cafeter\u00edas concurridas, autoservicios y estaciones de caf\u00e9 en oficinas.<\/p>\n<\/li>\n<\/ul>\n<h2><strong>Caracter\u00edsticas principales y beneficios comerciales de un vistazo<\/strong><\/h2>\n<ul>\n<li>\n<p class=\"ds-markdown-paragraph\"><strong>Ligero pero duradero:<\/strong>\u00a0Ofrece el f\u00e1cil manejo del papel con la resistencia y rigidez necesarias para el uso diario.<\/p>\n<\/li>\n<li>\n<p class=\"ds-markdown-paragraph\"><strong>Base reforzada:<\/strong>\u00a0Garantiza la m\u00e1xima estabilidad y evita la flacidez, incluso con tama\u00f1os de copa m\u00e1s grandes.<\/p>\n<\/li>\n<li>\n<p class=\"ds-markdown-paragraph\"><strong>A prueba de calor:<\/strong>\u00a0Acomoda de forma segura tazas de caf\u00e9 calientes sin comprometer la integridad del platillo.<\/p>\n<\/li>\n<li>\n<p class=\"ds-markdown-paragraph\"><strong>Anticondensaci\u00f3n:<\/strong>\u00a0Una caracter\u00edstica f\u00e1cil de usar que elimina los molestos anillos de agua.<\/p>\n<\/li>\n<li>\n<p class=\"ds-markdown-paragraph\"><strong>Borde antiderrames:<\/strong>\u00a0Contiene peque\u00f1os derrames y goteos, manteniendo una presentaci\u00f3n ordenada.<\/p>\n<\/li>\n<li>\n<p class=\"ds-markdown-paragraph\"><strong>Material eco-consciente:<\/strong>\u00a0Hecho de materiales sostenibles\u00a0<strong>papel kraft<\/strong>, apelando a los consumidores conscientes del medio ambiente.<\/p>\n<\/li>\n<li>\n<p class=\"ds-markdown-paragraph\"><strong>Oportunidad de marca:<\/strong>\u00a0La superficie plana es un lienzo perfecto para su logotipo o marca personalizada, convirtiendo un art\u00edculo funcional en una poderosa herramienta de marketing.<\/p>\n<\/li>\n<\/ul>\n<h2><strong>Ideal para una amplia gama de aplicaciones<\/strong><\/h2>\n<p class=\"ds-markdown-paragraph\">Nuestro\u00a0<strong>platillos de caf\u00e9 apilables<\/strong>\u00a0Son la opci\u00f3n perfecta para cualquier negocio que sirva bebidas calientes:<\/p>\n<ul>\n<li>\n<p class=\"ds-markdown-paragraph\">Cafeter\u00edas y caf\u00e9s de especialidad<\/p>\n<\/li>\n<li>\n<p class=\"ds-markdown-paragraph\">Despensas de oficina y catering corporativo<\/p>\n<\/li>\n<li>\n<p class=\"ds-markdown-paragraph\">Servicio de habitaciones y vest\u00edbulos de hoteles<\/p>\n<\/li>\n<li>\n<p class=\"ds-markdown-paragraph\">Restaurantes de comida r\u00e1pida informal con cafeter\u00eda<\/p>\n<\/li>\n<li>\n<p class=\"ds-markdown-paragraph\">Catering para eventos y bodas<\/p>\n<\/li>\n<\/ul>\n<h2><strong>Mejore su servicio de bebidas hoy<\/strong><\/h2>\n<p class=\"ds-markdown-paragraph\">Cambia tus fr\u00e1giles e ineficientes posavasos por un platillo que trabaja tan duro como t\u00fa. Nuestro\u00a0<strong>platillos de caf\u00e9 resistentes al calor<\/strong>\u00a0Ofrecemos una soluci\u00f3n rentable, profesional y sostenible para sus necesidades de servicio de bebidas.<\/p>\n<p class=\"ds-markdown-paragraph\"><strong>Llamada a la acci\u00f3n:<\/strong><br \/>\n<strong>\u00bfEst\u00e1 interesado en una muestra al por mayor o en conocer los precios?<\/strong>\u00a0Cont\u00e1ctenos hoy para solicitar una cotizaci\u00f3n y descubrir c\u00f3mo nuestros platillos de caf\u00e9 de papel kraft reforzado pueden beneficiar su negocio.<\/p>\n<p><img fetchpriority=\"high\" decoding=\"async\" class=\"alignnone size-full wp-image-30525\" src=\"https:\/\/championfmcgcorp.com\/wp-content\/uploads\/2025\/09\/Carry-the-cup-holder005.avif\" alt=\"\" width=\"800\" height=\"710\" srcset=\"https:\/\/championfmcgcorp.com\/wp-content\/uploads\/2025\/09\/Carry-the-cup-holder005.avif 987w, https:\/\/championfmcgcorp.com\/wp-content\/uploads\/2025\/09\/Carry-the-cup-holder005-338x300.avif 338w, https:\/\/championfmcgcorp.com\/wp-content\/uploads\/2025\/09\/Carry-the-cup-holder005-900x800.avif 900w, https:\/\/championfmcgcorp.com\/wp-content\/uploads\/2025\/09\/Carry-the-cup-holder005-768x682.avif 768w, https:\/\/championfmcgcorp.com\/wp-content\/uploads\/2025\/09\/Carry-the-cup-holder005-14x12.avif 14w, https:\/\/championfmcgcorp.com\/wp-content\/uploads\/2025\/09\/Carry-the-cup-holder005-600x533.avif 600w, https:\/\/championfmcgcorp.com\/wp-content\/uploads\/2025\/09\/Carry-the-cup-holder005-150x133.avif 150w\" sizes=\"(max-width: 800px) 100vw, 800px\" \/><\/p>\n<p><img decoding=\"async\" class=\"alignnone size-full wp-image-30522\" src=\"https:\/\/championfmcgcorp.com\/wp-content\/uploads\/2025\/09\/Carry-the-cup-holder002.avif\" alt=\"\" width=\"800\" height=\"749\" srcset=\"https:\/\/championfmcgcorp.com\/wp-content\/uploads\/2025\/09\/Carry-the-cup-holder002.avif 945w, https:\/\/championfmcgcorp.com\/wp-content\/uploads\/2025\/09\/Carry-the-cup-holder002-320x300.avif 320w, https:\/\/championfmcgcorp.com\/wp-content\/uploads\/2025\/09\/Carry-the-cup-holder002-854x800.avif 854w, https:\/\/championfmcgcorp.com\/wp-content\/uploads\/2025\/09\/Carry-the-cup-holder002-768x719.avif 768w, https:\/\/championfmcgcorp.com\/wp-content\/uploads\/2025\/09\/Carry-the-cup-holder002-13x12.avif 13w, https:\/\/championfmcgcorp.com\/wp-content\/uploads\/2025\/09\/Carry-the-cup-holder002-600x562.avif 600w, https:\/\/championfmcgcorp.com\/wp-content\/uploads\/2025\/09\/Carry-the-cup-holder002-150x140.avif 150w\" sizes=\"(max-width: 800px) 100vw, 800px\" \/><\/p>","protected":false},"excerpt":{"rendered":"<p>Nuestro ligero y duradero plato de caf\u00e9 de papel kraft cuenta con una base reforzada. Es apilable, resistente al calor y anticondensaci\u00f3n. Perfecto para cafeter\u00edas y oficinas. \u00a1Solicite una cotizaci\u00f3n al por mayor!<\/p>","protected":false},"featured_media":30519,"comment_status":"open","ping_status":"closed","template":"","meta":[],"product_brand":[],"product_cat":[122,129,138,139,151],"product_tag":[],"class_list":{"0":"post-30769","1":"product","2":"type-product","3":"status-publish","4":"has-post-thumbnail","6":"product_cat-by-market","7":"product_cat-coffee-shop","8":"product_cat-cup-holders-carriers","9":"product_cat-cup-lids-sleeves","10":"product_cat-paper-coffee-cups","12":"first","13":"instock","14":"shipping-taxable","15":"product-type-simple"},"_links":{"self":[{"href":"https:\/\/championfmcgcorp.com\/es\/wp-json\/wp\/v2\/product\/30769","targetHints":{"allow":["GET"]}}],"collection":[{"href":"https:\/\/championfmcgcorp.com\/es\/wp-json\/wp\/v2\/product"}],"about":[{"href":"https:\/\/championfmcgcorp.com\/es\/wp-json\/wp\/v2\/types\/product"}],"replies":[{"embeddable":true,"href":"https:\/\/championfmcgcorp.com\/es\/wp-json\/wp\/v2\/comments?post=30769"}],"version-history":[{"count":9,"href":"https:\/\/championfmcgcorp.com\/es\/wp-json\/wp\/v2\/product\/30769\/revisions"}],"predecessor-version":[{"id":31525,"href":"https:\/\/championfmcgcorp.com\/es\/wp-json\/wp\/v2\/product\/30769\/revisions\/31525"}],"wp:featuredmedia":[{"embeddable":true,"href":"https:\/\/championfmcgcorp.com\/es\/wp-json\/wp\/v2\/media\/30519"}],"wp:attachment":[{"href":"https:\/\/championfmcgcorp.com\/es\/wp-json\/wp\/v2\/media?parent=30769"}],"wp:term":[{"taxonomy":"product_brand","embeddable":true,"href":"https:\/\/championfmcgcorp.com\/es\/wp-json\/wp\/v2\/product_brand?post=30769"},{"taxonomy":"product_cat","embeddable":true,"href":"https:\/\/championfmcgcorp.com\/es\/wp-json\/wp\/v2\/product_cat?post=30769"},{"taxonomy":"product_tag","embeddable":true,"href":"https:\/\/championfmcgcorp.com\/es\/wp-json\/wp\/v2\/product_tag?post=30769"}],"curies":[{"name":"wp","href":"https:\/\/api.w.org\/{rel}","templated":true}]}}