{"id":30767,"date":"2025-10-02T09:16:34","date_gmt":"2025-10-02T09:16:34","guid":{"rendered":"https:\/\/ecopackware.com\/?post_type=product&#038;p=30767"},"modified":"2025-10-03T14:44:14","modified_gmt":"2025-10-03T14:44:14","slug":"platillo-para-cafe-de-papel-kraft-ligero-duradero-base-reforzada-apilable-resistente-al-calor-anticondensacion-y-antiderrames-2-unidades","status":"publish","type":"product","link":"https:\/\/championfmcgcorp.com\/es\/producto\/platillo-para-cafe-de-papel-kraft-ligero-duradero-base-reforzada-apilable-resistente-al-calor-anticondensacion-y-antiderrames-2-unidades\/","title":{"rendered":"Platillo de caf\u00e9 de papel kraft ligero, duradero, con base reforzada, apilable, resistente al calor, anticondensaci\u00f3n y antiderrames."},"content":{"rendered":"<h2>Nombre del producto: Platillo de caf\u00e9 profesional apilable de papel kraft: ligero y duradero con base reforzada | Dise\u00f1o resistente al calor, anticondensaci\u00f3n y antiderrames.<\/h2>\n<h3>Descripci\u00f3n del Producto<\/h3>\n<p>Mejore su servicio de caf\u00e9 con nuestro innovador Platillo Profesional de Papel Kraft: la soluci\u00f3n definitiva para cafeter\u00edas y caf\u00e9s modernos. Dise\u00f1ado con una base reforzada para una estabilidad excepcional, este ligero y duradero platillo evita derrames y mejora la experiencia del cliente. Su avanzado material resistente al calor protege las superficies, mientras que la funci\u00f3n anticondensaci\u00f3n mantiene las manos secas. Ideales para establecimientos con gran volumen de clientes, estos platillos apilables optimizan el espacio de almacenamiento y optimizan la eficiencia del servicio, convirti\u00e9ndolos en un accesorio esencial para las bebidas de caf\u00e9 de especialidad.<\/p>\n<h3>Caracter\u00edsticas y beneficios clave<\/h3>\n<p>Dise\u00f1o de base reforzada: cuenta con una base especialmente dise\u00f1ada que proporciona una estabilidad superior y evita que la taza se vuelque, lo que garantiza una protecci\u00f3n confiable contra derrames.<br \/>\nResistencia avanzada al calor: la construcci\u00f3n multicapa crea una barrera t\u00e9rmica eficaz, protegiendo las mesas y superficies del da\u00f1o por calor.<br \/>\nTecnolog\u00eda anticondensaci\u00f3n: un revestimiento especial evita la acumulaci\u00f3n de humedad, manteniendo los platillos secos y c\u00f3modos de manipular.<br \/>\nDise\u00f1o apilable que ahorra espacio: la forma uniforme permite un apilamiento seguro, maximizando la eficiencia de almacenamiento en entornos de caf\u00e9 concurridos<br \/>\nDurabilidad liviana: Hecho de cart\u00f3n kraft de alta resistencia que combina un peso liviano como una pluma con una durabilidad excepcional.<br \/>\nSoluci\u00f3n ecol\u00f3gica: elaborada con materiales sostenibles y biodegradables que atraen a los consumidores conscientes del medio ambiente.<\/p>\n<h3>Especificaciones t\u00e9cnicas<\/h3>\n<p>Material: cart\u00f3n kraft de primera calidad apto para uso alimentario<br \/>\nDi\u00e1metro: 4,5 pulgadas (est\u00e1ndar) | Tama\u00f1os personalizados disponibles<br \/>\nCapacidad de peso: Admite vasos de bebidas de hasta 16 oz de forma segura<br \/>\nRango de temperatura: Soporta hasta 200 \u00b0F (93 \u00b0C)<br \/>\nCaracter\u00edsticas especiales: rejilla inferior reforzada<br \/>\nCertificaciones: compostable<\/p>\n<p><img fetchpriority=\"high\" decoding=\"async\" class=\"alignnone size-full wp-image-30536\" src=\"https:\/\/championfmcgcorp.com\/wp-content\/uploads\/2025\/09\/Two-compartment_and_four-compartment_cup_holders009.avif\" alt=\"\" width=\"800\" height=\"800\" srcset=\"https:\/\/championfmcgcorp.com\/wp-content\/uploads\/2025\/09\/Two-compartment_and_four-compartment_cup_holders009-150x150.avif 150w, https:\/\/championfmcgcorp.com\/wp-content\/uploads\/2025\/09\/Two-compartment_and_four-compartment_cup_holders009-12x12.avif 12w\" sizes=\"(max-width: 800px) 100vw, 800px\" \/><\/p>\n<p><img decoding=\"async\" class=\"alignnone size-full wp-image-30534\" src=\"https:\/\/championfmcgcorp.com\/wp-content\/uploads\/2025\/09\/Two-compartment_and_four-compartment_cup_holders007.avif\" alt=\"\" width=\"800\" height=\"800\" srcset=\"https:\/\/championfmcgcorp.com\/wp-content\/uploads\/2025\/09\/Two-compartment_and_four-compartment_cup_holders007-150x150.avif 150w, https:\/\/championfmcgcorp.com\/wp-content\/uploads\/2025\/09\/Two-compartment_and_four-compartment_cup_holders007-13x12.avif 13w\" sizes=\"(max-width: 800px) 100vw, 800px\" \/><\/p>\n<p><img decoding=\"async\" class=\"alignnone size-full wp-image-30539\" src=\"https:\/\/championfmcgcorp.com\/wp-content\/uploads\/2025\/09\/Two-compartment_and_four-compartment_cup_holders012.avif\" alt=\"\" width=\"800\" height=\"800\" srcset=\"https:\/\/championfmcgcorp.com\/wp-content\/uploads\/2025\/09\/Two-compartment_and_four-compartment_cup_holders012-150x150.avif 150w, https:\/\/championfmcgcorp.com\/wp-content\/uploads\/2025\/09\/Two-compartment_and_four-compartment_cup_holders012-12x12.avif 12w\" sizes=\"(max-width: 800px) 100vw, 800px\" \/><\/p>\n<p><img loading=\"lazy\" decoding=\"async\" class=\"alignnone size-full wp-image-30537\" src=\"https:\/\/championfmcgcorp.com\/wp-content\/uploads\/2025\/09\/Two-compartment_and_four-compartment_cup_holders010.avif\" alt=\"\" width=\"800\" height=\"800\" srcset=\"https:\/\/championfmcgcorp.com\/wp-content\/uploads\/2025\/09\/Two-compartment_and_four-compartment_cup_holders010-150x150.avif 150w, https:\/\/championfmcgcorp.com\/wp-content\/uploads\/2025\/09\/Two-compartment_and_four-compartment_cup_holders010-12x12.avif 12w\" sizes=\"(max-width: 800px) 100vw, 800px\" \/><\/p>\n<p><img loading=\"lazy\" decoding=\"async\" class=\"alignnone size-full wp-image-30538\" src=\"https:\/\/championfmcgcorp.com\/wp-content\/uploads\/2025\/09\/Two-compartment_and_four-compartment_cup_holders011.avif\" alt=\"\" width=\"800\" height=\"727\" srcset=\"https:\/\/championfmcgcorp.com\/wp-content\/uploads\/2025\/09\/Two-compartment_and_four-compartment_cup_holders011.avif 987w, https:\/\/championfmcgcorp.com\/wp-content\/uploads\/2025\/09\/Two-compartment_and_four-compartment_cup_holders011-330x300.avif 330w, https:\/\/championfmcgcorp.com\/wp-content\/uploads\/2025\/09\/Two-compartment_and_four-compartment_cup_holders011-880x800.avif 880w, https:\/\/championfmcgcorp.com\/wp-content\/uploads\/2025\/09\/Two-compartment_and_four-compartment_cup_holders011-768x698.avif 768w, https:\/\/championfmcgcorp.com\/wp-content\/uploads\/2025\/09\/Two-compartment_and_four-compartment_cup_holders011-13x12.avif 13w, https:\/\/championfmcgcorp.com\/wp-content\/uploads\/2025\/09\/Two-compartment_and_four-compartment_cup_holders011-600x545.avif 600w, https:\/\/championfmcgcorp.com\/wp-content\/uploads\/2025\/09\/Two-compartment_and_four-compartment_cup_holders011-150x136.avif 150w\" sizes=\"(max-width: 800px) 100vw, 800px\" \/><\/p>\n<p>&nbsp;<\/p>","protected":false},"excerpt":{"rendered":"<p>Platillo de caf\u00e9 profesional apilable de papel kraft con base reforzada, dise\u00f1o resistente al calor y anticondensaci\u00f3n. Ligero, duradero y antiderrames para cafeter\u00edas. Ecol\u00f3gico, venta al por mayor. \u00a1Solicite muestras hoy mismo!<\/p>","protected":false},"featured_media":30530,"comment_status":"open","ping_status":"closed","template":"","meta":[],"product_brand":[],"product_cat":[129,138,139,151,135],"product_tag":[],"class_list":{"0":"post-30767","1":"product","2":"type-product","3":"status-publish","4":"has-post-thumbnail","6":"product_cat-coffee-shop","7":"product_cat-cup-holders-carriers","8":"product_cat-cup-lids-sleeves","9":"product_cat-paper-coffee-cups","10":"product_cat-paper-cups","12":"first","13":"instock","14":"shipping-taxable","15":"product-type-simple"},"_links":{"self":[{"href":"https:\/\/championfmcgcorp.com\/es\/wp-json\/wp\/v2\/product\/30767","targetHints":{"allow":["GET"]}}],"collection":[{"href":"https:\/\/championfmcgcorp.com\/es\/wp-json\/wp\/v2\/product"}],"about":[{"href":"https:\/\/championfmcgcorp.com\/es\/wp-json\/wp\/v2\/types\/product"}],"replies":[{"embeddable":true,"href":"https:\/\/championfmcgcorp.com\/es\/wp-json\/wp\/v2\/comments?post=30767"}],"version-history":[{"count":2,"href":"https:\/\/championfmcgcorp.com\/es\/wp-json\/wp\/v2\/product\/30767\/revisions"}],"predecessor-version":[{"id":31327,"href":"https:\/\/championfmcgcorp.com\/es\/wp-json\/wp\/v2\/product\/30767\/revisions\/31327"}],"wp:featuredmedia":[{"embeddable":true,"href":"https:\/\/championfmcgcorp.com\/es\/wp-json\/wp\/v2\/media\/30530"}],"wp:attachment":[{"href":"https:\/\/championfmcgcorp.com\/es\/wp-json\/wp\/v2\/media?parent=30767"}],"wp:term":[{"taxonomy":"product_brand","embeddable":true,"href":"https:\/\/championfmcgcorp.com\/es\/wp-json\/wp\/v2\/product_brand?post=30767"},{"taxonomy":"product_cat","embeddable":true,"href":"https:\/\/championfmcgcorp.com\/es\/wp-json\/wp\/v2\/product_cat?post=30767"},{"taxonomy":"product_tag","embeddable":true,"href":"https:\/\/championfmcgcorp.com\/es\/wp-json\/wp\/v2\/product_tag?post=30767"}],"curies":[{"name":"wp","href":"https:\/\/api.w.org\/{rel}","templated":true}]}}