{"id":30764,"date":"2025-10-02T11:52:35","date_gmt":"2025-10-02T11:52:35","guid":{"rendered":"https:\/\/ecopackware.com\/?post_type=product&#038;p=30764"},"modified":"2025-10-03T13:40:59","modified_gmt":"2025-10-03T13:40:59","slug":"contenedor-ecologico-personalizado-para-llevar-fiambrera-kraft-de-calidad-alimentaria-caja-de-embalaje-para-comida-para-llevar-para-ensaladas-sandwiches-y-pasteles","status":"publish","type":"product","link":"https:\/\/championfmcgcorp.com\/es\/producto\/contenedor-ecologico-personalizado-para-llevar-fiambrera-kraft-de-calidad-alimentaria-caja-de-embalaje-para-comida-para-llevar-para-ensaladas-sandwiches-y-pasteles\/","title":{"rendered":"Contenedor ecol\u00f3gico personalizado para llevar, fiambrera de papel kraft de calidad alimentaria, caja de embalaje para comida para llevar, para ensaladas, s\u00e1ndwiches y pasteles."},"content":{"rendered":"<h2 class=\"ds-markdown-paragraph\"><strong>Nombre del producto:<\/strong>\u00a0Contenedores ecol\u00f3gicos personalizados para comida para llevar | Lonchera de papel kraft de grado alimenticio para ensaladas, s\u00e1ndwiches y pasteles<\/h2>\n<hr \/>\n<h3 class=\"ds-markdown-paragraph\"><strong>Descripci\u00f3n del Producto<\/strong><\/h3>\n<p class=\"ds-markdown-paragraph\">Eleve su negocio de alimentos con nuestro\u00a0<strong>Contenedores ecol\u00f3gicos personalizados para comida para llevar<\/strong>\u00a0La soluci\u00f3n de envasado sostenible definitiva para la restauraci\u00f3n moderna. Estos vers\u00e1tiles...\u00a0<strong>cajas de almuerzo de calidad alimentaria<\/strong>\u00a0Est\u00e1n fabricados con papel kraft biodegradable de alta calidad, lo que ofrece una forma segura y respetuosa con el medio ambiente de envasar ensaladas, s\u00e1ndwiches, pasteles y diversos productos para llevar. Dise\u00f1ados pensando tanto en la funcionalidad como en la promoci\u00f3n de la marca, estos contenedores ofrecen una excelente durabilidad a la vez que reducen su huella ecol\u00f3gica. Perfectos para restaurantes, cafeter\u00edas, panader\u00edas y servicios de comida a domicilio que buscan combinar practicidad y sostenibilidad.<\/p>\n<hr \/>\n<h3 class=\"ds-markdown-paragraph\"><strong>Caracter\u00edsticas y beneficios clave<\/strong><\/h3>\n<ul>\n<li>\n<p class=\"ds-markdown-paragraph\"><strong>Materiales ecoconscientes<\/strong>:Fabricado con papel kraft biodegradable y compostable 100%, que respalda sus objetivos de sostenibilidad.<\/p>\n<\/li>\n<li>\n<p class=\"ds-markdown-paragraph\"><strong>Versatilidad en m\u00faltiples alimentos<\/strong>:Perfecto para diversos alimentos, incluidas ensaladas, s\u00e1ndwiches, pasteles, tartas y comidas calientes.<\/p>\n<\/li>\n<li>\n<p class=\"ds-markdown-paragraph\"><strong>Certificado de seguridad alimentaria<\/strong>:Fabricado con materiales de calidad alimentaria que cumplen con los est\u00e1ndares internacionales de seguridad.<\/p>\n<\/li>\n<li>\n<p class=\"ds-markdown-paragraph\"><strong>Opciones de marca personalizadas<\/strong>:Superficie de impresi\u00f3n premium para su logotipo, colores y mensajes de marca.<\/p>\n<\/li>\n<li>\n<p class=\"ds-markdown-paragraph\"><strong>Dise\u00f1o resistente a fugas<\/strong>:El recubrimiento especial evita que la humedad y la grasa se filtren.<\/p>\n<\/li>\n<li>\n<p class=\"ds-markdown-paragraph\"><strong>Sistema de cierre seguro<\/strong>:El mecanismo de bloqueo confiable garantiza un transporte seguro de alimentos.<\/p>\n<\/li>\n<li>\n<p class=\"ds-markdown-paragraph\"><strong>Apto para microondas y congelador<\/strong>: Conveniente tanto para fines de calefacci\u00f3n como de almacenamiento.<\/p>\n<\/li>\n<li>\n<p class=\"ds-markdown-paragraph\"><strong>Dise\u00f1o apilable<\/strong>: Forma de anidamiento que ahorra espacio para un f\u00e1cil almacenamiento y manipulaci\u00f3n<\/p>\n<\/li>\n<\/ul>\n<hr \/>\n<h3 class=\"ds-markdown-paragraph\"><strong>Especificaciones t\u00e9cnicas<\/strong><\/h3>\n<ul>\n<li>\n<p class=\"ds-markdown-paragraph\"><strong>Material<\/strong>:Papel kraft de calidad alimentaria con revestimiento de PLA\/PE<\/p>\n<\/li>\n<li>\n<p class=\"ds-markdown-paragraph\"><strong>Tallas disponibles<\/strong>:Capacidades 1#, 2#, 3#, 5#, 8#<\/p>\n<\/li>\n<li>\n<p class=\"ds-markdown-paragraph\"><strong>Opciones de forma<\/strong>: Configuraciones rectangulares, redondas y cuadradas<\/p>\n<\/li>\n<li>\n<p class=\"ds-markdown-paragraph\"><strong>Caracter\u00edsticas especiales<\/strong>: A prueba de fugas, resistente a la grasa, apto para microondas.<\/p>\n<\/li>\n<li>\n<p class=\"ds-markdown-paragraph\"><strong>Certificaciones<\/strong>:Cumple con la FDA, compostable seg\u00fan DIN<\/p>\n<\/li>\n<li>\n<p class=\"ds-markdown-paragraph\"><strong>Personalizaci\u00f3n<\/strong>:Impresi\u00f3n a todo color, opciones de relieve<\/p>\n<\/li>\n<\/ul>\n<hr \/>\n<h3 class=\"ds-markdown-paragraph\"><strong>Llamada a la acci\u00f3n<\/strong><\/h3>\n<p class=\"ds-markdown-paragraph\">\u00a1Aseg\u00farese de que sus envases sean ecol\u00f3gicos! Cont\u00e1ctenos hoy mismo para obtener muestras personalizadas, precios competitivos y soluciones de marca. Perm\u00edtanos ayudarle a crear el envase sostenible perfecto para su negocio de alimentaci\u00f3n.<\/p>\n<p>&nbsp;<\/p>\n<p><img fetchpriority=\"high\" decoding=\"async\" class=\"alignnone size-full wp-image-30660\" src=\"https:\/\/championfmcgcorp.com\/wp-content\/uploads\/2025\/09\/takeout_box012.avif\" alt=\"\" width=\"800\" height=\"800\" srcset=\"https:\/\/championfmcgcorp.com\/wp-content\/uploads\/2025\/09\/takeout_box012.avif 800w, https:\/\/championfmcgcorp.com\/wp-content\/uploads\/2025\/09\/takeout_box012-300x300.avif 300w, https:\/\/championfmcgcorp.com\/wp-content\/uploads\/2025\/09\/takeout_box012-150x150.avif 150w, https:\/\/championfmcgcorp.com\/wp-content\/uploads\/2025\/09\/takeout_box012-768x768.avif 768w, https:\/\/championfmcgcorp.com\/wp-content\/uploads\/2025\/09\/takeout_box012-12x12.avif 12w, https:\/\/championfmcgcorp.com\/wp-content\/uploads\/2025\/09\/takeout_box012-600x600.avif 600w\" sizes=\"(max-width: 800px) 100vw, 800px\" \/><\/p>\n<p><img decoding=\"async\" class=\"alignnone size-full wp-image-30661\" src=\"https:\/\/championfmcgcorp.com\/wp-content\/uploads\/2025\/09\/takeout_box013.png\" alt=\"\" width=\"800\" height=\"800\" srcset=\"https:\/\/championfmcgcorp.com\/wp-content\/uploads\/2025\/09\/takeout_box013.png 800w, https:\/\/championfmcgcorp.com\/wp-content\/uploads\/2025\/09\/takeout_box013-300x300.png 300w, https:\/\/championfmcgcorp.com\/wp-content\/uploads\/2025\/09\/takeout_box013-150x150.png 150w, https:\/\/championfmcgcorp.com\/wp-content\/uploads\/2025\/09\/takeout_box013-768x768.png 768w, https:\/\/championfmcgcorp.com\/wp-content\/uploads\/2025\/09\/takeout_box013-12x12.png 12w, https:\/\/championfmcgcorp.com\/wp-content\/uploads\/2025\/09\/takeout_box013-600x600.png 600w\" sizes=\"(max-width: 800px) 100vw, 800px\" \/><\/p>\n<p><img decoding=\"async\" class=\"alignnone size-full wp-image-30662\" src=\"https:\/\/championfmcgcorp.com\/wp-content\/uploads\/2025\/09\/takeout_box014.avif\" alt=\"\" width=\"800\" height=\"429\" srcset=\"https:\/\/championfmcgcorp.com\/wp-content\/uploads\/2025\/09\/takeout_box014.avif 1181w, https:\/\/championfmcgcorp.com\/wp-content\/uploads\/2025\/09\/takeout_box014-400x215.avif 400w, https:\/\/championfmcgcorp.com\/wp-content\/uploads\/2025\/09\/takeout_box014-768x412.avif 768w, https:\/\/championfmcgcorp.com\/wp-content\/uploads\/2025\/09\/takeout_box014-18x10.avif 18w, https:\/\/championfmcgcorp.com\/wp-content\/uploads\/2025\/09\/takeout_box014-600x322.avif 600w, https:\/\/championfmcgcorp.com\/wp-content\/uploads\/2025\/09\/takeout_box014-150x81.avif 150w\" sizes=\"(max-width: 800px) 100vw, 800px\" \/><\/p>\n<p><img loading=\"lazy\" decoding=\"async\" class=\"alignnone size-full wp-image-30670\" src=\"https:\/\/championfmcgcorp.com\/wp-content\/uploads\/2025\/09\/takeout_box008.avif\" alt=\"\" width=\"800\" height=\"800\" srcset=\"https:\/\/championfmcgcorp.com\/wp-content\/uploads\/2025\/09\/takeout_box008.avif 720w, https:\/\/championfmcgcorp.com\/wp-content\/uploads\/2025\/09\/takeout_box008-300x300.avif 300w, https:\/\/championfmcgcorp.com\/wp-content\/uploads\/2025\/09\/takeout_box008-150x150.avif 150w, https:\/\/championfmcgcorp.com\/wp-content\/uploads\/2025\/09\/takeout_box008-12x12.avif 12w, https:\/\/championfmcgcorp.com\/wp-content\/uploads\/2025\/09\/takeout_box008-600x600.avif 600w\" sizes=\"(max-width: 800px) 100vw, 800px\" \/><\/p>\n<p>&nbsp;<\/p>\n<p><img loading=\"lazy\" decoding=\"async\" class=\"alignnone size-full wp-image-30664\" src=\"https:\/\/championfmcgcorp.com\/wp-content\/uploads\/2025\/09\/takeout_box002.avif\" alt=\"\" width=\"800\" height=\"800\" srcset=\"https:\/\/championfmcgcorp.com\/wp-content\/uploads\/2025\/09\/takeout_box002.avif 720w, https:\/\/championfmcgcorp.com\/wp-content\/uploads\/2025\/09\/takeout_box002-300x300.avif 300w, https:\/\/championfmcgcorp.com\/wp-content\/uploads\/2025\/09\/takeout_box002-150x150.avif 150w, https:\/\/championfmcgcorp.com\/wp-content\/uploads\/2025\/09\/takeout_box002-12x12.avif 12w, https:\/\/championfmcgcorp.com\/wp-content\/uploads\/2025\/09\/takeout_box002-600x600.avif 600w\" sizes=\"(max-width: 800px) 100vw, 800px\" \/><\/p>\n<p>&nbsp;<\/p>","protected":false},"excerpt":{"rendered":"<p>Contenedores ecol\u00f3gicos personalizados para llevar: loncheras de papel kraft de grado alimenticio para ensaladas, s\u00e1ndwiches y pasteles. Biodegradables, herm\u00e9ticos y aptos para microondas. Impresi\u00f3n personalizada disponible. \u00a1Solicite muestras hoy mismo!<\/p>","protected":false},"featured_media":30665,"comment_status":"open","ping_status":"closed","template":"","meta":[],"product_brand":[],"product_cat":[130,136,143,146],"product_tag":[],"class_list":{"0":"post-30764","1":"product","2":"type-product","3":"status-publish","4":"has-post-thumbnail","6":"product_cat-fast-food-restaurant","7":"product_cat-biodegradable-lunch-box","8":"product_cat-disposable-food-containers","9":"product_cat-paper-snack-boxes","11":"first","12":"instock","13":"shipping-taxable","14":"product-type-simple"},"_links":{"self":[{"href":"https:\/\/championfmcgcorp.com\/es\/wp-json\/wp\/v2\/product\/30764","targetHints":{"allow":["GET"]}}],"collection":[{"href":"https:\/\/championfmcgcorp.com\/es\/wp-json\/wp\/v2\/product"}],"about":[{"href":"https:\/\/championfmcgcorp.com\/es\/wp-json\/wp\/v2\/types\/product"}],"replies":[{"embeddable":true,"href":"https:\/\/championfmcgcorp.com\/es\/wp-json\/wp\/v2\/comments?post=30764"}],"version-history":[{"count":3,"href":"https:\/\/championfmcgcorp.com\/es\/wp-json\/wp\/v2\/product\/30764\/revisions"}],"predecessor-version":[{"id":31337,"href":"https:\/\/championfmcgcorp.com\/es\/wp-json\/wp\/v2\/product\/30764\/revisions\/31337"}],"wp:featuredmedia":[{"embeddable":true,"href":"https:\/\/championfmcgcorp.com\/es\/wp-json\/wp\/v2\/media\/30665"}],"wp:attachment":[{"href":"https:\/\/championfmcgcorp.com\/es\/wp-json\/wp\/v2\/media?parent=30764"}],"wp:term":[{"taxonomy":"product_brand","embeddable":true,"href":"https:\/\/championfmcgcorp.com\/es\/wp-json\/wp\/v2\/product_brand?post=30764"},{"taxonomy":"product_cat","embeddable":true,"href":"https:\/\/championfmcgcorp.com\/es\/wp-json\/wp\/v2\/product_cat?post=30764"},{"taxonomy":"product_tag","embeddable":true,"href":"https:\/\/championfmcgcorp.com\/es\/wp-json\/wp\/v2\/product_tag?post=30764"}],"curies":[{"name":"wp","href":"https:\/\/api.w.org\/{rel}","templated":true}]}}