{"id":30757,"date":"2025-10-03T11:21:22","date_gmt":"2025-10-03T11:21:22","guid":{"rendered":"https:\/\/ecopackware.com\/?post_type=product&#038;p=30757"},"modified":"2025-10-03T11:21:22","modified_gmt":"2025-10-03T11:21:22","slug":"caja-de-sandwich-de-papel-kraft-triangular-personalizada-hecha-a-mano-ecologica-para-llevar-con-impresion-de-envases-para-sandwiches","status":"publish","type":"product","link":"https:\/\/championfmcgcorp.com\/es\/producto\/caja-de-sandwich-de-papel-kraft-triangular-personalizada-hecha-a-mano-ecologica-para-llevar-con-impresion-de-envases-para-sandwiches\/","title":{"rendered":"Caja triangular de papel kraft para s\u00e1ndwiches, hecha a mano y personalizada | Embalaje ecol\u00f3gico para llevar | Contenedores impresos para s\u00e1ndwiches"},"content":{"rendered":"<h2 class=\"ds-markdown-paragraph\"><strong>Nombre del producto:<\/strong>\u00a0Caja triangular de papel kraft para s\u00e1ndwiches, hecha a mano y personalizada | Embalaje ecol\u00f3gico para llevar | Contenedores impresos para s\u00e1ndwiches<\/h2>\n<hr \/>\n<h3 class=\"ds-markdown-paragraph\"><strong>Descripci\u00f3n del Producto<\/strong><\/h3>\n<p class=\"ds-markdown-paragraph\">Eleve la presentaci\u00f3n de su s\u00e1ndwich con nuestro innovador\u00a0<strong>Cajas de s\u00e1ndwich de papel kraft triangulares personalizadas y hechas a mano<\/strong>\u00a0La fusi\u00f3n perfecta de embalaje sostenible y dise\u00f1o atractivo. Estos exclusivos envases triangulares est\u00e1n meticulosamente elaborados para exhibir sus s\u00e1ndwiches y brindar una protecci\u00f3n superior durante el transporte. Fabricados con papel kraft de primera calidad apto para uso alimentario, estos envases ecol\u00f3gicos...\u00a0<strong>contenedores para llevar<\/strong>\u00a0Ofrecen excelente durabilidad y posibilidades de personalizaci\u00f3n de marca. Su distintiva forma triangular no solo realza el atractivo visual, sino que tambi\u00e9n proporciona un cierre seguro, lo que los hace ideales para cafeter\u00edas, tiendas de delicatessen, food trucks y servicios de catering que buscan destacar en el competitivo mercado alimentario.<\/p>\n<hr \/>\n<h3 class=\"ds-markdown-paragraph\"><strong>Caracter\u00edsticas y beneficios clave<\/strong><\/h3>\n<ul>\n<li>\n<p class=\"ds-markdown-paragraph\"><strong>Dise\u00f1o triangular \u00fanico<\/strong>:La forma artesanal proporciona una presentaci\u00f3n superior y eficiencia del espacio.<\/p>\n<\/li>\n<li>\n<p class=\"ds-markdown-paragraph\"><strong>Materiales ecol\u00f3gicos<\/strong>:Fabricado con papel kraft de calidad alimentaria 100% biodegradable y compostable<\/p>\n<\/li>\n<li>\n<p class=\"ds-markdown-paragraph\"><strong>Opciones de impresi\u00f3n personalizadas<\/strong>:Excelente superficie para marcas a todo color, logotipos y dise\u00f1os creativos.<\/p>\n<\/li>\n<li>\n<p class=\"ds-markdown-paragraph\"><strong>Sistema de cierre seguro<\/strong>:El innovador mecanismo de bloqueo garantiza que el contenido se mantenga fresco y protegido.<\/p>\n<\/li>\n<li>\n<p class=\"ds-markdown-paragraph\"><strong>Interior resistente a la grasa<\/strong>:El recubrimiento especial evita la absorci\u00f3n de aceite y mantiene la integridad de la caja.<\/p>\n<\/li>\n<li>\n<p class=\"ds-markdown-paragraph\"><strong>Portabilidad mejorada<\/strong>:Dise\u00f1o ergon\u00f3mico con manejo c\u00f3modo para llevar f\u00e1cilmente.<\/p>\n<\/li>\n<li>\n<p class=\"ds-markdown-paragraph\"><strong>Atractivo sostenible<\/strong>:Demuestra su compromiso con la responsabilidad ambiental.<\/p>\n<\/li>\n<li>\n<p class=\"ds-markdown-paragraph\"><strong>Aplicaci\u00f3n vers\u00e1til<\/strong>: Adecuado para varios tipos de s\u00e1ndwiches, wraps y comidas ligeras.<\/p>\n<\/li>\n<\/ul>\n<hr \/>\n<h3 class=\"ds-markdown-paragraph\"><strong>Especificaciones t\u00e9cnicas<\/strong><\/h3>\n<ul>\n<li>\n<p class=\"ds-markdown-paragraph\"><strong>Material<\/strong>:Papel kraft de calidad alimentaria con revestimiento de PLA<\/p>\n<\/li>\n<li>\n<p class=\"ds-markdown-paragraph\"><strong>Dimensiones<\/strong>: 6 x 6 x 4 pulgadas (tama\u00f1o est\u00e1ndar, tama\u00f1os personalizados disponibles)<\/p>\n<\/li>\n<li>\n<p class=\"ds-markdown-paragraph\"><strong>Capacidad<\/strong>:Se adapta a tama\u00f1os de s\u00e1ndwich est\u00e1ndar de hasta 4 pulgadas de grosor.<\/p>\n<\/li>\n<li>\n<p class=\"ds-markdown-paragraph\"><strong>M\u00e9todos de impresi\u00f3n<\/strong>: Impresi\u00f3n digital, impresi\u00f3n flexogr\u00e1fica, estampaci\u00f3n en caliente<\/p>\n<\/li>\n<li>\n<p class=\"ds-markdown-paragraph\"><strong>Caracter\u00edsticas especiales<\/strong>: Resistente a fugas, apto para microondas (tiempo limitado)<\/p>\n<\/li>\n<li>\n<p class=\"ds-markdown-paragraph\"><strong>Certificaciones<\/strong>:Cumple con la FDA, compostable, certificado FSC<\/p>\n<\/li>\n<\/ul>\n<hr \/>\n<h3 class=\"ds-markdown-paragraph\"><strong>Llamada a la acci\u00f3n<\/strong><\/h3>\n<p class=\"ds-markdown-paragraph\">\u00a1Destaque con nuestro exclusivo empaque triangular para s\u00e1ndwiches! Cont\u00e1ctenos hoy mismo para obtener muestras personalizadas, cotizaciones y asesoramiento de dise\u00f1o. Creemos empaques memorables que reflejen la calidad y los valores de su marca.<\/p>\n<p><img fetchpriority=\"high\" decoding=\"async\" class=\"alignnone size-full wp-image-30609\" src=\"https:\/\/championfmcgcorp.com\/wp-content\/uploads\/2025\/09\/Sandwich_box014.avif\" alt=\"\" width=\"800\" height=\"800\" srcset=\"https:\/\/championfmcgcorp.com\/wp-content\/uploads\/2025\/09\/Sandwich_box014.avif 1001w, https:\/\/championfmcgcorp.com\/wp-content\/uploads\/2025\/09\/Sandwich_box014-300x300.avif 300w, https:\/\/championfmcgcorp.com\/wp-content\/uploads\/2025\/09\/Sandwich_box014-800x800.avif 800w, https:\/\/championfmcgcorp.com\/wp-content\/uploads\/2025\/09\/Sandwich_box014-150x150.avif 150w, https:\/\/championfmcgcorp.com\/wp-content\/uploads\/2025\/09\/Sandwich_box014-768x768.avif 768w, https:\/\/championfmcgcorp.com\/wp-content\/uploads\/2025\/09\/Sandwich_box014-12x12.avif 12w, https:\/\/championfmcgcorp.com\/wp-content\/uploads\/2025\/09\/Sandwich_box014-600x600.avif 600w\" sizes=\"(max-width: 800px) 100vw, 800px\" \/><\/p>\n<p><img decoding=\"async\" class=\"alignnone size-full wp-image-30608\" src=\"https:\/\/championfmcgcorp.com\/wp-content\/uploads\/2025\/09\/Sandwich_box013.avif\" alt=\"\" width=\"800\" height=\"800\" srcset=\"https:\/\/championfmcgcorp.com\/wp-content\/uploads\/2025\/09\/Sandwich_box013.avif 1001w, https:\/\/championfmcgcorp.com\/wp-content\/uploads\/2025\/09\/Sandwich_box013-300x300.avif 300w, https:\/\/championfmcgcorp.com\/wp-content\/uploads\/2025\/09\/Sandwich_box013-800x800.avif 800w, https:\/\/championfmcgcorp.com\/wp-content\/uploads\/2025\/09\/Sandwich_box013-150x150.avif 150w, https:\/\/championfmcgcorp.com\/wp-content\/uploads\/2025\/09\/Sandwich_box013-768x768.avif 768w, https:\/\/championfmcgcorp.com\/wp-content\/uploads\/2025\/09\/Sandwich_box013-12x12.avif 12w, https:\/\/championfmcgcorp.com\/wp-content\/uploads\/2025\/09\/Sandwich_box013-600x600.avif 600w\" sizes=\"(max-width: 800px) 100vw, 800px\" \/><\/p>\n<p><img decoding=\"async\" class=\"alignnone size-full wp-image-30607\" src=\"https:\/\/championfmcgcorp.com\/wp-content\/uploads\/2025\/09\/Sandwich_box012.avif\" alt=\"\" width=\"800\" height=\"965\" srcset=\"https:\/\/championfmcgcorp.com\/wp-content\/uploads\/2025\/09\/Sandwich_box012.avif 1001w, https:\/\/championfmcgcorp.com\/wp-content\/uploads\/2025\/09\/Sandwich_box012-249x300.avif 249w, https:\/\/championfmcgcorp.com\/wp-content\/uploads\/2025\/09\/Sandwich_box012-663x800.avif 663w, https:\/\/championfmcgcorp.com\/wp-content\/uploads\/2025\/09\/Sandwich_box012-768x927.avif 768w, https:\/\/championfmcgcorp.com\/wp-content\/uploads\/2025\/09\/Sandwich_box012-10x12.avif 10w, https:\/\/championfmcgcorp.com\/wp-content\/uploads\/2025\/09\/Sandwich_box012-600x724.avif 600w, https:\/\/championfmcgcorp.com\/wp-content\/uploads\/2025\/09\/Sandwich_box012-150x181.avif 150w\" sizes=\"(max-width: 800px) 100vw, 800px\" \/><\/p>\n<p><img loading=\"lazy\" decoding=\"async\" class=\"alignnone size-full wp-image-30606\" src=\"https:\/\/championfmcgcorp.com\/wp-content\/uploads\/2025\/09\/Sandwich_box011.avif\" alt=\"\" width=\"800\" height=\"800\" srcset=\"https:\/\/championfmcgcorp.com\/wp-content\/uploads\/2025\/09\/Sandwich_box011.avif 1139w, https:\/\/championfmcgcorp.com\/wp-content\/uploads\/2025\/09\/Sandwich_box011-300x300.avif 300w, https:\/\/championfmcgcorp.com\/wp-content\/uploads\/2025\/09\/Sandwich_box011-800x800.avif 800w, https:\/\/championfmcgcorp.com\/wp-content\/uploads\/2025\/09\/Sandwich_box011-150x150.avif 150w, https:\/\/championfmcgcorp.com\/wp-content\/uploads\/2025\/09\/Sandwich_box011-768x768.avif 768w, https:\/\/championfmcgcorp.com\/wp-content\/uploads\/2025\/09\/Sandwich_box011-12x12.avif 12w, https:\/\/championfmcgcorp.com\/wp-content\/uploads\/2025\/09\/Sandwich_box011-600x600.avif 600w\" sizes=\"(max-width: 800px) 100vw, 800px\" \/><\/p>","protected":false},"excerpt":{"rendered":"<p>Cajas triangulares de papel kraft para s\u00e1ndwich personalizadas y hechas a mano: envases ecol\u00f3gicos para llevar con un dise\u00f1o triangular \u00fanico. Biodegradables, impresi\u00f3n personalizable. Ideales para s\u00e1ndwiches y comidas ligeras. \u00a1Solicite muestras y presupuestos hoy mismo!<\/p>","protected":false},"featured_media":30608,"comment_status":"open","ping_status":"closed","template":"","meta":[],"product_brand":[],"product_cat":[131,126,143,150],"product_tag":[],"class_list":{"0":"post-30757","1":"product","2":"type-product","3":"status-publish","4":"has-post-thumbnail","6":"product_cat-sushi-shop","7":"product_cat-bakery-shop","8":"product_cat-disposable-food-containers","9":"product_cat-sandwich-boxes","11":"first","12":"instock","13":"shipping-taxable","14":"product-type-simple"},"_links":{"self":[{"href":"https:\/\/championfmcgcorp.com\/es\/wp-json\/wp\/v2\/product\/30757","targetHints":{"allow":["GET"]}}],"collection":[{"href":"https:\/\/championfmcgcorp.com\/es\/wp-json\/wp\/v2\/product"}],"about":[{"href":"https:\/\/championfmcgcorp.com\/es\/wp-json\/wp\/v2\/types\/product"}],"replies":[{"embeddable":true,"href":"https:\/\/championfmcgcorp.com\/es\/wp-json\/wp\/v2\/comments?post=30757"}],"version-history":[{"count":4,"href":"https:\/\/championfmcgcorp.com\/es\/wp-json\/wp\/v2\/product\/30757\/revisions"}],"predecessor-version":[{"id":31520,"href":"https:\/\/championfmcgcorp.com\/es\/wp-json\/wp\/v2\/product\/30757\/revisions\/31520"}],"wp:featuredmedia":[{"embeddable":true,"href":"https:\/\/championfmcgcorp.com\/es\/wp-json\/wp\/v2\/media\/30608"}],"wp:attachment":[{"href":"https:\/\/championfmcgcorp.com\/es\/wp-json\/wp\/v2\/media?parent=30757"}],"wp:term":[{"taxonomy":"product_brand","embeddable":true,"href":"https:\/\/championfmcgcorp.com\/es\/wp-json\/wp\/v2\/product_brand?post=30757"},{"taxonomy":"product_cat","embeddable":true,"href":"https:\/\/championfmcgcorp.com\/es\/wp-json\/wp\/v2\/product_cat?post=30757"},{"taxonomy":"product_tag","embeddable":true,"href":"https:\/\/championfmcgcorp.com\/es\/wp-json\/wp\/v2\/product_tag?post=30757"}],"curies":[{"name":"wp","href":"https:\/\/api.w.org\/{rel}","templated":true}]}}