{"id":30463,"date":"2025-10-02T10:19:18","date_gmt":"2025-10-02T10:19:18","guid":{"rendered":"https:\/\/ecopackware.com\/?post_type=product&#038;p=30463"},"modified":"2025-10-03T13:36:14","modified_gmt":"2025-10-03T13:36:14","slug":"cubo-de-pollo-frito-de-comida-rapida-con-tapa-de-papel","status":"publish","type":"product","link":"https:\/\/championfmcgcorp.com\/es\/producto\/cubo-de-pollo-frito-de-comida-rapida-con-tapa-de-papel\/","title":{"rendered":"Cubo de pollo frito de comida r\u00e1pida con tapa de papel"},"content":{"rendered":"<h2 class=\"ds-markdown-paragraph\"><strong>Nombre del producto:<\/strong>\u00a0Cubo de pollo frito para comida r\u00e1pida con tapa de papel | Contenedor de pollo desechable ecol\u00f3gico | Embalaje para llevar con impresi\u00f3n personalizada<\/h2>\n<hr \/>\n<h3 class=\"ds-markdown-paragraph\"><strong>Descripci\u00f3n del Producto<\/strong><\/h3>\n<p>Conozca la soluci\u00f3n definitiva para su negocio de pollo frito con nuestro\u00a0<strong>Cubo de pollo frito de comida r\u00e1pida con tapa de papel<\/strong>Una combinaci\u00f3n perfecta de funcionalidad, sostenibilidad y potencial para la marca. Dise\u00f1ado para mantener el pollo frito crujiente y fresco durante el transporte, este cubo cuenta con una tapa de papel segura que evita derrames y retiene el calor. Fabricado con materiales ecol\u00f3gicos y seguros para alimentos, es ideal para restaurantes de comida r\u00e1pida, food trucks, servicios de catering y establecimientos de comida para llevar. Personal\u00edzalo con tu logotipo o el dise\u00f1o de tu marca para crear una experiencia de desempaquetado memorable para tus clientes.<\/p>\n<hr \/>\n<h3 class=\"ds-markdown-paragraph\"><strong>Caracter\u00edsticas y beneficios clave<\/strong><\/h3>\n<ul>\n<li>\n<p class=\"ds-markdown-paragraph\"><strong>Tapa de papel segura<\/strong>:Garantiza un manejo a prueba de derrames y retiene el calor para una frescura m\u00e1s prolongada.<\/p>\n<\/li>\n<li>\n<p class=\"ds-markdown-paragraph\"><strong>Material ecol\u00f3gico<\/strong>:Fabricado con papel kraft biodegradable y reciclable, apoyando los objetivos de embalaje sostenible.<\/p>\n<\/li>\n<li>\n<p class=\"ds-markdown-paragraph\"><strong>Construcci\u00f3n robusta<\/strong>:Dise\u00f1ado para contener alimentos pesados y grasosos sin que se produzcan fugas ni se colapsen.<\/p>\n<\/li>\n<li>\n<p class=\"ds-markdown-paragraph\"><strong>Personalizaci\u00f3n de marca<\/strong>:Opciones de impresi\u00f3n de alta calidad para logotipos, lemas y dise\u00f1os promocionales.<\/p>\n<\/li>\n<li>\n<p class=\"ds-markdown-paragraph\"><strong>Revestimiento resistente al calor<\/strong>:El revestimiento interior evita que la grasa se filtre, manteniendo as\u00ed la integridad del balde.<\/p>\n<\/li>\n<li>\n<p class=\"ds-markdown-paragraph\"><strong>F\u00e1cil de transportar<\/strong>:Dise\u00f1o ergon\u00f3mico con un agarre c\u00f3modo para un uso conveniente para llevar.<\/p>\n<\/li>\n<li>\n<p class=\"ds-markdown-paragraph\"><strong>Tama\u00f1os vers\u00e1tiles<\/strong>:Disponible en baldes peque\u00f1os (para porciones individuales) y grandes de tama\u00f1o familiar.<\/p>\n<\/li>\n<\/ul>\n<hr \/>\n<h3 class=\"ds-markdown-paragraph\"><strong>Especificaciones t\u00e9cnicas<\/strong><\/h3>\n<ul>\n<li>\n<p class=\"ds-markdown-paragraph\"><strong>Material<\/strong>: Papel kraft de calidad alimentaria con revestimiento de PE\/PLA<\/p>\n<\/li>\n<li>\n<p class=\"ds-markdown-paragraph\"><strong>Capacidad<\/strong>: 64 oz, 85 oz, 13 oz, 150 oz, 170 oz (tama\u00f1os personalizados disponibles)<\/p>\n<\/li>\n<li>\n<p class=\"ds-markdown-paragraph\"><strong>Tipo de tapa<\/strong>: Tapa de ajuste perfecto a base de papel<\/p>\n<\/li>\n<li>\n<p class=\"ds-markdown-paragraph\"><strong>Opciones de impresi\u00f3n<\/strong>:Impresi\u00f3n flexogr\u00e1fica u offset a todo color<\/p>\n<\/li>\n<li>\n<p class=\"ds-markdown-paragraph\"><strong>Certificaciones<\/strong>:Cumple con la FDA, es compostable y reciclable.<\/p>\n<\/li>\n<li>\n<p class=\"ds-markdown-paragraph\"><strong>Caracter\u00edsticas especiales<\/strong>: Apto para microondas (tapa retirada), apto para congelador.<\/p>\n<\/li>\n<\/ul>\n<hr \/>\n<h3 class=\"ds-markdown-paragraph\"><strong>Llamada a la acci\u00f3n<\/strong><\/h3>\n<p>\u00a1Renueva tu empaque de pollo frito hoy mismo! Cont\u00e1ctanos para obtener muestras personalizadas, precios al por mayor y opciones de marca. \u00a1Creemos empaques que hagan que tus clientes vuelvan por m\u00e1s!<\/p>\n<p><img fetchpriority=\"high\" decoding=\"async\" class=\"alignnone size-full wp-image-30440\" src=\"https:\/\/championfmcgcorp.com\/wp-content\/uploads\/2025\/09\/H563f92522607435a895c558665a966c9H.avif\" alt=\"\" width=\"800\" height=\"800\" srcset=\"https:\/\/championfmcgcorp.com\/wp-content\/uploads\/2025\/09\/H563f92522607435a895c558665a966c9H.avif 750w, https:\/\/championfmcgcorp.com\/wp-content\/uploads\/2025\/09\/H563f92522607435a895c558665a966c9H-300x300.avif 300w, https:\/\/championfmcgcorp.com\/wp-content\/uploads\/2025\/09\/H563f92522607435a895c558665a966c9H-150x150.avif 150w, https:\/\/championfmcgcorp.com\/wp-content\/uploads\/2025\/09\/H563f92522607435a895c558665a966c9H-12x12.avif 12w, https:\/\/championfmcgcorp.com\/wp-content\/uploads\/2025\/09\/H563f92522607435a895c558665a966c9H-600x600.avif 600w\" sizes=\"(max-width: 800px) 100vw, 800px\" \/><\/p>\n<p><img decoding=\"async\" class=\"alignnone size-full wp-image-30441\" src=\"https:\/\/championfmcgcorp.com\/wp-content\/uploads\/2025\/09\/H7846f7e35cfe454d8e30f796afb6063fq-scaled-1.avif\" alt=\"\" width=\"800\" height=\"800\" \/><\/p>\n<p><img decoding=\"async\" class=\"alignnone size-full wp-image-30442\" src=\"https:\/\/championfmcgcorp.com\/wp-content\/uploads\/2025\/09\/H67030ca3636d4ab19ead56b5436e8f0dD.avif\" alt=\"\" width=\"800\" height=\"800\" srcset=\"https:\/\/championfmcgcorp.com\/wp-content\/uploads\/2025\/09\/H67030ca3636d4ab19ead56b5436e8f0dD.avif 750w, https:\/\/championfmcgcorp.com\/wp-content\/uploads\/2025\/09\/H67030ca3636d4ab19ead56b5436e8f0dD-300x300.avif 300w, https:\/\/championfmcgcorp.com\/wp-content\/uploads\/2025\/09\/H67030ca3636d4ab19ead56b5436e8f0dD-150x150.avif 150w, https:\/\/championfmcgcorp.com\/wp-content\/uploads\/2025\/09\/H67030ca3636d4ab19ead56b5436e8f0dD-12x12.avif 12w, https:\/\/championfmcgcorp.com\/wp-content\/uploads\/2025\/09\/H67030ca3636d4ab19ead56b5436e8f0dD-600x600.avif 600w\" sizes=\"(max-width: 800px) 100vw, 800px\" \/><\/p>\n<p><img loading=\"lazy\" decoding=\"async\" class=\"alignnone size-full wp-image-30443\" src=\"https:\/\/championfmcgcorp.com\/wp-content\/uploads\/2025\/09\/Hc08c135d53534bd2a19eb232a08f7110j.avif\" alt=\"\" width=\"800\" height=\"800\" srcset=\"https:\/\/championfmcgcorp.com\/wp-content\/uploads\/2025\/09\/Hc08c135d53534bd2a19eb232a08f7110j.avif 750w, https:\/\/championfmcgcorp.com\/wp-content\/uploads\/2025\/09\/Hc08c135d53534bd2a19eb232a08f7110j-300x300.avif 300w, https:\/\/championfmcgcorp.com\/wp-content\/uploads\/2025\/09\/Hc08c135d53534bd2a19eb232a08f7110j-150x150.avif 150w, https:\/\/championfmcgcorp.com\/wp-content\/uploads\/2025\/09\/Hc08c135d53534bd2a19eb232a08f7110j-12x12.avif 12w, https:\/\/championfmcgcorp.com\/wp-content\/uploads\/2025\/09\/Hc08c135d53534bd2a19eb232a08f7110j-600x600.avif 600w\" sizes=\"(max-width: 800px) 100vw, 800px\" \/><\/p>","protected":false},"excerpt":{"rendered":"<p>Cubo de pollo frito para comida r\u00e1pida con tapa de papel: ecol\u00f3gico, personalizable y herm\u00e9tico. Perfecto para comida para llevar y para promocionar tu marca. Compostable y apto para microondas. Aceptamos pedidos al por mayor. \u00a1Solicita muestras ahora!<\/p>","protected":false},"featured_media":30436,"comment_status":"open","ping_status":"closed","template":"","meta":[],"product_brand":[],"product_cat":[132,143,146],"product_tag":[],"class_list":{"0":"post-30463","1":"product","2":"type-product","3":"status-publish","4":"has-post-thumbnail","6":"product_cat-fried-chicken-restaurant","7":"product_cat-disposable-food-containers","8":"product_cat-paper-snack-boxes","10":"first","11":"instock","12":"shipping-taxable","13":"product-type-simple"},"_links":{"self":[{"href":"https:\/\/championfmcgcorp.com\/es\/wp-json\/wp\/v2\/product\/30463","targetHints":{"allow":["GET"]}}],"collection":[{"href":"https:\/\/championfmcgcorp.com\/es\/wp-json\/wp\/v2\/product"}],"about":[{"href":"https:\/\/championfmcgcorp.com\/es\/wp-json\/wp\/v2\/types\/product"}],"replies":[{"embeddable":true,"href":"https:\/\/championfmcgcorp.com\/es\/wp-json\/wp\/v2\/comments?post=30463"}],"version-history":[{"count":5,"href":"https:\/\/championfmcgcorp.com\/es\/wp-json\/wp\/v2\/product\/30463\/revisions"}],"predecessor-version":[{"id":31335,"href":"https:\/\/championfmcgcorp.com\/es\/wp-json\/wp\/v2\/product\/30463\/revisions\/31335"}],"wp:featuredmedia":[{"embeddable":true,"href":"https:\/\/championfmcgcorp.com\/es\/wp-json\/wp\/v2\/media\/30436"}],"wp:attachment":[{"href":"https:\/\/championfmcgcorp.com\/es\/wp-json\/wp\/v2\/media?parent=30463"}],"wp:term":[{"taxonomy":"product_brand","embeddable":true,"href":"https:\/\/championfmcgcorp.com\/es\/wp-json\/wp\/v2\/product_brand?post=30463"},{"taxonomy":"product_cat","embeddable":true,"href":"https:\/\/championfmcgcorp.com\/es\/wp-json\/wp\/v2\/product_cat?post=30463"},{"taxonomy":"product_tag","embeddable":true,"href":"https:\/\/championfmcgcorp.com\/es\/wp-json\/wp\/v2\/product_tag?post=30463"}],"curies":[{"name":"wp","href":"https:\/\/api.w.org\/{rel}","templated":true}]}}