{"id":30407,"date":"2025-10-02T09:53:57","date_gmt":"2025-10-02T09:53:57","guid":{"rendered":"https:\/\/ecopackware.com\/?post_type=product&#038;p=30407"},"modified":"2025-10-03T13:46:37","modified_gmt":"2025-10-03T13:46:37","slug":"proveedor-de-cuencos-de-papel-corrugado","status":"publish","type":"product","link":"https:\/\/championfmcgcorp.com\/es\/producto\/proveedor-de-cuencos-de-papel-corrugado\/","title":{"rendered":"Proveedor de cuencos de papel corrugado"},"content":{"rendered":"<h2 class=\"ds-markdown-paragraph\"><strong>Nombre del producto:<\/strong>\u00a0Proveedor de recipientes de cart\u00f3n corrugado premium | Fabricante de recipientes desechables ecol\u00f3gicos para alimentos<\/h2>\n<hr \/>\n<h3 class=\"ds-markdown-paragraph\"><strong>Descripci\u00f3n del Producto<\/strong><\/h3>\n<p class=\"ds-markdown-paragraph\">Como l\u00edder\u00a0<strong>Proveedor de cuencos de papel corrugado<\/strong>Nos especializamos en la fabricaci\u00f3n de envases de alimentos desechables sostenibles y de alta calidad para empresas de todo el mundo.\u00a0<strong>cuencos de papel corrugado<\/strong>\u00a0Presentan una exclusiva construcci\u00f3n multicapa que proporciona un aislamiento y una durabilidad superiores a los tazones de papel convencionales. Estos vers\u00e1tiles recipientes mantienen la temperatura \u00f3ptima de los alimentos a la vez que ofrecen una resistencia excepcional para diversas aplicaciones culinarias. Son perfectos para restaurantes, food trucks, servicios de catering y empresas de reparto de comida que buscan soluciones de envasado fiables y ecol\u00f3gicas.<\/p>\n<hr \/>\n<h3 class=\"ds-markdown-paragraph\"><strong>Caracter\u00edsticas y beneficios clave<\/strong><\/h3>\n<ul>\n<li>\n<p class=\"ds-markdown-paragraph\"><strong>Tecnolog\u00eda de aislamiento avanzada<\/strong>:La construcci\u00f3n corrugada de m\u00faltiples paredes mantiene calientes los alimentos calientes y los alimentos fr\u00edos refrigerados por m\u00e1s tiempo que los contenedores est\u00e1ndar.<\/p>\n<\/li>\n<li>\n<p class=\"ds-markdown-paragraph\"><strong>Durabilidad excepcional<\/strong>:La estructura r\u00edgida evita que se doble y se colapse, lo que garantiza una protecci\u00f3n segura de los alimentos durante el transporte.<\/p>\n<\/li>\n<li>\n<p class=\"ds-markdown-paragraph\"><strong>Materiales ecol\u00f3gicos<\/strong>:Fabricado a partir de recursos renovables y biodegradables con opciones compostables y reciclables disponibles.<\/p>\n<\/li>\n<li>\n<p class=\"ds-markdown-paragraph\"><strong>Rendimiento a prueba de fugas<\/strong>:El revestimiento interior especial proporciona una protecci\u00f3n fiable contra l\u00edquidos y aceites.<\/p>\n<\/li>\n<li>\n<p class=\"ds-markdown-paragraph\"><strong>Dise\u00f1o resistente al calor<\/strong>:Maneja de forma segura alimentos a altas temperaturas sin comprometer la integridad estructural.<\/p>\n<\/li>\n<li>\n<p class=\"ds-markdown-paragraph\"><strong>Fabricaci\u00f3n a medida<\/strong>:Servicios completos de personalizaci\u00f3n que incluyen opciones de tama\u00f1o, capacidad y marca.<\/p>\n<\/li>\n<li>\n<p class=\"ds-markdown-paragraph\"><strong>Capacidad de suministro global<\/strong>Cumplimiento confiable de pedidos al por mayor con est\u00e1ndares de calidad consistentes<\/p>\n<\/li>\n<\/ul>\n<hr \/>\n<h3 class=\"ds-markdown-paragraph\"><strong>Especificaciones t\u00e9cnicas<\/strong><\/h3>\n<ul>\n<li>\n<p class=\"ds-markdown-paragraph\"><strong>Material<\/strong>: Cart\u00f3n corrugado de calidad alimentaria<\/p>\n<\/li>\n<li>\n<p class=\"ds-markdown-paragraph\"><strong>Construcci\u00f3n de muros<\/strong>:Opciones de pared simple a triple pared<\/p>\n<\/li>\n<li>\n<p class=\"ds-markdown-paragraph\"><strong>Rango de capacidad<\/strong>:Tama\u00f1os est\u00e1ndar de 380 ml a 1090 ml<\/p>\n<\/li>\n<li>\n<p class=\"ds-markdown-paragraph\"><strong>Opciones de recubrimiento<\/strong>: Recubrimientos de PE, PLA o base agua<\/p>\n<\/li>\n<li>\n<p class=\"ds-markdown-paragraph\"><strong>Certificaciones<\/strong>:Certificado por la FDA y el FSC<\/p>\n<\/li>\n<li>\n<p class=\"ds-markdown-paragraph\"><strong>Personalizaci\u00f3n<\/strong>: Impresi\u00f3n, dimensionamiento y etiquetado privado<\/p>\n<hr \/>\n<h3 class=\"ds-markdown-paragraph\"><strong>Llamada a la acci\u00f3n<\/strong><\/h3>\n<p class=\"ds-markdown-paragraph\">\u00a1As\u00f3ciese con un proveedor confiable de cuencos de cart\u00f3n corrugado! Cont\u00e1ctenos para obtener precios directos de f\u00e1brica, muestras personalizadas y descuentos por volumen. Ofrecemos cantidades m\u00ednimas de pedido flexibles y soluciones confiables para la cadena de suministro de empresas de todos los tama\u00f1os.<\/p>\n<\/li>\n<\/ul>\n<h2 class=\"wp-block-heading has-text-align-center\">Compra cuencos de cart\u00f3n corrugado al por mayor | Ecol\u00f3gicos y econ\u00f3micos<\/h2>\n<p><img fetchpriority=\"high\" decoding=\"async\" class=\"alignnone size-full wp-image-30406\" src=\"https:\/\/championfmcgcorp.com\/wp-content\/uploads\/2025\/09\/Corrugated-Paper-Bowls-3-1.avif\" alt=\"\" width=\"750\" height=\"1651\" srcset=\"https:\/\/championfmcgcorp.com\/wp-content\/uploads\/2025\/09\/Corrugated-Paper-Bowls-3-1.avif 750w, https:\/\/championfmcgcorp.com\/wp-content\/uploads\/2025\/09\/Corrugated-Paper-Bowls-3-1-136x300.avif 136w, https:\/\/championfmcgcorp.com\/wp-content\/uploads\/2025\/09\/Corrugated-Paper-Bowls-3-1-363x800.avif 363w, https:\/\/championfmcgcorp.com\/wp-content\/uploads\/2025\/09\/Corrugated-Paper-Bowls-3-1-698x1536.avif 698w, https:\/\/championfmcgcorp.com\/wp-content\/uploads\/2025\/09\/Corrugated-Paper-Bowls-3-1-5x12.avif 5w, https:\/\/championfmcgcorp.com\/wp-content\/uploads\/2025\/09\/Corrugated-Paper-Bowls-3-1-600x1321.avif 600w, https:\/\/championfmcgcorp.com\/wp-content\/uploads\/2025\/09\/Corrugated-Paper-Bowls-3-1-150x330.avif 150w\" sizes=\"(max-width: 750px) 100vw, 750px\" \/><\/p>\n<p><img decoding=\"async\" class=\"alignnone size-full wp-image-30405\" src=\"https:\/\/championfmcgcorp.com\/wp-content\/uploads\/2025\/09\/Corrugated-Paper-Bowls-2-1.avif\" alt=\"\" width=\"750\" height=\"1284\" srcset=\"https:\/\/championfmcgcorp.com\/wp-content\/uploads\/2025\/09\/Corrugated-Paper-Bowls-2-1.avif 750w, https:\/\/championfmcgcorp.com\/wp-content\/uploads\/2025\/09\/Corrugated-Paper-Bowls-2-1-175x300.avif 175w, https:\/\/championfmcgcorp.com\/wp-content\/uploads\/2025\/09\/Corrugated-Paper-Bowls-2-1-467x800.avif 467w, https:\/\/championfmcgcorp.com\/wp-content\/uploads\/2025\/09\/Corrugated-Paper-Bowls-2-1-7x12.avif 7w, https:\/\/championfmcgcorp.com\/wp-content\/uploads\/2025\/09\/Corrugated-Paper-Bowls-2-1-600x1027.avif 600w, https:\/\/championfmcgcorp.com\/wp-content\/uploads\/2025\/09\/Corrugated-Paper-Bowls-2-1-150x257.avif 150w\" sizes=\"(max-width: 750px) 100vw, 750px\" \/><\/p>\n<p><strong>Desde alimentos calientes hasta fr\u00edos, mantienen su forma e integridad, lo que los hace ideales para servicios de catering, food trucks, restaurantes y eventos.<\/strong><\/p>","protected":false},"excerpt":{"rendered":"<div class=\"pro-des mb-20 fs16\">\n<p>Proveedor y fabricante profesional de recipientes de cart\u00f3n corrugado. Contenedores de alimentos desechables, ecol\u00f3gicos y aislantes. Tama\u00f1os e impresi\u00f3n personalizados disponibles. Certificaci\u00f3n DIN compostable. Descuentos por volumen. \u00a1Solicite presupuestos y muestras hoy mismo!<\/p>\n<\/div>\n<table class=\"text-center\" style=\"height: 121px;\" width=\"431\">\n<tbody>\n<tr>\n<td class=\"fs20-b\">Cantidad(piezas)<\/td>\n<td class=\"fs20-b\">Venta al por mayor por precio<\/td>\n<\/tr>\n<tr>\n<td>10000<\/td>\n<td>$0.18<\/td>\n<\/tr>\n<tr>\n<td>50000<\/td>\n<td>$0.16<\/td>\n<\/tr>\n<tr>\n<td>200000<\/td>\n<td>$0.11<\/td>\n<\/tr>\n<\/tbody>\n<\/table>\n<div class=\"d-flex flex-column flex-md-row mt-30\"><\/div>","protected":false},"featured_media":30404,"comment_status":"open","ping_status":"closed","template":"","meta":[],"product_brand":[],"product_cat":[122],"product_tag":[],"class_list":{"0":"post-30407","1":"product","2":"type-product","3":"status-publish","4":"has-post-thumbnail","6":"product_cat-by-market","8":"first","9":"instock","10":"shipping-taxable","11":"product-type-simple"},"_links":{"self":[{"href":"https:\/\/championfmcgcorp.com\/es\/wp-json\/wp\/v2\/product\/30407","targetHints":{"allow":["GET"]}}],"collection":[{"href":"https:\/\/championfmcgcorp.com\/es\/wp-json\/wp\/v2\/product"}],"about":[{"href":"https:\/\/championfmcgcorp.com\/es\/wp-json\/wp\/v2\/types\/product"}],"replies":[{"embeddable":true,"href":"https:\/\/championfmcgcorp.com\/es\/wp-json\/wp\/v2\/comments?post=30407"}],"version-history":[{"count":2,"href":"https:\/\/championfmcgcorp.com\/es\/wp-json\/wp\/v2\/product\/30407\/revisions"}],"predecessor-version":[{"id":31332,"href":"https:\/\/championfmcgcorp.com\/es\/wp-json\/wp\/v2\/product\/30407\/revisions\/31332"}],"wp:featuredmedia":[{"embeddable":true,"href":"https:\/\/championfmcgcorp.com\/es\/wp-json\/wp\/v2\/media\/30404"}],"wp:attachment":[{"href":"https:\/\/championfmcgcorp.com\/es\/wp-json\/wp\/v2\/media?parent=30407"}],"wp:term":[{"taxonomy":"product_brand","embeddable":true,"href":"https:\/\/championfmcgcorp.com\/es\/wp-json\/wp\/v2\/product_brand?post=30407"},{"taxonomy":"product_cat","embeddable":true,"href":"https:\/\/championfmcgcorp.com\/es\/wp-json\/wp\/v2\/product_cat?post=30407"},{"taxonomy":"product_tag","embeddable":true,"href":"https:\/\/championfmcgcorp.com\/es\/wp-json\/wp\/v2\/product_tag?post=30407"}],"curies":[{"name":"wp","href":"https:\/\/api.w.org\/{rel}","templated":true}]}}