{"id":30380,"date":"2025-10-02T09:43:03","date_gmt":"2025-10-02T09:43:03","guid":{"rendered":"https:\/\/ecopackware.com\/?post_type=product&#038;p=30380"},"modified":"2025-10-03T13:48:30","modified_gmt":"2025-10-03T13:48:30","slug":"tazon-de-papel-para-ensalada-marron","status":"publish","type":"product","link":"https:\/\/championfmcgcorp.com\/es\/producto\/tazon-de-papel-para-ensalada-marron\/","title":{"rendered":"Cuenco de papel para ensalada marr\u00f3n"},"content":{"rendered":"<h2>Nombre del producto: Cuencos de papel ecol\u00f3gicos para ensalada | Contenedores de papel kraft a prueba de fugas | Cuencos desechables con impresi\u00f3n personalizada<\/h2>\n<h3>Descripci\u00f3n del Producto<\/h3>\n<p>Satisfaga todas sus necesidades de servicio de alimentos con nuestros vers\u00e1tiles Tazones de Ensalada de Papel Marr\u00f3n: la soluci\u00f3n sostenible perfecta para negocios de alimentaci\u00f3n modernos. Disponibles en varios tama\u00f1os para adaptarse a todo, desde ensaladas ligeras hasta platos principales contundentes, estos tazones ecol\u00f3gicos combinan funcionalidad pr\u00e1ctica con responsabilidad ambiental. Fabricados con papel kraft premium 100%, estos tazones cuentan con un dise\u00f1o especial a prueba de fugas y antimanchas que permite manipular con seguridad diversos alimentos, desde carnes jugosas y verduras frescas hasta salsas y aderezos cremosos. Perfectos para servicios de comida para llevar, catering y entrega a domicilio.<\/p>\n<h3>Caracter\u00edsticas y beneficios clave<\/h3>\n<p>Versatilidad de m\u00faltiples tama\u00f1os: la amplia gama de tama\u00f1os se adapta a guarniciones y platos principales extra grandes, lo que los hace ideales para varios elementos del men\u00fa.<br \/>\nMaterial ecol\u00f3gico: fabricado con papel kraft biodegradable 100%, que respalda pr\u00e1cticas de servicio de alimentos sostenibles.<br \/>\nProtecci\u00f3n superior contra fugas: la tecnolog\u00eda de recubrimiento avanzada evita la filtraci\u00f3n de l\u00edquidos, manteniendo la integridad del recipiente con alimentos h\u00famedos y aderezos.<br \/>\nSuperficie resistente a las manchas: El tratamiento especial evita las manchas de aceite y comida, lo que garantiza una presentaci\u00f3n profesional.<br \/>\nMarca personalizada bienvenida: superficie perfecta para imprimir sus dise\u00f1os \u00fanicos, logotipos y colores de marca.<br \/>\nCompatibilidad alimentaria universal: contiene de forma segura carnes, verduras, salsas, cereales y platos mixtos.<br \/>\nAlmacenamiento seguro de alimentos: la construcci\u00f3n robusta evita que se doblen o colapsen, incluso con contenidos de alimentos pesados<\/p>\n<h3>Especificaciones t\u00e9cnicas<\/h3>\n<p>Material: Papel Kraft de grado alimenticio 100%<br \/>\nRecubrimiento: PE\/PLA para resistencia a fugas<br \/>\nRango de tama\u00f1o: capacidades de 500 ml, 750 ml, 1000 ml y 1300 ml<br \/>\nCaracter\u00edsticas: Apto para microondas y congelador.<br \/>\nPersonalizaci\u00f3n: Impresi\u00f3n a todo color disponible.<br \/>\nCertificaciones: Compostable, aprobado por la FDA<\/p>\n<h3 class=\"ds-markdown-paragraph\"><strong>Llamada a la acci\u00f3n<\/strong><\/h3>\n<p class=\"ds-markdown-paragraph\">\u00bfListo para mejorar su servicio de comida con envases sostenibles? Cont\u00e1ctenos hoy mismo para obtener muestras gratuitas y precios competitivos al por mayor. Impresi\u00f3n personalizada disponible para que su marca destaque. \u00a1Creemos la soluci\u00f3n de embalaje perfecta para su negocio!<\/p>\n<p><img fetchpriority=\"high\" decoding=\"async\" class=\"alignnone size-full wp-image-30391\" src=\"https:\/\/championfmcgcorp.com\/wp-content\/uploads\/2025\/09\/H33876af218a446b2a3bb3ce1696102beg-scaled-1.avif\" alt=\"\" width=\"800\" height=\"800\" \/><\/p>\n<p><img decoding=\"async\" class=\"alignnone size-full wp-image-30395\" src=\"https:\/\/championfmcgcorp.com\/wp-content\/uploads\/2025\/09\/Hda639aebe0e243a5bf1d4895db51f5cch.avif\" alt=\"\" width=\"800\" height=\"550\" srcset=\"https:\/\/championfmcgcorp.com\/wp-content\/uploads\/2025\/09\/Hda639aebe0e243a5bf1d4895db51f5cch.avif 800w, https:\/\/championfmcgcorp.com\/wp-content\/uploads\/2025\/09\/Hda639aebe0e243a5bf1d4895db51f5cch-400x275.avif 400w, https:\/\/championfmcgcorp.com\/wp-content\/uploads\/2025\/09\/Hda639aebe0e243a5bf1d4895db51f5cch-768x528.avif 768w, https:\/\/championfmcgcorp.com\/wp-content\/uploads\/2025\/09\/Hda639aebe0e243a5bf1d4895db51f5cch-18x12.avif 18w, https:\/\/championfmcgcorp.com\/wp-content\/uploads\/2025\/09\/Hda639aebe0e243a5bf1d4895db51f5cch-600x413.avif 600w, https:\/\/championfmcgcorp.com\/wp-content\/uploads\/2025\/09\/Hda639aebe0e243a5bf1d4895db51f5cch-150x103.avif 150w\" sizes=\"(max-width: 800px) 100vw, 800px\" \/><\/p>\n<p><img decoding=\"async\" class=\"alignnone size-full wp-image-30386\" src=\"https:\/\/championfmcgcorp.com\/wp-content\/uploads\/2025\/09\/H2d5b5b07b8214614897ed25b1bf1f549B.avif\" alt=\"\" width=\"800\" height=\"800\" srcset=\"https:\/\/championfmcgcorp.com\/wp-content\/uploads\/2025\/09\/H2d5b5b07b8214614897ed25b1bf1f549B.avif 750w, https:\/\/championfmcgcorp.com\/wp-content\/uploads\/2025\/09\/H2d5b5b07b8214614897ed25b1bf1f549B-300x300.avif 300w, https:\/\/championfmcgcorp.com\/wp-content\/uploads\/2025\/09\/H2d5b5b07b8214614897ed25b1bf1f549B-150x150.avif 150w, https:\/\/championfmcgcorp.com\/wp-content\/uploads\/2025\/09\/H2d5b5b07b8214614897ed25b1bf1f549B-12x12.avif 12w, https:\/\/championfmcgcorp.com\/wp-content\/uploads\/2025\/09\/H2d5b5b07b8214614897ed25b1bf1f549B-600x600.avif 600w\" sizes=\"(max-width: 800px) 100vw, 800px\" \/><\/p>\n<p><img loading=\"lazy\" decoding=\"async\" class=\"alignnone size-full wp-image-30390\" src=\"https:\/\/championfmcgcorp.com\/wp-content\/uploads\/2025\/09\/H272c3ee617554b109ac2083db90ce11de.avif\" alt=\"\" width=\"800\" height=\"800\" srcset=\"https:\/\/championfmcgcorp.com\/wp-content\/uploads\/2025\/09\/H272c3ee617554b109ac2083db90ce11de.avif 750w, https:\/\/championfmcgcorp.com\/wp-content\/uploads\/2025\/09\/H272c3ee617554b109ac2083db90ce11de-300x300.avif 300w, https:\/\/championfmcgcorp.com\/wp-content\/uploads\/2025\/09\/H272c3ee617554b109ac2083db90ce11de-150x150.avif 150w, https:\/\/championfmcgcorp.com\/wp-content\/uploads\/2025\/09\/H272c3ee617554b109ac2083db90ce11de-12x12.avif 12w, https:\/\/championfmcgcorp.com\/wp-content\/uploads\/2025\/09\/H272c3ee617554b109ac2083db90ce11de-600x600.avif 600w\" sizes=\"(max-width: 800px) 100vw, 800px\" \/><\/p>\n<p><img loading=\"lazy\" decoding=\"async\" class=\"alignnone size-full wp-image-30398\" src=\"https:\/\/championfmcgcorp.com\/wp-content\/uploads\/2025\/09\/Hffa5137292fb4ab2bf8e99fdb70d2c88W.avif\" alt=\"\" width=\"800\" height=\"800\" srcset=\"https:\/\/championfmcgcorp.com\/wp-content\/uploads\/2025\/09\/Hffa5137292fb4ab2bf8e99fdb70d2c88W.avif 750w, https:\/\/championfmcgcorp.com\/wp-content\/uploads\/2025\/09\/Hffa5137292fb4ab2bf8e99fdb70d2c88W-300x300.avif 300w, https:\/\/championfmcgcorp.com\/wp-content\/uploads\/2025\/09\/Hffa5137292fb4ab2bf8e99fdb70d2c88W-150x150.avif 150w, https:\/\/championfmcgcorp.com\/wp-content\/uploads\/2025\/09\/Hffa5137292fb4ab2bf8e99fdb70d2c88W-12x12.avif 12w, https:\/\/championfmcgcorp.com\/wp-content\/uploads\/2025\/09\/Hffa5137292fb4ab2bf8e99fdb70d2c88W-600x600.avif 600w\" sizes=\"(max-width: 800px) 100vw, 800px\" \/><\/p>\n<p><img loading=\"lazy\" decoding=\"async\" class=\"alignnone size-full wp-image-30389\" src=\"https:\/\/championfmcgcorp.com\/wp-content\/uploads\/2025\/09\/H9e90554db663443f8de1fd83d6bf5694Y.avif\" alt=\"\" width=\"800\" height=\"800\" srcset=\"https:\/\/championfmcgcorp.com\/wp-content\/uploads\/2025\/09\/H9e90554db663443f8de1fd83d6bf5694Y.avif 750w, https:\/\/championfmcgcorp.com\/wp-content\/uploads\/2025\/09\/H9e90554db663443f8de1fd83d6bf5694Y-300x300.avif 300w, https:\/\/championfmcgcorp.com\/wp-content\/uploads\/2025\/09\/H9e90554db663443f8de1fd83d6bf5694Y-150x150.avif 150w, https:\/\/championfmcgcorp.com\/wp-content\/uploads\/2025\/09\/H9e90554db663443f8de1fd83d6bf5694Y-12x12.avif 12w, https:\/\/championfmcgcorp.com\/wp-content\/uploads\/2025\/09\/H9e90554db663443f8de1fd83d6bf5694Y-600x600.avif 600w\" sizes=\"(max-width: 800px) 100vw, 800px\" \/><\/p>\n<p><img loading=\"lazy\" decoding=\"async\" class=\"alignnone size-full wp-image-30396\" src=\"https:\/\/championfmcgcorp.com\/wp-content\/uploads\/2025\/09\/He971e47e2ad84064a78472a4a24e427eK.avif\" alt=\"\" width=\"800\" height=\"800\" srcset=\"https:\/\/championfmcgcorp.com\/wp-content\/uploads\/2025\/09\/He971e47e2ad84064a78472a4a24e427eK.avif 920w, https:\/\/championfmcgcorp.com\/wp-content\/uploads\/2025\/09\/He971e47e2ad84064a78472a4a24e427eK-300x300.avif 300w, https:\/\/championfmcgcorp.com\/wp-content\/uploads\/2025\/09\/He971e47e2ad84064a78472a4a24e427eK-800x800.avif 800w, https:\/\/championfmcgcorp.com\/wp-content\/uploads\/2025\/09\/He971e47e2ad84064a78472a4a24e427eK-150x150.avif 150w, https:\/\/championfmcgcorp.com\/wp-content\/uploads\/2025\/09\/He971e47e2ad84064a78472a4a24e427eK-768x768.avif 768w, https:\/\/championfmcgcorp.com\/wp-content\/uploads\/2025\/09\/He971e47e2ad84064a78472a4a24e427eK-12x12.avif 12w, https:\/\/championfmcgcorp.com\/wp-content\/uploads\/2025\/09\/He971e47e2ad84064a78472a4a24e427eK-600x600.avif 600w\" sizes=\"(max-width: 800px) 100vw, 800px\" \/><\/p>\n<p><img loading=\"lazy\" decoding=\"async\" class=\"alignnone size-full wp-image-30387\" src=\"https:\/\/championfmcgcorp.com\/wp-content\/uploads\/2025\/09\/H5c1ed7c82e534383828be11167f7a622P.avif\" alt=\"\" width=\"800\" height=\"800\" srcset=\"https:\/\/championfmcgcorp.com\/wp-content\/uploads\/2025\/09\/H5c1ed7c82e534383828be11167f7a622P.avif 921w, https:\/\/championfmcgcorp.com\/wp-content\/uploads\/2025\/09\/H5c1ed7c82e534383828be11167f7a622P-300x300.avif 300w, https:\/\/championfmcgcorp.com\/wp-content\/uploads\/2025\/09\/H5c1ed7c82e534383828be11167f7a622P-801x800.avif 801w, https:\/\/championfmcgcorp.com\/wp-content\/uploads\/2025\/09\/H5c1ed7c82e534383828be11167f7a622P-150x150.avif 150w, https:\/\/championfmcgcorp.com\/wp-content\/uploads\/2025\/09\/H5c1ed7c82e534383828be11167f7a622P-768x767.avif 768w, https:\/\/championfmcgcorp.com\/wp-content\/uploads\/2025\/09\/H5c1ed7c82e534383828be11167f7a622P-12x12.avif 12w, https:\/\/championfmcgcorp.com\/wp-content\/uploads\/2025\/09\/H5c1ed7c82e534383828be11167f7a622P-600x599.avif 600w\" sizes=\"(max-width: 800px) 100vw, 800px\" \/><\/p>\n<p><img loading=\"lazy\" decoding=\"async\" class=\"alignnone size-full wp-image-30392\" src=\"https:\/\/championfmcgcorp.com\/wp-content\/uploads\/2025\/09\/H715187667a534f1fa268a5e917fcd9ebW.avif\" alt=\"\" width=\"800\" height=\"800\" srcset=\"https:\/\/championfmcgcorp.com\/wp-content\/uploads\/2025\/09\/H715187667a534f1fa268a5e917fcd9ebW.avif 800w, https:\/\/championfmcgcorp.com\/wp-content\/uploads\/2025\/09\/H715187667a534f1fa268a5e917fcd9ebW-300x300.avif 300w, https:\/\/championfmcgcorp.com\/wp-content\/uploads\/2025\/09\/H715187667a534f1fa268a5e917fcd9ebW-150x150.avif 150w, https:\/\/championfmcgcorp.com\/wp-content\/uploads\/2025\/09\/H715187667a534f1fa268a5e917fcd9ebW-768x768.avif 768w, https:\/\/championfmcgcorp.com\/wp-content\/uploads\/2025\/09\/H715187667a534f1fa268a5e917fcd9ebW-12x12.avif 12w, https:\/\/championfmcgcorp.com\/wp-content\/uploads\/2025\/09\/H715187667a534f1fa268a5e917fcd9ebW-600x600.avif 600w\" sizes=\"(max-width: 800px) 100vw, 800px\" \/><\/p>\n<p><img loading=\"lazy\" decoding=\"async\" class=\"alignnone size-full wp-image-30393\" src=\"https:\/\/championfmcgcorp.com\/wp-content\/uploads\/2025\/09\/Ha2a00a658b594e82aca7414d6fbbf0697.avif\" alt=\"\" width=\"800\" height=\"800\" srcset=\"https:\/\/championfmcgcorp.com\/wp-content\/uploads\/2025\/09\/Ha2a00a658b594e82aca7414d6fbbf0697-150x150.avif 150w, https:\/\/championfmcgcorp.com\/wp-content\/uploads\/2025\/09\/Ha2a00a658b594e82aca7414d6fbbf0697-11x12.avif 11w\" sizes=\"(max-width: 800px) 100vw, 800px\" \/><\/p>\n<p><img loading=\"lazy\" decoding=\"async\" class=\"alignnone size-full wp-image-30388\" src=\"https:\/\/championfmcgcorp.com\/wp-content\/uploads\/2025\/09\/H6f318428315046428a3f6f46f3bb016fD.avif\" alt=\"\" width=\"800\" height=\"800\" \/><\/p>","protected":false},"excerpt":{"rendered":"<p>Tazones de papel ecol\u00f3gicos para ensalada marr\u00f3n \u2013 100%, envases desechables de papel kraft a prueba de fugas en varios tama\u00f1os. Perfectos para ensaladas, platos principales y comida para llevar. Impresi\u00f3n personalizada disponible. Compostables y aptos para microondas. \u00a1Solicite muestras hoy mismo!<\/p>","protected":false},"featured_media":30381,"comment_status":"open","ping_status":"closed","template":"","meta":[],"product_brand":[],"product_cat":[130,143,155,162,154],"product_tag":[],"class_list":{"0":"post-30380","1":"product","2":"type-product","3":"status-publish","4":"has-post-thumbnail","6":"product_cat-fast-food-restaurant","7":"product_cat-disposable-food-containers","8":"product_cat-paper-food-boxes","9":"product_cat-salad-bowls","10":"product_cat-soup-bowl","12":"first","13":"instock","14":"shipping-taxable","15":"product-type-simple"},"_links":{"self":[{"href":"https:\/\/championfmcgcorp.com\/es\/wp-json\/wp\/v2\/product\/30380","targetHints":{"allow":["GET"]}}],"collection":[{"href":"https:\/\/championfmcgcorp.com\/es\/wp-json\/wp\/v2\/product"}],"about":[{"href":"https:\/\/championfmcgcorp.com\/es\/wp-json\/wp\/v2\/types\/product"}],"replies":[{"embeddable":true,"href":"https:\/\/championfmcgcorp.com\/es\/wp-json\/wp\/v2\/comments?post=30380"}],"version-history":[{"count":4,"href":"https:\/\/championfmcgcorp.com\/es\/wp-json\/wp\/v2\/product\/30380\/revisions"}],"predecessor-version":[{"id":31536,"href":"https:\/\/championfmcgcorp.com\/es\/wp-json\/wp\/v2\/product\/30380\/revisions\/31536"}],"wp:featuredmedia":[{"embeddable":true,"href":"https:\/\/championfmcgcorp.com\/es\/wp-json\/wp\/v2\/media\/30381"}],"wp:attachment":[{"href":"https:\/\/championfmcgcorp.com\/es\/wp-json\/wp\/v2\/media?parent=30380"}],"wp:term":[{"taxonomy":"product_brand","embeddable":true,"href":"https:\/\/championfmcgcorp.com\/es\/wp-json\/wp\/v2\/product_brand?post=30380"},{"taxonomy":"product_cat","embeddable":true,"href":"https:\/\/championfmcgcorp.com\/es\/wp-json\/wp\/v2\/product_cat?post=30380"},{"taxonomy":"product_tag","embeddable":true,"href":"https:\/\/championfmcgcorp.com\/es\/wp-json\/wp\/v2\/product_tag?post=30380"}],"curies":[{"name":"wp","href":"https:\/\/api.w.org\/{rel}","templated":true}]}}