{"id":30358,"date":"2025-10-03T13:55:36","date_gmt":"2025-10-03T13:55:36","guid":{"rendered":"https:\/\/ecopackware.com\/?post_type=product&#038;p=30358"},"modified":"2025-10-03T13:58:42","modified_gmt":"2025-10-03T13:58:42","slug":"recipiente-de-papel-desechable-recipiente-para-comida-recipientes-para-comida-rapida-para-llevar-envases-con-tapa-recipiente-de-papel-rectangular-desechable","status":"publish","type":"product","link":"https:\/\/championfmcgcorp.com\/es\/producto\/recipiente-de-papel-desechable-recipiente-para-comida-recipientes-para-comida-rapida-para-llevar-envases-con-tapa-recipiente-de-papel-rectangular-desechable\/","title":{"rendered":"Recipiente de papel desechable, recipiente para comida, recipientes para comida r\u00e1pida para llevar, envases con tapa, recipiente de papel rectangular desechable."},"content":{"rendered":"<h1><strong>Cuencos de papel desechables rectangulares con tapa: la soluci\u00f3n definitiva para llevar<\/strong><\/h1>\n<p class=\"ds-markdown-paragraph\">Actualice su embalaje de alimentos con nuestros vers\u00e1tiles y confiables\u00a0<strong>Cuencos de papel rectangulares desechables<\/strong>Dise\u00f1ados espec\u00edficamente para las exigencias del servicio de comida moderno, estos tazones ofrecen una soluci\u00f3n pr\u00e1ctica y sostenible para servir una amplia variedad de comidas para llevar. Perfectos para\u00a0<strong>envases de comida r\u00e1pida<\/strong>, barras de ensaladas, food trucks y servicios de entrega, combinan funcionalidad con una est\u00e9tica limpia y moderna.<\/p>\n<h2><strong>Dise\u00f1ado para durabilidad y conveniencia<\/strong><\/h2>\n<p class=\"ds-markdown-paragraph\">Nuestros cuencos de papel est\u00e1n dise\u00f1ados para soportar sus d\u00edas m\u00e1s ocupados, garantizando que su comida llegue luciendo y teniendo el mejor sabor.<\/p>\n<ul>\n<li>\n<p class=\"ds-markdown-paragraph\"><strong>Dise\u00f1o seguro y resistente a fugas:<\/strong>\u00a0La forma rectangular \u00fanica proporciona una base estable, mientras que el ajuste perfecto\u00a0<strong>tapas de papel desechables<\/strong>\u00a0Crean un sello seguro. Esto ayuda a prevenir fugas y derrames, lo que los hace ideales para platos con salsa, ensaladas con aderezo y sopas, protegiendo sus alimentos durante el transporte.<\/p>\n<\/li>\n<li>\n<p class=\"ds-markdown-paragraph\"><strong>Robusto y confiable:<\/strong>\u00a0Fabricados con cart\u00f3n de alta calidad apto para uso alimentario, estos cuencos son lo suficientemente resistentes como para contener alimentos pesados, h\u00famedos o aceitosos sin empaparse ni perder su estructura.<\/p>\n<\/li>\n<li>\n<p class=\"ds-markdown-paragraph\"><strong>Forma que ahorra espacio:<\/strong>\u00a0A diferencia de los contenedores redondos, nuestros\u00a0<strong>recipientes rectangulares de papel para alimentos<\/strong>\u00a0Ap\u00edlelos de forma ordenada y eficiente, ahorrando valioso espacio en su \u00e1rea de almacenamiento, bolsas de entrega y portavasos de los clientes.<\/p>\n<\/li>\n<\/ul>\n<h2><strong>Ideal para una amplia gama de creaciones culinarias.<\/strong><\/h2>\n<p class=\"ds-markdown-paragraph\">Su vers\u00e1til forma rectangular es perfecta para mucho m\u00e1s que la comida para llevar est\u00e1ndar. Es la opci\u00f3n ideal.\u00a0<strong>recipiente de comida desechable<\/strong>\u00a0para:<\/p>\n<ul>\n<li>\n<p class=\"ds-markdown-paragraph\"><strong>Ensaladas y tazones de cereales:<\/strong>\u00a0Porciones perfectas para verduras, aderezos y coberturas.<\/p>\n<\/li>\n<li>\n<p class=\"ds-markdown-paragraph\"><strong>Cocina asi\u00e1tica:<\/strong>\u00a0Excelente para platos de fideos, tazones de arroz, salteados y sushi.<\/p>\n<\/li>\n<li>\n<p class=\"ds-markdown-paragraph\"><strong>Comida r\u00e1pida y acompa\u00f1amientos:<\/strong>\u00a0Ideal para papas fritas, alitas, wraps y comidas combinadas.<\/p>\n<\/li>\n<li>\n<p class=\"ds-markdown-paragraph\"><strong>Snacks y aperitivos:<\/strong>\u00a0Ideal para palomitas de ma\u00edz, nachos y platos para fiestas.<\/p>\n<\/li>\n<\/ul>\n<h2><strong>Caracter\u00edsticas principales y beneficios comerciales<\/strong><\/h2>\n<ul>\n<li>\n<p class=\"ds-markdown-paragraph\"><strong>Dise\u00f1o resistente a fugas:<\/strong>\u00a0La tapa de ajuste seguro minimiza los derrames para satisfacci\u00f3n del cliente.<\/p>\n<\/li>\n<li>\n<p class=\"ds-markdown-paragraph\"><strong>Apto para microondas:<\/strong>\u00a0Conveniente para los clientes que desean recalentar su comida.<\/p>\n<\/li>\n<li>\n<p class=\"ds-markdown-paragraph\"><strong>Opci\u00f3n Eco-Consciente:<\/strong>\u00a0Disponible en materiales biodegradables y compostables a pedido, atractivo para los consumidores conscientes del medio ambiente.<\/p>\n<\/li>\n<li>\n<p class=\"ds-markdown-paragraph\"><strong>Oportunidad de marca:<\/strong>\u00a0Un lienzo en blanco perfecto para su logotipo y los colores de su marca, convirtiendo cada pedido para llevar en una oportunidad de marketing.<\/p>\n<\/li>\n<li>\n<p class=\"ds-markdown-paragraph\"><strong>Excelente para entrega de comida:<\/strong>\u00a0La tapa segura y la construcci\u00f3n robusta hacen que estos tazones sean la mejor opci\u00f3n para\u00a0<strong>embalaje para entrega de alimentos<\/strong>, asegurando que las comidas permanezcan intactas.<\/p>\n<\/li>\n<\/ul>\n<h2><strong>Perfecto para diversos negocios de servicios de alimentaci\u00f3n.<\/strong><\/h2>\n<p class=\"ds-markdown-paragraph\">Nuestro\u00a0<strong>cuencos desechables al por mayor<\/strong>\u00a0cuentan con la confianza de empresas de todo el sector:<\/p>\n<ul>\n<li>\n<p class=\"ds-markdown-paragraph\">Restaurantes de comida r\u00e1pida y food trucks<\/p>\n<\/li>\n<li>\n<p class=\"ds-markdown-paragraph\">Barras de ensaladas y cafeter\u00edas de comida saludable<\/p>\n<\/li>\n<li>\n<p class=\"ds-markdown-paragraph\">Empresas de catering y organizadores de eventos<\/p>\n<\/li>\n<li>\n<p class=\"ds-markdown-paragraph\">Comedores corporativos y cocinas solo para entrega a domicilio<\/p>\n<\/li>\n<li>\n<p class=\"ds-markdown-paragraph\">Bares de aperitivos y cines<\/p>\n<\/li>\n<\/ul>\n<h2><strong>\u00a1Compre hoy mismo sus cuencos de papel al por mayor!<\/strong><\/h2>\n<p class=\"ds-markdown-paragraph\">Optimice sus operaciones y mejore la experiencia de sus clientes con nuestra confiable\u00a0<strong>recipientes de papel desechables para alimentos<\/strong>Comprar al por mayor garantiza que nunca te quedes sin productos durante las horas pico y proporciona un importante ahorro de costos.<\/p>\n<h2 class=\"ds-markdown-paragraph\"><strong>Llamada a la acci\u00f3n:<\/strong><br \/>\n<strong>\u00a1Cont\u00e1ctenos hoy para obtener una cotizaci\u00f3n mayorista competitiva!<\/strong>\u00a0Perm\u00edtanos ayudarle a encontrar el tama\u00f1o perfecto y las opciones de personalizaci\u00f3n para las necesidades de su negocio.<\/h2>\n<p><img fetchpriority=\"high\" decoding=\"async\" class=\"alignnone size-full wp-image-30366\" src=\"https:\/\/championfmcgcorp.com\/wp-content\/uploads\/2025\/09\/10145.avif\" alt=\"\" width=\"750\" height=\"101\" srcset=\"https:\/\/championfmcgcorp.com\/wp-content\/uploads\/2025\/09\/10145.avif 750w, https:\/\/championfmcgcorp.com\/wp-content\/uploads\/2025\/09\/10145-400x54.avif 400w, https:\/\/championfmcgcorp.com\/wp-content\/uploads\/2025\/09\/10145-18x2.avif 18w, https:\/\/championfmcgcorp.com\/wp-content\/uploads\/2025\/09\/10145-600x81.avif 600w, https:\/\/championfmcgcorp.com\/wp-content\/uploads\/2025\/09\/10145-150x20.avif 150w\" sizes=\"(max-width: 750px) 100vw, 750px\" \/><\/p>\n<table class=\"all magic-6\">\n<tbody>\n<tr>\n<td colspan=\"1\" rowspan=\"1\">\n<div class=\"magic-7\" data-spm-anchor-id=\"a2700.details-description.0.i4.487cSyzaSyza6N\">Nombre del art\u00edculo<\/div>\n<\/td>\n<td colspan=\"4\" rowspan=\"1\">\n<div class=\"magic-8\">Ensaladera de papel kraft<\/div>\n<\/td>\n<\/tr>\n<tr>\n<td colspan=\"1\" rowspan=\"1\">\n<div class=\"magic-7\">Tama\u00f1o<\/div>\n<\/td>\n<td colspan=\"4\" rowspan=\"1\">\n<div class=\"magic-8\" data-spm-anchor-id=\"a2700.details-description.0.i1.487cSyzaSyza6N\">500 ml\/650 ml\/750 ml\/1000 ml<\/div>\n<\/td>\n<\/tr>\n<tr>\n<td colspan=\"1\" rowspan=\"1\">\n<div class=\"magic-7\">Material<\/div>\n<\/td>\n<td colspan=\"4\" rowspan=\"1\">\n<div class=\"magic-8\" data-spm-anchor-id=\"a2700.details-description.0.i0.487cSyzaSyza6N\">Papel kraft solar de 320 g\/papel blanco + PE simple\/PE doble<\/div>\n<\/td>\n<\/tr>\n<tr>\n<td colspan=\"1\" rowspan=\"1\">\n<div class=\"magic-7\">Logo<\/div>\n<\/td>\n<td colspan=\"4\" rowspan=\"1\">\n<div class=\"magic-12\">Hecho a medida aceptable<\/div>\n<\/td>\n<\/tr>\n<\/tbody>\n<\/table>\n<p><img decoding=\"async\" class=\"alignnone size-full wp-image-30367\" src=\"https:\/\/championfmcgcorp.com\/wp-content\/uploads\/2025\/09\/10146.avif\" alt=\"\" width=\"800\" height=\"103\" \/><\/p>\n<p><img decoding=\"async\" class=\"alignnone size-full wp-image-30368\" src=\"https:\/\/championfmcgcorp.com\/wp-content\/uploads\/2025\/09\/10147.avif\" alt=\"\" width=\"800\" height=\"800\" srcset=\"https:\/\/championfmcgcorp.com\/wp-content\/uploads\/2025\/09\/10147.avif 800w, https:\/\/championfmcgcorp.com\/wp-content\/uploads\/2025\/09\/10147-300x300.avif 300w, https:\/\/championfmcgcorp.com\/wp-content\/uploads\/2025\/09\/10147-150x150.avif 150w, https:\/\/championfmcgcorp.com\/wp-content\/uploads\/2025\/09\/10147-768x768.avif 768w, https:\/\/championfmcgcorp.com\/wp-content\/uploads\/2025\/09\/10147-12x12.avif 12w, https:\/\/championfmcgcorp.com\/wp-content\/uploads\/2025\/09\/10147-600x600.avif 600w\" sizes=\"(max-width: 800px) 100vw, 800px\" \/><\/p>\n<p><img loading=\"lazy\" decoding=\"async\" class=\"alignnone size-full wp-image-30369\" src=\"https:\/\/championfmcgcorp.com\/wp-content\/uploads\/2025\/09\/10148.avif\" alt=\"\" width=\"800\" height=\"800\" srcset=\"https:\/\/championfmcgcorp.com\/wp-content\/uploads\/2025\/09\/10148.avif 1500w, https:\/\/championfmcgcorp.com\/wp-content\/uploads\/2025\/09\/10148-300x300.avif 300w, https:\/\/championfmcgcorp.com\/wp-content\/uploads\/2025\/09\/10148-800x800.avif 800w, https:\/\/championfmcgcorp.com\/wp-content\/uploads\/2025\/09\/10148-150x150.avif 150w, https:\/\/championfmcgcorp.com\/wp-content\/uploads\/2025\/09\/10148-768x768.avif 768w, https:\/\/championfmcgcorp.com\/wp-content\/uploads\/2025\/09\/10148-12x12.avif 12w, https:\/\/championfmcgcorp.com\/wp-content\/uploads\/2025\/09\/10148-600x600.avif 600w, https:\/\/championfmcgcorp.com\/wp-content\/uploads\/2025\/09\/10148-1200x1200.avif 1200w\" sizes=\"(max-width: 800px) 100vw, 800px\" \/><\/p>\n<p><img loading=\"lazy\" decoding=\"async\" class=\"alignnone size-full wp-image-30370\" src=\"https:\/\/championfmcgcorp.com\/wp-content\/uploads\/2025\/09\/10149.avif\" alt=\"\" width=\"800\" height=\"800\" srcset=\"https:\/\/championfmcgcorp.com\/wp-content\/uploads\/2025\/09\/10149.avif 800w, https:\/\/championfmcgcorp.com\/wp-content\/uploads\/2025\/09\/10149-300x300.avif 300w, https:\/\/championfmcgcorp.com\/wp-content\/uploads\/2025\/09\/10149-150x150.avif 150w, https:\/\/championfmcgcorp.com\/wp-content\/uploads\/2025\/09\/10149-768x768.avif 768w, https:\/\/championfmcgcorp.com\/wp-content\/uploads\/2025\/09\/10149-12x12.avif 12w, https:\/\/championfmcgcorp.com\/wp-content\/uploads\/2025\/09\/10149-600x600.avif 600w\" sizes=\"(max-width: 800px) 100vw, 800px\" \/><\/p>\n<p><img loading=\"lazy\" decoding=\"async\" class=\"alignnone size-full wp-image-30371\" src=\"https:\/\/championfmcgcorp.com\/wp-content\/uploads\/2025\/09\/10150.avif\" alt=\"\" width=\"800\" height=\"800\" srcset=\"https:\/\/championfmcgcorp.com\/wp-content\/uploads\/2025\/09\/10150.avif 1500w, https:\/\/championfmcgcorp.com\/wp-content\/uploads\/2025\/09\/10150-300x300.avif 300w, https:\/\/championfmcgcorp.com\/wp-content\/uploads\/2025\/09\/10150-800x800.avif 800w, https:\/\/championfmcgcorp.com\/wp-content\/uploads\/2025\/09\/10150-150x150.avif 150w, https:\/\/championfmcgcorp.com\/wp-content\/uploads\/2025\/09\/10150-768x768.avif 768w, https:\/\/championfmcgcorp.com\/wp-content\/uploads\/2025\/09\/10150-12x12.avif 12w, https:\/\/championfmcgcorp.com\/wp-content\/uploads\/2025\/09\/10150-600x600.avif 600w, https:\/\/championfmcgcorp.com\/wp-content\/uploads\/2025\/09\/10150-1200x1200.avif 1200w\" sizes=\"(max-width: 800px) 100vw, 800px\" \/><\/p>\n<p><img loading=\"lazy\" decoding=\"async\" class=\"alignnone size-full wp-image-30374\" src=\"https:\/\/championfmcgcorp.com\/wp-content\/uploads\/2025\/09\/10161.avif\" alt=\"\" width=\"800\" height=\"800\" srcset=\"https:\/\/championfmcgcorp.com\/wp-content\/uploads\/2025\/09\/10161.avif 1500w, https:\/\/championfmcgcorp.com\/wp-content\/uploads\/2025\/09\/10161-300x300.avif 300w, https:\/\/championfmcgcorp.com\/wp-content\/uploads\/2025\/09\/10161-800x800.avif 800w, https:\/\/championfmcgcorp.com\/wp-content\/uploads\/2025\/09\/10161-150x150.avif 150w, https:\/\/championfmcgcorp.com\/wp-content\/uploads\/2025\/09\/10161-768x768.avif 768w, https:\/\/championfmcgcorp.com\/wp-content\/uploads\/2025\/09\/10161-12x12.avif 12w, https:\/\/championfmcgcorp.com\/wp-content\/uploads\/2025\/09\/10161-600x600.avif 600w, https:\/\/championfmcgcorp.com\/wp-content\/uploads\/2025\/09\/10161-1200x1200.avif 1200w\" sizes=\"(max-width: 800px) 100vw, 800px\" \/><\/p>\n<p><img loading=\"lazy\" decoding=\"async\" class=\"alignnone size-full wp-image-30372\" src=\"https:\/\/championfmcgcorp.com\/wp-content\/uploads\/2025\/09\/10151.avif\" alt=\"\" width=\"800\" height=\"800\" srcset=\"https:\/\/championfmcgcorp.com\/wp-content\/uploads\/2025\/09\/10151.avif 1500w, https:\/\/championfmcgcorp.com\/wp-content\/uploads\/2025\/09\/10151-300x300.avif 300w, https:\/\/championfmcgcorp.com\/wp-content\/uploads\/2025\/09\/10151-800x800.avif 800w, https:\/\/championfmcgcorp.com\/wp-content\/uploads\/2025\/09\/10151-150x150.avif 150w, https:\/\/championfmcgcorp.com\/wp-content\/uploads\/2025\/09\/10151-768x768.avif 768w, https:\/\/championfmcgcorp.com\/wp-content\/uploads\/2025\/09\/10151-12x12.avif 12w, https:\/\/championfmcgcorp.com\/wp-content\/uploads\/2025\/09\/10151-600x600.avif 600w, https:\/\/championfmcgcorp.com\/wp-content\/uploads\/2025\/09\/10151-1200x1200.avif 1200w\" sizes=\"(max-width: 800px) 100vw, 800px\" \/><\/p>\n<p><img loading=\"lazy\" decoding=\"async\" class=\"alignnone size-full wp-image-30373\" src=\"https:\/\/championfmcgcorp.com\/wp-content\/uploads\/2025\/09\/10153.avif\" alt=\"\" width=\"80\" height=\"345\" \/><\/p>\n<p><img loading=\"lazy\" decoding=\"async\" class=\"alignnone size-full wp-image-30375\" src=\"https:\/\/championfmcgcorp.com\/wp-content\/uploads\/2025\/09\/10163.avif\" alt=\"\" width=\"800\" height=\"629\" \/><\/p>\n<p><img loading=\"lazy\" decoding=\"async\" class=\"alignnone size-full wp-image-30376\" src=\"https:\/\/championfmcgcorp.com\/wp-content\/uploads\/2025\/09\/10164.avif\" alt=\"\" width=\"800\" height=\"539\" \/><\/p>\n<p>&nbsp;<\/p>","protected":false},"excerpt":{"rendered":"<p>Compre tazones de papel desechables rectangulares de alta calidad con tapas de cierre seguro. Ideales para comida r\u00e1pida, ensaladas, fideos y comida para llevar. Duraderos, resistentes a fugas y perfectos para entrega a domicilio. Obtenga precios al por mayor.<\/p>","protected":false},"featured_media":30365,"comment_status":"open","ping_status":"closed","template":"","meta":[],"product_brand":[],"product_cat":[130,143,162],"product_tag":[],"class_list":{"0":"post-30358","1":"product","2":"type-product","3":"status-publish","4":"has-post-thumbnail","6":"product_cat-fast-food-restaurant","7":"product_cat-disposable-food-containers","8":"product_cat-salad-bowls","10":"first","11":"instock","12":"shipping-taxable","13":"product-type-simple"},"_links":{"self":[{"href":"https:\/\/championfmcgcorp.com\/es\/wp-json\/wp\/v2\/product\/30358","targetHints":{"allow":["GET"]}}],"collection":[{"href":"https:\/\/championfmcgcorp.com\/es\/wp-json\/wp\/v2\/product"}],"about":[{"href":"https:\/\/championfmcgcorp.com\/es\/wp-json\/wp\/v2\/types\/product"}],"replies":[{"embeddable":true,"href":"https:\/\/championfmcgcorp.com\/es\/wp-json\/wp\/v2\/comments?post=30358"}],"version-history":[{"count":3,"href":"https:\/\/championfmcgcorp.com\/es\/wp-json\/wp\/v2\/product\/30358\/revisions"}],"predecessor-version":[{"id":31523,"href":"https:\/\/championfmcgcorp.com\/es\/wp-json\/wp\/v2\/product\/30358\/revisions\/31523"}],"wp:featuredmedia":[{"embeddable":true,"href":"https:\/\/championfmcgcorp.com\/es\/wp-json\/wp\/v2\/media\/30365"}],"wp:attachment":[{"href":"https:\/\/championfmcgcorp.com\/es\/wp-json\/wp\/v2\/media?parent=30358"}],"wp:term":[{"taxonomy":"product_brand","embeddable":true,"href":"https:\/\/championfmcgcorp.com\/es\/wp-json\/wp\/v2\/product_brand?post=30358"},{"taxonomy":"product_cat","embeddable":true,"href":"https:\/\/championfmcgcorp.com\/es\/wp-json\/wp\/v2\/product_cat?post=30358"},{"taxonomy":"product_tag","embeddable":true,"href":"https:\/\/championfmcgcorp.com\/es\/wp-json\/wp\/v2\/product_tag?post=30358"}],"curies":[{"name":"wp","href":"https:\/\/api.w.org\/{rel}","templated":true}]}}