{"id":30354,"date":"2025-10-02T09:30:13","date_gmt":"2025-10-02T09:30:13","guid":{"rendered":"https:\/\/ecopackware.com\/?post_type=product&#038;p=30354"},"modified":"2025-10-03T14:46:25","modified_gmt":"2025-10-03T14:46:25","slug":"recipientes-de-papel-para-sopa-caliente","status":"publish","type":"product","link":"https:\/\/championfmcgcorp.com\/es\/producto\/recipientes-de-papel-para-sopa-caliente\/","title":{"rendered":"Recipientes de papel para sopa caliente"},"content":{"rendered":"<h1>Nombre del producto: Recipientes compostables para sopa | Recipientes para sopa caliente aptos para microondas con tapa<\/h1>\n<h3>Descripci\u00f3n del Producto<\/h3>\n<p>Descubra la soluci\u00f3n sostenible definitiva para sus necesidades de servicio de comida caliente con nuestros envases de papel compostables para sopa. Disponibles en varios tama\u00f1os, estos recipientes de grado alimenticio est\u00e1n especialmente dise\u00f1ados para contener sopas y l\u00edquidos calientes, respetando el medio ambiente. Cada envase cuenta con una tapa de pl\u00e1stico de ajuste seguro, ideal para comida para llevar. El avanzado revestimiento de PE o PLA garantiza un rendimiento a prueba de fugas y resistencia a la grasa, adem\u00e1s de ser aptos para microondas. Perfectos para restaurantes, servicios de catering y empresas de reparto de comida que buscan combinar funcionalidad y sostenibilidad.<\/p>\n<p>Podemos proporcionarle muestras gratuitas de recipientes de papel para sopa caliente para que pruebe la calidad antes de realizar un pedido masivo.<\/p>\n<h3>Caracter\u00edsticas y beneficios clave<\/h3>\n<p>Soluci\u00f3n ecol\u00f3gica: envases de papel compostable 100% que se descomponen de forma natural, lo que reduce el impacto ambiental.<br \/>\nResistencia superior al calor: especialmente dise\u00f1ado para soportar altas temperaturas, perfecto para recipientes de sopa caliente y otros l\u00edquidos calientes.<br \/>\nOpci\u00f3n de comida para llevar segura: Las tapas de pl\u00e1stico compatibles brindan un cierre resistente a derrames para un transporte seguro de alimentos.<br \/>\nApto para microondas: calienta c\u00f3modamente los alimentos directamente en el recipiente sin transferirlos a otros platos<br \/>\nDise\u00f1o a prueba de fugas: El revestimiento avanzado de PE o PLA crea una barrera eficaz contra l\u00edquidos y grasa.<br \/>\nMarca personalizada: Impresi\u00f3n flexogr\u00e1fica disponible para mostrar su identidad de marca y preferencias de color.<br \/>\nGarant\u00eda de calidad: Se proporcionan muestras gratuitas para realizar pruebas y verificar la calidad antes de realizar pedidos al por mayor.<\/p>\n<h3>Especificaciones t\u00e9cnicas<\/h3>\n<p>Material: Cart\u00f3n de calidad alimentaria con revestimiento de PE\/PLA<br \/>\nCertificaciones: 100% compostable, compatible con la FDA<br \/>\nRango de tama\u00f1o: 8 oz, 12 oz, 16 oz (tama\u00f1os personalizados disponibles)<br \/>\nOpci\u00f3n de tapa: Tapas de pl\u00e1stico transparente para un sellado seguro<br \/>\nRango de temperatura: -20 \u00b0C a 95 \u00b0C<br \/>\nPersonalizaci\u00f3n: Impresi\u00f3n flexogr\u00e1fica de hasta 6 colores<\/p>\n<h3 class=\"ds-markdown-paragraph\"><strong>Llamada a la acci\u00f3n<\/strong><\/h3>\n<p class=\"ds-markdown-paragraph\">\u00a1Experimente la calidad de primera mano! Cont\u00e1ctenos hoy mismo para obtener muestras gratuitas y descubra por qu\u00e9 nuestros envases de papel compostable para sopa son la opci\u00f3n perfecta para su negocio de alimentos. Opciones de impresi\u00f3n personalizada disponibles. \u00a1Solicite sus muestras ahora!<\/p>\n<p><img fetchpriority=\"high\" decoding=\"async\" class=\"alignnone size-full wp-image-30344\" src=\"https:\/\/championfmcgcorp.com\/wp-content\/uploads\/2025\/09\/A193b73266ccc478b86-scaled-1.avif\" alt=\"\" width=\"800\" height=\"800\" srcset=\"https:\/\/championfmcgcorp.com\/wp-content\/uploads\/2025\/09\/A193b73266ccc478b86-scaled-1.avif 2560w, https:\/\/championfmcgcorp.com\/wp-content\/uploads\/2025\/09\/A193b73266ccc478b86-scaled-1-300x300.avif 300w, https:\/\/championfmcgcorp.com\/wp-content\/uploads\/2025\/09\/A193b73266ccc478b86-scaled-1-800x800.avif 800w, https:\/\/championfmcgcorp.com\/wp-content\/uploads\/2025\/09\/A193b73266ccc478b86-scaled-1-150x150.avif 150w, https:\/\/championfmcgcorp.com\/wp-content\/uploads\/2025\/09\/A193b73266ccc478b86-scaled-1-768x768.avif 768w, https:\/\/championfmcgcorp.com\/wp-content\/uploads\/2025\/09\/A193b73266ccc478b86-scaled-1-1536x1536.avif 1536w, https:\/\/championfmcgcorp.com\/wp-content\/uploads\/2025\/09\/A193b73266ccc478b86-scaled-1-2048x2048.avif 2048w, https:\/\/championfmcgcorp.com\/wp-content\/uploads\/2025\/09\/A193b73266ccc478b86-scaled-1-12x12.avif 12w, https:\/\/championfmcgcorp.com\/wp-content\/uploads\/2025\/09\/A193b73266ccc478b86-scaled-1-600x600.avif 600w, https:\/\/championfmcgcorp.com\/wp-content\/uploads\/2025\/09\/A193b73266ccc478b86-scaled-1-1200x1200.avif 1200w\" sizes=\"(max-width: 800px) 100vw, 800px\" \/><\/p>\n<p><img decoding=\"async\" class=\"alignnone size-full wp-image-30347\" src=\"https:\/\/championfmcgcorp.com\/wp-content\/uploads\/2025\/09\/H279a7addee714bb0b7.avif\" alt=\"\" width=\"800\" height=\"800\" srcset=\"https:\/\/championfmcgcorp.com\/wp-content\/uploads\/2025\/09\/H279a7addee714bb0b7.avif 1500w, https:\/\/championfmcgcorp.com\/wp-content\/uploads\/2025\/09\/H279a7addee714bb0b7-300x300.avif 300w, https:\/\/championfmcgcorp.com\/wp-content\/uploads\/2025\/09\/H279a7addee714bb0b7-800x800.avif 800w, https:\/\/championfmcgcorp.com\/wp-content\/uploads\/2025\/09\/H279a7addee714bb0b7-150x150.avif 150w, https:\/\/championfmcgcorp.com\/wp-content\/uploads\/2025\/09\/H279a7addee714bb0b7-768x768.avif 768w, https:\/\/championfmcgcorp.com\/wp-content\/uploads\/2025\/09\/H279a7addee714bb0b7-12x12.avif 12w, https:\/\/championfmcgcorp.com\/wp-content\/uploads\/2025\/09\/H279a7addee714bb0b7-600x600.avif 600w, https:\/\/championfmcgcorp.com\/wp-content\/uploads\/2025\/09\/H279a7addee714bb0b7-1200x1200.avif 1200w\" sizes=\"(max-width: 800px) 100vw, 800px\" \/><\/p>\n<p><img decoding=\"async\" class=\"alignnone size-full wp-image-30351\" src=\"https:\/\/championfmcgcorp.com\/wp-content\/uploads\/2025\/09\/Hdffe2d1b1bee4e98bd.avif\" alt=\"\" width=\"800\" height=\"800\" srcset=\"https:\/\/championfmcgcorp.com\/wp-content\/uploads\/2025\/09\/Hdffe2d1b1bee4e98bd.avif 750w, https:\/\/championfmcgcorp.com\/wp-content\/uploads\/2025\/09\/Hdffe2d1b1bee4e98bd-300x300.avif 300w, https:\/\/championfmcgcorp.com\/wp-content\/uploads\/2025\/09\/Hdffe2d1b1bee4e98bd-150x150.avif 150w, https:\/\/championfmcgcorp.com\/wp-content\/uploads\/2025\/09\/Hdffe2d1b1bee4e98bd-12x12.avif 12w, https:\/\/championfmcgcorp.com\/wp-content\/uploads\/2025\/09\/Hdffe2d1b1bee4e98bd-600x600.avif 600w\" sizes=\"(max-width: 800px) 100vw, 800px\" \/><\/p>\n<p><img loading=\"lazy\" decoding=\"async\" class=\"alignnone size-full wp-image-30346\" src=\"https:\/\/championfmcgcorp.com\/wp-content\/uploads\/2025\/09\/H6faea802efd44f1685.avif\" alt=\"\" width=\"800\" height=\"800\" srcset=\"https:\/\/championfmcgcorp.com\/wp-content\/uploads\/2025\/09\/H6faea802efd44f1685-150x150.avif 150w, https:\/\/championfmcgcorp.com\/wp-content\/uploads\/2025\/09\/H6faea802efd44f1685-12x12.avif 12w\" sizes=\"(max-width: 800px) 100vw, 800px\" \/><\/p>\n<p><img loading=\"lazy\" decoding=\"async\" class=\"alignnone size-full wp-image-30348\" src=\"https:\/\/championfmcgcorp.com\/wp-content\/uploads\/2025\/09\/H9767cde6c7194fe094.avif\" alt=\"\" width=\"800\" height=\"800\" srcset=\"https:\/\/championfmcgcorp.com\/wp-content\/uploads\/2025\/09\/H9767cde6c7194fe094.avif 1500w, https:\/\/championfmcgcorp.com\/wp-content\/uploads\/2025\/09\/H9767cde6c7194fe094-300x300.avif 300w, https:\/\/championfmcgcorp.com\/wp-content\/uploads\/2025\/09\/H9767cde6c7194fe094-800x800.avif 800w, https:\/\/championfmcgcorp.com\/wp-content\/uploads\/2025\/09\/H9767cde6c7194fe094-150x150.avif 150w, https:\/\/championfmcgcorp.com\/wp-content\/uploads\/2025\/09\/H9767cde6c7194fe094-768x768.avif 768w, https:\/\/championfmcgcorp.com\/wp-content\/uploads\/2025\/09\/H9767cde6c7194fe094-12x12.avif 12w, https:\/\/championfmcgcorp.com\/wp-content\/uploads\/2025\/09\/H9767cde6c7194fe094-600x600.avif 600w, https:\/\/championfmcgcorp.com\/wp-content\/uploads\/2025\/09\/H9767cde6c7194fe094-1200x1200.avif 1200w\" sizes=\"(max-width: 800px) 100vw, 800px\" \/><\/p>\n<p><img loading=\"lazy\" decoding=\"async\" class=\"alignnone size-full wp-image-30352\" src=\"https:\/\/championfmcgcorp.com\/wp-content\/uploads\/2025\/09\/He30fb5b56bef47ed97.avif\" alt=\"\" width=\"800\" height=\"800\" srcset=\"https:\/\/championfmcgcorp.com\/wp-content\/uploads\/2025\/09\/He30fb5b56bef47ed97.avif 750w, https:\/\/championfmcgcorp.com\/wp-content\/uploads\/2025\/09\/He30fb5b56bef47ed97-300x300.avif 300w, https:\/\/championfmcgcorp.com\/wp-content\/uploads\/2025\/09\/He30fb5b56bef47ed97-150x150.avif 150w, https:\/\/championfmcgcorp.com\/wp-content\/uploads\/2025\/09\/He30fb5b56bef47ed97-12x12.avif 12w, https:\/\/championfmcgcorp.com\/wp-content\/uploads\/2025\/09\/He30fb5b56bef47ed97-600x600.avif 600w\" sizes=\"(max-width: 800px) 100vw, 800px\" \/><\/p>\n<p><img loading=\"lazy\" decoding=\"async\" class=\"alignnone size-full wp-image-30345\" src=\"https:\/\/championfmcgcorp.com\/wp-content\/uploads\/2025\/09\/H2a88b7b4f4224b3580.avif\" alt=\"\" width=\"800\" height=\"800\" srcset=\"https:\/\/championfmcgcorp.com\/wp-content\/uploads\/2025\/09\/H2a88b7b4f4224b3580.avif 1500w, https:\/\/championfmcgcorp.com\/wp-content\/uploads\/2025\/09\/H2a88b7b4f4224b3580-300x300.avif 300w, https:\/\/championfmcgcorp.com\/wp-content\/uploads\/2025\/09\/H2a88b7b4f4224b3580-800x800.avif 800w, https:\/\/championfmcgcorp.com\/wp-content\/uploads\/2025\/09\/H2a88b7b4f4224b3580-150x150.avif 150w, https:\/\/championfmcgcorp.com\/wp-content\/uploads\/2025\/09\/H2a88b7b4f4224b3580-768x768.avif 768w, https:\/\/championfmcgcorp.com\/wp-content\/uploads\/2025\/09\/H2a88b7b4f4224b3580-12x12.avif 12w, https:\/\/championfmcgcorp.com\/wp-content\/uploads\/2025\/09\/H2a88b7b4f4224b3580-600x600.avif 600w, https:\/\/championfmcgcorp.com\/wp-content\/uploads\/2025\/09\/H2a88b7b4f4224b3580-1200x1200.avif 1200w\" sizes=\"(max-width: 800px) 100vw, 800px\" \/><\/p>\n<p><img loading=\"lazy\" decoding=\"async\" class=\"alignnone size-full wp-image-30349\" src=\"https:\/\/championfmcgcorp.com\/wp-content\/uploads\/2025\/09\/H47996c5efa854de29c.avif\" alt=\"\" width=\"800\" height=\"800\" srcset=\"https:\/\/championfmcgcorp.com\/wp-content\/uploads\/2025\/09\/H47996c5efa854de29c.avif 1500w, https:\/\/championfmcgcorp.com\/wp-content\/uploads\/2025\/09\/H47996c5efa854de29c-300x300.avif 300w, https:\/\/championfmcgcorp.com\/wp-content\/uploads\/2025\/09\/H47996c5efa854de29c-800x800.avif 800w, https:\/\/championfmcgcorp.com\/wp-content\/uploads\/2025\/09\/H47996c5efa854de29c-150x150.avif 150w, https:\/\/championfmcgcorp.com\/wp-content\/uploads\/2025\/09\/H47996c5efa854de29c-768x768.avif 768w, https:\/\/championfmcgcorp.com\/wp-content\/uploads\/2025\/09\/H47996c5efa854de29c-12x12.avif 12w, https:\/\/championfmcgcorp.com\/wp-content\/uploads\/2025\/09\/H47996c5efa854de29c-600x600.avif 600w, https:\/\/championfmcgcorp.com\/wp-content\/uploads\/2025\/09\/H47996c5efa854de29c-1200x1200.avif 1200w\" sizes=\"(max-width: 800px) 100vw, 800px\" \/><\/p>\n<p><img loading=\"lazy\" decoding=\"async\" class=\"alignnone size-full wp-image-30350\" src=\"https:\/\/championfmcgcorp.com\/wp-content\/uploads\/2025\/09\/Ha685f29422c548a186.avif\" alt=\"\" width=\"800\" height=\"800\" srcset=\"https:\/\/championfmcgcorp.com\/wp-content\/uploads\/2025\/09\/Ha685f29422c548a186.avif 1500w, https:\/\/championfmcgcorp.com\/wp-content\/uploads\/2025\/09\/Ha685f29422c548a186-300x300.avif 300w, https:\/\/championfmcgcorp.com\/wp-content\/uploads\/2025\/09\/Ha685f29422c548a186-800x800.avif 800w, https:\/\/championfmcgcorp.com\/wp-content\/uploads\/2025\/09\/Ha685f29422c548a186-150x150.avif 150w, https:\/\/championfmcgcorp.com\/wp-content\/uploads\/2025\/09\/Ha685f29422c548a186-768x768.avif 768w, https:\/\/championfmcgcorp.com\/wp-content\/uploads\/2025\/09\/Ha685f29422c548a186-12x12.avif 12w, https:\/\/championfmcgcorp.com\/wp-content\/uploads\/2025\/09\/Ha685f29422c548a186-600x600.avif 600w, https:\/\/championfmcgcorp.com\/wp-content\/uploads\/2025\/09\/Ha685f29422c548a186-1200x1200.avif 1200w\" sizes=\"(max-width: 800px) 100vw, 800px\" \/><\/p>\n<p><img loading=\"lazy\" decoding=\"async\" class=\"alignnone size-full wp-image-30353\" src=\"https:\/\/championfmcgcorp.com\/wp-content\/uploads\/2025\/09\/Hf2b4d99d6077429f9e.avif\" alt=\"\" width=\"800\" height=\"800\" srcset=\"https:\/\/championfmcgcorp.com\/wp-content\/uploads\/2025\/09\/Hf2b4d99d6077429f9e.avif 1500w, https:\/\/championfmcgcorp.com\/wp-content\/uploads\/2025\/09\/Hf2b4d99d6077429f9e-300x300.avif 300w, https:\/\/championfmcgcorp.com\/wp-content\/uploads\/2025\/09\/Hf2b4d99d6077429f9e-800x800.avif 800w, https:\/\/championfmcgcorp.com\/wp-content\/uploads\/2025\/09\/Hf2b4d99d6077429f9e-150x150.avif 150w, https:\/\/championfmcgcorp.com\/wp-content\/uploads\/2025\/09\/Hf2b4d99d6077429f9e-768x768.avif 768w, https:\/\/championfmcgcorp.com\/wp-content\/uploads\/2025\/09\/Hf2b4d99d6077429f9e-12x12.avif 12w, https:\/\/championfmcgcorp.com\/wp-content\/uploads\/2025\/09\/Hf2b4d99d6077429f9e-600x600.avif 600w, https:\/\/championfmcgcorp.com\/wp-content\/uploads\/2025\/09\/Hf2b4d99d6077429f9e-1200x1200.avif 1200w\" sizes=\"(max-width: 800px) 100vw, 800px\" \/><\/p>","protected":false},"excerpt":{"rendered":"<p>Nuestras tinas de papel para sopa caliente son ecol\u00f3gicas y vers\u00e1tiles, y se pueden usar como tazones para ensaladas o para llevar. Una nueva y conveniente soluci\u00f3n de empaquetado con tapa para sopa caliente para llevar, elegante y conveniente para establecimientos de comida r\u00e1pida y caf\u00e9s para ensaladas, sopas, fideos, arroz y m\u00e1s.<\/p>","protected":false},"featured_media":30338,"comment_status":"open","ping_status":"closed","template":"","meta":[],"product_brand":[],"product_cat":[135,141,143,130,155,162,154],"product_tag":[],"class_list":{"0":"post-30354","1":"product","2":"type-product","3":"status-publish","4":"has-post-thumbnail","6":"product_cat-paper-cups","7":"product_cat-custom-paper-bowls","8":"product_cat-disposable-food-containers","9":"product_cat-fast-food-restaurant","10":"product_cat-paper-food-boxes","11":"product_cat-salad-bowls","12":"product_cat-soup-bowl","14":"first","15":"instock","16":"shipping-taxable","17":"product-type-simple"},"_links":{"self":[{"href":"https:\/\/championfmcgcorp.com\/es\/wp-json\/wp\/v2\/product\/30354","targetHints":{"allow":["GET"]}}],"collection":[{"href":"https:\/\/championfmcgcorp.com\/es\/wp-json\/wp\/v2\/product"}],"about":[{"href":"https:\/\/championfmcgcorp.com\/es\/wp-json\/wp\/v2\/types\/product"}],"replies":[{"embeddable":true,"href":"https:\/\/championfmcgcorp.com\/es\/wp-json\/wp\/v2\/comments?post=30354"}],"version-history":[{"count":7,"href":"https:\/\/championfmcgcorp.com\/es\/wp-json\/wp\/v2\/product\/30354\/revisions"}],"predecessor-version":[{"id":31535,"href":"https:\/\/championfmcgcorp.com\/es\/wp-json\/wp\/v2\/product\/30354\/revisions\/31535"}],"wp:featuredmedia":[{"embeddable":true,"href":"https:\/\/championfmcgcorp.com\/es\/wp-json\/wp\/v2\/media\/30338"}],"wp:attachment":[{"href":"https:\/\/championfmcgcorp.com\/es\/wp-json\/wp\/v2\/media?parent=30354"}],"wp:term":[{"taxonomy":"product_brand","embeddable":true,"href":"https:\/\/championfmcgcorp.com\/es\/wp-json\/wp\/v2\/product_brand?post=30354"},{"taxonomy":"product_cat","embeddable":true,"href":"https:\/\/championfmcgcorp.com\/es\/wp-json\/wp\/v2\/product_cat?post=30354"},{"taxonomy":"product_tag","embeddable":true,"href":"https:\/\/championfmcgcorp.com\/es\/wp-json\/wp\/v2\/product_tag?post=30354"}],"curies":[{"name":"wp","href":"https:\/\/api.w.org\/{rel}","templated":true}]}}