{"id":29755,"date":"2025-09-02T07:14:49","date_gmt":"2025-09-02T07:14:49","guid":{"rendered":"https:\/\/ecopackware.com\/?page_id=29755"},"modified":"2025-10-03T08:54:47","modified_gmt":"2025-10-03T08:54:47","slug":"catalogar","status":"publish","type":"page","link":"https:\/\/championfmcgcorp.com\/es\/catalogar\/","title":{"rendered":"Catalogar"},"content":{"rendered":"<div data-elementor-type=\"wp-page\" data-elementor-id=\"29755\" class=\"elementor elementor-29755\" data-elementor-post-type=\"page\">\n\t\t\t\t<div class=\"wd-negative-gap elementor-element elementor-element-407277f wd-section-stretch e-flex e-con-boxed e-con e-parent\" data-id=\"407277f\" data-element_type=\"container\" data-settings=\"{&quot;background_background&quot;:&quot;classic&quot;}\">\n\t\t\t\t\t<div class=\"e-con-inner\">\n\t\t\t\t<div class=\"elementor-element elementor-element-43517a2 wd-width-100 elementor-widget elementor-widget-wd_title\" data-id=\"43517a2\" data-element_type=\"widget\" data-widget_type=\"wd_title.default\">\n\t\t\t\t<div class=\"elementor-widget-container\">\n\t\t\t\t\t\t\t<div class=\"title-wrapper wd-set-mb reset-last-child wd-title-color-white wd-title-style-default wd-title-size-default text-center\">\n\n\t\t\t\n\t\t\t<div class=\"liner-continer\">\n\t\t\t\t<h4 class=\"woodmart-title-container title wd-fontsize-l\">Catalogar<\/h4> \n\t\t\t\t\t\t\t<\/div>\n\n\t\t\t\t\t\t\t<div class=\"title-after_title reset-last-child wd-fontsize-xs\">\n\t\t\t\t\t<p>Desde 2016, soluci\u00f3n integral de embalaje para alimentos y bebidas. Ofrecemos una amplia gama de embalajes de papel para alimentos, como vasos de papel biodegradables y vasos de t\u00e9 de burbujas al por mayor para satisfacer sus necesidades.<\/p>\t\t\t\t<\/div>\n\t\t\t\t\t<\/div>\n\t\t\t\t\t\t<\/div>\n\t\t\t\t<\/div>\n\t\t\t\t\t<\/div>\n\t\t\t\t<\/div>\n\t\t<div class=\"wd-negative-gap elementor-element elementor-element-408623da e-flex e-con-boxed e-con e-parent\" data-id=\"408623da\" data-element_type=\"container\" data-settings=\"{&quot;background_background&quot;:&quot;classic&quot;}\">\n\t\t\t\t\t<div class=\"e-con-inner\">\n\t\t\t\t<div class=\"elementor-element elementor-element-74687973 wd-el-breadcrumbs text-left elementor-widget elementor-widget-wd_element_breadcrumbs\" data-id=\"74687973\" data-element_type=\"widget\" data-widget_type=\"wd_element_breadcrumbs.default\">\n\t\t\t\t<div class=\"elementor-widget-container\">\n\t\t\t\t\t<nav class=\"wd-breadcrumbs\"><a href=\"https:\/\/championfmcgcorp.com\/es\/\">Hogar<\/a><span class=\"wd-delimiter\"><\/span><span class=\"wd-last\">P\u00e1gina<\/span><\/nav>\t\t\t\t<\/div>\n\t\t\t\t<\/div>\n\t\t\t\t\t<\/div>\n\t\t\t\t<\/div>\n\t\t<div class=\"wd-negative-gap elementor-element elementor-element-e348cc8 e-flex e-con-boxed e-con e-parent\" data-id=\"e348cc8\" data-element_type=\"container\">\n\t\t\t\t\t<div class=\"e-con-inner\">\n\t\t\t\t<div class=\"elementor-element elementor-element-7ef8153 elementor-widget elementor-widget-wd_table\" data-id=\"7ef8153\" data-element_type=\"widget\" data-widget_type=\"wd_table.default\">\n\t\t\t\t<div class=\"elementor-widget-container\">\n\t\t\t\t\t\t\t<div class=\"wd-el-table-wrap wd-reset-all-last\">\n\t\t\t<table class=\"wd-el-table\">\n\t\t\t\t\t\t\t\t\t<thead class=\"text-left\">\n\t\t\t\t\t\t\t\t\t\t\t\t\t\t\t\t\t\t\t\t\t\t\t\t\t\t\t\t\t\t<tr class=\"wd-table-row elementor-repeater-item-d5bdfd1\">\n\t\t\t\t\t\t\t\t\t\t\t\t\t\t\t\t\t\t\t\t\t\t\t\t\t\t\t\t\t\t\t\t\t\t\t\t<th class=\"wd-table-cell elementor-repeater-item-ce26a0c\" colspan=\"1\" rowspan=\"1\">\n\t\t\t\t\t\t\t\t\t<p>Nombre del archivo<\/p>\t\t\t\t\t\t\t\t<\/th>\n\t\t\t\t\t\t\t\t\t\t\t\t\t\t\t\t\t\t\t\t\t\t\t\t\t\t\t\t<th class=\"wd-table-cell elementor-repeater-item-5fea448\" colspan=\"1\" rowspan=\"1\">\n\t\t\t\t\t\t\t\t\t<p>Fecha de actualizaci\u00f3n<\/p>\t\t\t\t\t\t\t\t<\/th>\n\t\t\t\t\t\t\t\t\t\t\t\t\t\t\t\t\t\t\t\t\t\t\t\t\t\t\t\t<th class=\"wd-table-cell elementor-repeater-item-1a2e011\" colspan=\"1\" rowspan=\"1\">\n\t\t\t\t\t\t\t\t\t<p>Tama\u00f1o del archivo<\/p>\t\t\t\t\t\t\t\t<\/th>\n\t\t\t\t\t\t\t\t\t\t\t\t\t\t\t\t\t\t\t\t\t\t\t\t\t\t\t\t<th class=\"wd-table-cell elementor-repeater-item-1ec1c0b\" colspan=\"1\" rowspan=\"1\">\n\t\t\t\t\t\t\t\t\t<p>Descargar<\/p>\t\t\t\t\t\t\t\t<\/th>\n\t\t\t\t\t\t\t\t\t\t\t\t\t\t\t\t\t\t\t<\/tr>\n\t\t\t\t\t<\/thead>\n\t\t\t\t\n\t\t\t\t<tbody class=\"text-left\">\n\t\t\t\t\t\t\t\t\t\t\t\t\t\t\t\t\t\t\t\t\t\t\t\t\t\t<tr class=\"wd-table-row elementor-repeater-item-e05dc5c\">\n\t\t\t\t\t\t\t\t\t\t\t\t\t\t\t\t\t\t\t\t\t\t\t\t\t\t\t\t\t\t\t<td class=\"wd-table-cell elementor-repeater-item-64b9a13\" colspan=\"1\" rowspan=\"1\">\n\t\t\t\t\t\t\t<p>Fabricante integral de envases de papel para alimentos<\/p>\t\t\t\t\t\t\t<\/td>\n\t\t\t\t\t\t\t\t\t\t\t\t\t\t\t\t\t\t\t\t\t\t\t\t<td class=\"wd-table-cell elementor-repeater-item-8c006a1\" colspan=\"1\" rowspan=\"1\">\n\t\t\t\t\t\t\t<p>2025-2-11<\/p>\t\t\t\t\t\t\t<\/td>\n\t\t\t\t\t\t\t\t\t\t\t\t\t\t\t\t\t\t\t\t\t\t\t\t<td class=\"wd-table-cell elementor-repeater-item-7272333\" colspan=\"1\" rowspan=\"1\">\n\t\t\t\t\t\t\t<p>4 MB<\/p>\t\t\t\t\t\t\t<\/td>\n\t\t\t\t\t\t\t\t\t\t\t\t\t\t\t\t\t\t\t\t\t\t\t\t<td class=\"wd-table-cell elementor-repeater-item-83ca20f\" colspan=\"1\" rowspan=\"1\">\n\t\t\t\t\t\t\t<a href=\"https:\/\/championfmcgcorp.com\/wp-content\/uploads\/2025\/10\/Champion-FMCG-catalogue-202303-updated.pdf\"><img decoding=\"async\" class=\"alignnone wp-image-29758\" role=\"img\" src=\"https:\/\/championfmcgcorp.com\/wp-content\/uploads\/2025\/09\/pdf.svg\" alt=\"\" width=\"30\" height=\"30\" \/><\/a>\t\t\t\t\t\t\t<\/td>\n\t\t\t\t\t\t\t\t\t\t\t\t\t\t\t\t\t\t\t\t\t\t\t\t\t\t\t\t\t\t\t\t<\/tr>\n\t\t\t\t\t\t\t\t<tr class=\"wd-table-row elementor-repeater-item-69aa293\">\n\t\t\t\t\t\t\t\t\t\t\t\t\t\t\t\t\t\t\t\t\t\t\t\t\t\t\t\t\t\t\t<td class=\"wd-table-cell elementor-repeater-item-07369bf\" colspan=\"1\" rowspan=\"1\">\n\t\t\t\t\t\t\t<p>Fabricante integral de vasos de papel para tiendas de bebidas<\/p>\t\t\t\t\t\t\t<\/td>\n\t\t\t\t\t\t\t\t\t\t\t\t\t\t\t\t\t\t\t\t\t\t\t\t<td class=\"wd-table-cell elementor-repeater-item-6a011bd\" colspan=\"1\" rowspan=\"1\">\n\t\t\t\t\t\t\t<p>2024-8-12<\/p>\t\t\t\t\t\t\t<\/td>\n\t\t\t\t\t\t\t\t\t\t\t\t\t\t\t\t\t\t\t\t\t\t\t\t<td class=\"wd-table-cell elementor-repeater-item-bb7631a\" colspan=\"1\" rowspan=\"1\">\n\t\t\t\t\t\t\t<p>13,55 MB<\/p>\t\t\t\t\t\t\t<\/td>\n\t\t\t\t\t\t\t\t\t\t\t\t\t\t\t\t\t\t\t\t\t\t\t\t<td class=\"wd-table-cell elementor-repeater-item-11bc898\" colspan=\"1\" rowspan=\"1\">\n\t\t\t\t\t\t\t<p><a href=\"https:\/\/www.lokyofoodpack.com\/wp-content\/uploads\/2024\/08\/Custom-Sushi-Packaging-for-Sushi-Shops.pdf\" target=\"_blank\" rel=\"noopener\"><img decoding=\"async\" class=\"alignnone wp-image-29758\" role=\"img\" src=\"https:\/\/championfmcgcorp.com\/wp-content\/uploads\/2025\/09\/pdf.svg\" alt=\"\" width=\"30\" height=\"30\" \/><\/a><\/p>\t\t\t\t\t\t\t<\/td>\n\t\t\t\t\t\t\t\t\t\t\t\t\t\t\t\t\t\t\t\t\t\t\t\t\t\t\t\t\t\t\t\t<\/tr>\n\t\t\t\t\t\t\t\t<tr class=\"wd-table-row elementor-repeater-item-2310231\">\n\t\t\t\t\t\t\t\t\t\t\t\t\t\t\t\t\t\t\t\t\t\t\t\t\t\t\t\t\t\t\t<td class=\"wd-table-cell elementor-repeater-item-eb4181b\" colspan=\"1\" rowspan=\"1\">\n\t\t\t\t\t\t\t<p>Cajas de panader\u00eda personalizadas de una sola parada para panader\u00edas<\/p>\t\t\t\t\t\t\t<\/td>\n\t\t\t\t\t\t\t\t\t\t\t\t\t\t\t\t\t\t\t\t\t\t\t\t<td class=\"wd-table-cell elementor-repeater-item-d1b4a63\" colspan=\"1\" rowspan=\"1\">\n\t\t\t\t\t\t\t<p>2024-8-12<\/p>\t\t\t\t\t\t\t<\/td>\n\t\t\t\t\t\t\t\t\t\t\t\t\t\t\t\t\t\t\t\t\t\t\t\t<td class=\"wd-table-cell elementor-repeater-item-9ddd4f4\" colspan=\"1\" rowspan=\"1\">\n\t\t\t\t\t\t\t<p>0,87 MB<\/p>\t\t\t\t\t\t\t<\/td>\n\t\t\t\t\t\t\t\t\t\t\t\t\t\t\t\t\t\t\t\t\t\t\t\t<td class=\"wd-table-cell elementor-repeater-item-4e43680\" colspan=\"1\" rowspan=\"1\">\n\t\t\t\t\t\t\t<p><a href=\"https:\/\/www.lokyofoodpack.com\/wp-content\/uploads\/2024\/08\/Custom-Sushi-Packaging-for-Sushi-Shops.pdf\" target=\"_blank\" rel=\"noopener\"><img decoding=\"async\" class=\"alignnone wp-image-29758\" role=\"img\" src=\"https:\/\/championfmcgcorp.com\/wp-content\/uploads\/2025\/09\/pdf.svg\" alt=\"\" width=\"30\" height=\"30\" \/><\/a><\/p>\t\t\t\t\t\t\t<\/td>\n\t\t\t\t\t\t\t\t\t\t\t\t\t\t\t\t<\/tr>\n\t\t\t\t<\/tbody>\n\t\t\t<\/table>\n\t\t<\/div>\n\t\t\t\t\t\t<\/div>\n\t\t\t\t<\/div>\n\t\t\t\t\t<\/div>\n\t\t\t\t<\/div>\n\t\t<div class=\"wd-negative-gap elementor-element elementor-element-6b70849 e-flex e-con-boxed e-con e-parent\" data-id=\"6b70849\" data-element_type=\"container\">\n\t\t\t\t\t<div class=\"e-con-inner\">\n\t\t\t\t<div class=\"elementor-element elementor-element-738278a elementor-widget elementor-widget-shortcode\" data-id=\"738278a\" data-element_type=\"widget\" data-widget_type=\"shortcode.default\">\n\t\t\t\t<div class=\"elementor-widget-container\">\n\t\t\t\t\t\t\t<div class=\"elementor-shortcode\">\t\t\t<link rel=\"stylesheet\" id=\"elementor-post-30023-css\" href=\"https:\/\/championfmcgcorp.com\/wp-content\/uploads\/elementor\/css\/post-30023.css?ver=1775255180\" type=\"text\/css\" media=\"all\">\n\t\t\t\t\t<div data-elementor-type=\"wp-post\" data-elementor-id=\"30023\" class=\"elementor elementor-30023\" data-elementor-post-type=\"cms_block\">\n\t\t\t\t<div class=\"wd-negative-gap elementor-element elementor-element-31a0035 e-flex e-con-boxed e-con e-parent\" data-id=\"31a0035\" data-element_type=\"container\" data-settings=\"{&quot;background_background&quot;:&quot;classic&quot;}\">\n\t\t\t\t\t<div class=\"e-con-inner\">\n\t\t<div class=\"elementor-element elementor-element-e8b1c22 e-con-full e-flex e-con e-child\" data-id=\"e8b1c22\" data-element_type=\"container\">\n\t\t\t\t<div class=\"elementor-element elementor-element-2490c3f wd-width-100 elementor-widget elementor-widget-wd_title\" data-id=\"2490c3f\" data-element_type=\"widget\" data-widget_type=\"wd_title.default\">\n\t\t\t\t<div class=\"elementor-widget-container\">\n\t\t\t\t\t\t\t<div class=\"title-wrapper wd-set-mb reset-last-child wd-title-color-default wd-title-style-default wd-title-size-default text-left\">\n\n\t\t\t\n\t\t\t<div class=\"liner-continer\">\n\t\t\t\t<h3 class=\"woodmart-title-container title wd-fontsize-l\">Sucursal Champion FMCG en Malasia<\/h3> \n\t\t\t\t\t\t\t<\/div>\n\n\t\t\t\t\t\t\t<div class=\"title-after_title reset-last-child wd-fontsize-xs\">\n\t\t\t\t\t<p>Para obtener m\u00e1s informaci\u00f3n sobre nuestras cotizaciones de productos, muestras gratuitas o para analizar sus necesidades espec\u00edficas, env\u00edenos un mensaje para obtener una respuesta r\u00e1pida.<\/p>\t\t\t\t<\/div>\n\t\t\t\t\t<\/div>\n\t\t\t\t\t\t<\/div>\n\t\t\t\t<\/div>\n\t\t<div class=\"elementor-element elementor-element-4c6c910 e-con-full e-flex e-con e-child\" data-id=\"4c6c910\" data-element_type=\"container\">\n\t\t\t\t<div class=\"elementor-element elementor-element-9cd409e elementor-widget elementor-widget-wd_infobox\" data-id=\"9cd409e\" data-element_type=\"widget\" data-widget_type=\"wd_infobox.default\">\n\t\t\t\t<div class=\"elementor-widget-container\">\n\t\t\t\t\t\t\t<div class=\"info-box-wrapper\">\n\t\t\t<div class=\"wd-info-box text-left box-icon-align-left box-style-base color-scheme- wd-items-top\">\n\t\t\t\t\t\t\t\t\t<div class=\"box-icon-wrapper  box-with-icon box-icon-simple\">\n\t\t\t\t\t\t<div class=\"info-box-icon\">\n\t\t\t\t\t\t\t\t\t\t\t\t\t\t\t<img decoding=\"async\" width=\"60\" height=\"60\" src=\"https:\/\/championfmcgcorp.com\/wp-content\/uploads\/2025\/08\/dingzhi.png\" class=\"attachment-80x size-80x\" alt=\"\" srcset=\"https:\/\/championfmcgcorp.com\/wp-content\/uploads\/2025\/08\/dingzhi.png 60w, https:\/\/championfmcgcorp.com\/wp-content\/uploads\/2025\/08\/dingzhi-12x12.png 12w\" sizes=\"(max-width: 60px) 100vw, 60px\" \/>\t\t\t\t\t\t\t\t\t\t\t\t\t<\/div>\n\t\t\t\t\t<\/div>\n\t\t\t\t\n\t\t\t\t<div class=\"info-box-content\">\n\t\t\t\t\t\n\t\t\t\t\t\t\t\t\t\t\t<h4\t\t\t\t\t\tclass=\"info-box-title title box-title-style-default wd-fontsize-m\" data-elementor-setting-key=\"title\">\n\t\t\t\t\t\t\t\tServicio personalizado\t\t\t\t\t\t<\/h4>\n\t\t\t\t\t\n\t\t\t\t\t<div class=\"info-box-inner reset-last-child\"data-elementor-setting-key=\"content\"><p>Impresi\u00f3n de logotipos exquisita para mejorar la visibilidad, diferenciaci\u00f3n y personalizaci\u00f3n de su marca.<\/p>\n<\/div>\n\n\t\t\t\t\t\t\t\t\t<\/div>\n\n\t\t\t\t\t\t\t<\/div>\n\t\t<\/div>\n\t\t\t\t\t\t<\/div>\n\t\t\t\t<\/div>\n\t\t\t\t<div class=\"elementor-element elementor-element-a99b8cf elementor-widget elementor-widget-wd_infobox\" data-id=\"a99b8cf\" data-element_type=\"widget\" data-widget_type=\"wd_infobox.default\">\n\t\t\t\t<div class=\"elementor-widget-container\">\n\t\t\t\t\t\t\t<div class=\"info-box-wrapper\">\n\t\t\t<div class=\"wd-info-box text-left box-icon-align-left box-style-base color-scheme- wd-items-top\">\n\t\t\t\t\t\t\t\t\t<div class=\"box-icon-wrapper  box-with-icon box-icon-simple\">\n\t\t\t\t\t\t<div class=\"info-box-icon\">\n\t\t\t\t\t\t\t\t\t\t\t\t\t\t\t<img decoding=\"async\" width=\"65\" height=\"60\" src=\"https:\/\/championfmcgcorp.com\/wp-content\/uploads\/2025\/08\/yuancailiao.png\" class=\"attachment-80x size-80x\" alt=\"\" srcset=\"https:\/\/championfmcgcorp.com\/wp-content\/uploads\/2025\/08\/yuancailiao.png 65w, https:\/\/championfmcgcorp.com\/wp-content\/uploads\/2025\/08\/yuancailiao-13x12.png 13w\" sizes=\"(max-width: 65px) 100vw, 65px\" \/>\t\t\t\t\t\t\t\t\t\t\t\t\t<\/div>\n\t\t\t\t\t<\/div>\n\t\t\t\t\n\t\t\t\t<div class=\"info-box-content\">\n\t\t\t\t\t\n\t\t\t\t\t\t\t\t\t\t\t<h4\t\t\t\t\t\tclass=\"info-box-title title box-title-style-default wd-fontsize-m\" data-elementor-setting-key=\"title\">\n\t\t\t\t\t\t\t\tMaterias primas de calidad alimentaria\t\t\t\t\t\t<\/h4>\n\t\t\t\t\t\n\t\t\t\t\t<div class=\"info-box-inner reset-last-child\"data-elementor-setting-key=\"content\"><p>Empresa certificada por FDA, SGS, ISO, DIN, ABAP20362<\/p>\n<\/div>\n\n\t\t\t\t\t\t\t\t\t<\/div>\n\n\t\t\t\t\t\t\t<\/div>\n\t\t<\/div>\n\t\t\t\t\t\t<\/div>\n\t\t\t\t<\/div>\n\t\t\t\t<div class=\"elementor-element elementor-element-49c518f elementor-widget elementor-widget-wd_infobox\" data-id=\"49c518f\" data-element_type=\"widget\" data-widget_type=\"wd_infobox.default\">\n\t\t\t\t<div class=\"elementor-widget-container\">\n\t\t\t\t\t\t\t<div class=\"info-box-wrapper\">\n\t\t\t<div class=\"wd-info-box text-left box-icon-align-left box-style-base color-scheme- wd-items-top\">\n\t\t\t\t\t\t\t\t\t<div class=\"box-icon-wrapper  box-with-icon box-icon-simple\">\n\t\t\t\t\t\t<div class=\"info-box-icon\">\n\t\t\t\t\t\t\t\t\t\t\t\t\t\t\t<img loading=\"lazy\" decoding=\"async\" width=\"60\" height=\"60\" src=\"https:\/\/championfmcgcorp.com\/wp-content\/uploads\/2025\/08\/jiaofu.png\" class=\"attachment-80x size-80x\" alt=\"\" srcset=\"https:\/\/championfmcgcorp.com\/wp-content\/uploads\/2025\/08\/jiaofu.png 60w, https:\/\/championfmcgcorp.com\/wp-content\/uploads\/2025\/08\/jiaofu-12x12.png 12w\" sizes=\"(max-width: 60px) 100vw, 60px\" \/>\t\t\t\t\t\t\t\t\t\t\t\t\t<\/div>\n\t\t\t\t\t<\/div>\n\t\t\t\t\n\t\t\t\t<div class=\"info-box-content\">\n\t\t\t\t\t\n\t\t\t\t\t\t\t\t\t\t\t<h4\t\t\t\t\t\tclass=\"info-box-title title box-title-style-default wd-fontsize-m\" data-elementor-setting-key=\"title\">\n\t\t\t\t\t\t\t\tEntrega estable\t\t\t\t\t\t<\/h4>\n\t\t\t\t\t\n\t\t\t\t\t<div class=\"info-box-inner reset-last-child\"data-elementor-setting-key=\"content\"><p>Taller limpio de m\u00e1s de 20.000 m\u00b2<\/p>\n<\/div>\n\n\t\t\t\t\t\t\t\t\t<\/div>\n\n\t\t\t\t\t\t\t<\/div>\n\t\t<\/div>\n\t\t\t\t\t\t<\/div>\n\t\t\t\t<\/div>\n\t\t\t\t<div class=\"elementor-element elementor-element-3947f1b elementor-widget elementor-widget-wd_infobox\" data-id=\"3947f1b\" data-element_type=\"widget\" data-widget_type=\"wd_infobox.default\">\n\t\t\t\t<div class=\"elementor-widget-container\">\n\t\t\t\t\t\t\t<div class=\"info-box-wrapper\">\n\t\t\t<div class=\"wd-info-box text-left box-icon-align-left box-style-base color-scheme- wd-items-top\">\n\t\t\t\t\t\t\t\t\t<div class=\"box-icon-wrapper  box-with-icon box-icon-simple\">\n\t\t\t\t\t\t<div class=\"info-box-icon\">\n\t\t\t\t\t\t\t\t\t\t\t\t\t\t\t<img loading=\"lazy\" decoding=\"async\" width=\"60\" height=\"60\" src=\"https:\/\/championfmcgcorp.com\/wp-content\/uploads\/2025\/08\/fuwu.png\" class=\"attachment-80x size-80x\" alt=\"\" srcset=\"https:\/\/championfmcgcorp.com\/wp-content\/uploads\/2025\/08\/fuwu.png 60w, https:\/\/championfmcgcorp.com\/wp-content\/uploads\/2025\/08\/fuwu-12x12.png 12w\" sizes=\"(max-width: 60px) 100vw, 60px\" \/>\t\t\t\t\t\t\t\t\t\t\t\t\t<\/div>\n\t\t\t\t\t<\/div>\n\t\t\t\t\n\t\t\t\t<div class=\"info-box-content\">\n\t\t\t\t\t\n\t\t\t\t\t\t\t\t\t\t\t<h4\t\t\t\t\t\tclass=\"info-box-title title box-title-style-default wd-fontsize-m\" data-elementor-setting-key=\"title\">\n\t\t\t\t\t\t\t\tSoporte y servicio completos\t\t\t\t\t\t<\/h4>\n\t\t\t\t\t\n\t\t\t\t\t<div class=\"info-box-inner reset-last-child\"data-elementor-setting-key=\"content\"><p>Ofrecemos muestra gratuita, dise\u00f1o gratuito y almacenamiento gratuito durante 1 mes.<\/p>\n<\/div>\n\n\t\t\t\t\t\t\t\t\t<\/div>\n\n\t\t\t\t\t\t\t<\/div>\n\t\t<\/div>\n\t\t\t\t\t\t<\/div>\n\t\t\t\t<\/div>\n\t\t\t\t<\/div>\n\t\t\t\t<\/div>\n\t\t<div class=\"elementor-element elementor-element-1f01fcd e-con-full e-flex e-con e-child\" data-id=\"1f01fcd\" data-element_type=\"container\">\n\t\t\t\t<div class=\"elementor-element elementor-element-df93cbf elementor-widget elementor-widget-wpforms\" data-id=\"df93cbf\" data-element_type=\"widget\" data-widget_type=\"wpforms.default\">\n\t\t\t\t<div class=\"elementor-widget-container\">\n\t\t\t\t\t<style id=\"wpforms-css-vars-elementor-widget-df93cbf\">\n\t\t\t\t.elementor-widget-wpforms.elementor-element-df93cbf {\n\t\t\t\t--wpforms-button-background-color: #E72E1D;\n--wpforms-field-size-input-height: 43px;\n--wpforms-field-size-input-spacing: 15px;\n--wpforms-field-size-font-size: 16px;\n--wpforms-field-size-line-height: 19px;\n--wpforms-field-size-padding-h: 14px;\n--wpforms-field-size-checkbox-size: 16px;\n--wpforms-field-size-sublabel-spacing: 5px;\n--wpforms-field-size-icon-size: 1;\n--wpforms-label-size-font-size: 16px;\n--wpforms-label-size-line-height: 19px;\n--wpforms-label-size-sublabel-font-size: 14px;\n--wpforms-label-size-sublabel-line-height: 17px;\n--wpforms-button-size-font-size: 17px;\n--wpforms-button-size-height: 41px;\n--wpforms-button-size-padding-h: 15px;\n--wpforms-button-size-margin-top: 10px;\n\n\t\t\t}\n\t\t\t<\/style><div class=\"wpforms-container wpforms-container-full wpforms-render-modern\" id=\"wpforms-29479\"><form id=\"wpforms-form-29479\" class=\"wpforms-validate wpforms-form wpforms-ajax-form\" data-formid=\"29479\" method=\"post\" enctype=\"multipart\/form-data\" action=\"\/es\/wp-json\/wp\/v2\/pages\/29755\" data-token=\"4edd7a3aa71ef5f2f236bf79a04e833f\" data-token-time=\"1775317597\" data-trp-original-action=\"\/es\/wp-json\/wp\/v2\/pages\/29755\"><noscript class=\"wpforms-error-noscript\">Por favor, activa JavaScript en tu navegador para completar este formulario.<\/noscript><div class=\"wpforms-hidden\" id=\"wpforms-error-noscript\">Por favor, activa JavaScript en tu navegador para completar este formulario.<\/div><div class=\"wpforms-field-container\"><div id=\"wpforms-29479-field_1-container\" class=\"wpforms-field wpforms-field-name\" data-field-id=\"1\"><label class=\"wpforms-field-label wpforms-label-hide\" for=\"wpforms-29479-field_1\" aria-hidden=\"false\">Nombre <span class=\"wpforms-required-label\" aria-hidden=\"true\">*<\/span><\/label><input type=\"text\" id=\"wpforms-29479-field_1\" class=\"wpforms-field-large wpforms-field-required\" name=\"wpforms[fields][1]\" placeholder=\"Su nombre*\" aria-errormessage=\"wpforms-29479-field_1-error\" required><\/div><div id=\"wpforms-29479-field_2-container\" class=\"wpforms-field wpforms-field-email\" data-field-id=\"2\"><label class=\"wpforms-field-label wpforms-label-hide\" for=\"wpforms-29479-field_2\" aria-hidden=\"false\">Correo electr\u00f3nico comercial* <span class=\"wpforms-required-label\" aria-hidden=\"true\">*<\/span><\/label><input type=\"email\" id=\"wpforms-29479-field_2\" class=\"wpforms-field-large wpforms-field-required\" name=\"wpforms[fields][2]\" placeholder=\"Correo electr\u00f3nico comercial*\" spellcheck=\"false\" aria-errormessage=\"wpforms-29479-field_2-error\" required><\/div><div id=\"wpforms-29479-field_4-container\" class=\"wpforms-field wpforms-field-phone\" data-field-id=\"4\"><label class=\"wpforms-field-label wpforms-label-hide\" for=\"wpforms-29479-field_4\" aria-hidden=\"false\">WhatsApp\/Tel\u00e9fono<\/label><input type=\"tel\" id=\"wpforms-29479-field_4\" class=\"wpforms-field-large wpforms-smart-phone-field\" data-rule-smart-phone-field=\"true\" name=\"wpforms[fields][4]\" placeholder=\"WhatsApp\/Tel\u00e9fono\" aria-label=\"WhatsApp\/Tel\u00e9fono\" aria-errormessage=\"wpforms-29479-field_4-error\" ><\/div><div id=\"wpforms-29479-field_5-container\" class=\"wpforms-field wpforms-field-text\" data-field-id=\"5\"><label class=\"wpforms-field-label wpforms-label-hide\" for=\"wpforms-29479-field_5\" aria-hidden=\"false\">Nombre de empresa* <span class=\"wpforms-required-label\" aria-hidden=\"true\">*<\/span><\/label><input type=\"text\" id=\"wpforms-29479-field_5\" class=\"wpforms-field-large wpforms-field-required\" name=\"wpforms[fields][5]\" placeholder=\"Nombre de empresa*\" aria-errormessage=\"wpforms-29479-field_5-error\" required><\/div><div id=\"wpforms-29479-field_3-container\" class=\"wpforms-field wpforms-field-textarea\" data-field-id=\"3\"><label class=\"wpforms-field-label wpforms-label-hide\" for=\"wpforms-29479-field_3\" aria-hidden=\"false\">Comentario o mensaje<\/label><textarea id=\"wpforms-29479-field_3\" class=\"wpforms-field-small\" name=\"wpforms[fields][3]\" placeholder=\"Ingrese detalles del producto como cantidades, tama\u00f1o, color, materiales, etc.\" aria-errormessage=\"wpforms-29479-field_3-error\" ><\/textarea><\/div><\/div><!-- .wpforms-field-container --><div class=\"wpforms-submit-container\" ><input type=\"hidden\" name=\"wpforms[id]\" value=\"29479\"><input type=\"hidden\" name=\"page_title\" value=\"\"><input type=\"hidden\" name=\"page_url\" value=\"https:\/\/championfmcgcorp.com\/es\/wp-json\/wp\/v2\/pages\/29755\"><input type=\"hidden\" name=\"url_referer\" value=\"\"><button type=\"submit\" name=\"wpforms[submit]\" id=\"wpforms-submit-29479\" class=\"wpforms-submit\" data-alt-text=\"Sending...\" data-submit-text=\"Submit Now\" aria-live=\"assertive\" value=\"wpforms-submit\">Enviar ahora<\/button><img loading=\"lazy\" decoding=\"async\" src=\"https:\/\/championfmcgcorp.com\/wp-content\/plugins\/wpforms\/assets\/images\/submit-spin.svg\" class=\"wpforms-submit-spinner\" style=\"display: none;\" width=\"26\" height=\"26\" alt=\"Cargando\"><\/div><input type=\"hidden\" name=\"trp-form-language\" value=\"es\"\/><\/form><\/div>  <!-- .wpforms-container -->\t\t\t\t<\/div>\n\t\t\t\t<\/div>\n\t\t\t\t<\/div>\n\t\t\t\t\t<\/div>\n\t\t\t\t<\/div>\n\t\t\t\t<\/div>\n\t\t<\/div>\n\t\t\t\t\t\t<\/div>\n\t\t\t\t<\/div>\n\t\t\t\t\t<\/div>\n\t\t\t\t<\/div>\n\t\t\t\t<\/div>","protected":false},"excerpt":{"rendered":"<p>Catalogue Since 2016, One-stop F&amp;B Packaging Solution.Offering a wide range of paper food packaging such as biodegradable paper cups, and<\/p>","protected":false},"author":1,"featured_media":0,"parent":0,"menu_order":0,"comment_status":"closed","ping_status":"closed","template":"","meta":{"footnotes":""},"class_list":["post-29755","page","type-page","status-publish","hentry"],"_links":{"self":[{"href":"https:\/\/championfmcgcorp.com\/es\/wp-json\/wp\/v2\/pages\/29755","targetHints":{"allow":["GET"]}}],"collection":[{"href":"https:\/\/championfmcgcorp.com\/es\/wp-json\/wp\/v2\/pages"}],"about":[{"href":"https:\/\/championfmcgcorp.com\/es\/wp-json\/wp\/v2\/types\/page"}],"author":[{"embeddable":true,"href":"https:\/\/championfmcgcorp.com\/es\/wp-json\/wp\/v2\/users\/1"}],"replies":[{"embeddable":true,"href":"https:\/\/championfmcgcorp.com\/es\/wp-json\/wp\/v2\/comments?post=29755"}],"version-history":[{"count":19,"href":"https:\/\/championfmcgcorp.com\/es\/wp-json\/wp\/v2\/pages\/29755\/revisions"}],"predecessor-version":[{"id":31506,"href":"https:\/\/championfmcgcorp.com\/es\/wp-json\/wp\/v2\/pages\/29755\/revisions\/31506"}],"wp:attachment":[{"href":"https:\/\/championfmcgcorp.com\/es\/wp-json\/wp\/v2\/media?parent=29755"}],"curies":[{"name":"wp","href":"https:\/\/api.w.org\/{rel}","templated":true}]}}